{"id":27,"date":"2019-03-25T16:15:40","date_gmt":"2019-03-25T19:15:40","guid":{"rendered":"https:\/\/utfpr.curitiba.br\/daeso\/?page_id=27"},"modified":"2019-03-25T16:16:03","modified_gmt":"2019-03-25T19:16:03","slug":"programas-de-extensao","status":"publish","type":"page","link":"https:\/\/utfpr.curitiba.br\/daeso\/programas-de-extensao\/","title":{"rendered":"Extens\u00e3o"},"content":{"rendered":"\n<h2 class=\"wp-block-heading\"><strong>Programas de Extens\u00e3o<\/strong><\/h2>\n\n\n\n<p>Olimp\u00edada Nacional de Hist\u00f3ria do Brasil<br><\/p>\n\n\n\n<p>&nbsp;&nbsp;&nbsp;&nbsp;&nbsp; A Olimp\u00edada Nacional de Hist\u00f3ria do Brasil \u00e9 uma competi\u00e7\u00e3o com principal objetivo estimular o estudo da Hist\u00f3ria do Brasil e seus reflexos na Sociedade Brasileira, assim desperta o interesse e a curiosidade de professores e estudantes.&nbsp;<br>&nbsp;&nbsp;&nbsp;&nbsp; A comunidade pode propor \u00e0 UTFPR que participe da iniciativa ol\u00edmpica: a Olimp\u00edada Nacional de Hist\u00f3ria do Brasil [<a href=\"http:\/\/www.mc.unicamp.br\/\" target=\"_blank\" rel=\"noreferrer noopener\">ONHB<\/a>], de car\u00e1ter nacional promovida pela UNICAMP\n\n<\/p>\n","protected":false},"excerpt":{"rendered":"<p>Programas de Extens\u00e3o Olimp\u00edada Nacional de Hist\u00f3ria do Brasil &nbsp;&nbsp;&nbsp;&nbsp;&nbsp; A Olimp\u00edada Nacional de Hist\u00f3ria do Brasil \u00e9 uma competi\u00e7\u00e3o<\/p>\n","protected":false},"author":4,"featured_media":0,"parent":0,"menu_order":0,"comment_status":"closed","ping_status":"closed","template":"","meta":{"colormag_page_container_layout":"default_layout","colormag_page_sidebar_layout":"default_layout","footnotes":""},"class_list":["post-27","page","type-page","status-publish","hentry"],"_links":{"self":[{"href":"https:\/\/utfpr.curitiba.br\/daeso\/wp-json\/wp\/v2\/pages\/27","targetHints":{"allow":["GET"]}}],"collection":[{"href":"https:\/\/utfpr.curitiba.br\/daeso\/wp-json\/wp\/v2\/pages"}],"about":[{"href":"https:\/\/utfpr.curitiba.br\/daeso\/wp-json\/wp\/v2\/types\/page"}],"author":[{"embeddable":true,"href":"https:\/\/utfpr.curitiba.br\/daeso\/wp-json\/wp\/v2\/users\/4"}],"replies":[{"embeddable":true,"href":"https:\/\/utfpr.curitiba.br\/daeso\/wp-json\/wp\/v2\/comments?post=27"}],"version-history":[{"count":2,"href":"https:\/\/utfpr.curitiba.br\/daeso\/wp-json\/wp\/v2\/pages\/27\/revisions"}],"predecessor-version":[{"id":29,"href":"https:\/\/utfpr.curitiba.br\/daeso\/wp-json\/wp\/v2\/pages\/27\/revisions\/29"}],"wp:attachment":[{"href":"https:\/\/utfpr.curitiba.br\/daeso\/wp-json\/wp\/v2\/media?parent=27"}],"curies":[{"name":"wp","href":"https:\/\/api.w.org\/{rel}","templated":true}]}}