{"id":24,"date":"2019-03-25T16:13:56","date_gmt":"2019-03-25T19:13:56","guid":{"rendered":"https:\/\/utfpr.curitiba.br\/daeso\/?page_id=24"},"modified":"2019-03-25T16:13:56","modified_gmt":"2019-03-25T19:13:56","slug":"grade-do-superior","status":"publish","type":"page","link":"https:\/\/utfpr.curitiba.br\/daeso\/grade-do-superior\/","title":{"rendered":"Grade do Superior"},"content":{"rendered":"\n<h2 class=\"wp-block-heading\">Mat\u00e9rias de Grade do Ensino Superior<\/h2>\n\n\n\n<p>O Departamento Acad\u00eamico de Estudos Sociais oferece mat\u00e9rias de Ensino Superior na \u00e1rea de Estudos Socias, contemplando os Cursos Superiores (Tecn\u00f3logos, Licenciatura e Bacharelado) da Universidade Tecnol\u00f3gica Federal do Paran\u00e1 (UTFPR), Campus Curitiba.<br><\/p>\n\n\n\n<p>A seguir disponibilizamos para download os PLANO DE ENSINO DAS MAT\u00c9RIAS oferecidas pelo Departamento: <br><br><\/p>\n\n\n\n<p><a href=\"http:\/\/www.utfpr.edu.br\/curitiba\/cursos\/bacharelados\/Ofertados-neste-Campus\/design\/planos-de-ensino\/8o-periodo\/es30b-fundamentos-da-etica\/at_download\/file\" target=\"_blank\" rel=\"noreferrer noopener\">ES30B<\/a>&nbsp;&nbsp; Fundamentos da \u00c9tica<\/p>\n\n\n\n<p><a href=\"http:\/\/www.utfpr.edu.br\/curitiba\/cursos\/tecnologias\/Ofertados-neste-Campus\/automacao-industrial\/planos-de-ensino\/1o-periodo\/es51a-etica-profissional\/at_download\/file\" target=\"_blank\" rel=\"noreferrer noopener\">ES51A<\/a>&nbsp;&nbsp; \u00c9tica Profissional<\/p>\n\n\n\n<p><a href=\"http:\/\/www.utfpr.edu.br\/curitiba\/cursos\/tecnologias\/Ofertados-neste-Campus\/radiologia\/planos-de-ensino\/2o-periodo\/es52c-psicologia-do-relacionamento-humano\/at_download\/file\" target=\"_blank\" rel=\"noreferrer noopener\">ES52C<\/a>&nbsp;&nbsp; Psicologia do Relacionamento Humano<\/p>\n\n\n\n<p><a href=\"http:\/\/www.utfpr.edu.br\/curitiba\/cursos\/bacharelados\/Ofertados-neste-Campus\/educacao-fisica\/Planos-de-ensino\/3b0-periodo\/es60a-filosofia-da-ciencia-e-tecnologia\/at_download\/file\" target=\"_blank\" rel=\"noreferrer noopener\">ES60A<\/a>&nbsp;&nbsp; Filosofia da Ci\u00eancia e da Tecnologia<\/p>\n\n\n\n<p><a href=\"http:\/\/www.utfpr.edu.br\/curitiba\/cursos\/bacharelados\/Ofertados-neste-Campus\/educacao-fisica\/Planos-de-ensino\/4b0-periodo\/es60b-fundamentos-da-etica\/at_download\/file\" target=\"_blank\" rel=\"noreferrer noopener\">ES60B<\/a>&nbsp;&nbsp; Fundamentos da \u00c9tica<\/p>\n\n\n\n<p><a href=\"http:\/\/www.utfpr.edu.br\/curitiba\/cursos\/bacharelados\/Ofertados-neste-Campus\/design\/planos-de-ensino\/4o-periodo\/es60f-historia-da-tecnica-e-da-tecnologia\/at_download\/file\" target=\"_blank\" rel=\"noreferrer noopener\">ES60F<\/a>&nbsp;&nbsp; Hist\u00f3ria da T\u00e9cnica e da Tecnologia<\/p>\n\n\n\n<p><a href=\"http:\/\/www.utfpr.edu.br\/curitiba\/cursos\/bacharelados\/Ofertados-neste-Campus\/engenharia-de-computacao\/planos-de-ensino\/5o-periodo\/es60g-sociedade-e-politica-no-brasil\/at_download\/file\" target=\"_blank\" rel=\"noreferrer noopener\">ES60G<\/a>&nbsp; Sociedade e Pol\u00edtica no Brasil<\/p>\n\n\n\n<p><a href=\"http:\/\/www.utfpr.edu.br\/curitiba\/cursos\/bacharelados\/Ofertados-neste-Campus\/design\/planos-de-ensino\/2o-periodo\/es61a-tecnologia-e-sociedade\/at_download\/file\" target=\"_blank\" rel=\"noreferrer noopener\">ES61A<\/a>&nbsp;&nbsp; Tecnologia e Sociedade<\/p>\n\n\n\n<p><a href=\"http:\/\/www.utfpr.edu.br\/curitiba\/cursos\/licenciaturas\/Ofertados-neste-Campus\/letras-portugues-ingles\/planos-de-ensino\/1o-periodo\/es61b-filosofia-geral\/at_download\/file\">ES61B<\/a>&nbsp;&nbsp; Filosofia Geral<\/p>\n\n\n\n<p>ES65A &nbsp; Psicologia Aplicada ao Trabalho<\/p>\n\n\n\n<p><a href=\"http:\/\/www.utfpr.edu.br\/curitiba\/cursos\/licenciaturas\/Ofertados-neste-Campus\/letras-portugues-ingles\/planos-de-ensino\/1o-periodo\/es61b-filosofia-geral\/at_download\/file\">ES70A<\/a>&nbsp;&nbsp; Filosofia Geral<\/p>\n\n\n\n<p>ES70C &nbsp; Rela\u00e7\u00f5es Humanas e Lideran\u00e7a<\/p>\n\n\n\n<p>ES70E &nbsp; \u00c9tica, Profiss\u00e3o e Cidadania<\/p>\n\n\n\n<p><a href=\"http:\/\/www.utfpr.edu.br\/curitiba\/cursos\/bacharelados\/Ofertados-neste-Campus\/adminitracao\/planos-de-ensino\/1o-periodo\/es70f-filosofia\/at_download\/file\">ES70F<\/a>&nbsp;&nbsp; Filosofia<\/p>\n\n\n\n<p><a href=\"http:\/\/www.utfpr.edu.br\/curitiba\/cursos\/bacharelados\/Ofertados-neste-Campus\/adminitracao\/planos-de-ensino\/2o-periodo\/es70g-sociologia\/at_download\/file\">ES70G<\/a>&nbsp;&nbsp; Sociologia<\/p>\n\n\n\n<p><a href=\"http:\/\/www.utfpr.edu.br\/curitiba\/cursos\/bacharelados\/Ofertados-neste-Campus\/adminitracao\/planos-de-ensino\/2o-periodo\/es70i-psicologia-organizacional\/at_download\/file\">ES70I<\/a>&nbsp;&nbsp; Psicicologia Organizacional<\/p>\n\n\n\n<p>ES70J &nbsp; A Presen\u00e7a Africana no Brasil: Tecnologia e Trabalho<\/p>\n\n\n\n<p>ES70J &nbsp; Pol\u00edticas P\u00fablicas<\/p>\n\n\n\n<p>FI52C &nbsp; Bio\u00e9tica<\/p>\n\n\n\n<p><\/p>\n","protected":false},"excerpt":{"rendered":"<p>Mat\u00e9rias de Grade do Ensino Superior O Departamento Acad\u00eamico de Estudos Sociais oferece mat\u00e9rias de Ensino Superior na \u00e1rea de<\/p>\n","protected":false},"author":4,"featured_media":0,"parent":0,"menu_order":0,"comment_status":"closed","ping_status":"closed","template":"","meta":{"colormag_page_container_layout":"default_layout","colormag_page_sidebar_layout":"default_layout","footnotes":""},"class_list":["post-24","page","type-page","status-publish","hentry"],"_links":{"self":[{"href":"https:\/\/utfpr.curitiba.br\/daeso\/wp-json\/wp\/v2\/pages\/24","targetHints":{"allow":["GET"]}}],"collection":[{"href":"https:\/\/utfpr.curitiba.br\/daeso\/wp-json\/wp\/v2\/pages"}],"about":[{"href":"https:\/\/utfpr.curitiba.br\/daeso\/wp-json\/wp\/v2\/types\/page"}],"author":[{"embeddable":true,"href":"https:\/\/utfpr.curitiba.br\/daeso\/wp-json\/wp\/v2\/users\/4"}],"replies":[{"embeddable":true,"href":"https:\/\/utfpr.curitiba.br\/daeso\/wp-json\/wp\/v2\/comments?post=24"}],"version-history":[{"count":1,"href":"https:\/\/utfpr.curitiba.br\/daeso\/wp-json\/wp\/v2\/pages\/24\/revisions"}],"predecessor-version":[{"id":25,"href":"https:\/\/utfpr.curitiba.br\/daeso\/wp-json\/wp\/v2\/pages\/24\/revisions\/25"}],"wp:attachment":[{"href":"https:\/\/utfpr.curitiba.br\/daeso\/wp-json\/wp\/v2\/media?parent=24"}],"curies":[{"name":"wp","href":"https:\/\/api.w.org\/{rel}","templated":true}]}}