{"id":21,"date":"2019-03-25T16:12:58","date_gmt":"2019-03-25T19:12:58","guid":{"rendered":"https:\/\/utfpr.curitiba.br\/daeso\/?page_id=21"},"modified":"2019-03-25T16:14:12","modified_gmt":"2019-03-25T19:14:12","slug":"disciplinas-de-grade-do-ensino-tecnico","status":"publish","type":"page","link":"https:\/\/utfpr.curitiba.br\/daeso\/disciplinas-de-grade-do-ensino-tecnico\/","title":{"rendered":"Grade do T\u00e9cnico"},"content":{"rendered":"\n<p><strong>Disciplinas de Grade do Ensino T\u00e9cnico<\/strong><\/p>\n\n\n\n<p>O Departamento Acad\u00eamico de Estudos Sociais oferece disciplinas regulares de Hist\u00f3ria, Geografia, Filosofia e Sociologia para todos cursos T\u00e9cnicos e Educa\u00e7\u00e3o de Jovens e Adultos da Universidade Tecnol\u00f3gica Federal do Paran\u00e1, Campus Curitiba, al\u00e9m de mat\u00e9rias t\u00e9cnicas especificas para Cursos T\u00e9cnicos.<\/p>\n\n\n\n<p>A seguir disponibilizamos para download os PLANO DE ENSINO DAS DISCIPLINAS oferecidas pelo Departamento:<\/p>\n\n\n\n<p>As diciplinas podem ser ofertatadas em 1 ou mais cursos, mesmo assim cada C\u00f3digo tem seu Plano de Ensino \u00danico.<\/p>\n\n\n\n<ul class=\"wp-block-list\"><li>T\u00e9cnico<\/li><li><\/li><\/ul>\n\n\n\n<p>MAT\u00c9RIAS REGULARES<\/p>\n\n\n\n<p>ES01A   Hist\u00f3ria 1<\/p>\n\n\n\n<p>ES02A   Hist\u00f3ria 2<\/p>\n\n\n\n<p>ES03A   Hist\u00f3ria 3<\/p>\n\n\n\n<p>ES04A   Hist\u00f3ria 4<\/p>\n\n\n\n<p>ES05A   Hist\u00f3ria 5<\/p>\n\n\n\n<p>ES06A   Hist\u00f3ria 6<\/p>\n\n\n\n<p>ES03C   Geografia 1<\/p>\n\n\n\n<p>ES04C   Geografia 2<\/p>\n\n\n\n<p>ES05C   Geografia 3<\/p>\n\n\n\n<p>ES06C   Geografia 4<\/p>\n\n\n\n<p>ES05B   Filosofia 1<\/p>\n\n\n\n<p>ES06B   Filosofia 2<\/p>\n\n\n\n<p>ES07B   Filosofia 3<\/p>\n\n\n\n<p>ES08B   Filosofia 4<\/p>\n\n\n\n<p>ES07A   Sociologia 1<\/p>\n\n\n\n<p>ES08A   Sociologia 2<\/p>\n","protected":false},"excerpt":{"rendered":"<p>Disciplinas de Grade do Ensino T\u00e9cnico O Departamento Acad\u00eamico de Estudos Sociais oferece disciplinas regulares de Hist\u00f3ria, Geografia, Filosofia e<\/p>\n","protected":false},"author":4,"featured_media":0,"parent":0,"menu_order":0,"comment_status":"closed","ping_status":"closed","template":"","meta":{"colormag_page_container_layout":"default_layout","colormag_page_sidebar_layout":"default_layout","footnotes":""},"class_list":["post-21","page","type-page","status-publish","hentry"],"_links":{"self":[{"href":"https:\/\/utfpr.curitiba.br\/daeso\/wp-json\/wp\/v2\/pages\/21","targetHints":{"allow":["GET"]}}],"collection":[{"href":"https:\/\/utfpr.curitiba.br\/daeso\/wp-json\/wp\/v2\/pages"}],"about":[{"href":"https:\/\/utfpr.curitiba.br\/daeso\/wp-json\/wp\/v2\/types\/page"}],"author":[{"embeddable":true,"href":"https:\/\/utfpr.curitiba.br\/daeso\/wp-json\/wp\/v2\/users\/4"}],"replies":[{"embeddable":true,"href":"https:\/\/utfpr.curitiba.br\/daeso\/wp-json\/wp\/v2\/comments?post=21"}],"version-history":[{"count":3,"href":"https:\/\/utfpr.curitiba.br\/daeso\/wp-json\/wp\/v2\/pages\/21\/revisions"}],"predecessor-version":[{"id":26,"href":"https:\/\/utfpr.curitiba.br\/daeso\/wp-json\/wp\/v2\/pages\/21\/revisions\/26"}],"wp:attachment":[{"href":"https:\/\/utfpr.curitiba.br\/daeso\/wp-json\/wp\/v2\/media?parent=21"}],"curies":[{"name":"wp","href":"https:\/\/api.w.org\/{rel}","templated":true}]}}