{"id":2,"date":"2019-03-25T15:47:17","date_gmt":"2019-03-25T18:47:17","guid":{"rendered":"https:\/\/utfpr.curitiba.br\/daeso\/?page_id=2"},"modified":"2020-05-14T15:43:15","modified_gmt":"2020-05-14T18:43:15","slug":"pagina-exemplo","status":"publish","type":"page","link":"https:\/\/utfpr.curitiba.br\/daeso\/","title":{"rendered":"BEM-VINDO AO PORTAL DO DAESO"},"content":{"rendered":"\n<p>Com a miss\u00e3o de contribuir para a forma\u00e7\u00e3o dos alunos da UTFPR na \u00e1rea de Estudos Sociais, o DAESO conta com a dedica\u00e7\u00e3o de cada professor para que os cursos T\u00e9cnicos e os de Gradua\u00e7\u00e3o tenham a devida forma\u00e7\u00e3o escolar e acad\u00eamica.<\/p>\n\n\n\n<p>Este Portal tem a finalidade de auxiliar e agilizar a consulta e exposi\u00e7\u00e3o das a\u00e7\u00f5es do DAESO<br><\/p>\n\n\n\n<p>Agradecemos o acesso e desejamos bons estudos.<\/p>\n\n\n\n<p><em>Chefia do DAESO.<\/em><br><\/p>\n","protected":false},"excerpt":{"rendered":"<p>Com a miss\u00e3o de contribuir para a forma\u00e7\u00e3o dos alunos da UTFPR na \u00e1rea de Estudos Sociais, o DAESO conta<\/p>\n","protected":false},"author":4,"featured_media":0,"parent":0,"menu_order":0,"comment_status":"closed","ping_status":"open","template":"","meta":{"colormag_page_container_layout":"default_layout","colormag_page_sidebar_layout":"default_layout","footnotes":""},"class_list":["post-2","page","type-page","status-publish","hentry"],"_links":{"self":[{"href":"https:\/\/utfpr.curitiba.br\/daeso\/wp-json\/wp\/v2\/pages\/2","targetHints":{"allow":["GET"]}}],"collection":[{"href":"https:\/\/utfpr.curitiba.br\/daeso\/wp-json\/wp\/v2\/pages"}],"about":[{"href":"https:\/\/utfpr.curitiba.br\/daeso\/wp-json\/wp\/v2\/types\/page"}],"author":[{"embeddable":true,"href":"https:\/\/utfpr.curitiba.br\/daeso\/wp-json\/wp\/v2\/users\/4"}],"replies":[{"embeddable":true,"href":"https:\/\/utfpr.curitiba.br\/daeso\/wp-json\/wp\/v2\/comments?post=2"}],"version-history":[{"count":2,"href":"https:\/\/utfpr.curitiba.br\/daeso\/wp-json\/wp\/v2\/pages\/2\/revisions"}],"predecessor-version":[{"id":122,"href":"https:\/\/utfpr.curitiba.br\/daeso\/wp-json\/wp\/v2\/pages\/2\/revisions\/122"}],"wp:attachment":[{"href":"https:\/\/utfpr.curitiba.br\/daeso\/wp-json\/wp\/v2\/media?parent=2"}],"curies":[{"name":"wp","href":"https:\/\/api.w.org\/{rel}","templated":true}]}}