{"id":63,"date":"2020-08-10T00:51:58","date_gmt":"2020-08-10T03:51:58","guid":{"rendered":"https:\/\/daelt.ct.utfpr.edu.br\/?page_id=63"},"modified":"2026-03-19T18:43:02","modified_gmt":"2026-03-19T21:43:02","slug":"nossos-laboratorios","status":"publish","type":"page","link":"https:\/\/utfpr.curitiba.br\/daelt\/nossos-laboratorios\/","title":{"rendered":"Nossos laborat\u00f3rios"},"content":{"rendered":"\n<div style=\"height:54px\" aria-hidden=\"true\" class=\"wp-block-spacer\"><\/div>\n\n\n\n<div class=\"wp-block-group is-layout-flow wp-block-group-is-layout-flow\">\n<p>CA-011 Laborat\u00f3rio de Eletr\u00f4nica Anal\u00f3gica e Digital<br><em>respons\u00e1vel: <\/em>Profa. Elisabete Nakoneczny Moraes<br><em>email: <\/em>elisanm@utfpr.edu.br<\/p>\n<\/div>\n\n\n\n<hr class=\"wp-block-separator has-css-opacity is-style-wide\" \/>\n\n\n\n<p>CA-010 Laborat\u00f3rio de Prote\u00e7\u00e3o, Automa\u00e7\u00e3o e Controle<br><em>respons\u00e1vel:<\/em> Prof. Ulisses Chemin Netto<br><em>email:<\/em> ucnetto@utfpr.edu.br<\/p>\n\n\n\n<hr class=\"wp-block-separator has-css-opacity is-style-wide\" \/>\n\n\n\n<p>CA-009 LABENS &#8211; Laborat\u00f3rio de Energia Solar<br><em>respons\u00e1vel: <\/em>Prof. Paulo C\u00edcero Fritzen<br><em>email:<\/em> pcfritzen@utfpr.edu.br<\/p>\n\n\n\n<hr class=\"wp-block-separator has-css-opacity is-style-wide\" \/>\n\n\n\n<p>CA-008 Laborat\u00f3rio de Atividades Extensionistas<br><em>respons\u00e1vel:<\/em> Alvaro Peixoto De Alencar Neto<br><em>email:<\/em> alvaroalencar@utfpr.edu.br<\/p>\n\n\n\n<hr class=\"wp-block-separator has-css-opacity is-style-wide\" \/>\n\n\n\n<p>CA-007 LENSIs &#8211; Laborat\u00f3rio de Engenharia, Neuroci\u00eancias e Sistemas Inteligentes<br>respons\u00e1vel: Mariana Antonia Aguiar Furucho<br>email: marianafurucho@utfpr.edu.br<\/p>\n\n\n\n<hr class=\"wp-block-separator has-css-opacity is-style-wide\" \/>\n\n\n\n<p>CA-201 Laborat\u00f3rio de Projetos Assistidos por Computador<br><em>respons\u00e1vel:<\/em> Prof. Luiz Amilton Pepplow<br><em>email: <\/em>luizpepplow@utfpr.edu.br<\/p>\n\n\n\n<hr class=\"wp-block-separator has-css-opacity is-style-wide\" \/>\n\n\n\n<p>CB-012 Laborat\u00f3rio de CLP SIEMENS<br><em>respons\u00e1vel:<\/em> Prof. Vilmair Ermenio Wirmond<br><em>email:<\/em> vilmair@utfpr.edu.br<\/p>\n\n\n\n<hr class=\"wp-block-separator has-css-opacity is-style-wide\" \/>\n\n\n\n<p>CB-011 Laborat\u00f3rio de Controles Eletromagn\u00e9ticos e Pneum\u00e1ticos<br><em>respons\u00e1vel:<\/em> Prof. Daniel Balieiro Silva<br><em>email:<\/em> balieiro@utfpr.edu.br<\/p>\n\n\n\n<hr class=\"wp-block-separator has-css-opacity is-style-wide\" \/>\n\n\n\n<p>CB-010 Laborat\u00f3rio DE CLPs Phoenix<br><em>respons\u00e1vel:<\/em> Prof. Thiago Alberto Rigo Passarin<br><em>email:<\/em> thiagopas@gmail.com<\/p>\n\n\n\n<hr class=\"wp-block-separator has-css-opacity is-style-wide\" \/>\n\n\n\n<p>CB-009 Laborat\u00f3rio de Instrumenta\u00e7\u00e3o Industrial<br><em>respons\u00e1vel:<\/em> Prof. Alexandre Jos\u00e9 Tuoto Silveira Mello<br><em>email:<\/em> ajmello@utfpr.edu.br<\/p>\n\n\n\n<hr class=\"wp-block-separator has-css-opacity is-style-wide\" \/>\n\n\n\n<p>CB-203 Laborat\u00f3rio de Atendimento Acad\u00eamico da Especializa\u00e7\u00f5es<br><em>respons\u00e1vel: <\/em>Prof. Glauber Gomes De Oliveira Brante<br><em>email:<\/em> gbrante@utfpr.edu.br<\/p>\n\n\n\n<hr class=\"wp-block-separator has-css-opacity is-style-wide\" \/>\n\n\n\n<p>CB-207 Laborat\u00f3rio de Estudos de Sistemas El\u00e9trico de Pot\u00eancia &#8211; LESEP<br><em>respons\u00e1vel:<\/em> Prof. Raphael Augusto De Souza Benedito<br><em>email:<\/em> raphaelbenedito@utfpr.edu.br<\/p>\n\n\n\n<hr class=\"wp-block-separator has-css-opacity is-style-wide\" \/>\n\n\n\n<p>CC-007 Laborat\u00f3rio de Acionamentos Eletr\u00f4nicos<br><em>respons\u00e1vel: <\/em>Prof. Walter Denis Cruz Sanchez<br><em>email:<\/em> waltersanchez@utfpr.edu.br<\/p>\n\n\n\n<hr class=\"wp-block-separator has-css-opacity is-style-wide\" \/>\n\n\n\n<p>CC-006 Laborat\u00f3rio de Ensaio e Manuten\u00e7\u00e3o de M\u00e1quinas<br><em>respons\u00e1vel:<\/em> Prof. Ednilson Soares Maciel<br><em>email: <\/em>ednilsonmaciel@utfpr.edu.br<\/p>\n\n\n\n<hr class=\"wp-block-separator has-css-opacity is-style-wide\" \/>\n\n\n\n<p>CC-005 Laborat\u00f3rio de M\u00e1quinas e Transformadores<br><em>respons\u00e1vel:<\/em> Prof. Thiago de Paula Machado Bazzo<br><em>email:<\/em> thiagobazzo@utfpr.edu.br<\/p>\n\n\n\n<hr class=\"wp-block-separator has-css-opacity is-style-wide\" \/>\n\n\n\n<p>CC-004 Laborat\u00f3rio de Processamento Eletr\u00f4nico de Energia LPEE<br><em>respons\u00e1vel:<\/em> Prof. Eduardo Felix Ribeiro Romaneli<br><em>email:<\/em> felix@utfpr.edu.br<\/p>\n\n\n\n<hr class=\"wp-block-separator has-css-opacity is-style-wide\" \/>\n\n\n\n<p>CD-105 Laborat\u00f3rio de Eletr\u00f4nica Anal\u00f3gica e Digital<br><em>respons\u00e1vel:<\/em> Prof. Rubem Petry Carbente<br><em>email:<\/em> rubem@utfpr.edu.br<\/p>\n\n\n\n<hr class=\"wp-block-separator has-css-opacity is-style-wide\" \/>\n\n\n\n<p>CD-106 Laborat\u00f3rio de Sistemas de Gest\u00e3o Industrial<br><em>respons\u00e1vel:<\/em> Prof. Ohara Kerusauskas Rayel, D.Sc.<br><em>email:<\/em> oharakr@utfpr.edu.br<\/p>\n\n\n\n<hr class=\"wp-block-separator has-css-opacity is-style-wide\" \/>\n\n\n\n<p>CD-107 Laborat\u00f3rio de Inform\u00e1tica<br><em>respons\u00e1vel:<\/em> Prof. Eloir Rufato Junior<br><em>email:<\/em> elrufato@utfpr.edu.br<\/p>\n\n\n\n<hr class=\"wp-block-separator has-css-opacity is-style-wide\" \/>\n\n\n\n<p>CD-108 Laborat\u00f3rio de Microcontroladores<br><em>respons\u00e1vel:<\/em> Prof. Guilherme Luiz Moritz<br><em>email:<\/em> moritz@utfpr.edu.br<\/p>\n\n\n\n<hr class=\"wp-block-separator has-css-opacity is-style-wide\" \/>\n\n\n\n<p>CQ-006 Processes, Robotics, Intelligence, Systems &amp; MAchines Laboratory &#8211; PRISMA<br><em>respons\u00e1vel:<\/em> Prof. Narco Afonso Ravazzoli Maciejewski<br><em>email:<\/em> maciejewski@utfpr.edu.br<\/p>\n\n\n\n<hr class=\"wp-block-separator has-css-opacity is-style-wide\" \/>\n\n\n\n<p>CQ-007 Laborat\u00f3rio de Inform\u00e1tica<br><em>respons\u00e1vel:<\/em> Prof. Luiz Erley Schafranski\u00a0<br><em>email:<\/em> erley@utfpr.edu.br<\/p>\n\n\n\n<hr class=\"wp-block-separator has-css-opacity is-style-wide\" \/>\n\n\n\n<p>CQ-008 LabSEC &#8211; Laborat\u00f3rio de Sistemas Embarcados e Computa\u00e7\u00e3o.<br><em>respons\u00e1vel:<\/em> Prof. Adriano Ruseler<br><em>email:<\/em> ruseler@utfpr.edu.br<\/p>\n\n\n\n<hr class=\"wp-block-separator has-css-opacity is-style-wide\" \/>\n\n\n\n<p>CQ-009 Audit\u00f3rio Mini Anfiteatro<br><em>respons\u00e1vel:<\/em> Prof. Paulo C\u00edcero Fritzen<br><em>email:<\/em> pcfritzen@utfpr.edu.br<\/p>\n\n\n\n<hr class=\"wp-block-separator has-css-opacity is-style-wide\" \/>\n\n\n\n<p>CQ-207 Laborat\u00f3rio de Circuitos El\u00e9tricos e Medidas El\u00e9tricas<br><em>respons\u00e1vel:<\/em> Prof. Juan Camilo Castellanos Rodriguez<br><em>email:<\/em> juanc@utfpr.edu.br<\/p>\n\n\n\n<hr class=\"wp-block-separator has-css-opacity is-style-wide\" \/>\n\n\n\n<p>CQ-208 Laborat\u00f3rio de Eletricidade e Circuitos El\u00e9tricos<br><em>respons\u00e1vel:<\/em> Prof. Clovis Ronaldo Da Costa Bento<br><em>email:<\/em> clovisbento@utfpr.edu.br<\/p>\n\n\n\n<hr class=\"wp-block-separator has-css-opacity is-style-wide\" \/>\n\n\n\n<p>CQ-209 Laborat\u00f3rio de Instala\u00e7\u00f5es El\u00e9tricas<br><em>respons\u00e1vel:<\/em> Prof. Clider Adriane De Sousa Silva<br><em>email:<\/em> clider@utfpr.edu.br<\/p>\n\n\n\n<p><\/p>\n","protected":false},"excerpt":{"rendered":"<p>CA-011 Laborat\u00f3rio de Eletr\u00f4nica Anal\u00f3gica e Digitalrespons\u00e1vel: Profa. Elisabete Nakoneczny Moraesemail: elisanm@utfpr.edu.br CA-010 Laborat\u00f3rio de Prote\u00e7\u00e3o, Automa\u00e7\u00e3o e Controlerespons\u00e1vel: Prof.<\/p>\n","protected":false},"author":16,"featured_media":0,"parent":0,"menu_order":0,"comment_status":"closed","ping_status":"closed","template":"","meta":{"colormag_page_container_layout":"default_layout","colormag_page_sidebar_layout":"default_layout","footnotes":""},"class_list":["post-63","page","type-page","status-publish","hentry"],"_links":{"self":[{"href":"https:\/\/utfpr.curitiba.br\/daelt\/wp-json\/wp\/v2\/pages\/63","targetHints":{"allow":["GET"]}}],"collection":[{"href":"https:\/\/utfpr.curitiba.br\/daelt\/wp-json\/wp\/v2\/pages"}],"about":[{"href":"https:\/\/utfpr.curitiba.br\/daelt\/wp-json\/wp\/v2\/types\/page"}],"author":[{"embeddable":true,"href":"https:\/\/utfpr.curitiba.br\/daelt\/wp-json\/wp\/v2\/users\/16"}],"replies":[{"embeddable":true,"href":"https:\/\/utfpr.curitiba.br\/daelt\/wp-json\/wp\/v2\/comments?post=63"}],"version-history":[{"count":90,"href":"https:\/\/utfpr.curitiba.br\/daelt\/wp-json\/wp\/v2\/pages\/63\/revisions"}],"predecessor-version":[{"id":752,"href":"https:\/\/utfpr.curitiba.br\/daelt\/wp-json\/wp\/v2\/pages\/63\/revisions\/752"}],"wp:attachment":[{"href":"https:\/\/utfpr.curitiba.br\/daelt\/wp-json\/wp\/v2\/media?parent=63"}],"curies":[{"name":"wp","href":"https:\/\/api.w.org\/{rel}","templated":true}]}}