{"id":46,"date":"2020-08-10T00:46:15","date_gmt":"2020-08-10T03:46:15","guid":{"rendered":"https:\/\/daelt.ct.utfpr.edu.br\/?page_id=46"},"modified":"2025-06-26T11:48:10","modified_gmt":"2025-06-26T14:48:10","slug":"inicio","status":"publish","type":"page","link":"https:\/\/utfpr.curitiba.br\/daelt\/","title":{"rendered":"In\u00edcio"},"content":{"rendered":"\n<p>Bem-vindo a p\u00e1gina do Departamento Acad\u00eamico de Eletrot\u00e9cnica (DAELT) do Campus Curitiba da UTFPR.<\/p>\n\n\n\n<div style=\"height:20px\" aria-hidden=\"true\" class=\"wp-block-spacer\"><\/div>\n\n\n\n<p style=\"font-size:27px\">Estrututura Administrativa<\/p>\n\n\n\n<div style=\"height:20px\" aria-hidden=\"true\" class=\"wp-block-spacer\"><\/div>\n\n\n\n<p>PROF. PAULO C\u00cdCERO FRITZEN<br><em>Chefe de Departamento<\/em><\/p>\n\n\n\n<hr class=\"wp-block-separator has-css-opacity is-style-wide\" \/>\n\n\n\n<p>PROFA. ROSANGELA BACH RODRIGUES DOS SANTOS<br><em>Coordenardora do Curso de Engenharia El\u00e9trica<\/em><\/p>\n\n\n\n<hr class=\"wp-block-separator has-css-opacity is-style-wide\" \/>\n\n\n\n<p>PROF. CELIA CRISTINA BOJARCZUK<br><em>Coordenadora do Curso de Tecnologia em Automa\u00e7\u00e3o Industrial<\/em><\/p>\n\n\n\n<hr class=\"wp-block-separator has-css-opacity is-style-wide\" \/>\n\n\n\n<p>PROF. MARCELO ROSA<br><em>Coordenador do Curso de Engenharia de Controle e Automa\u00e7\u00e3o<\/em><\/p>\n\n\n\n<hr class=\"wp-block-separator has-css-opacity is-style-wide\" \/>\n\n\n\n<p>PROF. ALVARO PEIXOTO DE ALENCAR NETO<br>PRAE &#8211; Professor Respons\u00e1vel pela Atividade de Est\u00e1gio<\/p>\n\n\n\n<hr class=\"wp-block-separator has-css-opacity is-style-wide\" \/>\n\n\n\n<p>PROF. SAUL HIRSCH<br>PRAE &#8211; Professor Respons\u00e1vel pela Atividade de Est\u00e1gio<\/p>\n\n\n\n<hr class=\"wp-block-separator has-css-opacity is-style-wide\" \/>\n\n\n\n<p>PROF. MARCIO APARECIDO BATISTA<br><em>PRAE &#8211; Professor Respons\u00e1vel pela Atividade de Est\u00e1gio<\/em><\/p>\n\n\n\n<hr class=\"wp-block-separator has-css-opacity is-style-wide\" \/>\n\n\n\n<p>ANTONIO AGUILAR ZAKOVICZ<br><em>Assistente em Administra\u00e7\u00e3o (SEMAP)<\/em><\/p>\n\n\n\n<hr class=\"wp-block-separator has-css-opacity is-style-wide\" \/>\n\n\n\n<p>LEONARDO WEISS RIBEIRO<br><em>T\u00e9cnico Administrativo (Secretaria)<\/em><\/p>\n\n\n\n<hr class=\"wp-block-separator has-css-opacity is-style-wide\" \/>\n\n\n\n<p>MAIARA ALCOVA RODRIGUES<br><em>T\u00e9cnico Administrativo (MAINF)<\/em><\/p>\n\n\n\n<hr class=\"wp-block-separator has-css-opacity is-style-wide\" \/>\n\n\n\n<p><\/p>\n","protected":false},"excerpt":{"rendered":"<p>Bem-vindo a p\u00e1gina do Departamento Acad\u00eamico de Eletrot\u00e9cnica (DAELT) do Campus Curitiba da UTFPR. Estrututura Administrativa PROF. PAULO C\u00cdCERO FRITZENChefe<\/p>\n","protected":false},"author":1,"featured_media":0,"parent":0,"menu_order":0,"comment_status":"closed","ping_status":"closed","template":"","meta":{"colormag_page_container_layout":"default_layout","colormag_page_sidebar_layout":"default_layout","footnotes":""},"class_list":["post-46","page","type-page","status-publish","hentry"],"_links":{"self":[{"href":"https:\/\/utfpr.curitiba.br\/daelt\/wp-json\/wp\/v2\/pages\/46","targetHints":{"allow":["GET"]}}],"collection":[{"href":"https:\/\/utfpr.curitiba.br\/daelt\/wp-json\/wp\/v2\/pages"}],"about":[{"href":"https:\/\/utfpr.curitiba.br\/daelt\/wp-json\/wp\/v2\/types\/page"}],"author":[{"embeddable":true,"href":"https:\/\/utfpr.curitiba.br\/daelt\/wp-json\/wp\/v2\/users\/1"}],"replies":[{"embeddable":true,"href":"https:\/\/utfpr.curitiba.br\/daelt\/wp-json\/wp\/v2\/comments?post=46"}],"version-history":[{"count":53,"href":"https:\/\/utfpr.curitiba.br\/daelt\/wp-json\/wp\/v2\/pages\/46\/revisions"}],"predecessor-version":[{"id":701,"href":"https:\/\/utfpr.curitiba.br\/daelt\/wp-json\/wp\/v2\/pages\/46\/revisions\/701"}],"wp:attachment":[{"href":"https:\/\/utfpr.curitiba.br\/daelt\/wp-json\/wp\/v2\/media?parent=46"}],"curies":[{"name":"wp","href":"https:\/\/api.w.org\/{rel}","templated":true}]}}