{"id":10,"date":"2017-08-28T13:51:24","date_gmt":"2017-08-28T13:51:24","guid":{"rendered":"http:\/\/dadin.ct.utfpr.edu.br\/?page_id=10"},"modified":"2024-06-06T17:03:50","modified_gmt":"2024-06-06T20:03:50","slug":"pesquisa","status":"publish","type":"page","link":"https:\/\/utfpr.curitiba.br\/dadin\/?page_id=10","title":{"rendered":"Pesquisa"},"content":{"rendered":"<h4>Grupo de Pesquisa<\/h4>\n<p>Os Grupos de Pesquisa do Departamento de Desenho Industrial s\u00e3o cadastrados junto ao CNPq e se apresentam \u00e0 comunidade sob a forma de pesquisas cient\u00edficas, participa\u00e7\u00e3o em semin\u00e1rios e congressos, artigos publicados em peri\u00f3dicos e oferta de disciplinas optativa nos cursos do DADIN.<\/p>\n<h4>Design e Cultura<\/h4>\n<p>Desenvolver estudos e pesquisas sobre a tem\u00e1tica &#8220;Design e Cultura&#8221;. Apresenta\u00e7\u00f5es de resultados de pesquisas conclu\u00eddas e em andamento em semin\u00e1rios e congressos, artigos publicados em peri\u00f3dicos e a publica\u00e7\u00e3o de colet\u00e2neas ser\u00e3o alguns dos resultados do Grupo de Pesquisa e sua colabora\u00e7\u00e3o para as discuss\u00f5es do campo das rela\u00e7\u00f5es entre Design e Arte, Design e Linguagem e Design e Sociedade. Essas rela\u00e7\u00f5es ser\u00e3o ainda permeadas por pesquisas nas \u00e1reas de Educa\u00e7\u00e3o e Aplica\u00e7\u00e3o. <a href=\"http:\/\/dgp.cnpq.br\/dgp\/espelhogrupo\/7175000945848684\">[p\u00e1gina do grupo no CNPq]<\/a><\/p>\n<h4>Design, Ergonomia e Usabilidade<\/h4>\n<p>Abordando conceitos de produto, servi\u00e7os e e sistemas no que se refere: ao projeto e desenvolvimento de produtos a partir de conceitos de gest\u00e3o de design, ecodesign e design sustent\u00e1vel; \u00e0 ergonomia de produtos abrangendo design, usabilidade e interatividade, ergonomia organizacional no \u00e2mbito de processos produtivos e seguran\u00e7a no trabalho e ergonomia como ferramenta para a tecnologia assistiva; ao design emocional abrangendo aspectos cognitivos de processamento e entendimento das informa\u00e7\u00f5es. <a href=\"http:\/\/dgp.cnpq.br\/dgp\/espelhogrupo\/4345518894814774\">[p\u00e1gina do grupo no CNPq]<\/a><\/p>\n<h4><strong>Narrativas Interativas H\u00edbridas<\/strong><\/h4>\n<p>Realiza\u00e7\u00e3o dos Cursos de Especializa\u00e7\u00e3o em Cenografia (2015\/2016), Artes H\u00edbridas (2015\/2016 e 2016\/2017) e Narrativas Visuais (2015\/2016); os Programas de extens\u00e3o em fotografia (Fotografia Abstrata: Onde \u00e9? e Projetos fotogr\u00e1ficos: Como \u00e9?); cenografia (Escultura &#8220;Babel&#8221; na Ecoville e Interven\u00e7\u00f5es Po\u00e9ticas do espa\u00e7o); e ilustra\u00e7\u00e3o (Desenhadores de Rua). Destacam-se tamb\u00e9m a Mostra Semestral de Audiovisual e de Anima\u00e7\u00e3o do Dadin (2015 e 2016); a Exposi\u00e7\u00e3o Semestral de Fotografia (2015 e 2016); as Vitrines Cenogr\u00e1ficas (2015). No desenvolvimento de cenografia para espet\u00e1culos, cita-se o espet\u00e1culo &#8220;Alice Qu\u00e2ntica&#8221; (2015) e &#8220;Um Jardim da Vida&#8221; &#8211; Coral do Projeto Dorcas (2015), que incluiu cenografia e figurino. Ainda em 2015, ocorreram os eventos: P\u00e3o na Mesa &#8211; mesas tem\u00e1ticas sobre Arte; e Conversa sobre a 15. Quadrienal de Cenografia de Praga. Em 2016, foi lan\u00e7ado o livro &#8220;Quest\u00f5es de cenografia II&#8221; e o artigo &#8220;Capta\u00e7\u00f5es fotogr\u00e1ficas experimentais com proje\u00e7\u00f5es&#8221; no 12\u00ba P&amp;D Design.\u00a0<a href=\"http:\/\/dgp.cnpq.br\/dgp\/espelhogrupo\/4428371062803886\">[p\u00e1gina do grupo no CNPq]<\/a><\/p>\n","protected":false},"excerpt":{"rendered":"<p>Grupo de Pesquisa Os Grupos de Pesquisa do Departamento de Desenho Industrial s\u00e3o cadastrados junto ao CNPq e se apresentam \u00e0 comunidade sob a forma de pesquisas cient\u00edficas, participa\u00e7\u00e3o em semin\u00e1rios e congressos, artigos publicados em peri\u00f3dicos e oferta de disciplinas optativa nos cursos do DADIN. Design e Cultura Desenvolver estudos e pesquisas sobre a &hellip; <\/p>\n<p class=\"link-more\"><a href=\"https:\/\/utfpr.curitiba.br\/dadin\/?page_id=10\" class=\"more-link\">Continue lendo<span class=\"screen-reader-text\"> &#8220;Pesquisa&#8221;<\/span><\/a><\/p>\n","protected":false},"author":37,"featured_media":0,"parent":0,"menu_order":2,"comment_status":"closed","ping_status":"closed","template":"","meta":{"footnotes":""},"class_list":["post-10","page","type-page","status-publish","hentry"],"_links":{"self":[{"href":"https:\/\/utfpr.curitiba.br\/dadin\/index.php?rest_route=\/wp\/v2\/pages\/10","targetHints":{"allow":["GET"]}}],"collection":[{"href":"https:\/\/utfpr.curitiba.br\/dadin\/index.php?rest_route=\/wp\/v2\/pages"}],"about":[{"href":"https:\/\/utfpr.curitiba.br\/dadin\/index.php?rest_route=\/wp\/v2\/types\/page"}],"author":[{"embeddable":true,"href":"https:\/\/utfpr.curitiba.br\/dadin\/index.php?rest_route=\/wp\/v2\/users\/37"}],"replies":[{"embeddable":true,"href":"https:\/\/utfpr.curitiba.br\/dadin\/index.php?rest_route=%2Fwp%2Fv2%2Fcomments&post=10"}],"version-history":[{"count":25,"href":"https:\/\/utfpr.curitiba.br\/dadin\/index.php?rest_route=\/wp\/v2\/pages\/10\/revisions"}],"predecessor-version":[{"id":6413,"href":"https:\/\/utfpr.curitiba.br\/dadin\/index.php?rest_route=\/wp\/v2\/pages\/10\/revisions\/6413"}],"wp:attachment":[{"href":"https:\/\/utfpr.curitiba.br\/dadin\/index.php?rest_route=%2Fwp%2Fv2%2Fmedia&parent=10"}],"curies":[{"name":"wp","href":"https:\/\/api.w.org\/{rel}","templated":true}]}}