{"id":43,"date":"2018-10-20T14:58:25","date_gmt":"2018-10-20T17:58:25","guid":{"rendered":"https:\/\/utfpr.curitiba.br\/dacoc\/?page_id=43"},"modified":"2021-04-07T13:54:20","modified_gmt":"2021-04-07T16:54:20","slug":"areas-de-atuacao","status":"publish","type":"page","link":"https:\/\/utfpr.curitiba.br\/dacoc\/areas-de-atuacao\/","title":{"rendered":"\u00c1reas de atua\u00e7\u00e3o"},"content":{"rendered":"<p class=\"dd\">ESTRUTURAS E GEOTECNIA<\/p>\n<p>Amacin Rodrigues Moreira<br \/>\nAmanda Dalla Rosa Johann<br \/>\nAntonio Neri Bonato<br \/>\nErica Fernanda Aiko Kimura<br \/>\nElisabeth Penner<br \/>\nFernando Luiz Martinechen\u00a0Beghetto<br \/>\nJoao Elias Abdalla Filho<br \/>\nJose Luiz Goncalves Brandi<br \/>\nJose Manoel Caron<br \/>\nMoacyr Aristeu Molinari Neto<br \/>\nRenata Sa Brito Stramandinoli\u00a0(L\u00edder de \u00e1rea)<br \/>\nRicardo Karvat<br \/>\nRogerio Francisco Kuster Puppi<br \/>\nRonaldo Luis dos Santos Izzo<\/p>\n<p class=\"a\">GEST\u00c3O NA CONSTRU\u00c7\u00c3O CIVIL<\/p>\n<p>Alfredo Iarozinski Neto<br \/>\nAltamiro Alves dos Santos<br \/>\nCarlos Alberto da Costa<br \/>\nCezar Augusto Romano (L\u00edder de \u00e1rea)<br \/>\nClarice Farian de Lemos<br \/>\nFernando Jos\u00e9 Matitz<br \/>\nJair Ferreira de Almeida<br \/>\nJanine Nicolosi Correa<br \/>\nLuciene Ferreira Schiavoni Wiczick<br \/>\nMauro Edson Alberti<br \/>\nRicardo Jos\u00e9 Guimar\u00e3es<br \/>\nRodrigo Eduardo Catai<br \/>\nVanessa do Rocio Nahas Scandelari<\/p>\n<p class=\"a\">MATERIAIS DE CONSTRU\u00c7\u00c3O<\/p>\n<p>Adalberto Matoski<br \/>\nAdauto Jos\u00e9 Miranda de Lima<br \/>\nArthur Medeiros<br \/>\nEliane Bet\u00e2nia Carvalho Costa<br \/>\nJos\u00e9 Alberto Cerri (L\u00edder de \u00e1rea)<br \/>\nSilvana Leonita Weber<br \/>\nValter Antonio Ruy<br \/>\nWellington Mazer<\/p>\n<p class=\"a\"><a href=\"http:\/\/paginapessoal.utfpr.edu.br\/nagalli\/recursos-hidricos-saneamento-e-meio-ambiente\">SANEAMENTO E MEIO AMBIENTE<\/a><\/p>\n<p>Andr\u00e9 Nagalli (L\u00edder de \u00e1rea)<br \/>\nCelimar Azambuja Teixeira<br \/>\nEloy Fassi Casagrande Junior<br \/>\nFlavio Bentes Freire<br \/>\nIvan Azevedo Cardoso<br \/>\nKarina Querne de Carvalho<br \/>\nTatiana Maria Cecy Gadda<\/p>\n<p class=\"a\">AMBIENTE CONSTRU\u00cdDO<\/p>\n<p>Armando Luis Yoshio Ito<br \/>\nClaudionor Beatrice<br \/>\nEdgar Fernando Adriazola Acha<br \/>\nEduardo Leite Kruger<br \/>\nEnos Pirkel<br \/>\nGiceli Portela Cunico De Oliveira<br \/>\nHelena Akemi Umezawa<br \/>\nHeverson Akira Tamashiro<br \/>\nIra Jose Taborda Dudeque<br \/>\nIsabel Maria Borba Melo<br \/>\nKarina Scussiato<br \/>\nMarcelo Queiroz Varisco<br \/>\nM\u00e1rcia Keiko Ono Adriazola (L\u00edder de \u00c1rea)<br \/>\nMassayuki M\u00e1rio Hara<br \/>\nOrlando Pinto Ribeiro<br \/>\nOzires de Jesuz Ribeiro<br \/>\nRafaela Fortunato<br \/>\nRoberto Levi Sprenger<br \/>\nToshiyuki\u00a0Sawada<br \/>\nVilmar Wernick<\/p>\n","protected":false},"excerpt":{"rendered":"<p>ESTRUTURAS E GEOTECNIA Amacin Rodrigues Moreira Amanda Dalla Rosa Johann Antonio Neri Bonato Erica Fernanda Aiko Kimura Elisabeth Penner Fernando Luiz Martinechen\u00a0Beghetto Joao Elias Abdalla Filho Jose Luiz Goncalves Brandi Jose Manoel Caron Moacyr Aristeu Molinari Neto Renata Sa Brito &hellip; <a href=\"https:\/\/utfpr.curitiba.br\/dacoc\/areas-de-atuacao\/\">Continue lendo <span class=\"meta-nav\">&rarr;<\/span><\/a><\/p>\n","protected":false},"author":1,"featured_media":0,"parent":0,"menu_order":0,"comment_status":"closed","ping_status":"closed","template":"","meta":{"footnotes":""},"class_list":["post-43","page","type-page","status-publish","hentry"],"_links":{"self":[{"href":"https:\/\/utfpr.curitiba.br\/dacoc\/wp-json\/wp\/v2\/pages\/43","targetHints":{"allow":["GET"]}}],"collection":[{"href":"https:\/\/utfpr.curitiba.br\/dacoc\/wp-json\/wp\/v2\/pages"}],"about":[{"href":"https:\/\/utfpr.curitiba.br\/dacoc\/wp-json\/wp\/v2\/types\/page"}],"author":[{"embeddable":true,"href":"https:\/\/utfpr.curitiba.br\/dacoc\/wp-json\/wp\/v2\/users\/1"}],"replies":[{"embeddable":true,"href":"https:\/\/utfpr.curitiba.br\/dacoc\/wp-json\/wp\/v2\/comments?post=43"}],"version-history":[{"count":3,"href":"https:\/\/utfpr.curitiba.br\/dacoc\/wp-json\/wp\/v2\/pages\/43\/revisions"}],"predecessor-version":[{"id":76,"href":"https:\/\/utfpr.curitiba.br\/dacoc\/wp-json\/wp\/v2\/pages\/43\/revisions\/76"}],"wp:attachment":[{"href":"https:\/\/utfpr.curitiba.br\/dacoc\/wp-json\/wp\/v2\/media?parent=43"}],"curies":[{"name":"wp","href":"https:\/\/api.w.org\/{rel}","templated":true}]}}