{"id":2,"date":"2018-10-20T13:44:28","date_gmt":"2018-10-20T16:44:28","guid":{"rendered":"https:\/\/utfpr.curitiba.br\/dacoc\/?page_id=2"},"modified":"2018-10-20T14:19:26","modified_gmt":"2018-10-20T17:19:26","slug":"pagina-exemplo","status":"publish","type":"page","link":"https:\/\/utfpr.curitiba.br\/dacoc\/","title":{"rendered":"Departamento Acad\u00eamico de Constru\u00e7\u00e3o Civil do C\u00e2mpus Curitiba (DACOC-CT)"},"content":{"rendered":"<h2>Contato:<\/h2>\n<h3>E-mail: secretariadacoc@gmail.com<br \/>\nFone: (41) 3279-6837<\/h3>\n<p>&nbsp;<\/p>\n<h2>Localiza\u00e7\u00e3o:<\/h2>\n<h3>Rua Deputado Heitor de Alencar Furtado, 5000 &#8211; Bloco A &#8211; Terceiro Andar &#8211; Bairro Cidade Industrial &#8211; CEP 81280-340 &#8211; Curitiba &#8211; PR<\/h3>\n<p style=\"text-align: center;\"><iframe style=\"border: 0;\" src=\"https:\/\/www.google.com\/maps\/embed?pb=!1m18!1m12!1m3!1d1273.797732302777!2d-49.354073271072465!3d-25.44347656899421!2m3!1f0!2f0!3f0!3m2!1i1024!2i768!4f13.1!3m3!1m2!1s0x94dce21b626b29b1%3A0x5451980a7d312dde!2sDepartamento+Acad%C3%AAmico+de+Constru%C3%A7%C3%A3o+Civil!5e0!3m2!1spt-BR!2sbr!4v1540055903337\" width=\"600\" height=\"450\" frameborder=\"0\" allowfullscreen=\"allowfullscreen\"><\/iframe><\/p>\n","protected":false},"excerpt":{"rendered":"<p>Contato: E-mail: secretariadacoc@gmail.com Fone: (41) 3279-6837 &nbsp; Localiza\u00e7\u00e3o: Rua Deputado Heitor de Alencar Furtado, 5000 &#8211; Bloco A &#8211; Terceiro Andar &#8211; Bairro Cidade Industrial &#8211; CEP 81280-340 &#8211; Curitiba &#8211; PR<\/p>\n","protected":false},"author":1,"featured_media":0,"parent":0,"menu_order":0,"comment_status":"closed","ping_status":"open","template":"","meta":{"footnotes":""},"class_list":["post-2","page","type-page","status-publish","hentry"],"_links":{"self":[{"href":"https:\/\/utfpr.curitiba.br\/dacoc\/wp-json\/wp\/v2\/pages\/2","targetHints":{"allow":["GET"]}}],"collection":[{"href":"https:\/\/utfpr.curitiba.br\/dacoc\/wp-json\/wp\/v2\/pages"}],"about":[{"href":"https:\/\/utfpr.curitiba.br\/dacoc\/wp-json\/wp\/v2\/types\/page"}],"author":[{"embeddable":true,"href":"https:\/\/utfpr.curitiba.br\/dacoc\/wp-json\/wp\/v2\/users\/1"}],"replies":[{"embeddable":true,"href":"https:\/\/utfpr.curitiba.br\/dacoc\/wp-json\/wp\/v2\/comments?post=2"}],"version-history":[{"count":2,"href":"https:\/\/utfpr.curitiba.br\/dacoc\/wp-json\/wp\/v2\/pages\/2\/revisions"}],"predecessor-version":[{"id":30,"href":"https:\/\/utfpr.curitiba.br\/dacoc\/wp-json\/wp\/v2\/pages\/2\/revisions\/30"}],"wp:attachment":[{"href":"https:\/\/utfpr.curitiba.br\/dacoc\/wp-json\/wp\/v2\/media?parent=2"}],"curies":[{"name":"wp","href":"https:\/\/api.w.org\/{rel}","templated":true}]}}