{"id":641,"date":"2019-04-22T16:17:27","date_gmt":"2019-04-22T19:17:27","guid":{"rendered":"http:\/\/cursosdeextensao.ct.utfpr.edu.br\/?page_id=641"},"modified":"2020-05-16T12:21:57","modified_gmt":"2020-05-16T15:21:57","slug":"cursos-concluidos","status":"publish","type":"page","link":"https:\/\/utfpr.curitiba.br\/cursosdeextensao\/cursos-concluidos\/","title":{"rendered":"Cursos Pagos Conclu\u00eddos"},"content":{"rendered":"<h4><\/h4>\n<h4>Cursos ofertados e conclu\u00eddos em 2019<\/h4>\n<p>Acionamento e Manuten\u00e7\u00e3o de Servomotores<\/p>\n<p>Capacita\u00e7\u00e3o em Energia Solar Fotovoltaica<\/p>\n<p>Minera\u00e7\u00e3o de Dados<\/p>\n<p>Monitoramento dos indicadores de performance no futebol<\/p>\n<p>Projetos de instala\u00e7\u00f5es el\u00e9tricas prediais<\/p>\n<p>Capacita\u00e7\u00e3o em energia solar fotovoltaica<\/p>\n<p>Projetos de ilumina\u00e7\u00e3o de interiores: bases e realiza\u00e7\u00e3o<\/p>\n<p>Reciclagem em NR10<\/p>\n<p>AutoCad<\/p>\n<p>Fundamentos de Comunica\u00e7\u00e3o Visual<\/p>\n<h4><strong>Cu<\/strong>rsos ofertados e conclu\u00eddos em 2018<\/h4>\n<p>Automa\u00e7\u00e3o Pneum\u00e1tica Industrial<\/p>\n<p>Comandos Eletroeletr\u00f4nicos e eletropneum\u00e1ticos<\/p>\n<p>AutoCAD 2018<\/p>\n<p>Bitcoin \u2013 Criptomoedas e Blockchain<\/p>\n<p>Minera\u00e7\u00e3o de dados<\/p>\n<p>Programa\u00e7\u00e3o php<\/p>\n<p>Banco de dados MySQL<\/p>\n<p>Design gr\u00e1fico \u00a0&#8211; conceitos e pr\u00e1ticas para n\u00e3o profissionais<\/p>\n<p>Badminton<\/p>\n<p>Constru\u00e7\u00e3o de sites \u2013 HTML e CSS<\/p>\n<p>Instala\u00e7\u00f5es el\u00e9tricas<\/p>\n<p>Instrumenta\u00e7\u00e3o industrial \u2013 Calibra\u00e7\u00e3o de transmissores inteligentes<\/p>\n<p>Introdu\u00e7\u00e3o ao QGIS para an\u00e1lises espaciais<\/p>\n<p>Performance de motores e combust\u00e3o interna<\/p>\n<p>Php e MySQL<\/p>\n<p>Programa\u00e7\u00e3o de CLP<\/p>\n<p>Rob\u00f3tica educacional<\/p>\n<h4><strong>Cursos ofertados e conclu\u00eddos em 2017 <\/strong><\/h4>\n<p>Autocad 2017<\/p>\n<p>An\u00e1lise de custos e forma\u00e7\u00e3o de pre\u00e7os e metas de venda com o Excel em pequenas empresas<\/p>\n<p>An\u00e1lise Econ\u00f4mica Estrutural e Conjuntural<\/p>\n<p>Entenda as Tecnologias de informa\u00e7\u00e3o de uso pessoal, profissional e para neg\u00f3cios<\/p>\n<p>Modelagem e aplica\u00e7\u00e3o de t\u00e9cnicas multicrit\u00e9rios<\/p>\n<p>Marketing para empreendedores<\/p>\n<p>Gest\u00e3o de custos e pre\u00e7os nas pequenas empresas<\/p>\n<p>Contabilidade para n\u00e3o contadores<\/p>\n<p>Python<\/p>\n<p>Energia Solar<\/p>\n<p>Workshop sobre confiabilidade Humana em O&amp;M \u2013 Copel<\/p>\n<p>A teoria da subjetividade e a Epistemologia Qualitativa na Pesquisa<\/p>\n<p>Forma\u00e7\u00e3o de Auditor Interno<\/p>\n<p>ISO 9001<\/p>\n<p>Projeto e execu\u00e7\u00e3o de instala\u00e7\u00f5es El\u00e9tricas<\/p>\n<p>Funda\u00e7\u00f5es<\/p>\n<p>Fundamentos de programa\u00e7\u00e3o de CLP SIEMENS<\/p>\n<p>Maquetes<\/p>\n<p>NR 35 Trabalho em Altura<\/p>\n<p>NR 33 Seguran\u00e7a e Sa\u00fade nos trabalhos em Espa\u00e7os Confinados<\/p>\n<p>NR 18 Condi\u00e7\u00f5es e Meio Ambiente de Trabalho na Ind\u00fastria da Constru\u00e7\u00e3o Civil<\/p>\n<p>NR 10 Seguran\u00e7a em Instala\u00e7\u00f5es e Servi\u00e7os em Eletricidade<\/p>\n<p>Instala\u00e7\u00f5es El\u00e9tricas<\/p>\n<p>Estudos de modalidade escrita de l\u00edngua portuguesa<\/p>\n<p>Instrumenta\u00e7\u00e3o Industrial \u2013 Calibra\u00e7\u00e3o de Transmissores Inteligentes<\/p>\n<p>Automa\u00e7\u00e3o Pneum\u00e1tica Industrial<\/p>\n","protected":false},"excerpt":{"rendered":"<p>Cursos ofertados e conclu\u00eddos em 2019 Acionamento e Manuten\u00e7\u00e3o de Servomotores Capacita\u00e7\u00e3o em Energia Solar Fotovoltaica Minera\u00e7\u00e3o de Dados Monitoramento<\/p>\n","protected":false},"author":2,"featured_media":0,"parent":0,"menu_order":0,"comment_status":"closed","ping_status":"closed","template":"","meta":{"colormag_page_container_layout":"default_layout","colormag_page_sidebar_layout":"default_layout","footnotes":""},"class_list":["post-641","page","type-page","status-publish","hentry"],"_links":{"self":[{"href":"https:\/\/utfpr.curitiba.br\/cursosdeextensao\/wp-json\/wp\/v2\/pages\/641","targetHints":{"allow":["GET"]}}],"collection":[{"href":"https:\/\/utfpr.curitiba.br\/cursosdeextensao\/wp-json\/wp\/v2\/pages"}],"about":[{"href":"https:\/\/utfpr.curitiba.br\/cursosdeextensao\/wp-json\/wp\/v2\/types\/page"}],"author":[{"embeddable":true,"href":"https:\/\/utfpr.curitiba.br\/cursosdeextensao\/wp-json\/wp\/v2\/users\/2"}],"replies":[{"embeddable":true,"href":"https:\/\/utfpr.curitiba.br\/cursosdeextensao\/wp-json\/wp\/v2\/comments?post=641"}],"version-history":[{"count":9,"href":"https:\/\/utfpr.curitiba.br\/cursosdeextensao\/wp-json\/wp\/v2\/pages\/641\/revisions"}],"predecessor-version":[{"id":1083,"href":"https:\/\/utfpr.curitiba.br\/cursosdeextensao\/wp-json\/wp\/v2\/pages\/641\/revisions\/1083"}],"wp:attachment":[{"href":"https:\/\/utfpr.curitiba.br\/cursosdeextensao\/wp-json\/wp\/v2\/media?parent=641"}],"curies":[{"name":"wp","href":"https:\/\/api.w.org\/{rel}","templated":true}]}}