{"id":556,"date":"2019-04-16T12:06:46","date_gmt":"2019-04-16T15:06:46","guid":{"rendered":"http:\/\/cursosdeextensao.ct.utfpr.edu.br\/?page_id=556"},"modified":"2025-09-11T11:47:06","modified_gmt":"2025-09-11T14:47:06","slug":"cursos-gratuitos","status":"publish","type":"page","link":"https:\/\/utfpr.curitiba.br\/cursosdeextensao\/area-do-coordenador\/cursos-gratuitos\/","title":{"rendered":"Abrir Cursos Gratuitos"},"content":{"rendered":"\n<p>Cursos ministrados por docentes da UTFPR, sem custo para a comunidade. Geralmente s\u00e3o ligados a um projeto de extens\u00e3o, ou oferecidos para suprir demandas percebidas durante as aulas regulares, contanto que abertos ao p\u00fablico externo.<\/p>\n\n\n\n<p class=\"has-text-color\" style=\"color:#ffffff\">_<\/p>\n\n\n\n<p> 1. A proposta do curso precisa ser enviada pelo&nbsp;<a href=\"https:\/\/sistemas2.utfpr.edu.br\/home\">Sistema de Acompanhamento de Projetos (SAP)<\/a>, que est\u00e1 dispon\u00edvel no acesso ao Sistema Corporativo da universidade. A proposta \u00e9 preenchida na p\u00e1gina, com as mesmas informa\u00e7\u00f5es do antigo modelo de projeto em Word. Link para o sistema:<\/p>\n\n\n\n<p class=\"has-luminous-vivid-orange-color has-text-color\"> <a href=\"https:\/\/sistemas2.utfpr.edu.br\/home\">Sistema de Acompanhamento de Projetos (SAP)<\/a>  <\/p>\n\n\n\n<p> OBS: O SAP, assim como todos os sistemas da UTFPR, funciona integralmente no navegador Mozilla Firefox. Caso voc\u00eas utilize outro navegador, algumas das fun\u00e7\u00f5es principais podem aparecer desabilitadas.  <\/p>\n\n\n\n<p class=\"has-text-color\" style=\"color:#ffffff\">_<\/p>\n\n\n\n<p>2. Voc\u00ea, coordenador, precisa avisar \u00e0 Chefia do Departamento em que est\u00e1 lotado que h\u00e1 uma proposta de curso a ser aprovada. Essa proposta s\u00f3 chega ao DICPRO-CT depois de assinada pela Chefia em quest\u00e3o. <\/p>\n\n\n\n<p class=\"has-text-color\" style=\"color:#ffffff\">_<\/p>\n\n\n\n<p>3. Ao t\u00e9rmino do curso, para emiss\u00e3o de certificados aos participantes, o Coordenador dever\u00e1 preencher e enviar: <\/p>\n\n\n\n<p class=\"has-luminous-vivid-orange-color has-text-color\"><a href=\"http:\/\/utfpr-ct-static-content.s3.amazonaws.com\/utfpr.curitiba.br\/wp-content\/uploads\/sites\/60\/2019\/06\/planilhaparaemitircertificado_nova-2.xlsx\" target=\"_blank\" rel=\"noreferrer noopener\"><mark class=\"has-inline-color has-luminous-vivid-amber-color\">Planilha de Emiss\u00e3o de Certificados<\/mark><\/a><\/p>\n\n\n\n<p> O documento \u00e9&nbsp;<strong>imprescind\u00edvel<\/strong>. Todos os campos devem ser preenchidos, pois a emiss\u00e3o \u00e9 automatizada por sistema pr\u00f3prio da UTFPR e n\u00e3o aceita modifica\u00e7\u00f5es. <br><br>A planilha deve ser encaminhada para o e-mail<br><strong>dicpro-ct@utfpr.edu.br<\/strong><\/p>\n\n\n\n<p class=\"has-text-color\" style=\"color:#ffffff\">_<\/p>\n\n\n\n<p> 4. O curso s\u00f3 ser\u00e1 finalizado, e os certificados enviados quando:<\/p>\n\n\n\n<p>\u2013 o Coordenador incluir no SAP o Relat\u00f3rio Final, solicitado de acordo com o Regulamento de Curso de Extens\u00e3o. Ele inclui: a avalia\u00e7\u00e3o de satisfa\u00e7\u00e3o do aluno; a planilha para emiss\u00e3o de certificados.<\/p>\n\n\n\n<p class=\"has-text-color\" style=\"color:#ffffff\">_<\/p>\n\n\n\n<p><strong>Divulga\u00e7\u00e3o:<\/strong><\/p>\n\n\n\n<p>Caso seu curso possa ser aberto \u00e0 Comunidade, a DICPRO-CT pode efetuar sua divulga\u00e7\u00e3o. O Coordenador precisa: indicar o n\u00famero de vagas dispon\u00edveis, o pr\u00e9-requisito para inscri\u00e7\u00e3o (forma\u00e7\u00e3o espec\u00edfica, \u00e1rea ou faixa et\u00e1ria) e o n\u00famero de vagas que ser\u00e1 disponibilizado &#8211; e n\u00f3s nos encarregamos de receber as inscri\u00e7\u00f5es e repassar ao instrutor. <span style=\"color: #993300\">Fale conosco!<\/span><\/p>\n","protected":false},"excerpt":{"rendered":"<p>Cursos ministrados por docentes da UTFPR, sem custo para a comunidade. Geralmente s\u00e3o ligados a um projeto de extens\u00e3o, ou<\/p>\n","protected":false},"author":2,"featured_media":0,"parent":555,"menu_order":0,"comment_status":"closed","ping_status":"closed","template":"","meta":{"colormag_page_container_layout":"default_layout","colormag_page_sidebar_layout":"default_layout","footnotes":""},"class_list":["post-556","page","type-page","status-publish","hentry"],"_links":{"self":[{"href":"https:\/\/utfpr.curitiba.br\/cursosdeextensao\/wp-json\/wp\/v2\/pages\/556","targetHints":{"allow":["GET"]}}],"collection":[{"href":"https:\/\/utfpr.curitiba.br\/cursosdeextensao\/wp-json\/wp\/v2\/pages"}],"about":[{"href":"https:\/\/utfpr.curitiba.br\/cursosdeextensao\/wp-json\/wp\/v2\/types\/page"}],"author":[{"embeddable":true,"href":"https:\/\/utfpr.curitiba.br\/cursosdeextensao\/wp-json\/wp\/v2\/users\/2"}],"replies":[{"embeddable":true,"href":"https:\/\/utfpr.curitiba.br\/cursosdeextensao\/wp-json\/wp\/v2\/comments?post=556"}],"version-history":[{"count":37,"href":"https:\/\/utfpr.curitiba.br\/cursosdeextensao\/wp-json\/wp\/v2\/pages\/556\/revisions"}],"predecessor-version":[{"id":3298,"href":"https:\/\/utfpr.curitiba.br\/cursosdeextensao\/wp-json\/wp\/v2\/pages\/556\/revisions\/3298"}],"up":[{"embeddable":true,"href":"https:\/\/utfpr.curitiba.br\/cursosdeextensao\/wp-json\/wp\/v2\/pages\/555"}],"wp:attachment":[{"href":"https:\/\/utfpr.curitiba.br\/cursosdeextensao\/wp-json\/wp\/v2\/media?parent=556"}],"curies":[{"name":"wp","href":"https:\/\/api.w.org\/{rel}","templated":true}]}}