{"id":555,"date":"2019-04-16T12:07:21","date_gmt":"2019-04-16T15:07:21","guid":{"rendered":"http:\/\/cursosdeextensao.ct.utfpr.edu.br\/?page_id=555"},"modified":"2024-10-09T13:32:33","modified_gmt":"2024-10-09T16:32:33","slug":"area-do-coordenador","status":"publish","type":"page","link":"https:\/\/utfpr.curitiba.br\/cursosdeextensao\/area-do-coordenador\/","title":{"rendered":"\u00c1rea do Coordenador"},"content":{"rendered":"<h4>Gostaria de ministrar um Curso?<\/h4>\n<p>Voc\u00ea, Docente ou T\u00e9cnico Administrativo da UTFPR, percebeu alguma lacuna no mercado que seus conhecimentos podem suprir?<\/p>\n<p>Identificou uma oportunidade de multiplica\u00e7\u00e3o de conhecimento baseada em suas perquisas\/forma\u00e7\u00e3o?<\/p>\n<p>Entrou em contato com alguma empresa que solicita cursos em sua \u00e1rea de atua\u00e7\u00e3o?<\/p>\n<p>Ministra disciplinas de p\u00f3s-gradua\u00e7\u00e3o latu-sensu na UTFPR e gostaria de abrir as vagas n\u00e3o-preenchidas ao p\u00fablico externo?<\/p>\n<p>Voc\u00ea pode abrir um Curso de Extens\u00e3o pela DICPRO. Seus alunos ter\u00e3o acesso ao seu conhecimento e ser\u00e3o chancelados por nosso certificado.<\/p>\n<h4>Que tipo de curso abrir?<\/h4>\n<p>Cada modalidade de curso possui suas peculiaridades administrativas. Assim, selecione abaixo a que melhor se encaixa no que voc\u00ea procura para entender como solicitar a abertura do seu curso:<\/p>\n<p><span style=\"color: #993300\"><a style=\"color: #993300\" href=\"http:\/\/cursosdeextensao.ct.utfpr.edu.br\/?page_id=556\">Curso Gratuito<\/a><\/span><\/p>\n<p><a href=\"http:\/\/cursosdeextensao.ct.utfpr.edu.br\/?page_id=567\"><span style=\"color: #ff9900\"><span style=\"color: #993300\">Curso Aberto \u00e0 Comunidade<\/span><\/span><\/a> (Pago)<\/p>\n<p><span style=\"color: #993300\"><a style=\"color: #993300\" href=\"http:\/\/cursosdeextensao.ct.utfpr.edu.br\/?page_id=569\">Curso Corporativo<\/a><\/span> (local ou <em>in company<\/em>)<\/p>\n<p><span style=\"color: #993300\"><a style=\"color: #993300\" href=\"http:\/\/cursosdeextensao.ct.utfpr.edu.br\/?page_id=571\">Curso Derivado de Disciplina de Especializa\u00e7\u00e3o<\/a><\/span><\/p>\n","protected":false},"excerpt":{"rendered":"<p>Gostaria de ministrar um Curso? Voc\u00ea, Docente ou T\u00e9cnico Administrativo da UTFPR, percebeu alguma lacuna no mercado que seus conhecimentos<\/p>\n","protected":false},"author":2,"featured_media":0,"parent":0,"menu_order":0,"comment_status":"closed","ping_status":"closed","template":"","meta":{"colormag_page_container_layout":"default_layout","colormag_page_sidebar_layout":"default_layout","footnotes":""},"class_list":["post-555","page","type-page","status-publish","hentry"],"_links":{"self":[{"href":"https:\/\/utfpr.curitiba.br\/cursosdeextensao\/wp-json\/wp\/v2\/pages\/555","targetHints":{"allow":["GET"]}}],"collection":[{"href":"https:\/\/utfpr.curitiba.br\/cursosdeextensao\/wp-json\/wp\/v2\/pages"}],"about":[{"href":"https:\/\/utfpr.curitiba.br\/cursosdeextensao\/wp-json\/wp\/v2\/types\/page"}],"author":[{"embeddable":true,"href":"https:\/\/utfpr.curitiba.br\/cursosdeextensao\/wp-json\/wp\/v2\/users\/2"}],"replies":[{"embeddable":true,"href":"https:\/\/utfpr.curitiba.br\/cursosdeextensao\/wp-json\/wp\/v2\/comments?post=555"}],"version-history":[{"count":14,"href":"https:\/\/utfpr.curitiba.br\/cursosdeextensao\/wp-json\/wp\/v2\/pages\/555\/revisions"}],"predecessor-version":[{"id":2547,"href":"https:\/\/utfpr.curitiba.br\/cursosdeextensao\/wp-json\/wp\/v2\/pages\/555\/revisions\/2547"}],"wp:attachment":[{"href":"https:\/\/utfpr.curitiba.br\/cursosdeextensao\/wp-json\/wp\/v2\/media?parent=555"}],"curies":[{"name":"wp","href":"https:\/\/api.w.org\/{rel}","templated":true}]}}