{"id":444,"date":"2019-04-16T10:53:58","date_gmt":"2019-04-16T13:53:58","guid":{"rendered":"http:\/\/cursosdeextensao.ct.utfpr.edu.br\/?page_id=444"},"modified":"2020-05-16T12:21:57","modified_gmt":"2020-05-16T15:21:57","slug":"sobre-os-cursos","status":"publish","type":"page","link":"https:\/\/utfpr.curitiba.br\/cursosdeextensao\/sobre-os-cursos\/","title":{"rendered":"Sobre os Cursos"},"content":{"rendered":"\n<p>Defini\u00e7\u00f5es dos cursos baseados nos <a href=\"http:\/\/cursosdeextensao.ct.utfpr.edu.br\/?page_id=1097\">Regulamentos<\/a> regentes da UTFPR<\/p>\n\n\n\n<p style=\"color:#ffffff\" class=\"has-text-color\">_<\/p>\n\n\n\n<h3 class=\"wp-block-heading\">Modalidades<\/h3>\n\n\n\n<p> H\u00e1 tr\u00eas modalidades de Cursos de Extens\u00e3o ofertadas pela DICPRO: Cursos Corporativos, Cursos Abertos (pagos ou gratuitos) e Cursos Vinculados (derivados de disciplina de Especializa\u00e7\u00e3o):<\/p>\n\n\n\n<p style=\"color:#ffffff\" class=\"has-text-color\">_<\/p>\n\n\n\n<h4 class=\"wp-block-heading\">Cursos Corporativos<\/h4>\n\n\n\n<p> S\u00e3o cursos de qualquer natureza e n\u00edvel, exclusivamente realizados por solicita\u00e7\u00e3o de institui\u00e7\u00f5es ou empresas, podendo ser locais (ministrados nas depend\u00eancias\/instala\u00e7\u00f5es da UTFPR) ou em localiza\u00e7\u00e3o proposta pela demandante, com clientela por ela definida. <\/p>\n\n\n\n<p style=\"color:#ffffff\" class=\"has-text-color\">_<\/p>\n\n\n\n<h4 class=\"wp-block-heading\">Cursos Abertos<\/h4>\n\n\n\n<p>Cursos de qualquer natureza e n\u00edvel, ofertados por iniciativa dos servidores ou departamentos e destinados \u00e0 comunidade em geral. Estes cursos podem ser pagos ou gratuitos, de acordo com a solicita\u00e7\u00e3o do Coordenador.<\/p>\n\n\n\n<p style=\"color:#ffffff\" class=\"has-text-color\">_<\/p>\n\n\n\n<h4 class=\"wp-block-heading\">Cursos Vinculados<\/h4>\n\n\n\n<p>Disciplinas de Especializa\u00e7\u00e3o (P\u00f3s-Gradua\u00e7\u00e3o Lato Sensu) ofertadas, cujo projeto prev\u00ea a abertura das vagas remanescentes ao p\u00fablico externo. Os alunos inscritos nessa modalidade receber\u00e3o Certificado de Extens\u00e3o no conte\u00fado da disciplina. <\/p>\n\n\n\n<p style=\"color:#ffffff\" class=\"has-text-color\">_<\/p>\n\n\n\n<h3 class=\"wp-block-heading\">Classifica\u00e7\u00e3o<\/h3>\n\n\n\n<p>H\u00e1 tr\u00eas denomina\u00e7\u00f5es de cursos de extens\u00e3o, de acordo com o objetivo proposto:<\/p>\n\n\n\n<p style=\"color:#ffffff\" class=\"has-text-color\">_<\/p>\n\n\n\n<h4 class=\"wp-block-heading\">Cursos de Atualiza\u00e7\u00e3o<\/h4>\n\n\n\n<p> Objetivam oferecer <strong>no\u00e7\u00f5es introdut\u00f3rias<\/strong> numa \u00e1rea espec\u00edfica do conhecimento ou<strong> ampliar conhecimentos, habilidades ou t\u00e9cnicas<\/strong> em uma \u00e1rea de conhecimento e cuja dura\u00e7\u00e3o, seja de, no m\u00ednimo,\u00a0<strong>8 (oito) horas<\/strong>. <\/p>\n\n\n\n<p style=\"color:#ffffff\" class=\"has-text-color\">_<\/p>\n\n\n\n<h4 class=\"wp-block-heading\">Cursos de Qualifica\u00e7\u00e3o<\/h4>\n\n\n\n<p> Objetivam o treinamento e capacita\u00e7\u00e3o em atividades profissionais espec\u00edficas e cuja dura\u00e7\u00e3o seja de no m\u00ednimo <strong>20 (vinte) horas<\/strong>. <\/p>\n\n\n\n<p style=\"color:#ffffff\" class=\"has-text-color\">_<\/p>\n\n\n\n<h4 class=\"wp-block-heading\">Cursos de Aperfei\u00e7oamento<\/h4>\n\n\n\n<p>\n\nObjetivam capacitar, ampliar e desenvolver conhecimentos e habilidades t\u00e9cnicas, em \u00e1reas espec\u00edficas do conhecimento <strong>destinado a graduados<\/strong> e cuja dura\u00e7\u00e3o seja de, no m\u00ednimo,&nbsp;<strong>180 (cento e oitenta) horas<\/strong>.\n\n<\/p>\n","protected":false},"excerpt":{"rendered":"<p>Defini\u00e7\u00f5es dos cursos baseados nos Regulamentos regentes da UTFPR _ Modalidades H\u00e1 tr\u00eas modalidades de Cursos de Extens\u00e3o ofertadas pela<\/p>\n","protected":false},"author":2,"featured_media":0,"parent":0,"menu_order":0,"comment_status":"closed","ping_status":"closed","template":"","meta":{"colormag_page_container_layout":"default_layout","colormag_page_sidebar_layout":"default_layout","footnotes":""},"class_list":["post-444","page","type-page","status-publish","hentry"],"_links":{"self":[{"href":"https:\/\/utfpr.curitiba.br\/cursosdeextensao\/wp-json\/wp\/v2\/pages\/444","targetHints":{"allow":["GET"]}}],"collection":[{"href":"https:\/\/utfpr.curitiba.br\/cursosdeextensao\/wp-json\/wp\/v2\/pages"}],"about":[{"href":"https:\/\/utfpr.curitiba.br\/cursosdeextensao\/wp-json\/wp\/v2\/types\/page"}],"author":[{"embeddable":true,"href":"https:\/\/utfpr.curitiba.br\/cursosdeextensao\/wp-json\/wp\/v2\/users\/2"}],"replies":[{"embeddable":true,"href":"https:\/\/utfpr.curitiba.br\/cursosdeextensao\/wp-json\/wp\/v2\/comments?post=444"}],"version-history":[{"count":13,"href":"https:\/\/utfpr.curitiba.br\/cursosdeextensao\/wp-json\/wp\/v2\/pages\/444\/revisions"}],"predecessor-version":[{"id":1119,"href":"https:\/\/utfpr.curitiba.br\/cursosdeextensao\/wp-json\/wp\/v2\/pages\/444\/revisions\/1119"}],"wp:attachment":[{"href":"https:\/\/utfpr.curitiba.br\/cursosdeextensao\/wp-json\/wp\/v2\/media?parent=444"}],"curies":[{"name":"wp","href":"https:\/\/api.w.org\/{rel}","templated":true}]}}