{"id":1892,"date":"2022-10-11T14:15:49","date_gmt":"2022-10-11T17:15:49","guid":{"rendered":"https:\/\/utfpr.curitiba.br\/cursosdeextensao\/?page_id=1892"},"modified":"2023-01-12T10:21:21","modified_gmt":"2023-01-12T13:21:21","slug":"comunidade-interna","status":"publish","type":"page","link":"https:\/\/utfpr.curitiba.br\/cursosdeextensao\/comunidade-interna\/","title":{"rendered":"Comunidade Interna"},"content":{"rendered":"\n<h2 class=\"wp-block-heading\"><\/h2>\n\n\n\n<p>Vagas isentas para possibilitar a execu\u00e7\u00e3o de pol\u00edtica institucional de capacita\u00e7\u00e3o de servidores.<\/p>\n\n\n\n<p>Devem ser previstos 10% (dez por cento) de vagas adicionais no Projeto do curso, para possibilitar a execu\u00e7\u00e3o de pol\u00edtica institucional de <strong>capacita\u00e7\u00e3o de servidores.<\/strong><\/p>\n\n\n\n<p>N\u00e3o sendo preenchido o percentual reservado, a crit\u00e9rio da Coordena\u00e7\u00e3o do Curso, tais vagas <strong>poder\u00e3o<\/strong> ser destinadas a estagi\u00e1rios internos da institui\u00e7\u00e3o e ap\u00f3s esses, a ordem de prefer\u00eancia ser\u00e1 para alunos da UTFPR. <strong>A sele\u00e7\u00e3o de estagi\u00e1rios e dos alunos participantes do edital de auxilio estudantil 02\/2022 com status &#8220;deferido&#8221; utilizar\u00e1 dados do cadastro socioecon\u00f4mico disponibilizados pelo N\u00facleo de Acompanhamento Psicopedag\u00f3gico e Assist\u00eancia Estudantil \u2013 NUAPE.<\/strong> <a href=\"https:\/\/portal.utfpr.edu.br\/editais\/assessoria-estudantil\/reitoria\/processo-de-selecao-do-auxilio-estudantil-2022\"><mark style=\"background-color:rgba(0, 0, 0, 0)\" class=\"has-inline-color has-vivid-cyan-blue-color\">https:\/\/portal.utfpr.edu.br\/editais\/assessoria-estudantil\/reitoria\/processo-de-selecao-do-auxilio-estudantil-2022<\/mark><\/a><\/p>\n\n\n\n<p>Para inscri\u00e7\u00e3o, verificar informa\u00e7\u00f5es sobre os cursos de interesse em <a href=\"https:\/\/utfpr.curitiba.br\/cursosdeextensao\/category\/cursos-pagos\"><mark style=\"background-color:rgba(0, 0, 0, 0)\" class=\"has-inline-color has-vivid-cyan-blue-color\">https:\/\/utfpr.curitiba.br\/cursosdeextensao\/category\/cursos-pagos<\/mark><\/a>\/ e preencher o formul\u00e1rio <a href=\"https:\/\/forms.gle\/6oWXGVJN8rPjjgxr5\"><mark style=\"background-color:rgba(0, 0, 0, 0)\" class=\"has-inline-color has-vivid-cyan-blue-color\">https:\/\/forms.gle\/6oWXGVJN8rPjjgxr5<\/mark><\/a>.<\/p>\n","protected":false},"excerpt":{"rendered":"<p>Vagas isentas para possibilitar a execu\u00e7\u00e3o de pol\u00edtica institucional de capacita\u00e7\u00e3o de servidores. Devem ser previstos 10% (dez por cento)<\/p>\n","protected":false},"author":36,"featured_media":0,"parent":0,"menu_order":0,"comment_status":"closed","ping_status":"closed","template":"","meta":{"colormag_page_container_layout":"default_layout","colormag_page_sidebar_layout":"default_layout","footnotes":""},"class_list":["post-1892","page","type-page","status-publish","hentry"],"_links":{"self":[{"href":"https:\/\/utfpr.curitiba.br\/cursosdeextensao\/wp-json\/wp\/v2\/pages\/1892","targetHints":{"allow":["GET"]}}],"collection":[{"href":"https:\/\/utfpr.curitiba.br\/cursosdeextensao\/wp-json\/wp\/v2\/pages"}],"about":[{"href":"https:\/\/utfpr.curitiba.br\/cursosdeextensao\/wp-json\/wp\/v2\/types\/page"}],"author":[{"embeddable":true,"href":"https:\/\/utfpr.curitiba.br\/cursosdeextensao\/wp-json\/wp\/v2\/users\/36"}],"replies":[{"embeddable":true,"href":"https:\/\/utfpr.curitiba.br\/cursosdeextensao\/wp-json\/wp\/v2\/comments?post=1892"}],"version-history":[{"count":8,"href":"https:\/\/utfpr.curitiba.br\/cursosdeextensao\/wp-json\/wp\/v2\/pages\/1892\/revisions"}],"predecessor-version":[{"id":1947,"href":"https:\/\/utfpr.curitiba.br\/cursosdeextensao\/wp-json\/wp\/v2\/pages\/1892\/revisions\/1947"}],"wp:attachment":[{"href":"https:\/\/utfpr.curitiba.br\/cursosdeextensao\/wp-json\/wp\/v2\/media?parent=1892"}],"curies":[{"name":"wp","href":"https:\/\/api.w.org\/{rel}","templated":true}]}}