{"id":15,"date":"2019-04-04T15:43:42","date_gmt":"2019-04-04T18:43:42","guid":{"rendered":"http:\/\/cursosdeextensao.ct.utfpr.edu.br\/?page_id=15"},"modified":"2024-10-15T15:39:27","modified_gmt":"2024-10-15T18:39:27","slug":"sobre-os-cursos-de-extensao","status":"publish","type":"page","link":"https:\/\/utfpr.curitiba.br\/cursosdeextensao\/sobre-os-cursos-de-extensao\/","title":{"rendered":"A DICPRO-CT"},"content":{"rendered":"\n<p>A Divis\u00e3o de Cursos de Qualifica\u00e7\u00e3o Profissional promove o enriquecimento curricular, atrav\u00e9s da atualiza\u00e7\u00e3o, do treinamento e do aperfei\u00e7oamento.<\/p>\n\n\n\n<p><\/p>\n\n\n\n<p><br>Telefones: (41) 3310-4570<\/p>\n\n\n\n<p><\/p>\n","protected":false},"excerpt":{"rendered":"<p>A Divis\u00e3o de Cursos de Qualifica\u00e7\u00e3o Profissional promove o enriquecimento curricular, atrav\u00e9s da atualiza\u00e7\u00e3o, do treinamento e do aperfei\u00e7oamento. Telefones:<\/p>\n","protected":false},"author":2,"featured_media":0,"parent":0,"menu_order":0,"comment_status":"closed","ping_status":"closed","template":"","meta":{"colormag_page_container_layout":"default_layout","colormag_page_sidebar_layout":"default_layout","footnotes":""},"class_list":["post-15","page","type-page","status-publish","hentry"],"_links":{"self":[{"href":"https:\/\/utfpr.curitiba.br\/cursosdeextensao\/wp-json\/wp\/v2\/pages\/15","targetHints":{"allow":["GET"]}}],"collection":[{"href":"https:\/\/utfpr.curitiba.br\/cursosdeextensao\/wp-json\/wp\/v2\/pages"}],"about":[{"href":"https:\/\/utfpr.curitiba.br\/cursosdeextensao\/wp-json\/wp\/v2\/types\/page"}],"author":[{"embeddable":true,"href":"https:\/\/utfpr.curitiba.br\/cursosdeextensao\/wp-json\/wp\/v2\/users\/2"}],"replies":[{"embeddable":true,"href":"https:\/\/utfpr.curitiba.br\/cursosdeextensao\/wp-json\/wp\/v2\/comments?post=15"}],"version-history":[{"count":34,"href":"https:\/\/utfpr.curitiba.br\/cursosdeextensao\/wp-json\/wp\/v2\/pages\/15\/revisions"}],"predecessor-version":[{"id":2548,"href":"https:\/\/utfpr.curitiba.br\/cursosdeextensao\/wp-json\/wp\/v2\/pages\/15\/revisions\/2548"}],"wp:attachment":[{"href":"https:\/\/utfpr.curitiba.br\/cursosdeextensao\/wp-json\/wp\/v2\/media?parent=15"}],"curies":[{"name":"wp","href":"https:\/\/api.w.org\/{rel}","templated":true}]}}