{"id":1086,"date":"2020-02-12T10:19:49","date_gmt":"2020-02-12T13:19:49","guid":{"rendered":"http:\/\/cursosdeextensao.ct.utfpr.edu.br\/?page_id=1086"},"modified":"2025-09-11T11:48:23","modified_gmt":"2025-09-11T14:48:23","slug":"fale-conosco","status":"publish","type":"page","link":"https:\/\/utfpr.curitiba.br\/cursosdeextensao\/sobre-os-cursos-de-extensao\/fale-conosco\/","title":{"rendered":"Fale Conosco"},"content":{"rendered":"\n<p>Para sanar d\u00favidas, ouvir cr\u00edticas, opini\u00f5es, elogios&#8230; esse \u00e9 nosso canal direto de contato.<\/p>\n\n\n\n<p>Voc\u00ea pode encaminhar e-mail para<br><strong>dicpro-ct@utfpr.edu.br&nbsp;<\/strong><\/p>\n\n\n\n<p class=\"has-text-color\" style=\"color:#ffffff\">_<\/p>\n\n\n\n<p><\/p>\n\n\n\n<h5 class=\"wp-block-heading\"><\/h5>\n","protected":false},"excerpt":{"rendered":"<p>Para sanar d\u00favidas, ouvir cr\u00edticas, opini\u00f5es, elogios&#8230; esse \u00e9 nosso canal direto de contato. Voc\u00ea pode encaminhar e-mail paradicpro-ct@utfpr.edu.br&nbsp; _<\/p>\n","protected":false},"author":2,"featured_media":0,"parent":15,"menu_order":0,"comment_status":"closed","ping_status":"closed","template":"","meta":{"colormag_page_container_layout":"default_layout","colormag_page_sidebar_layout":"default_layout","footnotes":""},"class_list":["post-1086","page","type-page","status-publish","hentry"],"_links":{"self":[{"href":"https:\/\/utfpr.curitiba.br\/cursosdeextensao\/wp-json\/wp\/v2\/pages\/1086","targetHints":{"allow":["GET"]}}],"collection":[{"href":"https:\/\/utfpr.curitiba.br\/cursosdeextensao\/wp-json\/wp\/v2\/pages"}],"about":[{"href":"https:\/\/utfpr.curitiba.br\/cursosdeextensao\/wp-json\/wp\/v2\/types\/page"}],"author":[{"embeddable":true,"href":"https:\/\/utfpr.curitiba.br\/cursosdeextensao\/wp-json\/wp\/v2\/users\/2"}],"replies":[{"embeddable":true,"href":"https:\/\/utfpr.curitiba.br\/cursosdeextensao\/wp-json\/wp\/v2\/comments?post=1086"}],"version-history":[{"count":6,"href":"https:\/\/utfpr.curitiba.br\/cursosdeextensao\/wp-json\/wp\/v2\/pages\/1086\/revisions"}],"predecessor-version":[{"id":3299,"href":"https:\/\/utfpr.curitiba.br\/cursosdeextensao\/wp-json\/wp\/v2\/pages\/1086\/revisions\/3299"}],"up":[{"embeddable":true,"href":"https:\/\/utfpr.curitiba.br\/cursosdeextensao\/wp-json\/wp\/v2\/pages\/15"}],"wp:attachment":[{"href":"https:\/\/utfpr.curitiba.br\/cursosdeextensao\/wp-json\/wp\/v2\/media?parent=1086"}],"curies":[{"name":"wp","href":"https:\/\/api.w.org\/{rel}","templated":true}]}}