{"id":572,"date":"2023-07-24T22:32:09","date_gmt":"2023-07-25T01:32:09","guid":{"rendered":"https:\/\/utfpr.lsda.online\/mbagestaoempresaria\/?page_id=9"},"modified":"2025-10-20T11:43:41","modified_gmt":"2025-10-20T14:43:41","slug":"disciplinas","status":"publish","type":"page","link":"https:\/\/utfpr.curitiba.br\/confiabilidade\/disciplinas\/","title":{"rendered":"Disciplinas"},"content":{"rendered":"\t\t<div data-elementor-type=\"wp-page\" data-elementor-id=\"572\" class=\"elementor elementor-572\">\n\t\t\t\t\t\t<section class=\"elementor-section elementor-top-section elementor-element elementor-element-a963a91 elementor-section-boxed elementor-section-height-default elementor-section-height-default wpr-particle-no wpr-jarallax-no wpr-parallax-no wpr-sticky-section-no wpr-equal-height-no\" data-id=\"a963a91\" data-element_type=\"section\" data-e-type=\"section\">\n\t\t\t\t\t\t<div class=\"elementor-container elementor-column-gap-default\">\n\t\t\t\t\t<div class=\"elementor-column elementor-col-100 elementor-top-column elementor-element elementor-element-7810b0c\" data-id=\"7810b0c\" data-element_type=\"column\" data-e-type=\"column\">\n\t\t\t<div class=\"elementor-widget-wrap elementor-element-populated\">\n\t\t\t\t\t\t<div class=\"elementor-element elementor-element-f430609 elementor-widget elementor-widget-text-editor\" data-id=\"f430609\" data-element_type=\"widget\" data-e-type=\"widget\" data-widget_type=\"text-editor.default\">\n\t\t\t\t<div class=\"elementor-widget-container\">\n\t\t\t\t\t\t\t\t\t<h2><b>Probabilidade e Estat\u00edstica<\/b><\/h2><p><span style=\"font-weight: 400\">Ementa: Conceitos introdut\u00f3rios de Probabilidade e Estat\u00edstica; Probabilidade: espa\u00e7os amostrais e eventos, teoremas e axiomas, eventos mutuamente exclusivos, independentes, probabilidade condicional, teorema de Bayes; Vari\u00e1veis Aleat\u00f3rias Discretas e Cont\u00ednuas; Distribui\u00e7\u00f5es de Probabilidade Discretas e Cont\u00ednuas: Binomial, Poisson, Gama, Normal, Log-Normal, Exponencial e Weibull; Amostragem Aleat\u00f3ria e Descri\u00e7\u00e3o de Dados: diagramas de ramo e folhas, distribui\u00e7\u00f5es de frequ\u00eancia e histogramas, diagramas de caixa, gr\u00e1ficos sequenciais temporais, gr\u00e1ficos de probabilidade; Distribui\u00e7\u00f5es Amostrais e Estima\u00e7\u00e3o Pontual de Par\u00e2metros; Teste de Hip\u00f3teses; Regress\u00e3o Linear e Correla\u00e7\u00e3o.<\/span><\/p><h2><b>Introdu\u00e7\u00e3o \u00e0 Engenharia da Confiabilidade<\/b><\/h2><p><span style=\"font-weight: 400\">Ementa: Metodologias para An\u00e1lise Falhas; Conceitua\u00e7\u00e3o da falha; An\u00e1lise das Causas Ra\u00edzes da Falha (RCA \u2013 Root Cause Analysis); Coleta de dados sobre as falhas: m\u00e9todos e fontes; Reliability interview; Etapas do processo de an\u00e1lise; PDCA (Plan, Do, Check, Action); 5W2H (What, When, Where, Why, Who, How, How Much); Brainstorm; Diagrama de Ishikawa; Diagrama de Pareto; Matriz GUT; T\u00e9cnica dos Porqu\u00eas; Relat\u00f3rio das 3 Gera\u00e7\u00f5es; M\u00e9todo Jack-Knife; Introdu\u00e7\u00e3o a Gest\u00e3o de Ativos suportada pela Engenharia da Confiabilidade; Metodologia para planejamento, implementa\u00e7\u00e3o, execu\u00e7\u00e3o e realimenta\u00e7\u00e3o dos m\u00e9todos de an\u00e1lise de falhas abordados.<\/span><\/p><h2><b>An\u00e1lise de Dados de Vida<\/b><\/h2><p><span style=\"font-weight: 400\">Ementa: Conceito de Sistema; Defini\u00e7\u00e3o de Dependabilidade; Representa\u00e7\u00e3o Matem\u00e1tica da Confiabilidade; Densidade de Probabilidade; Fun\u00e7\u00e3o Probabilidade Acumulada; Fun\u00e7\u00e3o Confiabilidade; Taxa Condicional de Falha; Tipos de dados de vida de produtos e sistemas: apresenta\u00e7\u00e3o e defini\u00e7\u00f5es, dados completos, dados suspensos, dados censurados a direita, dados censurados a esquerda, dados censurados em um intervalo, dados agrupados. Infer\u00eancia: teoria, m\u00e9todos para estima\u00e7\u00e3o de par\u00e2metros e utiliza\u00e7\u00e3o de pap\u00e9is probabil\u00edsticos; Mantenabilidade e Suporte a Manuten\u00e7\u00e3o; Disponibilidade de Sistemas. Modelagem e Simula\u00e7\u00e3o de Dados de Vida;<\/span><\/p><h2><b>Confiabilidade de Sistemas<\/b><\/h2><p><span style=\"font-weight: 400\">Ementa: Conceito de Sistema; Diagrama de Blocos; Classifica\u00e7\u00e3o geral de redund\u00e2ncias e suas caracter\u00edsticas; An\u00e1lise e Modelagem de Sistemas Simples: S\u00e9rie, Paralelo, Misto, K de N, Standby e Load Sharing; Confiabilidade de Sistemas Complexos: decomposi\u00e7\u00e3o, eventos espaciais, caminho cr\u00edtico (grupo de liga\u00e7\u00e3o e grupo de corte), \u00c1rvore de Eventos + Tabela Verdade; Confiabilidade de Sistemas Din\u00e2micos; An\u00e1lise Qualitativa e Quantitativa por \u00c1rvore de Falhas (FTA \u2013 Fault Tree Analysis).<\/span><\/p><h2><b>Delineamento de Experimentos<\/b><\/h2><p><span style=\"font-weight: 400\">Ementa: Introdu\u00e7\u00e3o ao Delineamento de Experimentos (DOE), Seis Sigma, Filosofia Taguchi, Limites de toler\u00e2ncia e sua import\u00e2ncia, Fun\u00e7\u00e3o Perda da Qualidade, Robustez de Projetos e Processos, Variabilidade, Planejamento Fatorial 2k (C\u00e1lculo de efeitos principais e signific\u00e2ncia dos efeitos, Gr\u00e1fico de Pareto, Intera\u00e7\u00f5es e sua import\u00e2ncia na an\u00e1lise), Planejamento Fatorial Fracionado (Diminuindo o n\u00famero de experimentos, Benef\u00edcios e preju\u00edzos do Fatorial Fracionado), Ferramentas Estat\u00edsticas (An\u00e1lise descritiva, Experimentos comparativos, Teste de m\u00e9dias, An\u00e1lise de vari\u00e2ncia (ANOVA), Teste de vari\u00e2ncias, Correla\u00e7\u00e3o), Introdu\u00e7\u00e3o \u00e0 Superf\u00edcie de Resposta, EVOP (Evolutionary Operation), Estudo de Casos.<\/span><\/p><h2><b>Otimiza\u00e7\u00e3o da Disponibilidade de Sistemas<\/b><\/h2><p><span style=\"font-weight: 400\">Ementa: A import\u00e2ncia dos componentes e subsistemas (e\/ou modos de falha) para a confiabilidade do sistema global. Aloca\u00e7\u00e3o \u00d3tima de Confiabilidade. Determina\u00e7\u00e3o da confiabilidade dos componentes para alcan\u00e7ar a confiabilidade meta para o sistema. Introdu\u00e7\u00e3o a Simula\u00e7\u00e3o. An\u00e1lises de Sistemas Repar\u00e1veis. Fundamentos da Mantenabilidade e da Disponibilidade. Introdu\u00e7\u00e3o a teoria da renova\u00e7\u00e3o. Introdu\u00e7\u00e3o a Mantenabilidade. Reparos imperfeitos. Defini\u00e7\u00f5es de Disponibilidade. Introdu\u00e7\u00e3o aos Princ\u00edpios de Manuten\u00e7\u00e3o Preventiva. Simula\u00e7\u00e3o Avan\u00e7ada. An\u00e1lise e Melhoria da Confiabilidade de Sistemas. An\u00e1lises de \u201cThroughput\u201d. Identifica\u00e7\u00e3o de gargalos. Processando Reserva (Backlog).<\/span><\/p><h2><b>Custos do Ciclo de Vida<\/b><\/h2><p><span style=\"font-weight: 400\">Ementa: Introdu\u00e7\u00e3o: caracter\u00edsticas dos ativos de produ\u00e7\u00e3o, vida dos ativos, filosofia geral de substitui\u00e7\u00e3o de ativos, custos que surgem ao longo do uso dos ativos; Desafios gerenciais envolvendo a gest\u00e3o de ativos: momento \u00f3timo de realizar a substitui\u00e7\u00e3o de um ativo, impacto da substitui\u00e7\u00e3o dos ativos existentes nos indicadores financeiros (ROA e ROE), com considerar o risco; Matem\u00e1tica financeira aplicada \u00e0 gest\u00e3o de ativos; Indicadores do fluxo de caixa e sua interpreta\u00e7\u00e3o; Avalia\u00e7\u00e3o econ\u00f4mica de alternativas: custos de oportunidades, compara\u00e7\u00e3o de alternativas, per\u00edodo de retorno (pay-back), custos esperados de alternativas, vida econ\u00f4mica de um equipamento; Classifica\u00e7\u00e3o dos projetos de aquisi\u00e7\u00e3o\/substitui\u00e7\u00e3o de equipamentos; Como elaborar o fluxo de caixa operacional de um equipamento; An\u00e1lise dos componentes do fluxo de caixa gerados por equipamentos industriais; Tomada de decis\u00e3o pelo m\u00e9todo do Custo do Ciclo de Vida (LCC); An\u00e1lise de Confiabilidade, Mantenabilidade e Disponibilidade e seu relacionamento com o LCC; Estudo de casos.<\/span><\/p><h2><b>An\u00e1lise de Gerenciamento de Riscos<\/b><\/h2><p><span style=\"font-weight: 400\">Ementa: Fundamentos de an\u00e1lise de risco; An\u00e1lise qualitativa de riscos: t\u00e9cnicas e metodologias de an\u00e1lise; An\u00e1lise quantitativa de riscos: t\u00e9cnicas e metodologias de an\u00e1lise; Avalia\u00e7\u00e3o de risco: t\u00e9cnicas de avalia\u00e7\u00e3o e metodologias; Gerenciamento de risco: objetivos, conceitos e metodologias; Implanta\u00e7\u00e3o e auditoria de programas de preven\u00e7\u00e3o de riscos; An\u00e1lise de Risco e Simula\u00e7\u00e3o de Eventos Estoc\u00e1sticos.<\/span><\/p><h2><b>Confiabilidade Humana<\/b><\/h2><p><span style=\"font-weight: 400\">Ementa: Conceitos e defini\u00e7\u00f5es relacionados \u00e0 confiabilidade humana; Aspectos sensoriais e cognitivos relacionados \u00e0 confiabilidade humana; Rela\u00e7\u00e3o homem-m\u00e1quina; Comportamento humano; Classifica\u00e7\u00e3o das falhas humanas; An\u00e1lise e quantifica\u00e7\u00e3o da confiabilidade humana; An\u00e1lise de risco considerando as falhas humanas; Determina\u00e7\u00e3o de descritores matem\u00e1ticos usando o julgamento de especialistas; Limita\u00e7\u00f5es dos modelos de quantifica\u00e7\u00e3o; T\u00e9cnicas de modelagem da confiabilidade humana; Estrat\u00e9gias para redu\u00e7\u00e3o dos riscos de falha humana nas tarefas de manuten\u00e7\u00e3o; Monitoramento da confiabilidade humana.<\/span><\/p><h2><b>Ensaios Acelerados de Vida<\/b><\/h2><p><span style=\"font-weight: 400\">Ementa: Introdu\u00e7\u00e3o e Vis\u00e3o Geral dos conceitos e metodologias da an\u00e1lise dos dados de vida e ensaios acelerados; Tipos de ensaios acelerados; Aplica\u00e7\u00e3o de ensaios acelerados; Modelos de ensaios acelerados e an\u00e1lises (carregamento: simples, com m\u00faltiplos fatores de estressamento, com carregamentos vari\u00e1veis no tempo). An\u00e1lise dos ensaios acelerados de vida quantitativos: m\u00e9todo MLE; obten\u00e7\u00e3o da pdf para o uso normal com estressamento constante e vari\u00e1vel no tempo. M\u00e9todos de teste de vida acelerados e considera\u00e7\u00f5es no delineamento de testes. Degrada\u00e7\u00e3o acelerada e envelhecimento.<\/span><\/p><h2><b>Crescimento da Confiabilidade<\/b><\/h2><p><span style=\"font-weight: 400\">Ementa: Conceitos b\u00e1sicos do crescimento monitorado da confiabilidade; Tipos de dados no crescimento monitorado da confiabilidade; Planejamento e gerenciamento do crescimento da confiabilidade: estrat\u00e9gias para gerenciamento da confiabilidade no desenvolvimento e testes de novos produtos; desenvolvimento de curvas de crescimento ideais e planejadas; estimativa da confiabilidade inicial e do potencial de crescimento. Modelos para An\u00e1lise do Crescimento da Confiabilidade: Duane, Crow, Crow estendido, Lloyd \u2013 Lipow, Gompertz padr\u00e3o e modificado, Log\u00edstico. Aplica\u00e7\u00f5es dos Conceitos do Crescimento da Confiabilidade no Desenvolvimento de Produtos: exemplos e estudo de casos.<\/span><\/p><h2><b>Manuten\u00e7\u00e3o Centrada na Confiabilidade<\/b><\/h2><p><span style=\"font-weight: 400\">Ementa: Aspectos Gerais da Manuten\u00e7\u00e3o Centrada na Confiabilidade (MCC): defini\u00e7\u00f5es, hist\u00f3rico, novos paradigmas da MCC, as quest\u00f5es respondidas pela MCC; Processo de Implanta\u00e7\u00e3o e Auditoria; Etapas para implanta\u00e7\u00e3o da MCC: Etapa 0: Adequa\u00e7\u00e3o da MCC; Etapa 1: Prepara\u00e7\u00e3o; Etapa 2: Sele\u00e7\u00e3o do Sistema e Coleta de Informa\u00e7\u00f5es; Etapa 3: An\u00e1lise dos Modos de Falha e seus Efeitos (FMEA \u2013 Failure Modes and Effects Analysis); An\u00e1lise dos Modos de Falha seus Efeitos e sua Criticidade (FMECA \u2013 Failure Modes, Effects and Criticality Analysis); Etapa 4: Sele\u00e7\u00e3o das Fun\u00e7\u00f5es Significantes e Classifica\u00e7\u00e3o de seus Modos de Falha; Etapa 5: Sele\u00e7\u00e3o das Tarefas de Manuten\u00e7\u00e3o Aplic\u00e1veis e Efetivas; Etapa 6: Defini\u00e7\u00e3o dos Intervalos Iniciais e Agrupamento das Tarefas de Manuten\u00e7\u00e3o; Etapa 7: Reda\u00e7\u00e3o do Manual e Implementa\u00e7\u00e3o; Etapa 8: Acompanhamento e Realimenta\u00e7\u00e3o; Otimiza\u00e7\u00e3o de programas de MCC: intervalo \u00f3timo para a\u00e7\u00f5es preventiva, corretivas e de inspe\u00e7\u00e3o; Medidas de desempenho dos sistema; Auditoria de programas de MCC.<\/span><\/p>\t\t\t\t\t\t\t\t<\/div>\n\t\t\t\t<\/div>\n\t\t\t\t\t<\/div>\n\t\t<\/div>\n\t\t\t\t\t<\/div>\n\t\t<\/section>\n\t\t\t\t<\/div>\n\t\t","protected":false},"excerpt":{"rendered":"<p>Probabilidade e Estat\u00edstica Ementa: Conceitos introdut\u00f3rios de Probabilidade e Estat\u00edstica; Probabilidade: espa\u00e7os amostrais e eventos, teoremas e axiomas, eventos mutuamente exclusivos, independentes, probabilidade condicional, teorema de Bayes; Vari\u00e1veis Aleat\u00f3rias Discretas e Cont\u00ednuas; Distribui\u00e7\u00f5es de Probabilidade Discretas e Cont\u00ednuas: Binomial, Poisson, Gama, Normal, Log-Normal, Exponencial e Weibull; Amostragem Aleat\u00f3ria e Descri\u00e7\u00e3o de Dados: diagramas de ramo e folhas, distribui\u00e7\u00f5es de frequ\u00eancia e histogramas, diagramas de caixa, gr\u00e1ficos sequenciais temporais, gr\u00e1ficos de probabilidade; Distribui\u00e7\u00f5es Amostrais e Estima\u00e7\u00e3o Pontual de Par\u00e2metros; Teste de Hip\u00f3teses; Regress\u00e3o Linear e Correla\u00e7\u00e3o. Introdu\u00e7\u00e3o \u00e0 Engenharia da Confiabilidade Ementa: Metodologias para An\u00e1lise Falhas; Conceitua\u00e7\u00e3o da falha; An\u00e1lise das Causas Ra\u00edzes da Falha (RCA \u2013 Root Cause Analysis); Coleta de dados sobre as falhas: m\u00e9todos e fontes; Reliability interview; Etapas do processo de an\u00e1lise; PDCA (Plan, Do, Check, Action); 5W2H (What, When, Where, Why, Who, How, How Much); Brainstorm; Diagrama de Ishikawa; Diagrama de Pareto; Matriz GUT; T\u00e9cnica dos Porqu\u00eas; Relat\u00f3rio das 3 Gera\u00e7\u00f5es; M\u00e9todo Jack-Knife; Introdu\u00e7\u00e3o a Gest\u00e3o de Ativos suportada pela Engenharia da Confiabilidade; Metodologia para planejamento, implementa\u00e7\u00e3o, execu\u00e7\u00e3o e realimenta\u00e7\u00e3o dos m\u00e9todos de an\u00e1lise de falhas abordados. An\u00e1lise de Dados de Vida Ementa: Conceito de Sistema; Defini\u00e7\u00e3o de Dependabilidade; Representa\u00e7\u00e3o Matem\u00e1tica da Confiabilidade; Densidade de Probabilidade; Fun\u00e7\u00e3o Probabilidade Acumulada; Fun\u00e7\u00e3o Confiabilidade; Taxa Condicional de Falha; Tipos de dados de vida de produtos e sistemas: apresenta\u00e7\u00e3o e defini\u00e7\u00f5es, dados completos, dados suspensos, dados censurados a direita, dados censurados a esquerda, dados censurados em um intervalo, dados agrupados. Infer\u00eancia: teoria, m\u00e9todos para estima\u00e7\u00e3o de par\u00e2metros e utiliza\u00e7\u00e3o de pap\u00e9is probabil\u00edsticos; Mantenabilidade e Suporte a Manuten\u00e7\u00e3o; Disponibilidade de Sistemas. Modelagem e Simula\u00e7\u00e3o de Dados de Vida; Confiabilidade de Sistemas Ementa: Conceito de Sistema; Diagrama de Blocos; Classifica\u00e7\u00e3o geral de redund\u00e2ncias e suas caracter\u00edsticas; An\u00e1lise e Modelagem de Sistemas Simples: S\u00e9rie, Paralelo, Misto, K de N, Standby e Load Sharing; Confiabilidade de Sistemas Complexos: decomposi\u00e7\u00e3o, eventos espaciais, caminho cr\u00edtico (grupo de liga\u00e7\u00e3o e grupo de corte), \u00c1rvore de Eventos + Tabela Verdade; Confiabilidade de Sistemas Din\u00e2micos; An\u00e1lise Qualitativa e Quantitativa por \u00c1rvore de Falhas (FTA \u2013 Fault Tree Analysis). Delineamento de Experimentos Ementa: Introdu\u00e7\u00e3o ao Delineamento de Experimentos (DOE), Seis Sigma, Filosofia Taguchi, Limites de toler\u00e2ncia e sua import\u00e2ncia, Fun\u00e7\u00e3o Perda da Qualidade, Robustez de Projetos e Processos, Variabilidade, Planejamento Fatorial 2k (C\u00e1lculo de efeitos principais e signific\u00e2ncia dos efeitos, Gr\u00e1fico de Pareto, Intera\u00e7\u00f5es e sua import\u00e2ncia na an\u00e1lise), Planejamento Fatorial Fracionado (Diminuindo o n\u00famero de experimentos, Benef\u00edcios e preju\u00edzos do Fatorial Fracionado), Ferramentas Estat\u00edsticas (An\u00e1lise descritiva, Experimentos comparativos, Teste de m\u00e9dias, An\u00e1lise de vari\u00e2ncia (ANOVA), Teste de vari\u00e2ncias, Correla\u00e7\u00e3o), Introdu\u00e7\u00e3o \u00e0 Superf\u00edcie de Resposta, EVOP (Evolutionary Operation), Estudo de Casos. Otimiza\u00e7\u00e3o da Disponibilidade de Sistemas Ementa: A import\u00e2ncia dos componentes e subsistemas (e\/ou modos de falha) para a confiabilidade do sistema global. Aloca\u00e7\u00e3o \u00d3tima de Confiabilidade. Determina\u00e7\u00e3o da confiabilidade dos componentes para alcan\u00e7ar a confiabilidade meta para o sistema. Introdu\u00e7\u00e3o a Simula\u00e7\u00e3o. An\u00e1lises de Sistemas Repar\u00e1veis. Fundamentos da Mantenabilidade e da Disponibilidade. Introdu\u00e7\u00e3o a teoria da renova\u00e7\u00e3o. Introdu\u00e7\u00e3o a Mantenabilidade. Reparos imperfeitos. Defini\u00e7\u00f5es de Disponibilidade. Introdu\u00e7\u00e3o aos Princ\u00edpios de Manuten\u00e7\u00e3o Preventiva. Simula\u00e7\u00e3o Avan\u00e7ada. An\u00e1lise e Melhoria da Confiabilidade de Sistemas. An\u00e1lises de \u201cThroughput\u201d. Identifica\u00e7\u00e3o de gargalos. Processando Reserva (Backlog). Custos do Ciclo de Vida Ementa: Introdu\u00e7\u00e3o: caracter\u00edsticas dos ativos de produ\u00e7\u00e3o, vida dos ativos, filosofia geral de substitui\u00e7\u00e3o de ativos, custos que surgem ao longo do uso dos ativos; Desafios gerenciais envolvendo a gest\u00e3o de ativos: momento \u00f3timo de realizar a substitui\u00e7\u00e3o de um ativo, impacto da substitui\u00e7\u00e3o dos ativos existentes nos indicadores financeiros (ROA e ROE), com considerar o risco; Matem\u00e1tica financeira aplicada \u00e0 gest\u00e3o de ativos; Indicadores do fluxo de caixa e sua interpreta\u00e7\u00e3o; Avalia\u00e7\u00e3o econ\u00f4mica de alternativas: custos de oportunidades, compara\u00e7\u00e3o de alternativas, per\u00edodo de retorno (pay-back), custos esperados de alternativas, vida econ\u00f4mica de um equipamento; Classifica\u00e7\u00e3o dos projetos de aquisi\u00e7\u00e3o\/substitui\u00e7\u00e3o de equipamentos; Como elaborar o fluxo de caixa operacional de um equipamento; An\u00e1lise dos componentes do fluxo de caixa gerados por equipamentos industriais; Tomada de decis\u00e3o pelo m\u00e9todo do Custo do Ciclo de Vida (LCC); An\u00e1lise de Confiabilidade, Mantenabilidade e Disponibilidade e seu relacionamento com o LCC; Estudo de casos. An\u00e1lise de Gerenciamento de Riscos Ementa: Fundamentos de an\u00e1lise de risco; An\u00e1lise qualitativa de riscos: t\u00e9cnicas e metodologias de an\u00e1lise; An\u00e1lise quantitativa de riscos: t\u00e9cnicas e metodologias de an\u00e1lise; Avalia\u00e7\u00e3o de risco: t\u00e9cnicas de avalia\u00e7\u00e3o e metodologias; Gerenciamento de risco: objetivos, conceitos e metodologias; Implanta\u00e7\u00e3o e auditoria de programas de preven\u00e7\u00e3o de riscos; An\u00e1lise de Risco e Simula\u00e7\u00e3o de Eventos Estoc\u00e1sticos. Confiabilidade Humana Ementa: Conceitos e defini\u00e7\u00f5es relacionados \u00e0 confiabilidade humana; Aspectos sensoriais e cognitivos relacionados \u00e0 confiabilidade humana; Rela\u00e7\u00e3o homem-m\u00e1quina; Comportamento humano; Classifica\u00e7\u00e3o das falhas humanas; An\u00e1lise e quantifica\u00e7\u00e3o da confiabilidade humana; An\u00e1lise de risco considerando as falhas humanas; Determina\u00e7\u00e3o de descritores matem\u00e1ticos usando o julgamento de especialistas; Limita\u00e7\u00f5es dos modelos de quantifica\u00e7\u00e3o; T\u00e9cnicas de modelagem da confiabilidade humana; Estrat\u00e9gias para redu\u00e7\u00e3o dos riscos de falha humana nas tarefas de manuten\u00e7\u00e3o; Monitoramento da confiabilidade humana. Ensaios Acelerados de Vida Ementa: Introdu\u00e7\u00e3o e Vis\u00e3o Geral dos conceitos e metodologias da an\u00e1lise dos dados de vida e ensaios acelerados; Tipos de ensaios acelerados; Aplica\u00e7\u00e3o de ensaios acelerados; Modelos de ensaios acelerados e an\u00e1lises (carregamento: simples, com m\u00faltiplos fatores de estressamento, com carregamentos vari\u00e1veis no tempo). An\u00e1lise dos ensaios acelerados de vida quantitativos: m\u00e9todo MLE; obten\u00e7\u00e3o da pdf para o uso normal com estressamento constante e vari\u00e1vel no tempo. M\u00e9todos de teste de vida acelerados e considera\u00e7\u00f5es no delineamento de testes. Degrada\u00e7\u00e3o acelerada e envelhecimento. Crescimento da Confiabilidade Ementa: Conceitos b\u00e1sicos do crescimento monitorado da confiabilidade; Tipos de dados no crescimento monitorado da confiabilidade; Planejamento e gerenciamento do crescimento da confiabilidade: estrat\u00e9gias para gerenciamento da confiabilidade no desenvolvimento e testes de novos produtos; desenvolvimento de curvas de crescimento ideais e planejadas; estimativa da confiabilidade inicial e do potencial de crescimento. Modelos para An\u00e1lise do Crescimento da Confiabilidade: Duane, Crow, Crow estendido, Lloyd \u2013 Lipow, Gompertz padr\u00e3o e modificado, Log\u00edstico. Aplica\u00e7\u00f5es dos Conceitos do Crescimento da Confiabilidade no Desenvolvimento de Produtos: exemplos e estudo de casos. Manuten\u00e7\u00e3o Centrada na Confiabilidade Ementa: Aspectos Gerais da Manuten\u00e7\u00e3o Centrada na<\/p>\n","protected":false},"author":24,"featured_media":0,"parent":0,"menu_order":0,"comment_status":"closed","ping_status":"closed","template":"","meta":{"footnotes":""},"class_list":["post-572","page","type-page","status-publish","hentry"],"aioseo_notices":[],"_links":{"self":[{"href":"https:\/\/utfpr.curitiba.br\/confiabilidade\/wp-json\/wp\/v2\/pages\/572","targetHints":{"allow":["GET"]}}],"collection":[{"href":"https:\/\/utfpr.curitiba.br\/confiabilidade\/wp-json\/wp\/v2\/pages"}],"about":[{"href":"https:\/\/utfpr.curitiba.br\/confiabilidade\/wp-json\/wp\/v2\/types\/page"}],"author":[{"embeddable":true,"href":"https:\/\/utfpr.curitiba.br\/confiabilidade\/wp-json\/wp\/v2\/users\/24"}],"replies":[{"embeddable":true,"href":"https:\/\/utfpr.curitiba.br\/confiabilidade\/wp-json\/wp\/v2\/comments?post=572"}],"version-history":[{"count":7,"href":"https:\/\/utfpr.curitiba.br\/confiabilidade\/wp-json\/wp\/v2\/pages\/572\/revisions"}],"predecessor-version":[{"id":2763,"href":"https:\/\/utfpr.curitiba.br\/confiabilidade\/wp-json\/wp\/v2\/pages\/572\/revisions\/2763"}],"wp:attachment":[{"href":"https:\/\/utfpr.curitiba.br\/confiabilidade\/wp-json\/wp\/v2\/media?parent=572"}],"curies":[{"name":"wp","href":"https:\/\/api.w.org\/{rel}","templated":true}]}}