{"id":687,"date":"2019-10-17T14:45:01","date_gmt":"2019-10-17T17:45:01","guid":{"rendered":"http:\/\/cogerh.ct.utfpr.edu.br\/?page_id=687"},"modified":"2021-10-01T13:31:48","modified_gmt":"2021-10-01T16:31:48","slug":"quem-somos","status":"publish","type":"page","link":"https:\/\/utfpr.curitiba.br\/cogerh\/quem-somos\/","title":{"rendered":"QUEM SOMOS"},"content":{"rendered":"\n<p><\/p>\n\n\n\n<h3 class=\"has-text-align-center wp-block-heading\">COORDENADORIA DE GEST\u00c3O <br>DE RECURSOS HUMANOS <\/h3>\n\n\n\n<hr class=\"wp-block-separator\"\/>\n\n\n\n<p>A Coordenadoria de Gest\u00e3o de Recursos Humanos est\u00e1 vinculada \u00e0 Diretoria Geral do C\u00e2mpus e \u00e9 composta pelas Divis\u00f5es de Cadastro (DICAD), Pagamento (DIPAG), Benef\u00edcios (DIBEN), Desenvolvimento de Pessoas (DIDEP) e Recrutamento e Movimenta\u00e7\u00e3o de Pessoas (DIMOP).<\/p>\n\n\n\n<figure class=\"wp-block-image size-large\"><img fetchpriority=\"high\" decoding=\"async\" width=\"1024\" height=\"531\" src=\"https:\/\/utfpr-ct-static-content.s3.amazonaws.com\/utfpr.curitiba.br\/wp-content\/uploads\/sites\/13\/2019\/11\/organograma_cogerh-1024x531.png\" alt=\"\" class=\"wp-image-969\" srcset=\"https:\/\/utfpr-ct-static-content.s3.amazonaws.com\/utfpr.curitiba.br\/wp-content\/uploads\/sites\/13\/2019\/11\/organograma_cogerh-1024x531.png 1024w, https:\/\/utfpr-ct-static-content.s3.amazonaws.com\/utfpr.curitiba.br\/wp-content\/uploads\/sites\/13\/2019\/11\/organograma_cogerh-300x156.png 300w, https:\/\/utfpr-ct-static-content.s3.amazonaws.com\/utfpr.curitiba.br\/wp-content\/uploads\/sites\/13\/2019\/11\/organograma_cogerh-768x399.png 768w, https:\/\/utfpr-ct-static-content.s3.amazonaws.com\/utfpr.curitiba.br\/wp-content\/uploads\/sites\/13\/2019\/11\/organograma_cogerh-600x311.png 600w, https:\/\/utfpr-ct-static-content.s3.amazonaws.com\/utfpr.curitiba.br\/wp-content\/uploads\/sites\/13\/2019\/11\/organograma_cogerh.png 1721w\" sizes=\"(max-width: 1024px) 100vw, 1024px\" \/><\/figure>\n\n\n\n<p>\nCoordenador: Marcelo Kusma\n\n<\/p>\n\n\n\n<p>\nContato: cogerh-ct@utfpr.edu.br\n\n<\/p>\n\n\n\n<p><strong>Conhe\u00e7a as atribui\u00e7\u00f5es de cada Divis\u00e3o:<\/strong> <br><a href=\"http:\/\/cogerh.ct.utfpr.edu.br\/DICAD\/\">Divis\u00e3o de Cadastro &#8211; DICAD<\/a><br><a href=\"http:\/\/cogerh.ct.utfpr.edu.br\/dipag\/\">Divis\u00e3o de Pagamento &#8211; DIPAG<\/a><br><a href=\"http:\/\/cogerh.ct.utfpr.edu.br\/didep\/\">Divis\u00e3o de Desenvolvimento de Pessoas &#8211; DIDEP<\/a><br><a href=\"http:\/\/cogerh.ct.utfpr.edu.br\/DIMOP\/\">Divis\u00e3o de Recrutamento e Movimenta\u00e7\u00e3o de Pessoas &#8211; DIMOP<\/a><br><a href=\"http:\/\/cogerh.ct.utfpr.edu.br\/Diben\/\">Divis\u00e3o de Benef\u00edcios &#8211; DIBEN<\/a><br> <\/p>\n","protected":false},"excerpt":{"rendered":"<p>COORDENADORIA DE GEST\u00c3O DE RECURSOS HUMANOS A Coordenadoria de Gest\u00e3o de Recursos Humanos est\u00e1 vinculada \u00e0 Diretoria Geral do C\u00e2mpus<\/p>\n","protected":false},"author":1,"featured_media":0,"parent":0,"menu_order":0,"comment_status":"closed","ping_status":"closed","template":"","meta":{"colormag_page_container_layout":"default_layout","colormag_page_sidebar_layout":"default_layout","footnotes":""},"class_list":["post-687","page","type-page","status-publish","hentry"],"_links":{"self":[{"href":"https:\/\/utfpr.curitiba.br\/cogerh\/wp-json\/wp\/v2\/pages\/687","targetHints":{"allow":["GET"]}}],"collection":[{"href":"https:\/\/utfpr.curitiba.br\/cogerh\/wp-json\/wp\/v2\/pages"}],"about":[{"href":"https:\/\/utfpr.curitiba.br\/cogerh\/wp-json\/wp\/v2\/types\/page"}],"author":[{"embeddable":true,"href":"https:\/\/utfpr.curitiba.br\/cogerh\/wp-json\/wp\/v2\/users\/1"}],"replies":[{"embeddable":true,"href":"https:\/\/utfpr.curitiba.br\/cogerh\/wp-json\/wp\/v2\/comments?post=687"}],"version-history":[{"count":9,"href":"https:\/\/utfpr.curitiba.br\/cogerh\/wp-json\/wp\/v2\/pages\/687\/revisions"}],"predecessor-version":[{"id":1231,"href":"https:\/\/utfpr.curitiba.br\/cogerh\/wp-json\/wp\/v2\/pages\/687\/revisions\/1231"}],"wp:attachment":[{"href":"https:\/\/utfpr.curitiba.br\/cogerh\/wp-json\/wp\/v2\/media?parent=687"}],"curies":[{"name":"wp","href":"https:\/\/api.w.org\/{rel}","templated":true}]}}