{"id":682,"date":"2023-07-13T02:05:54","date_gmt":"2023-07-13T05:05:54","guid":{"rendered":"https:\/\/utfpr.lsda.online\/?page_id=82"},"modified":"2026-04-02T16:33:33","modified_gmt":"2026-04-02T19:33:33","slug":"inscreva-se","status":"publish","type":"page","link":"https:\/\/utfpr.curitiba.br\/ceseb\/inscreva-se\/","title":{"rendered":"INSCRI\u00c7\u00d5ES"},"content":{"rendered":"\t\t<div data-elementor-type=\"wp-page\" data-elementor-id=\"682\" class=\"elementor elementor-682\">\n\t\t\t\t\t\t<section class=\"elementor-section elementor-top-section elementor-element elementor-element-389a9c5 elementor-section-boxed elementor-section-height-default elementor-section-height-default\" data-id=\"389a9c5\" data-element_type=\"section\" data-e-type=\"section\">\n\t\t\t\t\t\t<div class=\"elementor-container elementor-column-gap-default\">\n\t\t\t\t\t<div class=\"elementor-column elementor-col-100 elementor-top-column elementor-element elementor-element-bde4ed6\" data-id=\"bde4ed6\" data-element_type=\"column\" data-e-type=\"column\">\n\t\t\t<div class=\"elementor-widget-wrap elementor-element-populated\">\n\t\t\t\t\t\t<div class=\"elementor-element elementor-element-d091d62 elementor-widget elementor-widget-spacer\" data-id=\"d091d62\" data-element_type=\"widget\" data-e-type=\"widget\" data-widget_type=\"spacer.default\">\n\t\t\t\t<div class=\"elementor-widget-container\">\n\t\t\t\t\t\t\t<div class=\"elementor-spacer\">\n\t\t\t<div class=\"elementor-spacer-inner\"><\/div>\n\t\t<\/div>\n\t\t\t\t\t\t<\/div>\n\t\t\t\t<\/div>\n\t\t\t\t\t<\/div>\n\t\t<\/div>\n\t\t\t\t\t<\/div>\n\t\t<\/section>\n\t\t\t\t<section class=\"elementor-section elementor-top-section elementor-element elementor-element-2e70328 elementor-hidden-desktop elementor-hidden-tablet elementor-hidden-mobile elementor-section-boxed elementor-section-height-default elementor-section-height-default\" data-id=\"2e70328\" data-element_type=\"section\" data-e-type=\"section\">\n\t\t\t\t\t\t<div class=\"elementor-container elementor-column-gap-default\">\n\t\t\t\t\t<div class=\"elementor-column elementor-col-100 elementor-top-column elementor-element elementor-element-9b3df4d\" data-id=\"9b3df4d\" data-element_type=\"column\" data-e-type=\"column\">\n\t\t\t<div class=\"elementor-widget-wrap elementor-element-populated\">\n\t\t\t\t\t\t<div class=\"elementor-element elementor-element-a01c36d elementor-widget elementor-widget-heading\" data-id=\"a01c36d\" data-element_type=\"widget\" data-e-type=\"widget\" data-widget_type=\"heading.default\">\n\t\t\t\t<div class=\"elementor-widget-container\">\n\t\t\t\t\t<h2 class=\"elementor-heading-title elementor-size-default\">INSCRI\u00c7\u00d5ES ABERTAS PARA TURMAS DE 2026<\/h2>\t\t\t\t<\/div>\n\t\t\t\t<\/div>\n\t\t\t\t<div class=\"elementor-element elementor-element-efc23b8 elementor-widget__width-initial elementor-widget elementor-widget-text-editor\" data-id=\"efc23b8\" data-element_type=\"widget\" data-e-type=\"widget\" data-widget_type=\"text-editor.default\">\n\t\t\t\t<div class=\"elementor-widget-container\">\n\t\t\t\t\t\t\t\t\t<div><div>Per\u00edodo de inscri\u00e7\u00e3o: 01\/11\/2025 \u00e0 20\/02\/2026<\/div><div>Resultado da classifica\u00e7\u00e3o: 24\/02\/2026<\/div><div>Interposi\u00e7\u00e3o de recurso: 25\/02\/2026 a 26\/02\/2026<\/div><div>Per\u00edodo de matr\u00edcula: 27\/02\/2026 \u00e0 06\/03\/2026<\/div><div><p>Segunda chamada para matr\u00edcula: 09\/03\/2026 \u00e0 10\/03\/2026<\/p><\/div><\/div><p><b>Inscri\u00e7\u00f5es aqui:<br \/><\/b><\/p><p><a href=\"https:\/\/funtefpr.conveniar.com.br\/Eventos\/Forms\/Servicos\/EventoDados.aspx?action=2081\">https:\/\/funtefpr.conveniar.com.br\/Eventos\/Forms\/Servicos\/EventoDados.aspx?action=2081<\/a><\/p><p><b>Garanta j\u00e1 sua inscri\u00e7\u00e3o, pois as vagas s\u00e3o limitadas!!<\/b><\/p>\t\t\t\t\t\t\t\t<\/div>\n\t\t\t\t<\/div>\n\t\t\t\t\t<\/div>\n\t\t<\/div>\n\t\t\t\t\t<\/div>\n\t\t<\/section>\n\t\t\t\t<section class=\"elementor-section elementor-top-section elementor-element elementor-element-8247f33 elementor-section-boxed elementor-section-height-default elementor-section-height-default\" data-id=\"8247f33\" data-element_type=\"section\" data-e-type=\"section\">\n\t\t\t\t\t\t<div class=\"elementor-container elementor-column-gap-default\">\n\t\t\t\t\t<div class=\"elementor-column elementor-col-100 elementor-top-column elementor-element elementor-element-7d52da0\" data-id=\"7d52da0\" data-element_type=\"column\" data-e-type=\"column\">\n\t\t\t<div class=\"elementor-widget-wrap elementor-element-populated\">\n\t\t\t\t\t\t<div class=\"elementor-element elementor-element-777d691 elementor-widget__width-initial elementor-widget-mobile__width-inherit elementor-widget elementor-widget-text-editor\" data-id=\"777d691\" data-element_type=\"widget\" data-e-type=\"widget\" data-widget_type=\"text-editor.default\">\n\t\t\t\t<div class=\"elementor-widget-container\">\n\t\t\t\t\t\t\t\t\t<p>No momento n\u00e3o h\u00e1 inscri\u00e7\u00f5es abertas para novas turmas.\u00a0<\/p><p>Ficou Interessado?<\/p><p>Preencha o formul\u00e1rio de <a href=\"https:\/\/forms.gle\/195hgD3RBNtaxLVBA\">Lista de Espera<\/a> e seja avisado sobre novas turmas!<\/p><p>Aproveite e conecte-se ao nosso <a href=\"https:\/\/www.linkedin.com\/in\/p%C3%B3s-gradua%C3%A7%C3%A3o-em-sistemas-embarcados-para-ind%C3%BAstria-automotiva-311b74349\/\">Linkedin<\/a>.<\/p><p><a href=\"https:\/\/funtefpr.conveniar.com.br\/eventos\/Forms\/Servicos\/EventoDados.aspx?action=2081\">Edital turma 2026\/1<\/a><\/p>\t\t\t\t\t\t\t\t<\/div>\n\t\t\t\t<\/div>\n\t\t\t\t\t<\/div>\n\t\t<\/div>\n\t\t\t\t\t<\/div>\n\t\t<\/section>\n\t\t\t\t<\/div>\n\t\t","protected":false},"excerpt":{"rendered":"<p>INSCRI\u00c7\u00d5ES ABERTAS PARA TURMAS DE 2026 Per\u00edodo de inscri\u00e7\u00e3o: 01\/11\/2025 \u00e0 20\/02\/2026Resultado da classifica\u00e7\u00e3o: 24\/02\/2026Interposi\u00e7\u00e3o de recurso: 25\/02\/2026 a 26\/02\/2026Per\u00edodo [&hellip;]<\/p>\n","protected":false},"author":15,"featured_media":0,"parent":0,"menu_order":0,"comment_status":"closed","ping_status":"closed","template":"","meta":{"site-sidebar-layout":"default","site-content-layout":"","ast-site-content-layout":"","site-content-style":"default","site-sidebar-style":"default","ast-global-header-display":"","ast-banner-title-visibility":"","ast-main-header-display":"","ast-hfb-above-header-display":"","ast-hfb-below-header-display":"","ast-hfb-mobile-header-display":"","site-post-title":"disabled","ast-breadcrumbs-content":"","ast-featured-img":"","footer-sml-layout":"","ast-disable-related-posts":"","theme-transparent-header-meta":"","adv-header-id-meta":"","stick-header-meta":"","header-above-stick-meta":"","header-main-stick-meta":"","header-below-stick-meta":"","astra-migrate-meta-layouts":"default","ast-page-background-enabled":"default","ast-page-background-meta":{"desktop":{"background-color":"var(--ast-global-color-4)","background-image":"","background-repeat":"repeat","background-position":"center center","background-size":"auto","background-attachment":"scroll","background-type":"","background-media":"","overlay-type":"","overlay-color":"","overlay-opacity":"","overlay-gradient":""},"tablet":{"background-color":"","background-image":"","background-repeat":"repeat","background-position":"center center","background-size":"auto","background-attachment":"scroll","background-type":"","background-media":"","overlay-type":"","overlay-color":"","overlay-opacity":"","overlay-gradient":""},"mobile":{"background-color":"","background-image":"","background-repeat":"repeat","background-position":"center center","background-size":"auto","background-attachment":"scroll","background-type":"","background-media":"","overlay-type":"","overlay-color":"","overlay-opacity":"","overlay-gradient":""}},"ast-content-background-meta":{"desktop":{"background-color":"var(--ast-global-color-5)","background-image":"","background-repeat":"repeat","background-position":"center center","background-size":"auto","background-attachment":"scroll","background-type":"","background-media":"","overlay-type":"","overlay-color":"","overlay-opacity":"","overlay-gradient":""},"tablet":{"background-color":"var(--ast-global-color-5)","background-image":"","background-repeat":"repeat","background-position":"center center","background-size":"auto","background-attachment":"scroll","background-type":"","background-media":"","overlay-type":"","overlay-color":"","overlay-opacity":"","overlay-gradient":""},"mobile":{"background-color":"var(--ast-global-color-5)","background-image":"","background-repeat":"repeat","background-position":"center center","background-size":"auto","background-attachment":"scroll","background-type":"","background-media":"","overlay-type":"","overlay-color":"","overlay-opacity":"","overlay-gradient":""}},"footnotes":""},"class_list":["post-682","page","type-page","status-publish","hentry"],"_links":{"self":[{"href":"https:\/\/utfpr.curitiba.br\/ceseb\/wp-json\/wp\/v2\/pages\/682","targetHints":{"allow":["GET"]}}],"collection":[{"href":"https:\/\/utfpr.curitiba.br\/ceseb\/wp-json\/wp\/v2\/pages"}],"about":[{"href":"https:\/\/utfpr.curitiba.br\/ceseb\/wp-json\/wp\/v2\/types\/page"}],"author":[{"embeddable":true,"href":"https:\/\/utfpr.curitiba.br\/ceseb\/wp-json\/wp\/v2\/users\/15"}],"replies":[{"embeddable":true,"href":"https:\/\/utfpr.curitiba.br\/ceseb\/wp-json\/wp\/v2\/comments?post=682"}],"version-history":[{"count":128,"href":"https:\/\/utfpr.curitiba.br\/ceseb\/wp-json\/wp\/v2\/pages\/682\/revisions"}],"predecessor-version":[{"id":1843,"href":"https:\/\/utfpr.curitiba.br\/ceseb\/wp-json\/wp\/v2\/pages\/682\/revisions\/1843"}],"wp:attachment":[{"href":"https:\/\/utfpr.curitiba.br\/ceseb\/wp-json\/wp\/v2\/media?parent=682"}],"curies":[{"name":"wp","href":"https:\/\/api.w.org\/{rel}","templated":true}]}}