{"id":38,"date":"2023-06-14T19:30:00","date_gmt":"2023-06-14T22:30:00","guid":{"rendered":"http:\/\/dagee.local\/especializacao\/?page_id=6"},"modified":"2025-12-19T11:29:41","modified_gmt":"2025-12-19T14:29:41","slug":"curso","status":"publish","type":"page","link":"https:\/\/utfpr.curitiba.br\/ceaut\/","title":{"rendered":"CURSO"},"content":{"rendered":"\t\t<div data-elementor-type=\"wp-page\" data-elementor-id=\"38\" class=\"elementor elementor-38\">\n\t\t\t\t\t\t<section class=\"elementor-section elementor-top-section elementor-element elementor-element-7e0d4164 elementor-section-height-min-height elementor-section-boxed elementor-section-height-default elementor-section-items-middle\" data-id=\"7e0d4164\" data-element_type=\"section\" data-e-type=\"section\" data-settings=\"{&quot;background_background&quot;:&quot;classic&quot;}\">\n\t\t\t\t\t\t\t<div class=\"elementor-background-overlay\"><\/div>\n\t\t\t\t\t\t\t<div class=\"elementor-container elementor-column-gap-default\">\n\t\t\t\t\t<div class=\"elementor-column elementor-col-100 elementor-top-column elementor-element elementor-element-61256691\" data-id=\"61256691\" data-element_type=\"column\" data-e-type=\"column\">\n\t\t\t<div class=\"elementor-widget-wrap elementor-element-populated\">\n\t\t\t\t\t\t<div class=\"elementor-element elementor-element-59a6d7da elementor-widget__width-initial elementor-widget-mobile__width-inherit elementor-invisible elementor-widget elementor-widget-heading\" data-id=\"59a6d7da\" data-element_type=\"widget\" data-e-type=\"widget\" data-settings=\"{&quot;_animation&quot;:&quot;fadeInUp&quot;,&quot;_animation_delay&quot;:&quot;10&quot;}\" data-widget_type=\"heading.default\">\n\t\t\t\t<div class=\"elementor-widget-container\">\n\t\t\t\t\t<h1 class=\"elementor-heading-title elementor-size-default\">Curso de Especializa\u00e7\u00e3o em Automa\u00e7\u00e3o Industrial (CEAUT)<\/h1>\t\t\t\t<\/div>\n\t\t\t\t<\/div>\n\t\t\t\t\t<\/div>\n\t\t<\/div>\n\t\t\t\t\t<\/div>\n\t\t<\/section>\n\t\t\t\t<section class=\"elementor-section elementor-top-section elementor-element elementor-element-be32f10 elementor-section-boxed elementor-section-height-default elementor-section-height-default\" data-id=\"be32f10\" data-element_type=\"section\" data-e-type=\"section\">\n\t\t\t\t\t\t<div class=\"elementor-container elementor-column-gap-default\">\n\t\t\t\t\t<div class=\"elementor-column elementor-col-100 elementor-top-column elementor-element elementor-element-ab97cb3\" data-id=\"ab97cb3\" data-element_type=\"column\" data-e-type=\"column\" data-settings=\"{&quot;background_background&quot;:&quot;classic&quot;}\">\n\t\t\t<div class=\"elementor-widget-wrap elementor-element-populated\">\n\t\t\t\t\t\t<div class=\"elementor-element elementor-element-19cc2f4 elementor-widget elementor-widget-heading\" data-id=\"19cc2f4\" data-element_type=\"widget\" data-e-type=\"widget\" data-widget_type=\"heading.default\">\n\t\t\t\t<div class=\"elementor-widget-container\">\n\t\t\t\t\t<h2 class=\"elementor-heading-title elementor-size-default\">Objetivos<\/h2>\t\t\t\t<\/div>\n\t\t\t\t<\/div>\n\t\t\t\t<div class=\"elementor-element elementor-element-a4f72f2 elementor-widget elementor-widget-text-editor\" data-id=\"a4f72f2\" data-element_type=\"widget\" data-e-type=\"widget\" data-widget_type=\"text-editor.default\">\n\t\t\t\t<div class=\"elementor-widget-container\">\n\t\t\t\t\t\t\t\t\t<p>Atualizar e capacitar os alunos em rela\u00e7\u00e3o \u00e0s principais t\u00e9cnicas, ferramentas e m\u00e9todos de especifica\u00e7\u00e3o, desenvolvimento, an\u00e1lise e opera\u00e7\u00e3o de sistemas de automa\u00e7\u00e3o industrial, tais como: implementar sistemas de automa\u00e7\u00e3o industrial; utilizar equipamentos e sistemas de controle de processos e instrumenta\u00e7\u00e3o; utilizar equipamentos e sistemas de inform\u00e1tica industrial.<\/p>\t\t\t\t\t\t\t\t<\/div>\n\t\t\t\t<\/div>\n\t\t\t\t\t<\/div>\n\t\t<\/div>\n\t\t\t\t\t<\/div>\n\t\t<\/section>\n\t\t\t\t<section class=\"elementor-section elementor-top-section elementor-element elementor-element-0f622a0 elementor-section-boxed elementor-section-height-default elementor-section-height-default\" data-id=\"0f622a0\" data-element_type=\"section\" data-e-type=\"section\" data-settings=\"{&quot;background_background&quot;:&quot;classic&quot;}\">\n\t\t\t\t\t\t<div class=\"elementor-container elementor-column-gap-default\">\n\t\t\t\t\t<div class=\"elementor-column elementor-col-50 elementor-top-column elementor-element elementor-element-16be447\" data-id=\"16be447\" data-element_type=\"column\" data-e-type=\"column\">\n\t\t\t<div class=\"elementor-widget-wrap elementor-element-populated\">\n\t\t\t\t\t\t<div class=\"elementor-element elementor-element-336c897 elementor-widget elementor-widget-heading\" data-id=\"336c897\" data-element_type=\"widget\" data-e-type=\"widget\" data-widget_type=\"heading.default\">\n\t\t\t\t<div class=\"elementor-widget-container\">\n\t\t\t\t\t<h2 class=\"elementor-heading-title elementor-size-default\"><b>P\u00fablico Alvo<\/b><\/h2>\t\t\t\t<\/div>\n\t\t\t\t<\/div>\n\t\t\t\t<div class=\"elementor-element elementor-element-f6d07bb elementor-widget__width-initial elementor-widget elementor-widget-text-editor\" data-id=\"f6d07bb\" data-element_type=\"widget\" data-e-type=\"widget\" data-widget_type=\"text-editor.default\">\n\t\t\t\t<div class=\"elementor-widget-container\">\n\t\t\t\t\t\t\t\t\t<p>Graduados nas \u00e1reas de engenharia, inform\u00e1tica e tecnologia que desejam atuar nas \u00e1reas de concentra\u00e7\u00e3o de controle de processos, instrumenta\u00e7\u00e3o industrial e inform\u00e1tica industrial.<\/p>\t\t\t\t\t\t\t\t<\/div>\n\t\t\t\t<\/div>\n\t\t\t\t\t<\/div>\n\t\t<\/div>\n\t\t\t\t<div class=\"elementor-column elementor-col-50 elementor-top-column elementor-element elementor-element-2691bf2\" data-id=\"2691bf2\" data-element_type=\"column\" data-e-type=\"column\">\n\t\t\t<div class=\"elementor-widget-wrap elementor-element-populated\">\n\t\t\t\t\t\t<div class=\"elementor-element elementor-element-104b973 elementor-widget elementor-widget-heading\" data-id=\"104b973\" data-element_type=\"widget\" data-e-type=\"widget\" data-widget_type=\"heading.default\">\n\t\t\t\t<div class=\"elementor-widget-container\">\n\t\t\t\t\t<h2 class=\"elementor-heading-title elementor-size-default\">Carga hor\u00e1ria e hor\u00e1rio das aulas<\/h2>\t\t\t\t<\/div>\n\t\t\t\t<\/div>\n\t\t\t\t<div class=\"elementor-element elementor-element-2ffdd5f elementor-widget elementor-widget-text-editor\" data-id=\"2ffdd5f\" data-element_type=\"widget\" data-e-type=\"widget\" data-widget_type=\"text-editor.default\">\n\t\t\t\t<div class=\"elementor-widget-container\">\n\t\t\t\t\t\t\t\t\t<p>A carga hor\u00e1ria total do curso \u00e9 de 360 horas, sendo que as aulas ser\u00e3o ministradas 100% online de forma s\u00edncrona, \u00e0s sextas-feiras \u00e0 noite (das 18:40 \u00e0s 23:00) e aos s\u00e1bados, pela manh\u00e3 (das 08:00 \u00e0s 12:00), preferencialmente de forma quinzenal. Excepcionalmente podem ocorrer aulas aos s\u00e1bados a tarde.<\/p>\t\t\t\t\t\t\t\t<\/div>\n\t\t\t\t<\/div>\n\t\t\t\t\t<\/div>\n\t\t<\/div>\n\t\t\t\t\t<\/div>\n\t\t<\/section>\n\t\t\t\t<\/div>\n\t\t","protected":false},"excerpt":{"rendered":"<p>Curso de Especializa\u00e7\u00e3o em Automa\u00e7\u00e3o Industrial (CEAUT) Objetivos Atualizar e capacitar os alunos em rela\u00e7\u00e3o \u00e0s principais t\u00e9cnicas, ferramentas e m\u00e9todos de especifica\u00e7\u00e3o, desenvolvimento, an\u00e1lise e opera\u00e7\u00e3o de sistemas de automa\u00e7\u00e3o industrial, tais como: implementar sistemas de automa\u00e7\u00e3o industrial; utilizar equipamentos e sistemas de controle de processos e instrumenta\u00e7\u00e3o; utilizar equipamentos e sistemas de inform\u00e1tica [&hellip;]<\/p>\n","protected":false},"author":15,"featured_media":0,"parent":0,"menu_order":0,"comment_status":"closed","ping_status":"closed","template":"","meta":{"footnotes":""},"class_list":["post-38","page","type-page","status-publish","hentry"],"_links":{"self":[{"href":"https:\/\/utfpr.curitiba.br\/ceaut\/wp-json\/wp\/v2\/pages\/38","targetHints":{"allow":["GET"]}}],"collection":[{"href":"https:\/\/utfpr.curitiba.br\/ceaut\/wp-json\/wp\/v2\/pages"}],"about":[{"href":"https:\/\/utfpr.curitiba.br\/ceaut\/wp-json\/wp\/v2\/types\/page"}],"author":[{"embeddable":true,"href":"https:\/\/utfpr.curitiba.br\/ceaut\/wp-json\/wp\/v2\/users\/15"}],"replies":[{"embeddable":true,"href":"https:\/\/utfpr.curitiba.br\/ceaut\/wp-json\/wp\/v2\/comments?post=38"}],"version-history":[{"count":37,"href":"https:\/\/utfpr.curitiba.br\/ceaut\/wp-json\/wp\/v2\/pages\/38\/revisions"}],"predecessor-version":[{"id":3875,"href":"https:\/\/utfpr.curitiba.br\/ceaut\/wp-json\/wp\/v2\/pages\/38\/revisions\/3875"}],"wp:attachment":[{"href":"https:\/\/utfpr.curitiba.br\/ceaut\/wp-json\/wp\/v2\/media?parent=38"}],"curies":[{"name":"wp","href":"https:\/\/api.w.org\/{rel}","templated":true}]}}