{"id":1605,"date":"2023-07-13T02:05:54","date_gmt":"2023-07-13T05:05:54","guid":{"rendered":"https:\/\/utfpr.lsda.online\/?page_id=82"},"modified":"2025-12-16T15:39:47","modified_gmt":"2025-12-16T18:39:47","slug":"inscreva-se","status":"publish","type":"page","link":"https:\/\/utfpr.curitiba.br\/ceaut\/inscreva-se\/","title":{"rendered":"INSCRI\u00c7\u00d5ES ABERTAS"},"content":{"rendered":"\t\t<div data-elementor-type=\"wp-page\" data-elementor-id=\"1605\" class=\"elementor elementor-1605\">\n\t\t\t\t\t\t<section class=\"elementor-section elementor-top-section elementor-element elementor-element-2e70328 elementor-section-boxed elementor-section-height-default elementor-section-height-default\" data-id=\"2e70328\" data-element_type=\"section\" data-e-type=\"section\">\n\t\t\t\t\t\t<div class=\"elementor-container elementor-column-gap-default\">\n\t\t\t\t\t<div class=\"elementor-column elementor-col-100 elementor-top-column elementor-element elementor-element-9b3df4d\" data-id=\"9b3df4d\" data-element_type=\"column\" data-e-type=\"column\">\n\t\t\t<div class=\"elementor-widget-wrap elementor-element-populated\">\n\t\t\t\t\t\t<div class=\"elementor-element elementor-element-262ff45 elementor-widget elementor-widget-heading\" data-id=\"262ff45\" data-element_type=\"widget\" data-e-type=\"widget\" data-widget_type=\"heading.default\">\n\t\t\t\t<div class=\"elementor-widget-container\">\n\t\t\t\t\t<h2 class=\"elementor-heading-title elementor-size-default\">Inscreva-se<\/h2>\t\t\t\t<\/div>\n\t\t\t\t<\/div>\n\t\t\t\t<div class=\"elementor-element elementor-element-b3ef862 elementor-widget__width-initial elementor-widget elementor-widget-text-editor\" data-id=\"b3ef862\" data-element_type=\"widget\" data-e-type=\"widget\" data-widget_type=\"text-editor.default\">\n\t\t\t\t<div class=\"elementor-widget-container\">\n\t\t\t\t\t\t\t\t\t<div><div>Per\u00edodo de inscri\u00e7\u00e3o: 01\/11\/2025 \u00e0 <b>22\/02\/2026<\/b><\/div><div>Resultado da classifica\u00e7\u00e3o: 26\/02\/2026<\/div><div>Interposi\u00e7\u00e3o de recurso: 27\/02\/2026<\/div><div>Per\u00edodo de matr\u00edcula: 27\/02\/2026 \u00e0 04\/03\/2026<\/div><div><p>Segunda chamada para matr\u00edcula: 05\/03\/2026 \u00e0 06\/03\/2026<\/p><\/div><\/div><p><b>Inscri\u00e7\u00f5es aqui:<br \/><\/b><\/p><p><a href=\"https:\/\/funtefpr.conveniar.com.br\/Eventos\/Forms\/Servicos\/EventoDados.aspx?action=2123\">https:\/\/funtefpr.conveniar.com.br\/Eventos\/Forms\/Servicos\/EventoDados.aspx?action=2123<\/a><\/p><p><b>(VAGAS LIMITADAS)<\/b><\/p><p>\u00a0<\/p>\t\t\t\t\t\t\t\t<\/div>\n\t\t\t\t<\/div>\n\t\t\t\t\t<\/div>\n\t\t<\/div>\n\t\t\t\t\t<\/div>\n\t\t<\/section>\n\t\t\t\t<section class=\"elementor-section elementor-top-section elementor-element elementor-element-a065922 elementor-hidden-desktop elementor-hidden-tablet elementor-hidden-mobile elementor-section-boxed elementor-section-height-default elementor-section-height-default\" data-id=\"a065922\" data-element_type=\"section\" data-e-type=\"section\">\n\t\t\t\t\t\t<div class=\"elementor-container elementor-column-gap-default\">\n\t\t\t\t\t<div class=\"elementor-column elementor-col-50 elementor-top-column elementor-element elementor-element-b79cef7\" data-id=\"b79cef7\" data-element_type=\"column\" data-e-type=\"column\">\n\t\t\t<div class=\"elementor-widget-wrap elementor-element-populated\">\n\t\t\t\t\t\t<div class=\"elementor-element elementor-element-db0bff9 elementor-widget__width-initial elementor-widget-mobile__width-inherit elementor-widget elementor-widget-text-editor\" data-id=\"db0bff9\" data-element_type=\"widget\" data-e-type=\"widget\" data-widget_type=\"text-editor.default\">\n\t\t\t\t<div class=\"elementor-widget-container\">\n\t\t\t\t\t\t\t\t\t<p>Per\u00edodo de Inscri\u00e7\u00e3o 15\/11\/2022 \u00e0 24\/02\/2023<\/p><p><br \/>Resultado da classifica\u00e7\u00e3o 27\/02\/2023<\/p><p><br \/>Interposi\u00e7\u00e3o de Recurso 28\/02\/2023 \u00e0 01\/03\/2023<\/p><p><br \/>Per\u00edodo de Matr\u00edcula 02\/03\/2023 \u00e0 08\/03\/2023<\/p><p><br \/>Segunda chamada para matr\u00edcula 09\/03\/2023 \u00e0 10\/03\/2023<\/p>\t\t\t\t\t\t\t\t<\/div>\n\t\t\t\t<\/div>\n\t\t\t\t\t<\/div>\n\t\t<\/div>\n\t\t\t\t<div class=\"elementor-column elementor-col-50 elementor-top-column elementor-element elementor-element-98773fe\" data-id=\"98773fe\" data-element_type=\"column\" data-e-type=\"column\" data-settings=\"{&quot;background_background&quot;:&quot;classic&quot;}\">\n\t\t\t<div class=\"elementor-widget-wrap elementor-element-populated\">\n\t\t\t\t\t\t<div class=\"elementor-element elementor-element-720dec6 elementor-widget elementor-widget-heading\" data-id=\"720dec6\" data-element_type=\"widget\" data-e-type=\"widget\" data-widget_type=\"heading.default\">\n\t\t\t\t<div class=\"elementor-widget-container\">\n\t\t\t\t\t<h2 class=\"elementor-heading-title elementor-size-default\">Formul\u00e1rio de contato<\/h2>\t\t\t\t<\/div>\n\t\t\t\t<\/div>\n\t\t\t\t\t<\/div>\n\t\t<\/div>\n\t\t\t\t\t<\/div>\n\t\t<\/section>\n\t\t\t\t<\/div>\n\t\t","protected":false},"excerpt":{"rendered":"<p>Inscreva-se Per\u00edodo de inscri\u00e7\u00e3o: 01\/11\/2025 \u00e0 22\/02\/2026Resultado da classifica\u00e7\u00e3o: 26\/02\/2026Interposi\u00e7\u00e3o de recurso: 27\/02\/2026Per\u00edodo de matr\u00edcula: 27\/02\/2026 \u00e0 04\/03\/2026 Segunda chamada para matr\u00edcula: 05\/03\/2026 \u00e0 06\/03\/2026 Inscri\u00e7\u00f5es aqui: https:\/\/funtefpr.conveniar.com.br\/Eventos\/Forms\/Servicos\/EventoDados.aspx?action=2123 (VAGAS LIMITADAS) \u00a0 Per\u00edodo de Inscri\u00e7\u00e3o 15\/11\/2022 \u00e0 24\/02\/2023 Resultado da classifica\u00e7\u00e3o 27\/02\/2023 Interposi\u00e7\u00e3o de Recurso 28\/02\/2023 \u00e0 01\/03\/2023 Per\u00edodo de Matr\u00edcula 02\/03\/2023 \u00e0 08\/03\/2023 Segunda chamada [&hellip;]<\/p>\n","protected":false},"author":15,"featured_media":0,"parent":0,"menu_order":0,"comment_status":"closed","ping_status":"closed","template":"","meta":{"footnotes":""},"class_list":["post-1605","page","type-page","status-publish","hentry"],"_links":{"self":[{"href":"https:\/\/utfpr.curitiba.br\/ceaut\/wp-json\/wp\/v2\/pages\/1605","targetHints":{"allow":["GET"]}}],"collection":[{"href":"https:\/\/utfpr.curitiba.br\/ceaut\/wp-json\/wp\/v2\/pages"}],"about":[{"href":"https:\/\/utfpr.curitiba.br\/ceaut\/wp-json\/wp\/v2\/types\/page"}],"author":[{"embeddable":true,"href":"https:\/\/utfpr.curitiba.br\/ceaut\/wp-json\/wp\/v2\/users\/15"}],"replies":[{"embeddable":true,"href":"https:\/\/utfpr.curitiba.br\/ceaut\/wp-json\/wp\/v2\/comments?post=1605"}],"version-history":[{"count":61,"href":"https:\/\/utfpr.curitiba.br\/ceaut\/wp-json\/wp\/v2\/pages\/1605\/revisions"}],"predecessor-version":[{"id":3857,"href":"https:\/\/utfpr.curitiba.br\/ceaut\/wp-json\/wp\/v2\/pages\/1605\/revisions\/3857"}],"wp:attachment":[{"href":"https:\/\/utfpr.curitiba.br\/ceaut\/wp-json\/wp\/v2\/media?parent=1605"}],"curies":[{"name":"wp","href":"https:\/\/api.w.org\/{rel}","templated":true}]}}