{"id":1604,"date":"2023-06-14T19:31:09","date_gmt":"2023-06-14T22:31:09","guid":{"rendered":"http:\/\/dagee.local\/especializacao\/?page_id=17"},"modified":"2025-12-16T15:40:46","modified_gmt":"2025-12-16T18:40:46","slug":"contato-2","status":"publish","type":"page","link":"https:\/\/utfpr.curitiba.br\/ceaut\/contato-2\/","title":{"rendered":"CONTATO"},"content":{"rendered":"\t\t<div data-elementor-type=\"wp-page\" data-elementor-id=\"1604\" class=\"elementor elementor-1604\">\n\t\t\t\t\t\t<section class=\"elementor-section elementor-top-section elementor-element elementor-element-653eb527 elementor-section-boxed elementor-section-height-default elementor-section-height-default\" data-id=\"653eb527\" data-element_type=\"section\" data-e-type=\"section\">\n\t\t\t\t\t\t<div class=\"elementor-container elementor-column-gap-default\">\n\t\t\t\t\t<div class=\"elementor-column elementor-col-100 elementor-top-column elementor-element elementor-element-80d4fb0\" data-id=\"80d4fb0\" data-element_type=\"column\" data-e-type=\"column\">\n\t\t\t<div class=\"elementor-widget-wrap elementor-element-populated\">\n\t\t\t\t\t\t<section class=\"elementor-section elementor-inner-section elementor-element elementor-element-ecfdee6 elementor-section-full_width elementor-section-height-default elementor-section-height-default\" data-id=\"ecfdee6\" data-element_type=\"section\" data-e-type=\"section\">\n\t\t\t\t\t\t<div class=\"elementor-container elementor-column-gap-default\">\n\t\t\t\t\t<div class=\"elementor-column elementor-col-100 elementor-inner-column elementor-element elementor-element-26f37b0\" data-id=\"26f37b0\" data-element_type=\"column\" data-e-type=\"column\">\n\t\t\t<div class=\"elementor-widget-wrap elementor-element-populated\">\n\t\t\t\t\t\t<div class=\"elementor-element elementor-element-52f6ab2 elementor-widget elementor-widget-heading\" data-id=\"52f6ab2\" data-element_type=\"widget\" data-e-type=\"widget\" data-widget_type=\"heading.default\">\n\t\t\t\t<div class=\"elementor-widget-container\">\n\t\t\t\t\t<h2 class=\"elementor-heading-title elementor-size-default\">Contato<\/h2>\t\t\t\t<\/div>\n\t\t\t\t<\/div>\n\t\t\t\t<div class=\"elementor-element elementor-element-e26b4c1 elementor-widget elementor-widget-text-editor\" data-id=\"e26b4c1\" data-element_type=\"widget\" data-e-type=\"widget\" data-widget_type=\"text-editor.default\">\n\t\t\t\t<div class=\"elementor-widget-container\">\n\t\t\t\t\t\t\t\t\t<p>Universidade Tecnol\u00f3gica Federal do Paran\u00e1 \u2013 UTFPR \u2013 C\u00e2mpus Curitiba<br>Departamento Acad\u00eamico de Eletr\u00f4nica \u2013 DAELN<br>N\u00facleo Avan\u00e7ado de Tecnologia de Comunica\u00e7\u00f5es \u2013 NATEC<\/p>\n<p>Av. Sete de Setembro, 3165 \u2013 Rebou\u00e7as<br>CEP: 80230-901 \u2013 Curitiba \u2013 Paran\u00e1<\/p>\n<p>Coordena\u00e7\u00e3o:<br><b>Prof. Dr. Kleber Kendy Horikawa Nabas (kleber@utfpr.edu.br e ceaut-ct@utfpr.edu.br)<\/b><\/p>\n<p>Contatos:<br><b>(41) 99603-1790, Prof. Kleber Nabas<\/b><br>(41) 3310-4767, Laborat\u00f3rio NATEC<\/p>\t\t\t\t\t\t\t\t<\/div>\n\t\t\t\t<\/div>\n\t\t\t\t\t<\/div>\n\t\t<\/div>\n\t\t\t\t\t<\/div>\n\t\t<\/section>\n\t\t\t\t<div class=\"elementor-element elementor-element-6493148d elementor-widget-divider--view-line elementor-widget elementor-widget-divider\" data-id=\"6493148d\" data-element_type=\"widget\" data-e-type=\"widget\" data-widget_type=\"divider.default\">\n\t\t\t\t<div class=\"elementor-widget-container\">\n\t\t\t\t\t\t\t<div class=\"elementor-divider\">\n\t\t\t<span class=\"elementor-divider-separator\">\n\t\t\t\t\t\t<\/span>\n\t\t<\/div>\n\t\t\t\t\t\t<\/div>\n\t\t\t\t<\/div>\n\t\t\t\t\t<\/div>\n\t\t<\/div>\n\t\t\t\t\t<\/div>\n\t\t<\/section>\n\t\t\t\t<\/div>\n\t\t","protected":false},"excerpt":{"rendered":"<p>Contato Universidade Tecnol\u00f3gica Federal do Paran\u00e1 \u2013 UTFPR \u2013 C\u00e2mpus CuritibaDepartamento Acad\u00eamico de Eletr\u00f4nica \u2013 DAELNN\u00facleo Avan\u00e7ado de Tecnologia de Comunica\u00e7\u00f5es \u2013 NATEC Av. Sete de Setembro, 3165 \u2013 Rebou\u00e7asCEP: 80230-901 \u2013 Curitiba \u2013 Paran\u00e1 Coordena\u00e7\u00e3o:Prof. Dr. Kleber Kendy Horikawa Nabas (kleber@utfpr.edu.br e ceaut-ct@utfpr.edu.br) Contatos:(41) 99603-1790, Prof. Kleber Nabas(41) 3310-4767, Laborat\u00f3rio NATEC<\/p>\n","protected":false},"author":15,"featured_media":0,"parent":0,"menu_order":0,"comment_status":"closed","ping_status":"closed","template":"elementor_header_footer","meta":{"footnotes":""},"class_list":["post-1604","page","type-page","status-publish","hentry"],"_links":{"self":[{"href":"https:\/\/utfpr.curitiba.br\/ceaut\/wp-json\/wp\/v2\/pages\/1604","targetHints":{"allow":["GET"]}}],"collection":[{"href":"https:\/\/utfpr.curitiba.br\/ceaut\/wp-json\/wp\/v2\/pages"}],"about":[{"href":"https:\/\/utfpr.curitiba.br\/ceaut\/wp-json\/wp\/v2\/types\/page"}],"author":[{"embeddable":true,"href":"https:\/\/utfpr.curitiba.br\/ceaut\/wp-json\/wp\/v2\/users\/15"}],"replies":[{"embeddable":true,"href":"https:\/\/utfpr.curitiba.br\/ceaut\/wp-json\/wp\/v2\/comments?post=1604"}],"version-history":[{"count":19,"href":"https:\/\/utfpr.curitiba.br\/ceaut\/wp-json\/wp\/v2\/pages\/1604\/revisions"}],"predecessor-version":[{"id":3860,"href":"https:\/\/utfpr.curitiba.br\/ceaut\/wp-json\/wp\/v2\/pages\/1604\/revisions\/3860"}],"wp:attachment":[{"href":"https:\/\/utfpr.curitiba.br\/ceaut\/wp-json\/wp\/v2\/media?parent=1604"}],"curies":[{"name":"wp","href":"https:\/\/api.w.org\/{rel}","templated":true}]}}