{"id":1603,"date":"2023-07-24T22:32:19","date_gmt":"2023-07-25T01:32:19","guid":{"rendered":"https:\/\/utfpr.lsda.online\/mbagestaoempresaria\/?page_id=11"},"modified":"2025-12-16T15:54:56","modified_gmt":"2025-12-16T18:54:56","slug":"investimento","status":"publish","type":"page","link":"https:\/\/utfpr.curitiba.br\/ceaut\/investimento\/","title":{"rendered":"INVESTIMENTO"},"content":{"rendered":"\t\t<div data-elementor-type=\"wp-page\" data-elementor-id=\"1603\" class=\"elementor elementor-1603\">\n\t\t\t\t\t\t<section class=\"elementor-section elementor-top-section elementor-element elementor-element-58a7919 elementor-section-boxed elementor-section-height-default elementor-section-height-default\" data-id=\"58a7919\" data-element_type=\"section\" data-e-type=\"section\">\n\t\t\t\t\t\t<div class=\"elementor-container elementor-column-gap-default\">\n\t\t\t\t\t<div class=\"elementor-column elementor-col-100 elementor-top-column elementor-element elementor-element-08ac578\" data-id=\"08ac578\" data-element_type=\"column\" data-e-type=\"column\">\n\t\t\t<div class=\"elementor-widget-wrap elementor-element-populated\">\n\t\t\t\t\t\t<div class=\"elementor-element elementor-element-149c025 elementor-widget elementor-widget-heading\" data-id=\"149c025\" data-element_type=\"widget\" data-e-type=\"widget\" data-widget_type=\"heading.default\">\n\t\t\t\t<div class=\"elementor-widget-container\">\n\t\t\t\t\t<h2 class=\"elementor-heading-title elementor-size-default\">Investimento<\/h2>\t\t\t\t<\/div>\n\t\t\t\t<\/div>\n\t\t\t\t<div class=\"elementor-element elementor-element-b7ca4a9 elementor-widget elementor-widget-text-editor\" data-id=\"b7ca4a9\" data-element_type=\"widget\" data-e-type=\"widget\" data-widget_type=\"text-editor.default\">\n\t\t\t\t<div class=\"elementor-widget-container\">\n\t\t\t\t\t\t\t\t\t<p>O candidato, no ato da matr\u00edcula, far\u00e1 a op\u00e7\u00e3o de uma das condi\u00e7\u00f5es de pagamento<br>do Curso abaixo relacionadas:<\/p>\n<p><strong>a) \u00c0 vista: <\/strong><strong>Matr\u00edcula no valor de R$ 500,00 e parcela \u00fanica no valor de R$ 9.900,00.<\/strong><\/p>\n<p><strong>b) Parcelado: Matr\u00edcula no valor de R$ 500,00 e mais 21 parcelas de R$ 500,00 com <br><\/strong><\/p>\n<div><strong>Vencimentos nos dias 10 de cada m\u00eas.<\/strong><\/div>\n<div><strong>&nbsp;<\/strong><\/div>\n<div><span style=\"font-size: 1rem\">N\u00famero de Vagas M\u00e1xima: 30.<\/span><br><span style=\"font-size: 1rem\"><br><\/span><\/div><div><p><span style=\"font-weight: bolder\">Inscri\u00e7\u00f5es aqui:<br><\/span><\/p><p><a href=\"https:\/\/funtefpr.conveniar.com.br\/Eventos\/Forms\/Servicos\/EventoDados.aspx?action=2123\">https:\/\/funtefpr.conveniar.com.br\/Eventos\/Forms\/Servicos\/EventoDados.aspx?action=2123<\/a><\/p><\/div>\n<p><\/p>\t\t\t\t\t\t\t\t<\/div>\n\t\t\t\t<\/div>\n\t\t\t\t\t<\/div>\n\t\t<\/div>\n\t\t\t\t\t<\/div>\n\t\t<\/section>\n\t\t\t\t<\/div>\n\t\t","protected":false},"excerpt":{"rendered":"<p>Investimento O candidato, no ato da matr\u00edcula, far\u00e1 a op\u00e7\u00e3o de uma das condi\u00e7\u00f5es de pagamentodo Curso abaixo relacionadas: a) \u00c0 vista: Matr\u00edcula no valor de R$ 500,00 e parcela \u00fanica no valor de R$ 9.900,00. b) Parcelado: Matr\u00edcula no valor de R$ 500,00 e mais 21 parcelas de R$ 500,00 com Vencimentos nos dias [&hellip;]<\/p>\n","protected":false},"author":15,"featured_media":0,"parent":0,"menu_order":0,"comment_status":"closed","ping_status":"closed","template":"","meta":{"footnotes":""},"class_list":["post-1603","page","type-page","status-publish","hentry"],"_links":{"self":[{"href":"https:\/\/utfpr.curitiba.br\/ceaut\/wp-json\/wp\/v2\/pages\/1603","targetHints":{"allow":["GET"]}}],"collection":[{"href":"https:\/\/utfpr.curitiba.br\/ceaut\/wp-json\/wp\/v2\/pages"}],"about":[{"href":"https:\/\/utfpr.curitiba.br\/ceaut\/wp-json\/wp\/v2\/types\/page"}],"author":[{"embeddable":true,"href":"https:\/\/utfpr.curitiba.br\/ceaut\/wp-json\/wp\/v2\/users\/15"}],"replies":[{"embeddable":true,"href":"https:\/\/utfpr.curitiba.br\/ceaut\/wp-json\/wp\/v2\/comments?post=1603"}],"version-history":[{"count":22,"href":"https:\/\/utfpr.curitiba.br\/ceaut\/wp-json\/wp\/v2\/pages\/1603\/revisions"}],"predecessor-version":[{"id":3869,"href":"https:\/\/utfpr.curitiba.br\/ceaut\/wp-json\/wp\/v2\/pages\/1603\/revisions\/3869"}],"wp:attachment":[{"href":"https:\/\/utfpr.curitiba.br\/ceaut\/wp-json\/wp\/v2\/media?parent=1603"}],"curies":[{"name":"wp","href":"https:\/\/api.w.org\/{rel}","templated":true}]}}