{"id":2,"date":"2024-08-05T12:13:37","date_gmt":"2024-08-05T15:13:37","guid":{"rendered":"https:\/\/utfpr.curitiba.br\/cda\/?page_id=2"},"modified":"2025-03-18T16:33:44","modified_gmt":"2025-03-18T19:33:44","slug":"home","status":"publish","type":"page","link":"https:\/\/utfpr.curitiba.br\/cda\/","title":{"rendered":"Home"},"content":{"rendered":"\t\t<div data-elementor-type=\"wp-page\" data-elementor-id=\"2\" class=\"elementor elementor-2\">\n\t\t\t\t\t\t<section class=\"elementor-section elementor-top-section elementor-element elementor-element-4498c8b5 elementor-section-boxed elementor-section-height-default elementor-section-height-default\" data-id=\"4498c8b5\" data-element_type=\"section\" data-e-type=\"section\">\n\t\t\t\t\t\t<div class=\"elementor-container elementor-column-gap-default\">\n\t\t\t\t\t<div class=\"elementor-column elementor-col-100 elementor-top-column elementor-element elementor-element-6399ce4e\" data-id=\"6399ce4e\" data-element_type=\"column\" data-e-type=\"column\">\n\t\t\t<div class=\"elementor-widget-wrap elementor-element-populated\">\n\t\t\t\t\t\t<div class=\"elementor-element elementor-element-3fa1f79d elementor-widget elementor-widget-text-editor\" data-id=\"3fa1f79d\" data-element_type=\"widget\" data-e-type=\"widget\" data-widget_type=\"text-editor.default\">\n\t\t\t\t<div class=\"elementor-widget-container\">\n\t\t\t\t\t\t\t\t\t<header><h2>Objetivos<\/h2><\/header><div class=\"row gtr-150\"><div class=\"col-6 col-12-medium\"><p align=\"justify\">O curso de Especializa\u00e7\u00e3o em Ci\u00eancia de Dados e suas Aplica\u00e7\u00f5es tem como objetivo atender \u00e0 demanda de profissionais por capacita\u00e7\u00e3o na \u00e1rea de ci\u00eancia de dados e suas aplica\u00e7\u00f5es de car\u00e1ter corporativo no universo emergente de tecnologias relacionadas ao\u00a0<i>big data<\/i>, caracterizado pela complexidade, diversidade e alto volume de dados digitais. Em uma sociedade hiperconectada, destaca-se o papel de um novo profissional, de extrema relev\u00e2ncia: o cientista de dados.<\/p><p align=\"justify\"><\/p><\/div><\/div>\t\t\t\t\t\t\t\t<\/div>\n\t\t\t\t<\/div>\n\t\t\t\t\t<\/div>\n\t\t<\/div>\n\t\t\t\t\t<\/div>\n\t\t<\/section>\n\t\t\t\t<section class=\"elementor-section elementor-top-section elementor-element elementor-element-0e42d86 elementor-section-boxed elementor-section-height-default elementor-section-height-default\" data-id=\"0e42d86\" data-element_type=\"section\" data-e-type=\"section\">\n\t\t\t\t\t\t<div class=\"elementor-container elementor-column-gap-default\">\n\t\t\t\t\t<div class=\"elementor-column elementor-col-100 elementor-top-column elementor-element elementor-element-50853a9\" data-id=\"50853a9\" data-element_type=\"column\" data-e-type=\"column\">\n\t\t\t<div class=\"elementor-widget-wrap elementor-element-populated\">\n\t\t\t\t\t\t<div class=\"elementor-element elementor-element-200fc8f elementor-widget elementor-widget-text-editor\" data-id=\"200fc8f\" data-element_type=\"widget\" data-e-type=\"widget\" data-widget_type=\"text-editor.default\">\n\t\t\t\t<div class=\"elementor-widget-container\">\n\t\t\t\t\t\t\t\t\t<header><\/header><div class=\"row gtr-150\"><div class=\"col-6 col-12-medium\"><h2 align=\"justify\"><strong>P\u00fablico Alvo<\/strong><\/h2><p align=\"justify\">\u00a0Recomendado para executivos, gestores, analistas, especialistas e consultores da \u00e1rea de tecnologia de informa\u00e7\u00e3o e de \u00e1reas assemelhadas com interesse em aprimorar seu conhecimento sobre dados, estrat\u00e9gias, aplica\u00e7\u00f5es e t\u00e9cnicas de an\u00e1lise baseadas em dados.<\/p><\/div><\/div>\t\t\t\t\t\t\t\t<\/div>\n\t\t\t\t<\/div>\n\t\t\t\t\t<\/div>\n\t\t<\/div>\n\t\t\t\t\t<\/div>\n\t\t<\/section>\n\t\t\t\t<section class=\"elementor-section elementor-top-section elementor-element elementor-element-0a086da elementor-section-boxed elementor-section-height-default elementor-section-height-default\" data-id=\"0a086da\" data-element_type=\"section\" data-e-type=\"section\">\n\t\t\t\t\t\t<div class=\"elementor-container elementor-column-gap-default\">\n\t\t\t\t\t<div class=\"elementor-column elementor-col-100 elementor-top-column elementor-element elementor-element-4555e84\" data-id=\"4555e84\" data-element_type=\"column\" data-e-type=\"column\">\n\t\t\t<div class=\"elementor-widget-wrap elementor-element-populated\">\n\t\t\t\t\t\t<div class=\"elementor-element elementor-element-17ea72b elementor-widget elementor-widget-text-editor\" data-id=\"17ea72b\" data-element_type=\"widget\" data-e-type=\"widget\" data-widget_type=\"text-editor.default\">\n\t\t\t\t<div class=\"elementor-widget-container\">\n\t\t\t\t\t\t\t\t\t<header><\/header><div class=\"row gtr-150\"><div class=\"col-6 col-12-medium\"><h2 align=\"justify\"><strong>Objetivo Geral<\/strong>\u00a0<\/h2><p align=\"justify\">Qualificar profissionais a aplicar as atuais tecnologias de ci\u00eancia de dados no tratamento e an\u00e1lise de dados corporativos e no suporte ao desenvolvimento de sistemas que contribuam para melhores decis\u00f5es.<\/p><\/div><\/div>\t\t\t\t\t\t\t\t<\/div>\n\t\t\t\t<\/div>\n\t\t\t\t\t<\/div>\n\t\t<\/div>\n\t\t\t\t\t<\/div>\n\t\t<\/section>\n\t\t\t\t<section class=\"elementor-section elementor-top-section elementor-element elementor-element-47e8ce0 elementor-section-boxed elementor-section-height-default elementor-section-height-default\" data-id=\"47e8ce0\" data-element_type=\"section\" data-e-type=\"section\">\n\t\t\t\t\t\t<div class=\"elementor-container elementor-column-gap-default\">\n\t\t\t\t\t<div class=\"elementor-column elementor-col-100 elementor-top-column elementor-element elementor-element-1c06049\" data-id=\"1c06049\" data-element_type=\"column\" data-e-type=\"column\">\n\t\t\t<div class=\"elementor-widget-wrap elementor-element-populated\">\n\t\t\t\t\t\t<div class=\"elementor-element elementor-element-17859e9 elementor-widget elementor-widget-text-editor\" data-id=\"17859e9\" data-element_type=\"widget\" data-e-type=\"widget\" data-widget_type=\"text-editor.default\">\n\t\t\t\t<div class=\"elementor-widget-container\">\n\t\t\t\t\t\t\t\t\t<header><\/header><div class=\"row gtr-150\"><div class=\"col-6 col-12-medium\"><h2 align=\"justify\"><strong>Objetivos Espec\u00edficos<\/strong><\/h2><p>Apresentar as diversas tecnologias, estrat\u00e9gias e usos adequados \u00e0 capta\u00e7\u00e3o, tratamento e an\u00e1lise de dados.<\/p><p>Apresentar conceitos complementares ao desenvolvimento de uma vis\u00e3o hol\u00edstica dos sistemas de informa\u00e7\u00e3o organizacionais, envolvendo conceitos de interface, tratamento de\u00a0big data, bancos de dados, intelig\u00eancia artificial, web sem\u00e2ntica e redes sociais.<\/p><\/div><\/div>\t\t\t\t\t\t\t\t<\/div>\n\t\t\t\t<\/div>\n\t\t\t\t<div class=\"elementor-element elementor-element-74463ef elementor-widget elementor-widget-heading\" data-id=\"74463ef\" data-element_type=\"widget\" data-e-type=\"widget\" data-widget_type=\"heading.default\">\n\t\t\t\t<div class=\"elementor-widget-container\">\n\t\t\t\t\t<h2 class=\"elementor-heading-title elementor-size-default\">FAQ<\/h2>\t\t\t\t<\/div>\n\t\t\t\t<\/div>\n\t\t\t\t\t<\/div>\n\t\t<\/div>\n\t\t\t\t\t<\/div>\n\t\t<\/section>\n\t\t\t\t<section class=\"elementor-section elementor-top-section elementor-element elementor-element-aa65575 elementor-section-boxed elementor-section-height-default elementor-section-height-default\" data-id=\"aa65575\" data-element_type=\"section\" data-e-type=\"section\">\n\t\t\t\t\t\t<div class=\"elementor-container elementor-column-gap-default\">\n\t\t\t\t\t<div class=\"elementor-column elementor-col-100 elementor-top-column elementor-element elementor-element-5df122c\" data-id=\"5df122c\" data-element_type=\"column\" data-e-type=\"column\">\n\t\t\t<div class=\"elementor-widget-wrap elementor-element-populated\">\n\t\t\t\t\t\t<div class=\"elementor-element elementor-element-ad65541 elementor-widget elementor-widget-toggle\" data-id=\"ad65541\" data-element_type=\"widget\" data-e-type=\"widget\" data-widget_type=\"toggle.default\">\n\t\t\t\t<div class=\"elementor-widget-container\">\n\t\t\t\t\t\t\t<div class=\"elementor-toggle\">\n\t\t\t\t\t\t\t<div class=\"elementor-toggle-item\">\n\t\t\t\t\t<div id=\"elementor-tab-title-1811\" class=\"elementor-tab-title\" data-tab=\"1\" role=\"button\" aria-controls=\"elementor-tab-content-1811\" aria-expanded=\"false\">\n\t\t\t\t\t\t\t\t\t\t\t\t<span class=\"elementor-toggle-icon elementor-toggle-icon-left\" aria-hidden=\"true\">\n\t\t\t\t\t\t\t\t\t\t\t\t\t\t\t<span class=\"elementor-toggle-icon-closed\"><i class=\"fas fa-caret-right\"><\/i><\/span>\n\t\t\t\t\t\t\t\t<span class=\"elementor-toggle-icon-opened\"><i class=\"elementor-toggle-icon-opened fas fa-caret-up\"><\/i><\/span>\n\t\t\t\t\t\t\t\t\t\t\t\t\t<\/span>\n\t\t\t\t\t\t\t\t\t\t\t\t<a class=\"elementor-toggle-title\" tabindex=\"0\">N\u00e3o possuo forma\u00e7\u00e3o na \u00e1rea de computa\u00e7\u00e3o, consigo acompanhar o curso?<\/a>\n\t\t\t\t\t<\/div>\n\n\t\t\t\t\t<div id=\"elementor-tab-content-1811\" class=\"elementor-tab-content elementor-clearfix\" data-tab=\"1\" role=\"region\" aria-labelledby=\"elementor-tab-title-1811\"><p>N\u00e3o \u00e9 um pr\u00e9-requisito para fazer o curso, no entanto se voc\u00ea n\u00e3o possui experi\u00eancia com algum tipo de c\u00f3digo talvez seja necess\u00e1rio um estudo extra para aprender alguma linguagem de programa\u00e7\u00e3o.<\/p><\/div>\n\t\t\t\t<\/div>\n\t\t\t\t\t\t\t<div class=\"elementor-toggle-item\">\n\t\t\t\t\t<div id=\"elementor-tab-title-1812\" class=\"elementor-tab-title\" data-tab=\"2\" role=\"button\" aria-controls=\"elementor-tab-content-1812\" aria-expanded=\"false\">\n\t\t\t\t\t\t\t\t\t\t\t\t<span class=\"elementor-toggle-icon elementor-toggle-icon-left\" aria-hidden=\"true\">\n\t\t\t\t\t\t\t\t\t\t\t\t\t\t\t<span class=\"elementor-toggle-icon-closed\"><i class=\"fas fa-caret-right\"><\/i><\/span>\n\t\t\t\t\t\t\t\t<span class=\"elementor-toggle-icon-opened\"><i class=\"elementor-toggle-icon-opened fas fa-caret-up\"><\/i><\/span>\n\t\t\t\t\t\t\t\t\t\t\t\t\t<\/span>\n\t\t\t\t\t\t\t\t\t\t\t\t<a class=\"elementor-toggle-title\" tabindex=\"0\">N\u00e3o estou formado na gradua\u00e7\u00e3o ainda, posso fazer o curso?<\/a>\n\t\t\t\t\t<\/div>\n\n\t\t\t\t\t<div id=\"elementor-tab-content-1812\" class=\"elementor-tab-content elementor-clearfix\" data-tab=\"2\" role=\"region\" aria-labelledby=\"elementor-tab-title-1812\"><p>Como a Especializa\u00e7\u00e3o \u00e9 um curso de P\u00f3s-Gradua\u00e7\u00e3o, \u00e9 necess\u00e1rio que o aluno possua uma gradua\u00e7\u00e3o completa.<\/p><\/div>\n\t\t\t\t<\/div>\n\t\t\t\t\t\t\t<div class=\"elementor-toggle-item\">\n\t\t\t\t\t<div id=\"elementor-tab-title-1813\" class=\"elementor-tab-title\" data-tab=\"3\" role=\"button\" aria-controls=\"elementor-tab-content-1813\" aria-expanded=\"false\">\n\t\t\t\t\t\t\t\t\t\t\t\t<span class=\"elementor-toggle-icon elementor-toggle-icon-left\" aria-hidden=\"true\">\n\t\t\t\t\t\t\t\t\t\t\t\t\t\t\t<span class=\"elementor-toggle-icon-closed\"><i class=\"fas fa-caret-right\"><\/i><\/span>\n\t\t\t\t\t\t\t\t<span class=\"elementor-toggle-icon-opened\"><i class=\"elementor-toggle-icon-opened fas fa-caret-up\"><\/i><\/span>\n\t\t\t\t\t\t\t\t\t\t\t\t\t<\/span>\n\t\t\t\t\t\t\t\t\t\t\t\t<a class=\"elementor-toggle-title\" tabindex=\"0\"> Posso pedir uma bolsa para realizar o curso e n\u00e3o pagar?<\/a>\n\t\t\t\t\t<\/div>\n\n\t\t\t\t\t<div id=\"elementor-tab-content-1813\" class=\"elementor-tab-content elementor-clearfix\" data-tab=\"3\" role=\"region\" aria-labelledby=\"elementor-tab-title-1813\"><p>A Especializa\u00e7\u00e3o \u00e9 um curso independente dos n\u00edveis de responsabilidade do servi\u00e7o p\u00fablico, por este motivo n\u00e3o h\u00e1 bolsas e o aluno deve custear seu curso.<\/p><\/div>\n\t\t\t\t<\/div>\n\t\t\t\t\t\t\t<div class=\"elementor-toggle-item\">\n\t\t\t\t\t<div id=\"elementor-tab-title-1814\" class=\"elementor-tab-title\" data-tab=\"4\" role=\"button\" aria-controls=\"elementor-tab-content-1814\" aria-expanded=\"false\">\n\t\t\t\t\t\t\t\t\t\t\t\t<span class=\"elementor-toggle-icon elementor-toggle-icon-left\" aria-hidden=\"true\">\n\t\t\t\t\t\t\t\t\t\t\t\t\t\t\t<span class=\"elementor-toggle-icon-closed\"><i class=\"fas fa-caret-right\"><\/i><\/span>\n\t\t\t\t\t\t\t\t<span class=\"elementor-toggle-icon-opened\"><i class=\"elementor-toggle-icon-opened fas fa-caret-up\"><\/i><\/span>\n\t\t\t\t\t\t\t\t\t\t\t\t\t<\/span>\n\t\t\t\t\t\t\t\t\t\t\t\t<a class=\"elementor-toggle-title\" tabindex=\"0\">Precisa fazer o trabalho TCC para concluir o curso?<\/a>\n\t\t\t\t\t<\/div>\n\n\t\t\t\t\t<div id=\"elementor-tab-content-1814\" class=\"elementor-tab-content elementor-clearfix\" data-tab=\"4\" role=\"region\" aria-labelledby=\"elementor-tab-title-1814\"><p>A Especializa\u00e7\u00e3o em Ci\u00eancia de Dados n\u00e3o possui TCC . Em cada disciplina o aluno ter\u00e1 oportunidade de desenvolver atividades pr\u00e1ticas que d\u00e3o a experi\u00eancia que um TCC traria.<\/p><\/div>\n\t\t\t\t<\/div>\n\t\t\t\t\t\t\t<div class=\"elementor-toggle-item\">\n\t\t\t\t\t<div id=\"elementor-tab-title-1815\" class=\"elementor-tab-title\" data-tab=\"5\" role=\"button\" aria-controls=\"elementor-tab-content-1815\" aria-expanded=\"false\">\n\t\t\t\t\t\t\t\t\t\t\t\t<span class=\"elementor-toggle-icon elementor-toggle-icon-left\" aria-hidden=\"true\">\n\t\t\t\t\t\t\t\t\t\t\t\t\t\t\t<span class=\"elementor-toggle-icon-closed\"><i class=\"fas fa-caret-right\"><\/i><\/span>\n\t\t\t\t\t\t\t\t<span class=\"elementor-toggle-icon-opened\"><i class=\"elementor-toggle-icon-opened fas fa-caret-up\"><\/i><\/span>\n\t\t\t\t\t\t\t\t\t\t\t\t\t<\/span>\n\t\t\t\t\t\t\t\t\t\t\t\t<a class=\"elementor-toggle-title\" tabindex=\"0\">Se por algum motivo eu entrar no curso mas n\u00e3o consiga finalizar, posso trancar o curso?<\/a>\n\t\t\t\t\t<\/div>\n\n\t\t\t\t\t<div id=\"elementor-tab-content-1815\" class=\"elementor-tab-content elementor-clearfix\" data-tab=\"5\" role=\"region\" aria-labelledby=\"elementor-tab-title-1815\"><p>Na Especializa\u00e7\u00e3o, cada turma possui seu pr\u00f3prio andamento de planejamento pedag\u00f3gico e financeiro, portanto caso o aluno comece o curso mas n\u00e3o possa continuar por alguma raz\u00e3o, as op\u00e7\u00f5es s\u00e3o:<\/p><p>&#8211; Cancelar o curso e pagar a multa contratual proporcional ao tempo restante do curso.<br \/>&#8211; Cancelar o curso, pagar a multa contratual proporcional ao tempo restante do curso e se matricular em uma nova turma, cursar apenas as disciplinas faltantes (e disciplinas novas com rela\u00e7\u00e3o \u00e0 sua turma)com valor a pagar proporcional.<\/p><p>Com as seguintes ressalvas:<br \/>&#8211; N\u00e3o h\u00e1 garantias de que haver\u00e1 nova turma.<br \/>&#8211; O aluno respeitar\u00e1 o calend\u00e1rio da nova turma, devendo aguardar a oferta das disciplinas faltantes.<\/p><\/div>\n\t\t\t\t<\/div>\n\t\t\t\t\t\t\t\t<\/div>\n\t\t\t\t\t\t<\/div>\n\t\t\t\t<\/div>\n\t\t\t\t<div class=\"elementor-element elementor-element-8c58eca elementor-widget elementor-widget-spacer\" data-id=\"8c58eca\" data-element_type=\"widget\" data-e-type=\"widget\" data-widget_type=\"spacer.default\">\n\t\t\t\t<div class=\"elementor-widget-container\">\n\t\t\t\t\t\t\t<div class=\"elementor-spacer\">\n\t\t\t<div class=\"elementor-spacer-inner\"><\/div>\n\t\t<\/div>\n\t\t\t\t\t\t<\/div>\n\t\t\t\t<\/div>\n\t\t\t\t\t<\/div>\n\t\t<\/div>\n\t\t\t\t\t<\/div>\n\t\t<\/section>\n\t\t\t\t<section class=\"elementor-section elementor-top-section elementor-element elementor-element-82ece31 elementor-section-boxed elementor-section-height-default elementor-section-height-default\" data-id=\"82ece31\" data-element_type=\"section\" data-e-type=\"section\">\n\t\t\t\t\t\t<div class=\"elementor-container elementor-column-gap-default\">\n\t\t\t\t\t<div class=\"elementor-column elementor-col-33 elementor-top-column elementor-element elementor-element-d012111\" data-id=\"d012111\" data-element_type=\"column\" data-e-type=\"column\">\n\t\t\t<div class=\"elementor-widget-wrap\">\n\t\t\t\t\t\t\t<\/div>\n\t\t<\/div>\n\t\t\t\t<div class=\"elementor-column elementor-col-33 elementor-top-column elementor-element elementor-element-887163b\" data-id=\"887163b\" data-element_type=\"column\" data-e-type=\"column\">\n\t\t\t<div class=\"elementor-widget-wrap\">\n\t\t\t\t\t\t\t<\/div>\n\t\t<\/div>\n\t\t\t\t<div class=\"elementor-column elementor-col-33 elementor-top-column elementor-element elementor-element-cb6ce4d\" data-id=\"cb6ce4d\" data-element_type=\"column\" data-e-type=\"column\">\n\t\t\t<div class=\"elementor-widget-wrap\">\n\t\t\t\t\t\t\t<\/div>\n\t\t<\/div>\n\t\t\t\t\t<\/div>\n\t\t<\/section>\n\t\t\t\t<section class=\"elementor-section elementor-top-section elementor-element elementor-element-be0b6f4 elementor-section-boxed elementor-section-height-default elementor-section-height-default\" data-id=\"be0b6f4\" data-element_type=\"section\" data-e-type=\"section\">\n\t\t\t\t\t\t<div class=\"elementor-container elementor-column-gap-default\">\n\t\t\t\t\t<div class=\"elementor-column elementor-col-100 elementor-top-column elementor-element elementor-element-61fec99\" data-id=\"61fec99\" data-element_type=\"column\" data-e-type=\"column\">\n\t\t\t<div class=\"elementor-widget-wrap elementor-element-populated\">\n\t\t\t\t\t\t<div class=\"elementor-element elementor-element-1a0f2e0 elementor-widget elementor-widget-spacer\" data-id=\"1a0f2e0\" data-element_type=\"widget\" data-e-type=\"widget\" data-widget_type=\"spacer.default\">\n\t\t\t\t<div class=\"elementor-widget-container\">\n\t\t\t\t\t\t\t<div class=\"elementor-spacer\">\n\t\t\t<div class=\"elementor-spacer-inner\"><\/div>\n\t\t<\/div>\n\t\t\t\t\t\t<\/div>\n\t\t\t\t<\/div>\n\t\t\t\t\t<\/div>\n\t\t<\/div>\n\t\t\t\t\t<\/div>\n\t\t<\/section>\n\t\t\t\t<section class=\"elementor-section elementor-top-section elementor-element elementor-element-6293732 elementor-section-boxed elementor-section-height-default elementor-section-height-default\" data-id=\"6293732\" data-element_type=\"section\" data-e-type=\"section\">\n\t\t\t\t\t\t<div class=\"elementor-container elementor-column-gap-default\">\n\t\t\t\t\t<div class=\"elementor-column elementor-col-100 elementor-top-column elementor-element elementor-element-ecadcf4\" data-id=\"ecadcf4\" data-element_type=\"column\" data-e-type=\"column\">\n\t\t\t<div class=\"elementor-widget-wrap elementor-element-populated\">\n\t\t\t\t\t\t<div class=\"elementor-element elementor-element-d2015f1 elementor-widget elementor-widget-text-editor\" data-id=\"d2015f1\" data-element_type=\"widget\" data-e-type=\"widget\" data-widget_type=\"text-editor.default\">\n\t\t\t\t<div class=\"elementor-widget-container\">\n\t\t\t\t\t\t\t\t\t<p style=\"text-align: center\">Contato Coordena\u00e7\u00e3o: Profa Dra Rita C. G. Berardi, ritaberardi@utfpr.edu.br<br \/>Contato Secretaria: Karen Yumi,\u00a0 kareny@utfpr.edu.br<\/p>\t\t\t\t\t\t\t\t<\/div>\n\t\t\t\t<\/div>\n\t\t\t\t\t<\/div>\n\t\t<\/div>\n\t\t\t\t\t<\/div>\n\t\t<\/section>\n\t\t\t\t<\/div>\n\t\t","protected":false},"excerpt":{"rendered":"<p>Objetivos O curso de Especializa\u00e7\u00e3o em Ci\u00eancia de Dados e suas Aplica\u00e7\u00f5es tem como objetivo atender \u00e0 demanda de profissionais por capacita\u00e7\u00e3o na \u00e1rea de ci\u00eancia de dados e suas aplica\u00e7\u00f5es de car\u00e1ter corporativo no universo emergente de tecnologias relacionadas ao\u00a0big data, caracterizado pela complexidade, diversidade e alto volume de [&hellip;]<\/p>\n","protected":false},"author":71,"featured_media":290,"parent":0,"menu_order":0,"comment_status":"closed","ping_status":"closed","template":"","meta":{"footnotes":""},"class_list":["post-2","page","type-page","status-publish","has-post-thumbnail","hentry"],"_links":{"self":[{"href":"https:\/\/utfpr.curitiba.br\/cda\/wp-json\/wp\/v2\/pages\/2","targetHints":{"allow":["GET"]}}],"collection":[{"href":"https:\/\/utfpr.curitiba.br\/cda\/wp-json\/wp\/v2\/pages"}],"about":[{"href":"https:\/\/utfpr.curitiba.br\/cda\/wp-json\/wp\/v2\/types\/page"}],"author":[{"embeddable":true,"href":"https:\/\/utfpr.curitiba.br\/cda\/wp-json\/wp\/v2\/users\/71"}],"replies":[{"embeddable":true,"href":"https:\/\/utfpr.curitiba.br\/cda\/wp-json\/wp\/v2\/comments?post=2"}],"version-history":[{"count":62,"href":"https:\/\/utfpr.curitiba.br\/cda\/wp-json\/wp\/v2\/pages\/2\/revisions"}],"predecessor-version":[{"id":439,"href":"https:\/\/utfpr.curitiba.br\/cda\/wp-json\/wp\/v2\/pages\/2\/revisions\/439"}],"wp:featuredmedia":[{"embeddable":true,"href":"https:\/\/utfpr.curitiba.br\/cda\/wp-json\/wp\/v2\/media\/290"}],"wp:attachment":[{"href":"https:\/\/utfpr.curitiba.br\/cda\/wp-json\/wp\/v2\/media?parent=2"}],"curies":[{"name":"wp","href":"https:\/\/api.w.org\/{rel}","templated":true}]}}