{"id":4129,"date":"2018-11-20T08:20:59","date_gmt":"2018-11-20T11:20:59","guid":{"rendered":"http:\/\/cautec.ct.utfpr.edu.br\/?page_id=4129"},"modified":"2018-11-26T21:55:26","modified_gmt":"2018-11-27T00:55:26","slug":"jogo-educacional","status":"publish","type":"page","link":"https:\/\/utfpr.curitiba.br\/cautec\/?page_id=4129","title":{"rendered":"Jogo educacional"},"content":{"rendered":"<p>O jogo apresentado abaixo foi resultado do trabalho de conclus\u00e3o de curso do aluno Wellington Gomes Ferrante, do curso de Licenciatura em F\u00edsica da UTFPR. O jogo foi desenvolvido buscando ensinar conceitos de Evolu\u00e7\u00e3o estelar e Astrobiologia, principalmente para o Ensino M\u00e9dio. Abaixo est\u00e3o dispon\u00edveis os arquivos prontos para impress\u00e3o.<\/p>\n<p>&nbsp;<\/p>\n<p><strong>ATEN\u00c7\u00c3O FOI VERIFICADO QUE O N\u00daMERO DE CARTAS COLOCADAS NO ARQUIVO EST\u00c1 ERRADO, AGUARDEM MAIS ALGUNS DIAS PARA A SOLU\u00c7\u00c3O DO PROBLEMA<\/strong><\/p>\n<p>Acesso via <a href=\"https:\/\/drive.google.com\/drive\/folders\/17Ij5J11gqYab1fQUTCyZPPo02WEhOOeC?usp=sharing\">Google Drive<\/a><\/p>\n<p>Acesso via <a href=\"https:\/\/mega.nz\/#F!76R22a6a\">Mega\u00a0<\/a><\/p>\n<p>Chave de codifica\u00e7\u00e3o do Mega:\u00a0ZAZno7RY86e344ORsmiqSQ<\/p>\n<p>&nbsp;<\/p>\n","protected":false},"excerpt":{"rendered":"<p>O jogo apresentado abaixo foi resultado do trabalho de conclus\u00e3o de curso do aluno Wellington Gomes Ferrante, do curso de Licenciatura em F\u00edsica da UTFPR. O jogo foi desenvolvido buscando ensinar conceitos de Evolu\u00e7\u00e3o estelar e Astrobiologia, principalmente para o Ensino M\u00e9dio. Abaixo est\u00e3o dispon\u00edveis os arquivos prontos para impress\u00e3o. &nbsp; ATEN\u00c7\u00c3O FOI VERIFICADO QUE&hellip;&nbsp;<a href=\"https:\/\/utfpr.curitiba.br\/cautec\/?page_id=4129\" rel=\"bookmark\">Continue a ler &raquo;<span class=\"screen-reader-text\">Jogo educacional<\/span><\/a><\/p>\n","protected":false},"author":2,"featured_media":4132,"parent":0,"menu_order":0,"comment_status":"closed","ping_status":"closed","template":"","meta":{"neve_meta_sidebar":"","neve_meta_container":"","neve_meta_enable_content_width":"","neve_meta_content_width":0,"neve_meta_title_alignment":"","neve_meta_author_avatar":"","neve_post_elements_order":"","neve_meta_disable_header":"","neve_meta_disable_footer":"","neve_meta_disable_title":"","footnotes":""},"class_list":["post-4129","page","type-page","status-publish","has-post-thumbnail","hentry"],"_links":{"self":[{"href":"https:\/\/utfpr.curitiba.br\/cautec\/index.php?rest_route=\/wp\/v2\/pages\/4129","targetHints":{"allow":["GET"]}}],"collection":[{"href":"https:\/\/utfpr.curitiba.br\/cautec\/index.php?rest_route=\/wp\/v2\/pages"}],"about":[{"href":"https:\/\/utfpr.curitiba.br\/cautec\/index.php?rest_route=\/wp\/v2\/types\/page"}],"author":[{"embeddable":true,"href":"https:\/\/utfpr.curitiba.br\/cautec\/index.php?rest_route=\/wp\/v2\/users\/2"}],"replies":[{"embeddable":true,"href":"https:\/\/utfpr.curitiba.br\/cautec\/index.php?rest_route=%2Fwp%2Fv2%2Fcomments&post=4129"}],"version-history":[{"count":5,"href":"https:\/\/utfpr.curitiba.br\/cautec\/index.php?rest_route=\/wp\/v2\/pages\/4129\/revisions"}],"predecessor-version":[{"id":4139,"href":"https:\/\/utfpr.curitiba.br\/cautec\/index.php?rest_route=\/wp\/v2\/pages\/4129\/revisions\/4139"}],"wp:featuredmedia":[{"embeddable":true,"href":"https:\/\/utfpr.curitiba.br\/cautec\/index.php?rest_route=\/wp\/v2\/media\/4132"}],"wp:attachment":[{"href":"https:\/\/utfpr.curitiba.br\/cautec\/index.php?rest_route=%2Fwp%2Fv2%2Fmedia&parent=4129"}],"curies":[{"name":"wp","href":"https:\/\/api.w.org\/{rel}","templated":true}]}}