{"id":3699,"date":"2016-03-23T21:25:44","date_gmt":"2016-03-24T00:25:44","guid":{"rendered":"http:\/\/cautec.ct.utfpr.edu.br\/?page_id=3699"},"modified":"2024-11-06T16:31:20","modified_gmt":"2024-11-06T19:31:20","slug":"diversos","status":"publish","type":"page","link":"https:\/\/utfpr.curitiba.br\/cautec\/?page_id=3699","title":{"rendered":"Diversos"},"content":{"rendered":"<p style=\"text-align: justify\">O Clube de Astronomia da UTFPR (CAUTEC), possui um alguns modelos em 3D \u00a0de objetos do sistema solar, afim de auxiliar o ensino de astronomia, trazendo uma percep\u00e7\u00e3o muito mais completa a respeito das formas desses objetos.<\/p>\n<p style=\"text-align: justify\">Os objetos abaixo, foram impressos com uma impressora 3D, pelo <a href=\"https:\/\/www.facebook.com\/GIP3D\">GIP3D<\/a>, Grupo de Impress\u00e3o 3D da UTFPR.<\/p>\n<p><span style=\"font-size: 18pt\"><strong>Vesta<\/strong><\/span><\/p>\n<p style=\"text-align: justify\"><strong>Vesta<\/strong> (designado formalmente <strong>4 Vesta<\/strong>) era o segundo maior asteroide do Sistema Solar, com um di\u00e2metro m\u00e9dio de 530 km, at\u00e9 ser promovido a protoplaneta em maio de 2012. Foi descoberto por Heinrich Wilhelm Olbers em 29 de mar\u00e7o de 1807.<br \/>\nEm 16 de julho de 2011 a sonda da NASA Dawn entrou em \u00f3rbita ao redor de Vesta para uma explora\u00e7\u00e3o de um ano. A Dawn saiu da \u00f3rbita de Vesta em 4 de setembro de 2012 para viajar a Ceres.<\/p>\n<p><span style=\"font-size: 18pt\"><strong>Itowaka<\/strong><\/span><\/p>\n<p style=\"text-align: justify\">O asteroide <strong>25143 Itokawa<\/strong> ou simplesmente <strong>Itowaka<\/strong> \u00e9 um asteroide com \u00f3rbita pr\u00f3xima a da Terra visitado pela sonda Hayabusa e que se a miss\u00e3o obtiver sucesso, ser\u00e1 a primeira vez que amostras de um asteroide dever\u00e3o chegar a Terra.<br \/>\nO asteroide 25143 Itokawa \u00e9 um asteroide da fam\u00edlia de Apollo e \u00e9 tamb\u00e9m um asteroide que intercepta a \u00f3rbita de Marte.<br \/>\nO Itokawa foi descoberto em 1998 pelo projeto denominado de LINEAR. Este asteroide recebeu este nome em honra a Hideo Itokawa, um cientista da \u00e1rea de foguetes espaciais japon\u00eas. Itokawa possui um tipo espectral asteroide tipo S.<\/p>\n<p><span style=\"font-size: 18pt\"><strong>Copernicus (cratera)<\/strong><\/span><\/p>\n<p style=\"text-align: justify\"><strong>Copernicus<\/strong> \u00e9 uma grande cratera de impacto com 93 km de di\u00e2metro e 3.8 km de profundidade, situada na regi\u00e3o chamada de Oceanus Procellarum, na Lua. Ela tem estimados 800 milh\u00f5es de anos de exist\u00eancia e \u00e9 t\u00edpica do per\u00edodo chamado de Cop\u00e9rnico, no qual estas crateras, ao serem criadas, possu\u00edam um proeminente sistema de raios marcando a superf\u00edcie ao redor, consistindo de fina ejecta expelida quando de sua forma\u00e7\u00e3o sob o impacto de um objeto celeste.<\/p>\n<p style=\"text-align: justify\">Os modelos 3D desses objetos foram utilizados do seguinte reposit\u00f3rio:<br \/>\n<a href=\"http:\/\/nasa3d.arc.nasa.gov\/\" target=\"_blank\" rel=\"noopener noreferrer\">http:\/\/nasa3d.arc.nasa.gov\/<\/a><\/p>\n","protected":false},"excerpt":{"rendered":"<p>O Clube de Astronomia da UTFPR (CAUTEC), possui um alguns modelos em 3D \u00a0de objetos do sistema solar, afim de auxiliar o ensino de astronomia, trazendo uma percep\u00e7\u00e3o muito mais completa a respeito das formas desses objetos. Os objetos abaixo, foram impressos com uma impressora 3D, pelo GIP3D, Grupo de Impress\u00e3o 3D da UTFPR. Vesta&hellip;&nbsp;<a href=\"https:\/\/utfpr.curitiba.br\/cautec\/?page_id=3699\" rel=\"bookmark\">Continue a ler &raquo;<span class=\"screen-reader-text\">Diversos<\/span><\/a><\/p>\n","protected":false},"author":2,"featured_media":0,"parent":0,"menu_order":0,"comment_status":"closed","ping_status":"closed","template":"","meta":{"neve_meta_sidebar":"","neve_meta_container":"","neve_meta_enable_content_width":"","neve_meta_content_width":0,"neve_meta_title_alignment":"","neve_meta_author_avatar":"","neve_post_elements_order":"","neve_meta_disable_header":"","neve_meta_disable_footer":"","neve_meta_disable_title":"","footnotes":""},"class_list":["post-3699","page","type-page","status-publish","hentry"],"_links":{"self":[{"href":"https:\/\/utfpr.curitiba.br\/cautec\/index.php?rest_route=\/wp\/v2\/pages\/3699","targetHints":{"allow":["GET"]}}],"collection":[{"href":"https:\/\/utfpr.curitiba.br\/cautec\/index.php?rest_route=\/wp\/v2\/pages"}],"about":[{"href":"https:\/\/utfpr.curitiba.br\/cautec\/index.php?rest_route=\/wp\/v2\/types\/page"}],"author":[{"embeddable":true,"href":"https:\/\/utfpr.curitiba.br\/cautec\/index.php?rest_route=\/wp\/v2\/users\/2"}],"replies":[{"embeddable":true,"href":"https:\/\/utfpr.curitiba.br\/cautec\/index.php?rest_route=%2Fwp%2Fv2%2Fcomments&post=3699"}],"version-history":[{"count":27,"href":"https:\/\/utfpr.curitiba.br\/cautec\/index.php?rest_route=\/wp\/v2\/pages\/3699\/revisions"}],"predecessor-version":[{"id":4439,"href":"https:\/\/utfpr.curitiba.br\/cautec\/index.php?rest_route=\/wp\/v2\/pages\/3699\/revisions\/4439"}],"wp:attachment":[{"href":"https:\/\/utfpr.curitiba.br\/cautec\/index.php?rest_route=%2Fwp%2Fv2%2Fmedia&parent=3699"}],"curies":[{"name":"wp","href":"https:\/\/api.w.org\/{rel}","templated":true}]}}