{"id":3437,"date":"2015-12-05T22:37:17","date_gmt":"2015-12-06T01:37:17","guid":{"rendered":"http:\/\/cautec.ct.utfpr.edu.br\/?page_id=3437"},"modified":"2024-11-06T16:33:29","modified_gmt":"2024-11-06T19:33:29","slug":"material-educativo","status":"publish","type":"page","link":"https:\/\/utfpr.curitiba.br\/cautec\/?page_id=3437","title":{"rendered":"Palestras"},"content":{"rendered":"<p style=\"text-align: justify\">As palestras s\u00e3o apresentadas por membros do CAUTEC, com linguagem acess\u00edvel e recursos multim\u00eddia. Para visitas de escolas, o professor deve escolher um dos temas listados abaixo. Os interessados devem entrar com contato conosco atrav\u00e9s do nosso <strong><a href=\"http:\/\/cautec.ct.utfpr.edu.br\/?page_id=3415\" target=\"_blank\" rel=\"noopener\">formul\u00e1rio de contato<\/a><\/strong>, ou enviar um e-mail para: cautecutfpr@gmail.com<br \/>\nRecomendamos fortemente que o professor trabalhe previamente alguns dos conceitos b\u00e1sicos referentes aos temas, para que os alunos possam levantar quest\u00f5es e estabelecer um di\u00e1logo com os monitores.<\/p>\n<p>Astrobiologia<\/p>\n<p style=\"text-align: justify\">O que \u00e9 vida? Como ela se formou e desenvolveu? Esta palestra que tenta responder tais perguntas. Al\u00e9m disso vamos mostrar onde h\u00e1 possibilidade da vida se abrigar, tanto no Sistema Solar como fora dele. Por fim mostramos um exemplo da equa\u00e7\u00e3o de Drake, que tenta calcular a probabilidade de vida inteligente e comunic\u00e1vel na Via L\u00e1ctea, a nossa gal\u00e1xia.<\/p>\n<p>Astronomia: Uma viagem pelo Cosmos<\/p>\n<p style=\"text-align: justify\">Visando atingir alunos do ensino fundamental, esta palestra \u00e9 uma viagem pelo cosmos! Come\u00e7a abordando temas como a escala do nosso Sistema Solar, a origem e composi\u00e7\u00e3o. \u00a0Distanciando-se gradativamente, de encontro \u00e0s estrelas mais pr\u00f3ximas, as constela\u00e7\u00f5es, as nebulosas, as gal\u00e1xias, at\u00e9 chegar aos buracos negros e a origem do Universo. T\u00f3picos como a escala do cosmos, nosso endere\u00e7o no Universo, a possibilidade de vida fora da Terra e a descoberta exoplanetas tamb\u00e9m est\u00e3o presentes.<\/p>\n<p>Astronomia: Contribui\u00e7\u00f5es que marcaram nossa hist\u00f3ria<\/p>\n<p style=\"text-align: justify\">A palestra mostra a evolu\u00e7\u00e3o do conhecimento humano sobre o universo, evidenciando as principais contribui\u00e7\u00f5es de diversas civiliza\u00e7\u00f5es desde a China, passando pela mesopot\u00e2mia, os povos ind\u00edgenas, at\u00e9 a idade contempor\u00e2nea. Destaca ainda os principais personagens envolvidos nesse contexto. Isto tudo, levando em considera\u00e7\u00e3o o anacronismo presente nos registros hist\u00f3ricos relacionados \u00e0 astronomia.<\/p>\n<p>Estrelas<\/p>\n<p style=\"text-align: justify\">Numa noite escura e estrelada, podemos ver diretamente com nossos olhos, mais de tr\u00eas mil estrelas. Apesar de parecerem eternas, estrelas nascem, evoluem e morrem. Isso mesmo, elas t\u00eam um ciclo de vida! Nesta palestra apresentaremos cada um dos seus est\u00e1gios de vida. Mostraremos qual a rela\u00e7\u00e3o disso com com o seu tamanho e cor, e ainda como \u00e9 o final catastr\u00f3fico da vida de uma estrela.<\/p>\n<p>Gal\u00e1xias<\/p>\n<p style=\"text-align: justify\">Essa palestra aborda assuntos b\u00e1sicos sobre gal\u00e1xias.\u00a0Destinado para alunos do ensino fundamental e m\u00e9dio. Neste material introdut\u00f3rio, iremos descobrir o que \u00e9 uma gal\u00e1xia, do que ela \u00e9 feita, quais os tipos que existem, suas estruturas e algumas curiosidades sobre esses incr\u00edveis e misteriosos objetos que habitam o espa\u00e7o.<\/p>\n<p>Telesc\u00f3pios &#8211; \u00a0O universo com outros olhos<\/p>\n<p style=\"text-align: justify\">Olhar para lua e ver suas crateras, sua superf\u00edcie, observar a din\u00e2mica dos planetas do sistemas solar, apreciar outros astros muito distantes e suas particularidades, essa \u00e9 a experiencia que se tem ao observar ao telesc\u00f3pio. Mas como isso \u00e9 poss\u00edvel? Nessa palestra ser\u00e3o\u00a0mostradas as principais caracter\u00edsticas de um telesc\u00f3pio \u00f3ptico, bem como os diferentes tipos, e como essas caracter\u00edsticas determinam a imagem que vemos. Isto permitir\u00e1 identificar as possibilidades e limita\u00e7\u00f5es de cada instrumento, levando \u00e0 uma experiencia muito mais completa durante uma observa\u00e7\u00e3o.<\/p>\n<p><!-- Do not change the code! --><\/p>\n","protected":false},"excerpt":{"rendered":"<p>As palestras s\u00e3o apresentadas por membros do CAUTEC, com linguagem acess\u00edvel e recursos multim\u00eddia. Para visitas de escolas, o professor deve escolher um dos temas listados abaixo. Os interessados devem entrar com contato conosco atrav\u00e9s do nosso formul\u00e1rio de contato, ou enviar um e-mail para: cautecutfpr@gmail.com Recomendamos fortemente que o professor trabalhe previamente alguns dos&hellip;&nbsp;<a href=\"https:\/\/utfpr.curitiba.br\/cautec\/?page_id=3437\" rel=\"bookmark\">Continue a ler &raquo;<span class=\"screen-reader-text\">Palestras<\/span><\/a><\/p>\n","protected":false},"author":2,"featured_media":0,"parent":0,"menu_order":0,"comment_status":"closed","ping_status":"closed","template":"","meta":{"neve_meta_sidebar":"","neve_meta_container":"","neve_meta_enable_content_width":"","neve_meta_content_width":0,"neve_meta_title_alignment":"","neve_meta_author_avatar":"","neve_post_elements_order":"","neve_meta_disable_header":"","neve_meta_disable_footer":"","neve_meta_disable_title":"","footnotes":""},"class_list":["post-3437","page","type-page","status-publish","hentry"],"_links":{"self":[{"href":"https:\/\/utfpr.curitiba.br\/cautec\/index.php?rest_route=\/wp\/v2\/pages\/3437","targetHints":{"allow":["GET"]}}],"collection":[{"href":"https:\/\/utfpr.curitiba.br\/cautec\/index.php?rest_route=\/wp\/v2\/pages"}],"about":[{"href":"https:\/\/utfpr.curitiba.br\/cautec\/index.php?rest_route=\/wp\/v2\/types\/page"}],"author":[{"embeddable":true,"href":"https:\/\/utfpr.curitiba.br\/cautec\/index.php?rest_route=\/wp\/v2\/users\/2"}],"replies":[{"embeddable":true,"href":"https:\/\/utfpr.curitiba.br\/cautec\/index.php?rest_route=%2Fwp%2Fv2%2Fcomments&post=3437"}],"version-history":[{"count":42,"href":"https:\/\/utfpr.curitiba.br\/cautec\/index.php?rest_route=\/wp\/v2\/pages\/3437\/revisions"}],"predecessor-version":[{"id":4441,"href":"https:\/\/utfpr.curitiba.br\/cautec\/index.php?rest_route=\/wp\/v2\/pages\/3437\/revisions\/4441"}],"wp:attachment":[{"href":"https:\/\/utfpr.curitiba.br\/cautec\/index.php?rest_route=%2Fwp%2Fv2%2Fmedia&parent=3437"}],"curies":[{"name":"wp","href":"https:\/\/api.w.org\/{rel}","templated":true}]}}