{"id":3372,"date":"2015-12-05T01:24:16","date_gmt":"2015-12-05T04:24:16","guid":{"rendered":"http:\/\/cautec.ct.utfpr.edu.br\/?page_id=3372"},"modified":"2026-03-19T19:04:32","modified_gmt":"2026-03-19T22:04:32","slug":"equipe","status":"publish","type":"page","link":"https:\/\/utfpr.curitiba.br\/cautec\/?page_id=3372","title":{"rendered":"Equipe"},"content":{"rendered":"\t\t<div data-elementor-type=\"wp-page\" data-elementor-id=\"3372\" class=\"elementor elementor-3372\">\n\t\t\t\t\t\t<section class=\"elementor-section elementor-top-section elementor-element elementor-element-5cff9340 elementor-section-boxed elementor-section-height-default elementor-section-height-default\" data-id=\"5cff9340\" data-element_type=\"section\" data-e-type=\"section\">\n\t\t\t\t\t\t<div class=\"elementor-container elementor-column-gap-default\">\n\t\t\t\t\t<div class=\"elementor-column elementor-col-100 elementor-top-column elementor-element elementor-element-6ed968f2\" data-id=\"6ed968f2\" data-element_type=\"column\" data-e-type=\"column\">\n\t\t\t<div class=\"elementor-widget-wrap elementor-element-populated\">\n\t\t\t\t\t\t<div class=\"elementor-element elementor-element-a0349a2 elementor-widget elementor-widget-text-editor\" data-id=\"a0349a2\" data-element_type=\"widget\" data-e-type=\"widget\" data-widget_type=\"text-editor.default\">\n\t\t\t\t<div class=\"elementor-widget-container\">\n\t\t\t\t\t\t\t\t\tO Clube de Astronomia da UTFPR (CAUTEC), \u00e9 dirigido pelos seguintes integrantes.\n\n<big>Prof. Dr. Felipe Braga Ribas<\/big>\nCoordenador (2015 &#8211; 2018)\nfribas@utfpr.edu.br\nPer\u00edodo de contribui\u00e7\u00e3o: 2015 &#8211; Atual\n\n<big>Prof. Dr. Alexandre Tuoto Mello<\/big>\nCoordenador (2019 &#8211; atual)\najmello@utfpr.edu.br\nPer\u00edodo de contribui\u00e7\u00e3o: 2015 &#8211; Atual\n\n<big>Prof. Dr. Bertoldo Schneider Jr<\/big>\nEx-Coordenador\nbertoldo@utfpr.edu.br\nPer\u00edodo de contribui\u00e7\u00e3o: 1989 &#8211; Atual\n\n<big>Alexandre Crispim<\/big>\nVolunt\u00e1rio\nalexandrecrispim@aluno.utfpr.edu.br\nPer\u00edodo de contribui\u00e7\u00e3o: 2015 &#8211; Atual\n\n<big>Derlei Silva<\/big>\nVolunt\u00e1rio\nderleis@aluno.utfpr.edu.br\nPer\u00edodo de contribui\u00e7\u00e3o: 2015 &#8211; 2020\n\n<big>Vinicius Freire Fochesatto<\/big>\nVolunt\u00e1rio\nfochesatto@alunos.utfpr.edu.br\nPer\u00edodo de contribui\u00e7\u00e3o: 2017 &#8211; Atual\n\n<big>Wellington Gomes Ferrante<\/big>\nBolsista\nwellingtonferrante@gmail.com\nPer\u00edodo de contribui\u00e7\u00e3o: 2015 &#8211; Atual\n<p style=\"text-align: center\"><span style=\"font-size: 14pt\"><strong>Outros Colaboradores<\/strong><\/span><\/p>\n<span style=\"font-size: 14pt\"><strong>Ex. Coorderadores do CAUTEC:<\/strong><\/span>\n\n<span style=\"font-size: 14pt\">Prof. Dr. Felipe Braga Ribas<\/span>\n\nProf. Dr. Bertoldo Schneider Jr.\n\n<span style=\"font-size: 14pt\">Prof. S\u00e9rgio Luiz Chautard;<\/span>\n<span style=\"font-size: 14pt\"> Prof. \u00c1lvaro Stelle;<\/span>\n<span style=\"font-size: 14pt\"> Prof. Eduardo Magalh\u00e3es Lima;<\/span>\n<span style=\"font-size: 14pt\"> Prof. Ari Alberto Ruschel.<\/span>\n\n<span style=\"font-size: 14pt\"><strong>Colaboradores:<\/strong><\/span>\n\n<span style=\"font-size: 14pt\">Prof. Me.\u00a0Elton Dias Jr;\nCamila Durdyn;\nDiego Braznick;\nEduardo Werlang;\nJuliana Thaler;\nLucas Pereira Luiz;\n<\/span><span style=\"font-size: 14pt\">Luisa Bonin;<\/span>\n<span style=\"font-size: 14pt\"> Raul Schubert;\nThais Couto;\n<\/span>\t\t\t\t\t\t\t\t<\/div>\n\t\t\t\t<\/div>\n\t\t\t\t\t<\/div>\n\t\t<\/div>\n\t\t\t\t\t<\/div>\n\t\t<\/section>\n\t\t\t\t<section class=\"elementor-section elementor-top-section elementor-element elementor-element-93b030b elementor-section-boxed elementor-section-height-default elementor-section-height-default\" data-id=\"93b030b\" data-element_type=\"section\" data-e-type=\"section\">\n\t\t\t\t\t\t<div class=\"elementor-container elementor-column-gap-default\">\n\t\t\t\t\t<div class=\"elementor-column elementor-col-100 elementor-top-column elementor-element elementor-element-2c22a33\" data-id=\"2c22a33\" data-element_type=\"column\" data-e-type=\"column\">\n\t\t\t<div class=\"elementor-widget-wrap elementor-element-populated\">\n\t\t\t\t\t\t<div class=\"elementor-element elementor-element-ab8da55 elementor-widget elementor-widget-heading\" data-id=\"ab8da55\" data-element_type=\"widget\" data-e-type=\"widget\" data-widget_type=\"heading.default\">\n\t\t\t\t<div class=\"elementor-widget-container\">\n\t\t\t\t\t<h2 class=\"elementor-heading-title elementor-size-default\">Equipe Principal:<\/h2>\t\t\t\t<\/div>\n\t\t\t\t<\/div>\n\t\t\t\t\t<\/div>\n\t\t<\/div>\n\t\t\t\t\t<\/div>\n\t\t<\/section>\n\t\t\t\t<section class=\"elementor-section elementor-top-section elementor-element elementor-element-844696f elementor-section-boxed elementor-section-height-default elementor-section-height-default\" data-id=\"844696f\" data-element_type=\"section\" data-e-type=\"section\">\n\t\t\t\t\t\t<div class=\"elementor-container elementor-column-gap-default\">\n\t\t\t\t\t<div class=\"elementor-column elementor-col-100 elementor-top-column elementor-element elementor-element-5f90329\" data-id=\"5f90329\" data-element_type=\"column\" data-e-type=\"column\">\n\t\t\t<div class=\"elementor-widget-wrap elementor-element-populated\">\n\t\t\t\t\t\t<div class=\"elementor-element elementor-element-60c138d elementor-widget elementor-widget-text-editor\" data-id=\"60c138d\" data-element_type=\"widget\" data-e-type=\"widget\" data-widget_type=\"text-editor.default\">\n\t\t\t\t<div class=\"elementor-widget-container\">\n\t\t\t\t\t\t\t\t\t<p><big>Prof. Dr. Alexandre Tuoto Mello<\/big><br \/><span style=\"text-decoration: underline\"><strong>Coordenador<\/strong><\/span> (2019 \u2013 atual)<br \/>ajmello@utfpr.edu.br<br \/>Per\u00edodo de contribui\u00e7\u00e3o: 2015 \u2013 Atual<\/p>\t\t\t\t\t\t\t\t<\/div>\n\t\t\t\t<\/div>\n\t\t\t\t\t<\/div>\n\t\t<\/div>\n\t\t\t\t\t<\/div>\n\t\t<\/section>\n\t\t\t\t<section class=\"elementor-section elementor-top-section elementor-element elementor-element-b9f729b elementor-section-boxed elementor-section-height-default elementor-section-height-default\" data-id=\"b9f729b\" data-element_type=\"section\" data-e-type=\"section\">\n\t\t\t\t\t\t<div class=\"elementor-container elementor-column-gap-default\">\n\t\t\t\t\t<div class=\"elementor-column elementor-col-50 elementor-top-column elementor-element elementor-element-4e890ec\" data-id=\"4e890ec\" data-element_type=\"column\" data-e-type=\"column\">\n\t\t\t<div class=\"elementor-widget-wrap elementor-element-populated\">\n\t\t\t\t\t\t<div class=\"elementor-element elementor-element-3c3ee01 elementor-widget elementor-widget-text-editor\" data-id=\"3c3ee01\" data-element_type=\"widget\" data-e-type=\"widget\" data-widget_type=\"text-editor.default\">\n\t\t\t\t<div class=\"elementor-widget-container\">\n\t\t\t\t\t\t\t\t\t<p><b><strong><big>Elis Pinheiro Almeida<\/big><\/strong><br \/>Comiss\u00f5es:<\/b> Planejamento de eventos (2025 \u2013 Atualmente)<br \/><span data-sheets-root=\"1\">elispinheiro@alunos.utfpr.edu.br<\/span><br \/>Per\u00edodo de contribui\u00e7\u00e3o: 2025 \u2013 Atualmente<\/p>\t\t\t\t\t\t\t\t<\/div>\n\t\t\t\t<\/div>\n\t\t\t\t<div class=\"elementor-element elementor-element-818d100 elementor-widget elementor-widget-text-editor\" data-id=\"818d100\" data-element_type=\"widget\" data-e-type=\"widget\" data-widget_type=\"text-editor.default\">\n\t\t\t\t<div class=\"elementor-widget-container\">\n\t\t\t\t\t\t\t\t\t<p><b><strong><big>Gustavo Gon\u00e7alves<\/big><\/strong><\/b><br \/><b>Comiss\u00f5es:<\/b> <span data-sheets-root=\"1\">Integra\u00e7\u00e3o com a Pesquisa<\/span> (2018 \u2013 Atualmente)<br \/><span data-sheets-root=\"1\">goncalvesg@alunos.utfpr.edu.br<\/span><br \/>Per\u00edodo de contribui\u00e7\u00e3o: 2018 \u2013 Atualmente<\/p>\t\t\t\t\t\t\t\t<\/div>\n\t\t\t\t<\/div>\n\t\t\t\t<div class=\"elementor-element elementor-element-fef74cc elementor-widget elementor-widget-text-editor\" data-id=\"fef74cc\" data-element_type=\"widget\" data-e-type=\"widget\" data-widget_type=\"text-editor.default\">\n\t\t\t\t<div class=\"elementor-widget-container\">\n\t\t\t\t\t\t\t\t\t<p><b><strong><big><span data-sheets-root=\"1\">Luana Setlik Block <\/span><\/big><\/strong><\/b><br \/><b>Comiss\u00f5es:<\/b> <span data-sheets-root=\"1\">Planejamento de Intera\u00e7\u00e3o com Escolas &amp; Integra\u00e7\u00e3o com a Gradua\u00e7\u00e3o<\/span> (2025 \u2013 Atualmente)<br \/><span data-sheets-root=\"1\">luanablock@alunos.utfpr.edu.br<\/span><br \/>Per\u00edodo de contribui\u00e7\u00e3o: 2025 \u2013 Atualmente<\/p>\t\t\t\t\t\t\t\t<\/div>\n\t\t\t\t<\/div>\n\t\t\t\t<div class=\"elementor-element elementor-element-ee98eb8 elementor-widget elementor-widget-text-editor\" data-id=\"ee98eb8\" data-element_type=\"widget\" data-e-type=\"widget\" data-widget_type=\"text-editor.default\">\n\t\t\t\t<div class=\"elementor-widget-container\">\n\t\t\t\t\t\t\t\t\t<p style=\"text-align: left\"><b><strong><big><span data-sheets-root=\"1\">Luis Felipe<\/span><\/big><\/strong><\/b><br \/><b>Comiss\u00f5es:<\/b> <span data-sheets-root=\"1\">Website<\/span>\u00a0(2025 \u2013 Atualmente)<br \/><span data-sheets-root=\"1\">luicam@alunos.utfpr.edu.br<\/span><br \/>Per\u00edodo de contribui\u00e7\u00e3o: 2025 \u2013 Atualmente<\/p>\t\t\t\t\t\t\t\t<\/div>\n\t\t\t\t<\/div>\n\t\t\t\t<div class=\"elementor-element elementor-element-a69a810 elementor-widget elementor-widget-text-editor\" data-id=\"a69a810\" data-element_type=\"widget\" data-e-type=\"widget\" data-widget_type=\"text-editor.default\">\n\t\t\t\t<div class=\"elementor-widget-container\">\n\t\t\t\t\t\t\t\t\t<p style=\"text-align: left\"><b><strong><big><span data-sheets-root=\"1\">Wellington Gomes Ferrante<\/span><\/big><\/strong><\/b><br \/><b>Membro Honor\u00e1rio<\/b><br \/><span data-sheets-root=\"1\">wellingtonferrante@gmail.com<\/span><br \/>Per\u00edodo de contribui\u00e7\u00e3o: 2015 \u2013 2023<\/p>\t\t\t\t\t\t\t\t<\/div>\n\t\t\t\t<\/div>\n\t\t\t\t\t<\/div>\n\t\t<\/div>\n\t\t\t\t<div class=\"elementor-column elementor-col-50 elementor-top-column elementor-element elementor-element-1fcf92d\" data-id=\"1fcf92d\" data-element_type=\"column\" data-e-type=\"column\">\n\t\t\t<div class=\"elementor-widget-wrap elementor-element-populated\">\n\t\t\t\t\t\t<div class=\"elementor-element elementor-element-f8430c9 elementor-widget elementor-widget-text-editor\" data-id=\"f8430c9\" data-element_type=\"widget\" data-e-type=\"widget\" data-widget_type=\"text-editor.default\">\n\t\t\t\t<div class=\"elementor-widget-container\">\n\t\t\t\t\t\t\t\t\t<p style=\"text-align: left\"><strong><big>Emilly Romeiro<\/big><\/strong><br \/><b>Comiss\u00f5es:<\/b> Gerenciamento de Redes Sociais (2025 \u2013 Atualmente)<br \/><span data-sheets-root=\"1\">emillyromeiros@gmail.com<\/span><br \/>Per\u00edodo de contribui\u00e7\u00e3o: 2025 \u2013 Atualmente<\/p>\t\t\t\t\t\t\t\t<\/div>\n\t\t\t\t<\/div>\n\t\t\t\t<div class=\"elementor-element elementor-element-5f9ce21 elementor-widget elementor-widget-text-editor\" data-id=\"5f9ce21\" data-element_type=\"widget\" data-e-type=\"widget\" data-widget_type=\"text-editor.default\">\n\t\t\t\t<div class=\"elementor-widget-container\">\n\t\t\t\t\t\t\t\t\t<p style=\"text-align: left\"><b><strong><big>Leonardo Jord\u00e3o de Souza<\/big><\/strong><\/b><br \/><b>Comiss\u00f5es:<\/b> <span data-sheets-root=\"1\">Gerenciamento de Base de Conhecimento<\/span> (2025 \u2013 Atualmente)<br \/><span data-sheets-root=\"1\">souzal.2024@alunos.utfpr.edu.br<\/span><br \/>Per\u00edodo de contribui\u00e7\u00e3o: 2025 \u2013 Atualmente<\/p>\t\t\t\t\t\t\t\t<\/div>\n\t\t\t\t<\/div>\n\t\t\t\t<div class=\"elementor-element elementor-element-7110792 elementor-widget elementor-widget-text-editor\" data-id=\"7110792\" data-element_type=\"widget\" data-e-type=\"widget\" data-widget_type=\"text-editor.default\">\n\t\t\t\t<div class=\"elementor-widget-container\">\n\t\t\t\t\t\t\t\t\t<p style=\"text-align: left\"><b><strong><big><span data-sheets-root=\"1\">Lu\u00eds Eduardo Gomes<\/span><\/big><\/strong><\/b><br \/><b>Comiss\u00f5es:<\/b> <span data-sheets-root=\"1\">Produ\u00e7\u00e3o material 3D<\/span> (2025 \u2013 Atualmente)<br \/><span data-sheets-root=\"1\">luiseduardogomes@alunos.utfpr.edu.br<\/span><br \/>Per\u00edodo de contribui\u00e7\u00e3o: 2025 \u2013 Atualmente<\/p>\t\t\t\t\t\t\t\t<\/div>\n\t\t\t\t<\/div>\n\t\t\t\t<div class=\"elementor-element elementor-element-c15aba5 elementor-widget elementor-widget-text-editor\" data-id=\"c15aba5\" data-element_type=\"widget\" data-e-type=\"widget\" data-widget_type=\"text-editor.default\">\n\t\t\t\t<div class=\"elementor-widget-container\">\n\t\t\t\t\t\t\t\t\t<p style=\"text-align: left\"><b><strong><big><span data-sheets-root=\"1\">Thallyta Viana<\/span><\/big><\/strong><\/b><br \/><b>Comiss\u00f5es:<\/b> <span data-sheets-root=\"1\">Produ\u00e7\u00e3o de Material Did\u00e1tico e Gr\u00e1fico<\/span>\u00a0(2025 \u2013 Atualmente)<br \/><span data-sheets-root=\"1\">thallyta@alunos.utfpr.edu.br<\/span><br \/>Per\u00edodo de contribui\u00e7\u00e3o: 2025 \u2013 Atualmente<\/p>\t\t\t\t\t\t\t\t<\/div>\n\t\t\t\t<\/div>\n\t\t\t\t<div class=\"elementor-element elementor-element-5e3b193 elementor-widget elementor-widget-text-editor\" data-id=\"5e3b193\" data-element_type=\"widget\" data-e-type=\"widget\" data-widget_type=\"text-editor.default\">\n\t\t\t\t<div class=\"elementor-widget-container\">\n\t\t\t\t\t\t\t\t\t<p><b><strong><big><span data-sheets-root=\"1\">Vinicius &#8220;Michael&#8221; F.<\/span><\/big><\/strong><\/b><br \/><b>Membro Honor\u00e1rio<\/b><br \/><span data-sheets-root=\"1\">fochesatto@alunos.utfpr.edu.br<\/span><br \/>Per\u00edodo de contribui\u00e7\u00e3o: 2017 \u2013 2024<\/p>\t\t\t\t\t\t\t\t<\/div>\n\t\t\t\t<\/div>\n\t\t\t\t\t<\/div>\n\t\t<\/div>\n\t\t\t\t\t<\/div>\n\t\t<\/section>\n\t\t\t\t<section class=\"elementor-section elementor-top-section elementor-element elementor-element-748fb90 elementor-section-boxed elementor-section-height-default elementor-section-height-default\" data-id=\"748fb90\" data-element_type=\"section\" data-e-type=\"section\">\n\t\t\t\t\t\t<div class=\"elementor-container elementor-column-gap-default\">\n\t\t\t\t\t<div class=\"elementor-column elementor-col-100 elementor-top-column elementor-element elementor-element-b0cc728\" data-id=\"b0cc728\" data-element_type=\"column\" data-e-type=\"column\">\n\t\t\t<div class=\"elementor-widget-wrap\">\n\t\t\t\t\t\t\t<\/div>\n\t\t<\/div>\n\t\t\t\t\t<\/div>\n\t\t<\/section>\n\t\t\t\t<\/div>\n\t\t","protected":false},"excerpt":{"rendered":"<p>O Clube de Astronomia da UTFPR (CAUTEC), \u00e9 dirigido pelos seguintes integrantes. Prof. Dr. Felipe Braga Ribas Coordenador (2015 &#8211; 2018) fribas@utfpr.edu.br Per\u00edodo de contribui\u00e7\u00e3o: 2015 &#8211; Atual Prof. Dr. Alexandre Tuoto Mello Coordenador (2019 &#8211; atual) ajmello@utfpr.edu.br Per\u00edodo de contribui\u00e7\u00e3o: 2015 &#8211; Atual Prof. Dr. Bertoldo Schneider Jr Ex-Coordenador bertoldo@utfpr.edu.br Per\u00edodo de contribui\u00e7\u00e3o: 1989&hellip;&nbsp;<a href=\"https:\/\/utfpr.curitiba.br\/cautec\/?page_id=3372\" rel=\"bookmark\">Continue a ler &raquo;<span class=\"screen-reader-text\">Equipe<\/span><\/a><\/p>\n","protected":false},"author":2,"featured_media":0,"parent":0,"menu_order":0,"comment_status":"closed","ping_status":"closed","template":"","meta":{"neve_meta_sidebar":"","neve_meta_container":"","neve_meta_enable_content_width":"","neve_meta_content_width":0,"neve_meta_title_alignment":"","neve_meta_author_avatar":"","neve_post_elements_order":"","neve_meta_disable_header":"","neve_meta_disable_footer":"","neve_meta_disable_title":"","footnotes":""},"class_list":["post-3372","page","type-page","status-publish","hentry"],"_links":{"self":[{"href":"https:\/\/utfpr.curitiba.br\/cautec\/index.php?rest_route=\/wp\/v2\/pages\/3372","targetHints":{"allow":["GET"]}}],"collection":[{"href":"https:\/\/utfpr.curitiba.br\/cautec\/index.php?rest_route=\/wp\/v2\/pages"}],"about":[{"href":"https:\/\/utfpr.curitiba.br\/cautec\/index.php?rest_route=\/wp\/v2\/types\/page"}],"author":[{"embeddable":true,"href":"https:\/\/utfpr.curitiba.br\/cautec\/index.php?rest_route=\/wp\/v2\/users\/2"}],"replies":[{"embeddable":true,"href":"https:\/\/utfpr.curitiba.br\/cautec\/index.php?rest_route=%2Fwp%2Fv2%2Fcomments&post=3372"}],"version-history":[{"count":48,"href":"https:\/\/utfpr.curitiba.br\/cautec\/index.php?rest_route=\/wp\/v2\/pages\/3372\/revisions"}],"predecessor-version":[{"id":9001,"href":"https:\/\/utfpr.curitiba.br\/cautec\/index.php?rest_route=\/wp\/v2\/pages\/3372\/revisions\/9001"}],"wp:attachment":[{"href":"https:\/\/utfpr.curitiba.br\/cautec\/index.php?rest_route=%2Fwp%2Fv2%2Fmedia&parent=3372"}],"curies":[{"name":"wp","href":"https:\/\/api.w.org\/{rel}","templated":true}]}}