{"id":3339,"date":"2015-11-30T21:08:25","date_gmt":"2015-12-01T00:08:25","guid":{"rendered":"http:\/\/localhost\/wordpress\/?page_id=3339"},"modified":"2024-11-06T16:35:43","modified_gmt":"2024-11-06T19:35:43","slug":"equipamentos","status":"publish","type":"page","link":"https:\/\/utfpr.curitiba.br\/cautec\/?page_id=3339","title":{"rendered":"Equipamentos"},"content":{"rendered":"<p>O Clube de Astronomia da UTFPR (CAUTEC), possui os seguintes equipamentos.<\/p>\n<p><big>Celestron CPC Series 800<\/big><br \/>\nDesign: Schmidt-Cassegrain Catadioptric<br \/>\nAbertura: 8&#8243; (203.2mm)<br \/>\nDistancia Focal: 2032mm<br \/>\nAmplia\u00e7\u00e3o m\u00e1xima \u00fatil: 480x<br \/>\nC\/ GOTO<\/p>\n<p>Acess\u00f3rios Celestron CPC 800<\/p>\n<p>Oculares<\/p>\n<p>42mm 1.25;<br \/>\n30mm 1.25;<br \/>\n25mm 1.25;<br \/>\n15mm 1.25;<br \/>\n09mm 1.25;<br \/>\n04mm 1.25.<\/p>\n<p>Filtros<\/p>\n<p>Filtro Azul;<br \/>\nFiltro Vermelho;<br \/>\nFiltro Azul;<br \/>\nFiltro Laranja;<br \/>\nFiltro Amarelo;<br \/>\nFiltro Azul Claro.<\/p>\n<p>Adaptadores<\/p>\n<p>Adaptador T2;<br \/>\nAdaptador Canon;<br \/>\nAdaptador Nikon.<\/p>\n<p>Outros<\/p>\n<p>Filtro Solar Baader;<br \/>\nSuporte para C\u00e2meras compactas;<br \/>\nBuscadora Laser.<\/p>\n<p><big>Criterion &#8211; Dynamax 8<\/big><br \/>\nDesign: Schmidt-Cassegrain Catadioptric<br \/>\nAbertura: 8\u2033 (203mm)<br \/>\nDistancia Focal: 2110mm<br \/>\nAmplia\u00e7\u00e3o m\u00e1xima \u00fatil: 500x<\/p>\n<p>Acess\u00f3rios Criterion &#8211; Dynamax 8<\/p>\n<p>Oculares<\/p>\n<p>42mm 1.25;<br \/>\n30mm 1.25;<br \/>\n25mm 1.25;<br \/>\n15mm 1.25;<br \/>\n09mm 1.25;<br \/>\n04mm 1.25.<\/p>\n<p>Filtros<\/p>\n<p>Filtro Azul;<br \/>\nFiltro Vermelho;<br \/>\nFiltro Azul;<br \/>\nFiltro Laranja;<br \/>\nFiltro Amarelo;<br \/>\nFiltro Azul Claro.<\/p>\n<p>Adaptadores<\/p>\n<p>Adaptador T2;<br \/>\nAdaptador Canon;<br \/>\nAdaptador Nikon.<\/p>\n<p>Outros<\/p>\n<p>Filtro Solar Baader;<br \/>\nSuporte para C\u00e2meras compactas;<br \/>\nBuscadora Laser.<\/p>\n<p><big>Canon EOS700D<\/big><\/p>\n<p>Sensor: CMOS de 22,3 mm x 14,9 mm<br \/>\nResolu\u00e7\u00e3o: 18 megapixels<br \/>\nISO: 100 a 25600<br \/>\nVelocidades de Obturador: 1\/4000 &#8211; 30 segundos<\/p>\n<p><big>Losmandy G11<\/big><br \/>\nConfigura\u00e7\u00f5es de acompanhamento: Sideral, Sideral especial, Luna e Solar<br \/>\nSuporta at\u00e9 30kg<br \/>\nContra peso de 10kg<br \/>\nCorre\u00e7\u00e3o de erro periodico (PEC)<\/p>\n","protected":false},"excerpt":{"rendered":"<p>O Clube de Astronomia da UTFPR (CAUTEC), possui os seguintes equipamentos. Celestron CPC Series 800 Design: Schmidt-Cassegrain Catadioptric Abertura: 8&#8243; (203.2mm) Distancia Focal: 2032mm Amplia\u00e7\u00e3o m\u00e1xima \u00fatil: 480x C\/ GOTO Acess\u00f3rios Celestron CPC 800 Oculares 42mm 1.25; 30mm 1.25; 25mm 1.25; 15mm 1.25; 09mm 1.25; 04mm 1.25. Filtros Filtro Azul; Filtro Vermelho; Filtro Azul; Filtro&hellip;&nbsp;<a href=\"https:\/\/utfpr.curitiba.br\/cautec\/?page_id=3339\" rel=\"bookmark\">Continue a ler &raquo;<span class=\"screen-reader-text\">Equipamentos<\/span><\/a><\/p>\n","protected":false},"author":2,"featured_media":0,"parent":0,"menu_order":0,"comment_status":"closed","ping_status":"closed","template":"","meta":{"neve_meta_sidebar":"","neve_meta_container":"","neve_meta_enable_content_width":"","neve_meta_content_width":0,"neve_meta_title_alignment":"","neve_meta_author_avatar":"","neve_post_elements_order":"","neve_meta_disable_header":"","neve_meta_disable_footer":"","neve_meta_disable_title":"","footnotes":""},"class_list":["post-3339","page","type-page","status-publish","hentry"],"_links":{"self":[{"href":"https:\/\/utfpr.curitiba.br\/cautec\/index.php?rest_route=\/wp\/v2\/pages\/3339","targetHints":{"allow":["GET"]}}],"collection":[{"href":"https:\/\/utfpr.curitiba.br\/cautec\/index.php?rest_route=\/wp\/v2\/pages"}],"about":[{"href":"https:\/\/utfpr.curitiba.br\/cautec\/index.php?rest_route=\/wp\/v2\/types\/page"}],"author":[{"embeddable":true,"href":"https:\/\/utfpr.curitiba.br\/cautec\/index.php?rest_route=\/wp\/v2\/users\/2"}],"replies":[{"embeddable":true,"href":"https:\/\/utfpr.curitiba.br\/cautec\/index.php?rest_route=%2Fwp%2Fv2%2Fcomments&post=3339"}],"version-history":[{"count":19,"href":"https:\/\/utfpr.curitiba.br\/cautec\/index.php?rest_route=\/wp\/v2\/pages\/3339\/revisions"}],"predecessor-version":[{"id":4443,"href":"https:\/\/utfpr.curitiba.br\/cautec\/index.php?rest_route=\/wp\/v2\/pages\/3339\/revisions\/4443"}],"wp:attachment":[{"href":"https:\/\/utfpr.curitiba.br\/cautec\/index.php?rest_route=%2Fwp%2Fv2%2Fmedia&parent=3339"}],"curies":[{"name":"wp","href":"https:\/\/api.w.org\/{rel}","templated":true}]}}