{"id":3246,"date":"2024-10-30T09:29:33","date_gmt":"2024-10-30T12:29:33","guid":{"rendered":"http:\/\/localhost\/wordpress\/?page_id=3246"},"modified":"2024-11-06T15:46:37","modified_gmt":"2024-11-06T18:46:37","slug":"historico","status":"publish","type":"page","link":"https:\/\/utfpr.curitiba.br\/cautec\/?page_id=3246","title":{"rendered":"Hist\u00f3rico"},"content":{"rendered":"<p style=\"text-align: justify\">O Clube de ASTRONOMIA da UTFPR (Universidade Tecnol\u00f3gica Federal do Paran\u00e1), CAUTEC, re\u00fane professores, alunos e servidores da UTFPR e outros interessados em Astronomia ou ci\u00eancias afins, tendo como objetivo o aprendizado, a satisfa\u00e7\u00e3o da curiosidade, o estudo e a divulga\u00e7\u00e3o dos assuntos relacionados com a Astronomia.<\/p>\n<p style=\"text-align: justify\">Hist\u00f3ria da sigla: Com a mudan\u00e7a de denomina\u00e7\u00e3o para UTFPR, o Clube de Astronomia, anteriormente denominado CACEFET, passa a se chamar CAUTEC, Clube de Astronomia da Universidade Tecnol\u00f3gica Federal do Paran\u00e1. Por meio de v\u00e1rias atividades extraclasse, culturais e de extens\u00e3o, o Clube de Astronomia, vinculado historicamente ao Departamento Acad\u00eamico de Eletr\u00f4nica, alia objetivos educativo-profissionais ao desenvolvimento art\u00edstico e emocional, procurando oferecer oportunidades de integra\u00e7\u00e3o de seus alunos, professores e servidores t\u00e9cnicos-administrativos com a comunidade.<\/p>\n<p style=\"text-align: justify\">Hist\u00f3rico: Entre 1953 e 1954 um grupo de entusiastas fundou, em reuni\u00f5es realizadas na Biblioteca P\u00fablica do Paran\u00e1, a Sociedade de Astr\u00f4nomos Amadores de Curitiba (S.A.A.). Destacam-se do grupo os professores S\u00e9rgio Luiz Chautard (da antiga Escola T\u00e9cnica Federal do\u00a0Paran\u00e1, hoje UTFPR) e Jos\u00e9 Manoel Luis da Silva (do Col\u00e9gio Estadual do Paran\u00e1, PLANET\u00c1RIO\/OACEP\/CACEP). Desde 1971, com uma luneta particular, o professor Chautard criava atividades de Astronomia sobre o teto do pr\u00e9dio da Eletr\u00f4nica da UTFPR, para as dezenas de pessoas que sempre o procuravam. Chautard tinha um sonho, o projeto C.R.I.E. (Centro de Criatividade, Integra\u00e7\u00e3o e Experi\u00eancia), direcionado aos alunos do antigo curso t\u00e9cnico (\u201cpara os Pardais e Peninhas\u201d, como dizia) que envolvia Astronomia, Polimento e Eletricidade. Atrav\u00e9s de um projeto, em 1980 pela Associa\u00e7\u00e3o de Pais e Professores (APP), conseguiu importar um telesc\u00f3pio CELESTRON 8\u2033 Schimidt-Cassegrain. Desde l\u00e1 os professores \u00c1lvaro Stelle, Eduardo Magalh\u00e3es Lima e Ari Alberto Ruschel coordenaram o Clube. O prof. Bertoldo Schneider Jr. coordenou o clube de 1989 at\u00e9 2015. Em agosto de 2015, a coordena\u00e7\u00e3o\u00a0foi assumida pelo professor do Departamento Acad\u00eamico de F\u00edsica (DAFIS), Prof. Dr. Felipe Braga Ribas, com grande contentamento dos antigos e novos membros e coordenadores.<\/p>\n<p style=\"text-align: justify\">Destacam-se do Clube a cria\u00e7\u00e3o de v\u00e1rios rel\u00f3gios de Sol, mapas celestes, material did\u00e1tico, projetos para exposi\u00e7\u00f5es t\u00e9cnicas, textos did\u00e1ticos, astrofotos, observa\u00e7\u00f5es de campo (Eclipse solar de 1994, em Medianeira; Eclipse Solar total de 1998, Aruba; Cometas Hyakutake,\u00a0Hale-Bopp, McNaught e outros; documenta\u00e7\u00e3o dos Tr\u00e2nsitos de V\u00eanus e Merc\u00fario pelo Sol; 13 anos de observa\u00e7\u00e3o de chuvas de meteoros (leon\u00eddeos) e observa\u00e7\u00e3o de flares, oculta\u00e7\u00f5es passagens entre outros itens do c\u00e9u, tr\u00eas a quatro cursos anuais de Astronomia B\u00e1sica para\u00a0professores e alunos interessados, participa\u00e7\u00e3o da Olimp\u00edada Brasileira de Astronomia (OBA) desde 2009, sempre com medalhistas dos cursos t\u00e9cnicos da UTFPR, entre outros eventos. Um projeto de um observat\u00f3rio aguarda prosseguimento.<\/p>\n<p>Atenciosamente<\/p>\n<p>Bertoldo Schneider Jr.<\/p>\n","protected":false},"excerpt":{"rendered":"<p>O Clube de ASTRONOMIA da UTFPR (Universidade Tecnol\u00f3gica Federal do Paran\u00e1), CAUTEC, re\u00fane professores, alunos e servidores da UTFPR e outros interessados em Astronomia ou ci\u00eancias afins, tendo como objetivo o aprendizado, a satisfa\u00e7\u00e3o da curiosidade, o estudo e a divulga\u00e7\u00e3o dos assuntos relacionados com a Astronomia. Hist\u00f3ria da sigla: Com a mudan\u00e7a de denomina\u00e7\u00e3o&hellip;&nbsp;<a href=\"https:\/\/utfpr.curitiba.br\/cautec\/?page_id=3246\" rel=\"bookmark\">Continue a ler &raquo;<span class=\"screen-reader-text\">Hist\u00f3rico<\/span><\/a><\/p>\n","protected":false},"author":2,"featured_media":3197,"parent":0,"menu_order":0,"comment_status":"closed","ping_status":"closed","template":"","meta":{"neve_meta_sidebar":"","neve_meta_container":"","neve_meta_enable_content_width":"","neve_meta_content_width":0,"neve_meta_title_alignment":"","neve_meta_author_avatar":"","neve_post_elements_order":"","neve_meta_disable_header":"","neve_meta_disable_footer":"","neve_meta_disable_title":"","footnotes":""},"class_list":["post-3246","page","type-page","status-publish","has-post-thumbnail","hentry"],"_links":{"self":[{"href":"https:\/\/utfpr.curitiba.br\/cautec\/index.php?rest_route=\/wp\/v2\/pages\/3246","targetHints":{"allow":["GET"]}}],"collection":[{"href":"https:\/\/utfpr.curitiba.br\/cautec\/index.php?rest_route=\/wp\/v2\/pages"}],"about":[{"href":"https:\/\/utfpr.curitiba.br\/cautec\/index.php?rest_route=\/wp\/v2\/types\/page"}],"author":[{"embeddable":true,"href":"https:\/\/utfpr.curitiba.br\/cautec\/index.php?rest_route=\/wp\/v2\/users\/2"}],"replies":[{"embeddable":true,"href":"https:\/\/utfpr.curitiba.br\/cautec\/index.php?rest_route=%2Fwp%2Fv2%2Fcomments&post=3246"}],"version-history":[{"count":82,"href":"https:\/\/utfpr.curitiba.br\/cautec\/index.php?rest_route=\/wp\/v2\/pages\/3246\/revisions"}],"predecessor-version":[{"id":4424,"href":"https:\/\/utfpr.curitiba.br\/cautec\/index.php?rest_route=\/wp\/v2\/pages\/3246\/revisions\/4424"}],"wp:featuredmedia":[{"embeddable":true,"href":"https:\/\/utfpr.curitiba.br\/cautec\/index.php?rest_route=\/wp\/v2\/media\/3197"}],"wp:attachment":[{"href":"https:\/\/utfpr.curitiba.br\/cautec\/index.php?rest_route=%2Fwp%2Fv2%2Fmedia&parent=3246"}],"curies":[{"name":"wp","href":"https:\/\/api.w.org\/{rel}","templated":true}]}}