{"id":442,"date":"2024-07-01T20:10:04","date_gmt":"2024-07-01T23:10:04","guid":{"rendered":"https:\/\/utfpr.curitiba.br\/blockchain\/?page_id=442"},"modified":"2024-07-05T14:20:25","modified_gmt":"2024-07-05T17:20:25","slug":"observatorio-blockchain","status":"publish","type":"page","link":"https:\/\/utfpr.curitiba.br\/blockchain\/observatorio-blockchain\/","title":{"rendered":"Observat\u00f3rio Blockchain"},"content":{"rendered":"\t\t<div data-elementor-type=\"wp-page\" data-elementor-id=\"442\" class=\"elementor elementor-442\">\n\t\t\t\t\t\t<section class=\"elementor-section elementor-top-section elementor-element elementor-element-a7f6fb8 elementor-section-boxed elementor-section-height-default elementor-section-height-default\" data-id=\"a7f6fb8\" data-element_type=\"section\" data-e-type=\"section\">\n\t\t\t\t\t\t<div class=\"elementor-container elementor-column-gap-default\">\n\t\t\t\t\t<div class=\"elementor-column elementor-col-100 elementor-top-column elementor-element elementor-element-2dcae94\" data-id=\"2dcae94\" data-element_type=\"column\" data-e-type=\"column\">\n\t\t\t<div class=\"elementor-widget-wrap elementor-element-populated\">\n\t\t\t\t\t\t<div class=\"elementor-element elementor-element-033095b elementor-widget elementor-widget-text-editor\" data-id=\"033095b\" data-element_type=\"widget\" data-e-type=\"widget\" data-widget_type=\"text-editor.default\">\n\t\t\t\t<div class=\"elementor-widget-container\">\n\t\t\t\t\t\t\t\t\t<p class=\"selectable-text copyable-text x15bjb6t x1n2onr6\" dir=\"ltr\"><span class=\"selectable-text copyable-text\">Bem-vindos ao grupo Observat\u00f3rio Blockchain Curitiba! Aqui voc\u00ea ir\u00e1 acompanha o desenvolvimento e ado\u00e7\u00e3o da tecnologia blockchain em nossa cidade.<\/span><\/p>\n<p class=\"selectable-text copyable-text x15bjb6t x1n2onr6\" dir=\"ltr\"><span class=\"selectable-text copyable-text\">Aqui, veremos:<\/span><\/p>\n<p class=\"selectable-text copyable-text x15bjb6t x1n2onr6\" dir=\"ltr\"><span class=\"selectable-text copyable-text x1sdyfia x1ncwhqj xd4r4e8 x1n8ftqi\" data-plain-text=\"*\">\u2022<\/span><span class=\"selectable-text copyable-text\"> Not\u00edcias e atualiza\u00e7\u00f5es sobre blockchain e criptomoedas<\/span><\/p>\n<p class=\"selectable-text copyable-text x15bjb6t x1n2onr6\" dir=\"ltr\"><span class=\"selectable-text copyable-text x1sdyfia x1ncwhqj xd4r4e8 x1n8ftqi\" data-plain-text=\"*\">\u2022<\/span><span class=\"selectable-text copyable-text\"> Eventos e meetups em Curitiba<\/span><\/p>\n<p class=\"selectable-text copyable-text x15bjb6t x1n2onr6\" dir=\"ltr\"><span class=\"selectable-text copyable-text x1sdyfia x1ncwhqj xd4r4e8 x1n8ftqi\" data-plain-text=\"*\">\u2022<\/span><span class=\"selectable-text copyable-text\"> Iniciativas locais e projetos inovadores<\/span><\/p>\n<p class=\"selectable-text copyable-text x15bjb6t x1n2onr6\" dir=\"ltr\"><span class=\"selectable-text copyable-text x1sdyfia x1ncwhqj xd4r4e8 x1n8ftqi\" data-plain-text=\"*\">\u2022<\/span><span class=\"selectable-text copyable-text\"> Oportunidades de networking, colabora\u00e7\u00e3o e Devs<\/span><\/p>\n<p class=\"selectable-text copyable-text x15bjb6t x1n2onr6\" dir=\"ltr\"><span class=\"selectable-text copyable-text x1sdyfia x1ncwhqj xd4r4e8 x1n8ftqi\" data-plain-text=\"*\">\u2022<\/span><span class=\"selectable-text copyable-text\"> Tend\u00eancias e regulamenta\u00e7\u00f5es do setor<\/span><\/p>\t\t\t\t\t\t\t\t<\/div>\n\t\t\t\t<\/div>\n\t\t\t\t\t<\/div>\n\t\t<\/div>\n\t\t\t\t\t<\/div>\n\t\t<\/section>\n\t\t\t\t<section class=\"elementor-section elementor-top-section elementor-element elementor-element-f89b974 elementor-section-boxed elementor-section-height-default elementor-section-height-default\" data-id=\"f89b974\" data-element_type=\"section\" data-e-type=\"section\">\n\t\t\t\t\t\t<div class=\"elementor-container elementor-column-gap-default\">\n\t\t\t\t\t<div class=\"elementor-column elementor-col-100 elementor-top-column elementor-element elementor-element-082cd77\" data-id=\"082cd77\" data-element_type=\"column\" data-e-type=\"column\">\n\t\t\t<div class=\"elementor-widget-wrap elementor-element-populated\">\n\t\t\t\t\t\t<div class=\"elementor-element elementor-element-651233e elementor-widget elementor-widget-spacer\" data-id=\"651233e\" data-element_type=\"widget\" data-e-type=\"widget\" data-widget_type=\"spacer.default\">\n\t\t\t\t<div class=\"elementor-widget-container\">\n\t\t\t\t\t\t\t<div class=\"elementor-spacer\">\n\t\t\t<div class=\"elementor-spacer-inner\"><\/div>\n\t\t<\/div>\n\t\t\t\t\t\t<\/div>\n\t\t\t\t<\/div>\n\t\t\t\t\t<\/div>\n\t\t<\/div>\n\t\t\t\t\t<\/div>\n\t\t<\/section>\n\t\t\t\t<section class=\"elementor-section elementor-top-section elementor-element elementor-element-0580256 elementor-section-boxed elementor-section-height-default elementor-section-height-default\" data-id=\"0580256\" data-element_type=\"section\" data-e-type=\"section\">\n\t\t\t\t\t\t<div class=\"elementor-container elementor-column-gap-default\">\n\t\t\t\t\t<div class=\"elementor-column elementor-col-50 elementor-top-column elementor-element elementor-element-50f3b93\" data-id=\"50f3b93\" data-element_type=\"column\" data-e-type=\"column\">\n\t\t\t<div class=\"elementor-widget-wrap elementor-element-populated\">\n\t\t\t\t\t\t<div class=\"elementor-element elementor-element-93d89b8 elementor-widget elementor-widget-image\" data-id=\"93d89b8\" data-element_type=\"widget\" data-e-type=\"widget\" data-widget_type=\"image.default\">\n\t\t\t\t<div class=\"elementor-widget-container\">\n\t\t\t\t\t\t\t\t\t\t\t\t\t\t\t<img fetchpriority=\"high\" decoding=\"async\" width=\"640\" height=\"360\" src=\"https:\/\/utfpr-ct-static-content.s3.amazonaws.com\/utfpr.curitiba.br\/wp-content\/uploads\/sites\/54\/2024\/07\/bloxberpagina-1024x576.png\" class=\"attachment-large size-large wp-image-483\" alt=\"\" srcset=\"https:\/\/utfpr-ct-static-content.s3.amazonaws.com\/utfpr.curitiba.br\/wp-content\/uploads\/sites\/54\/2024\/07\/bloxberpagina-1024x576.png 1024w, https:\/\/utfpr-ct-static-content.s3.amazonaws.com\/utfpr.curitiba.br\/wp-content\/uploads\/sites\/54\/2024\/07\/bloxberpagina-300x169.png 300w, https:\/\/utfpr-ct-static-content.s3.amazonaws.com\/utfpr.curitiba.br\/wp-content\/uploads\/sites\/54\/2024\/07\/bloxberpagina-768x432.png 768w, https:\/\/utfpr-ct-static-content.s3.amazonaws.com\/utfpr.curitiba.br\/wp-content\/uploads\/sites\/54\/2024\/07\/bloxberpagina-1536x864.png 1536w, https:\/\/utfpr-ct-static-content.s3.amazonaws.com\/utfpr.curitiba.br\/wp-content\/uploads\/sites\/54\/2024\/07\/bloxberpagina.png 1919w\" sizes=\"(max-width: 640px) 100vw, 640px\" \/>\t\t\t\t\t\t\t\t\t\t\t\t\t\t\t<\/div>\n\t\t\t\t<\/div>\n\t\t\t\t\t<\/div>\n\t\t<\/div>\n\t\t\t\t<div class=\"elementor-column elementor-col-50 elementor-top-column elementor-element elementor-element-b371d8e\" data-id=\"b371d8e\" data-element_type=\"column\" data-e-type=\"column\">\n\t\t\t<div class=\"elementor-widget-wrap elementor-element-populated\">\n\t\t\t\t\t\t<div class=\"elementor-element elementor-element-da7d1bf elementor-widget elementor-widget-text-editor\" data-id=\"da7d1bf\" data-element_type=\"widget\" data-e-type=\"widget\" data-widget_type=\"text-editor.default\">\n\t\t\t\t<div class=\"elementor-widget-container\">\n\t\t\t\t\t\t\t\t\t<h1>Node Bloxberg<\/h1><p>A bloxberg \u00e9 uma rede blockchain voltada para a comunidade cient\u00edfica global, promovendo a integridade e a transpar\u00eancia na pesquisa. Ao operar um node da bloxberg, o BloxLab contribui para a descentraliza\u00e7\u00e3o e seguran\u00e7a da rede, validando transa\u00e7\u00f5es e ajudando a manter o consenso distribu\u00eddo. Isso n\u00e3o s\u00f3 fortalece a infraestrutura da bloxberg, mas tamb\u00e9m posiciona o BloxLab como um participante ativo na constru\u00e7\u00e3o de uma rede blockchain confi\u00e1vel e robusta para a ci\u00eancia.<\/p><p><a href=\"https:\/\/bloxberg.org\/\">Saiba mais&#8230;.<\/a><\/p>\t\t\t\t\t\t\t\t<\/div>\n\t\t\t\t<\/div>\n\t\t\t\t\t<\/div>\n\t\t<\/div>\n\t\t\t\t\t<\/div>\n\t\t<\/section>\n\t\t\t\t<section class=\"elementor-section elementor-top-section elementor-element elementor-element-0626f1c elementor-section-boxed elementor-section-height-default elementor-section-height-default\" data-id=\"0626f1c\" data-element_type=\"section\" data-e-type=\"section\">\n\t\t\t\t\t\t<div class=\"elementor-container elementor-column-gap-default\">\n\t\t\t\t\t<div class=\"elementor-column elementor-col-100 elementor-top-column elementor-element elementor-element-5a75a4c\" data-id=\"5a75a4c\" data-element_type=\"column\" data-e-type=\"column\">\n\t\t\t<div class=\"elementor-widget-wrap elementor-element-populated\">\n\t\t\t\t\t\t<div class=\"elementor-element elementor-element-517851d elementor-widget elementor-widget-spacer\" data-id=\"517851d\" data-element_type=\"widget\" data-e-type=\"widget\" data-widget_type=\"spacer.default\">\n\t\t\t\t<div class=\"elementor-widget-container\">\n\t\t\t\t\t\t\t<div class=\"elementor-spacer\">\n\t\t\t<div class=\"elementor-spacer-inner\"><\/div>\n\t\t<\/div>\n\t\t\t\t\t\t<\/div>\n\t\t\t\t<\/div>\n\t\t\t\t\t<\/div>\n\t\t<\/div>\n\t\t\t\t\t<\/div>\n\t\t<\/section>\n\t\t\t\t<section class=\"elementor-section elementor-top-section elementor-element elementor-element-59007d2 elementor-section-boxed elementor-section-height-default elementor-section-height-default\" data-id=\"59007d2\" data-element_type=\"section\" data-e-type=\"section\">\n\t\t\t\t\t\t<div class=\"elementor-container elementor-column-gap-default\">\n\t\t\t\t\t<div class=\"elementor-column elementor-col-50 elementor-top-column elementor-element elementor-element-5495493\" data-id=\"5495493\" data-element_type=\"column\" data-e-type=\"column\">\n\t\t\t<div class=\"elementor-widget-wrap elementor-element-populated\">\n\t\t\t\t\t\t<div class=\"elementor-element elementor-element-dfa397a elementor-widget elementor-widget-text-editor\" data-id=\"dfa397a\" data-element_type=\"widget\" data-e-type=\"widget\" data-widget_type=\"text-editor.default\">\n\t\t\t\t<div class=\"elementor-widget-container\">\n\t\t\t\t\t\t\t\t\t<h1>Academia de Inova\u00e7\u00e3o Polkadot<\/h1><p><span style=\"color: #000000\">A academia \u00e9 centrada no aprendizado, desenvolvimento e inova\u00e7\u00e3o tecnol\u00f3gica em torno da plataforma Polkadot, impulsionando a forma\u00e7\u00e3o de novos desenvolvedores e promovendo a cria\u00e7\u00e3o de solu\u00e7\u00f5es disruptivas e inovadoras. S\u00e3o 60 vagas para a forma\u00e7\u00e3o 10 equipes para cada uma delas trabalhar em um projeto proposto, ou em seu pr\u00f3prio projeto. Cada grupo trabalhar\u00e1 no seu projeto por at\u00e9 12 meses e durante esse per\u00edodo receber\u00e3o treinamento, mentorias e orienta\u00e7\u00f5es pedag\u00f3gicas afim de aprenderem as ferramentas necess\u00e1rias para o desenvolvimento\/execu\u00e7\u00e3o do referido projeto, afim de finalizarem o per\u00edodo de desenvolvimento\/aprendizado com uma solu\u00e7\u00e3o para o mercado.<\/span><\/p><p><span style=\"color: #000000\"><a href=\"https:\/\/docs.google.com\/forms\/d\/e\/1FAIpQLSfyTLnla7OoEQ1gJ4xBktWr9uYAbnMexevlZ9XunHIQ976wYA\/viewform?usp=sf_link\">Inscri\u00e7\u00f5es&#8230;.<\/a><\/span><\/p>\t\t\t\t\t\t\t\t<\/div>\n\t\t\t\t<\/div>\n\t\t\t\t\t<\/div>\n\t\t<\/div>\n\t\t\t\t<div class=\"elementor-column elementor-col-50 elementor-top-column elementor-element elementor-element-17ba0f3\" data-id=\"17ba0f3\" data-element_type=\"column\" data-e-type=\"column\">\n\t\t\t<div class=\"elementor-widget-wrap elementor-element-populated\">\n\t\t\t\t\t\t<div class=\"elementor-element elementor-element-b3c1d01 elementor-widget elementor-widget-image\" data-id=\"b3c1d01\" data-element_type=\"widget\" data-e-type=\"widget\" data-widget_type=\"image.default\">\n\t\t\t\t<div class=\"elementor-widget-container\">\n\t\t\t\t\t\t\t\t\t\t\t\t\t\t\t<img decoding=\"async\" width=\"640\" height=\"335\" src=\"https:\/\/utfpr-ct-static-content.s3.amazonaws.com\/utfpr.curitiba.br\/wp-content\/uploads\/sites\/54\/2024\/05\/Academia-de-Inovacao-1024x536.png\" class=\"attachment-large size-large wp-image-318\" alt=\"\" srcset=\"https:\/\/utfpr-ct-static-content.s3.amazonaws.com\/utfpr.curitiba.br\/wp-content\/uploads\/sites\/54\/2024\/05\/Academia-de-Inovacao-1024x536.png 1024w, https:\/\/utfpr-ct-static-content.s3.amazonaws.com\/utfpr.curitiba.br\/wp-content\/uploads\/sites\/54\/2024\/05\/Academia-de-Inovacao-300x157.png 300w, https:\/\/utfpr-ct-static-content.s3.amazonaws.com\/utfpr.curitiba.br\/wp-content\/uploads\/sites\/54\/2024\/05\/Academia-de-Inovacao-768x402.png 768w, https:\/\/utfpr-ct-static-content.s3.amazonaws.com\/utfpr.curitiba.br\/wp-content\/uploads\/sites\/54\/2024\/05\/Academia-de-Inovacao-1536x804.png 1536w, https:\/\/utfpr-ct-static-content.s3.amazonaws.com\/utfpr.curitiba.br\/wp-content\/uploads\/sites\/54\/2024\/05\/Academia-de-Inovacao.png 1600w\" sizes=\"(max-width: 640px) 100vw, 640px\" \/>\t\t\t\t\t\t\t\t\t\t\t\t\t\t\t<\/div>\n\t\t\t\t<\/div>\n\t\t\t\t\t<\/div>\n\t\t<\/div>\n\t\t\t\t\t<\/div>\n\t\t<\/section>\n\t\t\t\t<section class=\"elementor-section elementor-top-section elementor-element elementor-element-ecf7070 elementor-section-boxed elementor-section-height-default elementor-section-height-default\" data-id=\"ecf7070\" data-element_type=\"section\" data-e-type=\"section\">\n\t\t\t\t\t\t<div class=\"elementor-container elementor-column-gap-default\">\n\t\t\t\t\t<div class=\"elementor-column elementor-col-100 elementor-top-column elementor-element elementor-element-5ae7574\" data-id=\"5ae7574\" data-element_type=\"column\" data-e-type=\"column\">\n\t\t\t<div class=\"elementor-widget-wrap elementor-element-populated\">\n\t\t\t\t\t\t<div class=\"elementor-element elementor-element-a1bba47 elementor-widget elementor-widget-spacer\" data-id=\"a1bba47\" data-element_type=\"widget\" data-e-type=\"widget\" data-widget_type=\"spacer.default\">\n\t\t\t\t<div class=\"elementor-widget-container\">\n\t\t\t\t\t\t\t<div class=\"elementor-spacer\">\n\t\t\t<div class=\"elementor-spacer-inner\"><\/div>\n\t\t<\/div>\n\t\t\t\t\t\t<\/div>\n\t\t\t\t<\/div>\n\t\t\t\t\t<\/div>\n\t\t<\/div>\n\t\t\t\t\t<\/div>\n\t\t<\/section>\n\t\t\t\t<section class=\"elementor-section elementor-top-section elementor-element elementor-element-d0630da elementor-section-boxed elementor-section-height-default elementor-section-height-default\" data-id=\"d0630da\" data-element_type=\"section\" data-e-type=\"section\">\n\t\t\t\t\t\t<div class=\"elementor-container elementor-column-gap-default\">\n\t\t\t\t\t<div class=\"elementor-column elementor-col-50 elementor-top-column elementor-element elementor-element-782f317\" data-id=\"782f317\" data-element_type=\"column\" data-e-type=\"column\">\n\t\t\t<div class=\"elementor-widget-wrap elementor-element-populated\">\n\t\t\t\t\t\t<div class=\"elementor-element elementor-element-4d7a0fc elementor-widget elementor-widget-image\" data-id=\"4d7a0fc\" data-element_type=\"widget\" data-e-type=\"widget\" data-widget_type=\"image.default\">\n\t\t\t\t<div class=\"elementor-widget-container\">\n\t\t\t\t\t\t\t\t\t\t\t\t\t\t\t<img decoding=\"async\" width=\"640\" height=\"479\" src=\"https:\/\/utfpr-ct-static-content.s3.amazonaws.com\/utfpr.curitiba.br\/wp-content\/uploads\/sites\/54\/2024\/07\/Default_Step_into_a_world_of_endless_possibilities_as_a_physic_1.jpg\" class=\"attachment-large size-large wp-image-495\" alt=\"\" srcset=\"https:\/\/utfpr-ct-static-content.s3.amazonaws.com\/utfpr.curitiba.br\/wp-content\/uploads\/sites\/54\/2024\/07\/Default_Step_into_a_world_of_endless_possibilities_as_a_physic_1.jpg 888w, https:\/\/utfpr-ct-static-content.s3.amazonaws.com\/utfpr.curitiba.br\/wp-content\/uploads\/sites\/54\/2024\/07\/Default_Step_into_a_world_of_endless_possibilities_as_a_physic_1-300x224.jpg 300w, https:\/\/utfpr-ct-static-content.s3.amazonaws.com\/utfpr.curitiba.br\/wp-content\/uploads\/sites\/54\/2024\/07\/Default_Step_into_a_world_of_endless_possibilities_as_a_physic_1-768x574.jpg 768w\" sizes=\"(max-width: 640px) 100vw, 640px\" \/>\t\t\t\t\t\t\t\t\t\t\t\t\t\t\t<\/div>\n\t\t\t\t<\/div>\n\t\t\t\t\t<\/div>\n\t\t<\/div>\n\t\t\t\t<div class=\"elementor-column elementor-col-50 elementor-top-column elementor-element elementor-element-d2fa2dc\" data-id=\"d2fa2dc\" data-element_type=\"column\" data-e-type=\"column\">\n\t\t\t<div class=\"elementor-widget-wrap elementor-element-populated\">\n\t\t\t\t\t\t<div class=\"elementor-element elementor-element-fe1e3ac elementor-widget elementor-widget-text-editor\" data-id=\"fe1e3ac\" data-element_type=\"widget\" data-e-type=\"widget\" data-widget_type=\"text-editor.default\">\n\t\t\t\t<div class=\"elementor-widget-container\">\n\t\t\t\t\t\t\t\t\t<h1>INDICADORES DE DESEMPENHO NO ESPORTE<\/h1>\n<p>Uma iniciativa inovadora no contexto da pesquisa cient\u00edfica no Brasil. Este projeto consiste em uma pesquisa colaborativa que visa avaliar e monitorar os indicadores de desempenho esportivo em atletas de futebol ao longo de uma temporada.&nbsp;<\/p>\n<p>O projeto congregar\u00e1 pesquisadores e colaboradores de diversas regi\u00f5es do Brasil, al\u00e9m de contar com a participa\u00e7\u00e3o de alguns pesquisadores internacionais, promovendo a\u00e7\u00f5es integradas.<\/p>\n<p>A coleta de dados abranger\u00e1 indicadores de aptid\u00e3o f\u00edsica, t\u00e9cnica, t\u00e1tica e psicossociais, incluindo vari\u00e1veis relacionadas \u00e0s cargas de treinamento e \u00e0 recupera\u00e7\u00e3o f\u00edsica dos atletas. Todos esses dados ser\u00e3o centralizados em uma base unificada, disponibilizada de forma livre para os interessados. Sob a \u00f3tica da an\u00e1lise de dados, a proposta \u00e9 notavelmente audaciosa, almejando ir al\u00e9m das abordagens convencionais<span style=\"font-family: var( --e-global-typography-text-font-family ), Sans-serif;font-weight: var( --e-global-typography-text-font-weight )\">.<\/span><\/p>\t\t\t\t\t\t\t\t<\/div>\n\t\t\t\t<\/div>\n\t\t\t\t\t<\/div>\n\t\t<\/div>\n\t\t\t\t\t<\/div>\n\t\t<\/section>\n\t\t\t\t<section class=\"elementor-section elementor-top-section elementor-element elementor-element-3d20dc6 elementor-section-boxed elementor-section-height-default elementor-section-height-default\" data-id=\"3d20dc6\" data-element_type=\"section\" data-e-type=\"section\">\n\t\t\t\t\t\t<div class=\"elementor-container elementor-column-gap-default\">\n\t\t\t\t\t<div class=\"elementor-column elementor-col-100 elementor-top-column elementor-element elementor-element-0696106\" data-id=\"0696106\" data-element_type=\"column\" data-e-type=\"column\">\n\t\t\t<div class=\"elementor-widget-wrap elementor-element-populated\">\n\t\t\t\t\t\t<div class=\"elementor-element elementor-element-1248fed elementor-widget elementor-widget-spacer\" data-id=\"1248fed\" data-element_type=\"widget\" data-e-type=\"widget\" data-widget_type=\"spacer.default\">\n\t\t\t\t<div class=\"elementor-widget-container\">\n\t\t\t\t\t\t\t<div class=\"elementor-spacer\">\n\t\t\t<div class=\"elementor-spacer-inner\"><\/div>\n\t\t<\/div>\n\t\t\t\t\t\t<\/div>\n\t\t\t\t<\/div>\n\t\t\t\t\t<\/div>\n\t\t<\/div>\n\t\t\t\t\t<\/div>\n\t\t<\/section>\n\t\t\t\t<section class=\"elementor-section elementor-top-section elementor-element elementor-element-98dcf80 elementor-section-boxed elementor-section-height-default elementor-section-height-default\" data-id=\"98dcf80\" data-element_type=\"section\" data-e-type=\"section\">\n\t\t\t\t\t\t<div class=\"elementor-container elementor-column-gap-default\">\n\t\t\t\t\t<div class=\"elementor-column elementor-col-50 elementor-top-column elementor-element elementor-element-25bc91b\" data-id=\"25bc91b\" data-element_type=\"column\" data-e-type=\"column\">\n\t\t\t<div class=\"elementor-widget-wrap elementor-element-populated\">\n\t\t\t\t\t\t<div class=\"elementor-element elementor-element-f770be9 elementor-widget elementor-widget-text-editor\" data-id=\"f770be9\" data-element_type=\"widget\" data-e-type=\"widget\" data-widget_type=\"text-editor.default\">\n\t\t\t\t<div class=\"elementor-widget-container\">\n\t\t\t\t\t\t\t\t\t<h1>Token Economy<\/h1><p><span style=\"font-family: var( --e-global-typography-text-font-family ), Sans-serif;font-weight: var( --e-global-typography-text-font-weight )\">Lorem ipsum dolor sit amet, consectetur adipiscing elit. Ut elit tellus, luctus nec ullamcorper mattis, pulvinar dapibus leo.<\/span><span style=\"font-family: var( --e-global-typography-text-font-family ), Sans-serif;font-weight: var( --e-global-typography-text-font-weight )\">Lorem ipsum dolor sit amet, consectetur adipiscing elit. Ut elit tellus, luctus nec ullamcorper mattis, pulvinar dapibus leo.<\/span><span style=\"font-family: var( --e-global-typography-text-font-family ), Sans-serif;font-weight: var( --e-global-typography-text-font-weight )\">Lorem ipsum dolor sit amet, consectetur adipiscing elit. Ut elit tellus, luctus nec ullamcorper mattis, pulvinar dapibus leo.<\/span><span style=\"font-family: var( --e-global-typography-text-font-family ), Sans-serif;font-weight: var( --e-global-typography-text-font-weight )\">Lorem ipsum dolor sit amet, consectetur adipiscing elit. Ut elit tellus, luctus nec ullamcorper mattis, pulvinar dapibus leo.<\/span><span style=\"font-family: var( --e-global-typography-text-font-family ), Sans-serif;font-weight: var( --e-global-typography-text-font-weight )\">Lorem ipsum dolor sit amet, consectetur adipiscing elit. Ut elit tellus, luctus nec ullamcorper mattis, pulvinar dapibus leo.<\/span><\/p>\t\t\t\t\t\t\t\t<\/div>\n\t\t\t\t<\/div>\n\t\t\t\t\t<\/div>\n\t\t<\/div>\n\t\t\t\t<div class=\"elementor-column elementor-col-50 elementor-top-column elementor-element elementor-element-dcb0d81\" data-id=\"dcb0d81\" data-element_type=\"column\" data-e-type=\"column\">\n\t\t\t<div class=\"elementor-widget-wrap elementor-element-populated\">\n\t\t\t\t\t\t\t<\/div>\n\t\t<\/div>\n\t\t\t\t\t<\/div>\n\t\t<\/section>\n\t\t\t\t<section class=\"elementor-section elementor-top-section elementor-element elementor-element-7686752 elementor-section-boxed elementor-section-height-default elementor-section-height-default\" data-id=\"7686752\" data-element_type=\"section\" data-e-type=\"section\">\n\t\t\t\t\t\t<div class=\"elementor-container elementor-column-gap-default\">\n\t\t\t\t\t<div class=\"elementor-column elementor-col-100 elementor-top-column elementor-element elementor-element-34b9276\" data-id=\"34b9276\" data-element_type=\"column\" data-e-type=\"column\">\n\t\t\t<div class=\"elementor-widget-wrap elementor-element-populated\">\n\t\t\t\t\t\t<div class=\"elementor-element elementor-element-1a6749e elementor-widget elementor-widget-spacer\" data-id=\"1a6749e\" data-element_type=\"widget\" data-e-type=\"widget\" data-widget_type=\"spacer.default\">\n\t\t\t\t<div class=\"elementor-widget-container\">\n\t\t\t\t\t\t\t<div class=\"elementor-spacer\">\n\t\t\t<div class=\"elementor-spacer-inner\"><\/div>\n\t\t<\/div>\n\t\t\t\t\t\t<\/div>\n\t\t\t\t<\/div>\n\t\t\t\t\t<\/div>\n\t\t<\/div>\n\t\t\t\t\t<\/div>\n\t\t<\/section>\n\t\t\t\t<section class=\"elementor-section elementor-top-section elementor-element elementor-element-1596994 elementor-section-boxed elementor-section-height-default elementor-section-height-default\" data-id=\"1596994\" data-element_type=\"section\" data-e-type=\"section\">\n\t\t\t\t\t\t<div class=\"elementor-container elementor-column-gap-default\">\n\t\t\t\t\t<div class=\"elementor-column elementor-col-50 elementor-top-column elementor-element elementor-element-9f0f19b\" data-id=\"9f0f19b\" data-element_type=\"column\" data-e-type=\"column\">\n\t\t\t<div class=\"elementor-widget-wrap elementor-element-populated\">\n\t\t\t\t\t\t\t<\/div>\n\t\t<\/div>\n\t\t\t\t<div class=\"elementor-column elementor-col-50 elementor-top-column elementor-element elementor-element-9e3a789\" data-id=\"9e3a789\" data-element_type=\"column\" data-e-type=\"column\">\n\t\t\t<div class=\"elementor-widget-wrap elementor-element-populated\">\n\t\t\t\t\t\t<div class=\"elementor-element elementor-element-ab37baf elementor-widget elementor-widget-text-editor\" data-id=\"ab37baf\" data-element_type=\"widget\" data-e-type=\"widget\" data-widget_type=\"text-editor.default\">\n\t\t\t\t<div class=\"elementor-widget-container\">\n\t\t\t\t\t\t\t\t\t<h1>Evento Token Economy &#8211; University<\/h1><p><span style=\"font-family: var( --e-global-typography-text-font-family ), Sans-serif;font-weight: var( --e-global-typography-text-font-weight )\">Lorem ipsum dolor sit amet, consectetur adipiscing elit. Ut elit tellus, luctus nec ullamcorper mattis, pulvinar dapibus leo.<\/span><span style=\"font-family: var( --e-global-typography-text-font-family ), Sans-serif;font-weight: var( --e-global-typography-text-font-weight )\">Lorem ipsum dolor sit amet, consectetur adipiscing elit. Ut elit tellus, luctus nec ullamcorper mattis, pulvinar dapibus leo.<\/span><span style=\"font-family: var( --e-global-typography-text-font-family ), Sans-serif;font-weight: var( --e-global-typography-text-font-weight )\">Lorem ipsum dolor sit amet, consectetur adipiscing elit. Ut elit tellus, luctus nec ullamcorper mattis, pulvinar dapibus leo.<\/span><span style=\"font-family: var( --e-global-typography-text-font-family ), Sans-serif;font-weight: var( --e-global-typography-text-font-weight )\">Lorem ipsum dolor sit amet, consectetur adipiscing elit. Ut elit tellus, luctus nec ullamcorper mattis, pulvinar dapibus leo.<\/span><span style=\"font-family: var( --e-global-typography-text-font-family ), Sans-serif;font-weight: var( --e-global-typography-text-font-weight )\">Lorem ipsum dolor sit amet, consectetur adipiscing elit. Ut elit tellus, luctus nec ullamcorper mattis, pulvinar dapibus leo.<\/span><\/p>\t\t\t\t\t\t\t\t<\/div>\n\t\t\t\t<\/div>\n\t\t\t\t\t<\/div>\n\t\t<\/div>\n\t\t\t\t\t<\/div>\n\t\t<\/section>\n\t\t\t\t<\/div>\n\t\t","protected":false},"excerpt":{"rendered":"<p>Bem-vindos ao grupo Observat\u00f3rio Blockchain Curitiba! Aqui voc\u00ea ir\u00e1 acompanha o desenvolvimento e ado\u00e7\u00e3o da tecnologia blockchain em nossa cidade. Aqui, veremos: \u2022 Not\u00edcias e atualiza\u00e7\u00f5es sobre blockchain e criptomoedas \u2022 Eventos e meetups em Curitiba \u2022 Iniciativas locais e projetos inovadores \u2022 Oportunidades de networking, colabora\u00e7\u00e3o e Devs \u2022 Tend\u00eancias e regulamenta\u00e7\u00f5es do setor [&hellip;]<\/p>\n","protected":false},"author":30,"featured_media":0,"parent":0,"menu_order":0,"comment_status":"closed","ping_status":"closed","template":"","meta":{"footnotes":""},"class_list":["post-442","page","type-page","status-publish","hentry"],"_links":{"self":[{"href":"https:\/\/utfpr.curitiba.br\/blockchain\/wp-json\/wp\/v2\/pages\/442","targetHints":{"allow":["GET"]}}],"collection":[{"href":"https:\/\/utfpr.curitiba.br\/blockchain\/wp-json\/wp\/v2\/pages"}],"about":[{"href":"https:\/\/utfpr.curitiba.br\/blockchain\/wp-json\/wp\/v2\/types\/page"}],"author":[{"embeddable":true,"href":"https:\/\/utfpr.curitiba.br\/blockchain\/wp-json\/wp\/v2\/users\/30"}],"replies":[{"embeddable":true,"href":"https:\/\/utfpr.curitiba.br\/blockchain\/wp-json\/wp\/v2\/comments?post=442"}],"version-history":[{"count":64,"href":"https:\/\/utfpr.curitiba.br\/blockchain\/wp-json\/wp\/v2\/pages\/442\/revisions"}],"predecessor-version":[{"id":516,"href":"https:\/\/utfpr.curitiba.br\/blockchain\/wp-json\/wp\/v2\/pages\/442\/revisions\/516"}],"wp:attachment":[{"href":"https:\/\/utfpr.curitiba.br\/blockchain\/wp-json\/wp\/v2\/media?parent=442"}],"curies":[{"name":"wp","href":"https:\/\/api.w.org\/{rel}","templated":true}]}}