{"id":199,"date":"2023-05-04T10:02:02","date_gmt":"2023-05-04T13:02:02","guid":{"rendered":"https:\/\/utfpr.curitiba.br\/blockchain\/?page_id=199"},"modified":"2026-03-10T19:24:43","modified_gmt":"2026-03-10T22:24:43","slug":"projetos-em-andamento","status":"publish","type":"page","link":"https:\/\/utfpr.curitiba.br\/blockchain\/projetos-em-andamento\/","title":{"rendered":"Projetos em Andamento"},"content":{"rendered":"\t\t<div data-elementor-type=\"wp-page\" data-elementor-id=\"199\" class=\"elementor elementor-199\">\n\t\t\t\t\t\t<section class=\"elementor-section elementor-top-section elementor-element elementor-element-bc6d843 elementor-section-boxed elementor-section-height-default elementor-section-height-default\" data-id=\"bc6d843\" data-element_type=\"section\" data-e-type=\"section\">\n\t\t\t\t\t\t<div class=\"elementor-container elementor-column-gap-default\">\n\t\t\t\t\t<div class=\"elementor-column elementor-col-100 elementor-top-column elementor-element elementor-element-1951028\" data-id=\"1951028\" data-element_type=\"column\" data-e-type=\"column\">\n\t\t\t<div class=\"elementor-widget-wrap elementor-element-populated\">\n\t\t\t\t\t\t<div class=\"elementor-element elementor-element-edcf8f4 elementor-widget elementor-widget-spacer\" data-id=\"edcf8f4\" data-element_type=\"widget\" data-e-type=\"widget\" data-widget_type=\"spacer.default\">\n\t\t\t\t<div class=\"elementor-widget-container\">\n\t\t\t\t\t\t\t<div class=\"elementor-spacer\">\n\t\t\t<div class=\"elementor-spacer-inner\"><\/div>\n\t\t<\/div>\n\t\t\t\t\t\t<\/div>\n\t\t\t\t<\/div>\n\t\t\t\t\t<\/div>\n\t\t<\/div>\n\t\t\t\t\t<\/div>\n\t\t<\/section>\n\t\t\t\t<section class=\"elementor-section elementor-top-section elementor-element elementor-element-36fb846 elementor-section-boxed elementor-section-height-default elementor-section-height-default\" data-id=\"36fb846\" data-element_type=\"section\" data-e-type=\"section\">\n\t\t\t\t\t\t<div class=\"elementor-container elementor-column-gap-default\">\n\t\t\t\t\t<div class=\"elementor-column elementor-col-50 elementor-top-column elementor-element elementor-element-9ae6508\" data-id=\"9ae6508\" data-element_type=\"column\" data-e-type=\"column\">\n\t\t\t<div class=\"elementor-widget-wrap elementor-element-populated\">\n\t\t\t\t\t\t<div class=\"elementor-element elementor-element-b9ae7ab elementor-widget elementor-widget-text-editor\" data-id=\"b9ae7ab\" data-element_type=\"widget\" data-e-type=\"widget\" data-widget_type=\"text-editor.default\">\n\t\t\t\t<div class=\"elementor-widget-container\">\n\t\t\t\t\t\t\t\t\t<h2>Projeto de Pesquisa<\/h2><p>Modelo em blockchain para a gest\u00e3o de dados e controles p\u00fablicos em funda\u00e7\u00f5es de apoio \u00e0 Educa\u00e7\u00e3o, Pesquisa e Desenvolvimento Cient\u00edfico e Tecnol\u00f3gico.<\/p>\t\t\t\t\t\t\t\t<\/div>\n\t\t\t\t<\/div>\n\t\t\t\t\t<\/div>\n\t\t<\/div>\n\t\t\t\t<div class=\"elementor-column elementor-col-50 elementor-top-column elementor-element elementor-element-34266f3\" data-id=\"34266f3\" data-element_type=\"column\" data-e-type=\"column\">\n\t\t\t<div class=\"elementor-widget-wrap elementor-element-populated\">\n\t\t\t\t\t\t<div class=\"elementor-element elementor-element-842e927 elementor-widget elementor-widget-image\" data-id=\"842e927\" data-element_type=\"widget\" data-e-type=\"widget\" data-widget_type=\"image.default\">\n\t\t\t\t<div class=\"elementor-widget-container\">\n\t\t\t\t\t\t\t\t\t\t\t\t\t\t\t<img fetchpriority=\"high\" decoding=\"async\" width=\"640\" height=\"360\" src=\"https:\/\/utfpr-ct-static-content.s3.amazonaws.com\/utfpr.curitiba.br\/wp-content\/uploads\/sites\/54\/2024\/05\/Default_Step_into_the_future_of_education_research_and_scienti_1.jpg\" class=\"attachment-large size-large wp-image-346\" alt=\"\" srcset=\"https:\/\/utfpr-ct-static-content.s3.amazonaws.com\/utfpr.curitiba.br\/wp-content\/uploads\/sites\/54\/2024\/05\/Default_Step_into_the_future_of_education_research_and_scienti_1.jpg 1024w, https:\/\/utfpr-ct-static-content.s3.amazonaws.com\/utfpr.curitiba.br\/wp-content\/uploads\/sites\/54\/2024\/05\/Default_Step_into_the_future_of_education_research_and_scienti_1-300x169.jpg 300w, https:\/\/utfpr-ct-static-content.s3.amazonaws.com\/utfpr.curitiba.br\/wp-content\/uploads\/sites\/54\/2024\/05\/Default_Step_into_the_future_of_education_research_and_scienti_1-768x432.jpg 768w\" sizes=\"(max-width: 640px) 100vw, 640px\" \/>\t\t\t\t\t\t\t\t\t\t\t\t\t\t\t<\/div>\n\t\t\t\t<\/div>\n\t\t\t\t\t<\/div>\n\t\t<\/div>\n\t\t\t\t\t<\/div>\n\t\t<\/section>\n\t\t\t\t<section class=\"elementor-section elementor-top-section elementor-element elementor-element-0696e04 elementor-section-boxed elementor-section-height-default elementor-section-height-default\" data-id=\"0696e04\" data-element_type=\"section\" data-e-type=\"section\">\n\t\t\t\t\t\t<div class=\"elementor-container elementor-column-gap-default\">\n\t\t\t\t\t<div class=\"elementor-column elementor-col-100 elementor-top-column elementor-element elementor-element-e7f6ce8\" data-id=\"e7f6ce8\" data-element_type=\"column\" data-e-type=\"column\">\n\t\t\t<div class=\"elementor-widget-wrap elementor-element-populated\">\n\t\t\t\t\t\t<div class=\"elementor-element elementor-element-80c7e2c elementor-widget elementor-widget-spacer\" data-id=\"80c7e2c\" data-element_type=\"widget\" data-e-type=\"widget\" data-widget_type=\"spacer.default\">\n\t\t\t\t<div class=\"elementor-widget-container\">\n\t\t\t\t\t\t\t<div class=\"elementor-spacer\">\n\t\t\t<div class=\"elementor-spacer-inner\"><\/div>\n\t\t<\/div>\n\t\t\t\t\t\t<\/div>\n\t\t\t\t<\/div>\n\t\t\t\t\t<\/div>\n\t\t<\/div>\n\t\t\t\t\t<\/div>\n\t\t<\/section>\n\t\t\t\t<section class=\"elementor-section elementor-top-section elementor-element elementor-element-67bc0ff elementor-section-boxed elementor-section-height-default elementor-section-height-default\" data-id=\"67bc0ff\" data-element_type=\"section\" data-e-type=\"section\">\n\t\t\t\t\t\t<div class=\"elementor-container elementor-column-gap-default\">\n\t\t\t\t\t<div class=\"elementor-column elementor-col-50 elementor-top-column elementor-element elementor-element-628b55a\" data-id=\"628b55a\" data-element_type=\"column\" data-e-type=\"column\">\n\t\t\t<div class=\"elementor-widget-wrap elementor-element-populated\">\n\t\t\t\t\t\t<div class=\"elementor-element elementor-element-1b8ff05 elementor-widget elementor-widget-image\" data-id=\"1b8ff05\" data-element_type=\"widget\" data-e-type=\"widget\" data-widget_type=\"image.default\">\n\t\t\t\t<div class=\"elementor-widget-container\">\n\t\t\t\t\t\t\t\t\t\t\t\t\t\t\t<img decoding=\"async\" width=\"640\" height=\"479\" src=\"https:\/\/utfpr-ct-static-content.s3.amazonaws.com\/utfpr.curitiba.br\/wp-content\/uploads\/sites\/54\/2024\/05\/Default_Step_into_a_world_of_endless_possibilities_as_a_physic_1.jpg\" class=\"attachment-large size-large wp-image-298\" alt=\"\" srcset=\"https:\/\/utfpr-ct-static-content.s3.amazonaws.com\/utfpr.curitiba.br\/wp-content\/uploads\/sites\/54\/2024\/05\/Default_Step_into_a_world_of_endless_possibilities_as_a_physic_1.jpg 888w, https:\/\/utfpr-ct-static-content.s3.amazonaws.com\/utfpr.curitiba.br\/wp-content\/uploads\/sites\/54\/2024\/05\/Default_Step_into_a_world_of_endless_possibilities_as_a_physic_1-300x224.jpg 300w, https:\/\/utfpr-ct-static-content.s3.amazonaws.com\/utfpr.curitiba.br\/wp-content\/uploads\/sites\/54\/2024\/05\/Default_Step_into_a_world_of_endless_possibilities_as_a_physic_1-768x574.jpg 768w\" sizes=\"(max-width: 640px) 100vw, 640px\" \/>\t\t\t\t\t\t\t\t\t\t\t\t\t\t\t<\/div>\n\t\t\t\t<\/div>\n\t\t\t\t\t<\/div>\n\t\t<\/div>\n\t\t\t\t<div class=\"elementor-column elementor-col-50 elementor-top-column elementor-element elementor-element-97ffa12\" data-id=\"97ffa12\" data-element_type=\"column\" data-e-type=\"column\">\n\t\t\t<div class=\"elementor-widget-wrap elementor-element-populated\">\n\t\t\t\t\t\t<div class=\"elementor-element elementor-element-a53ba66 elementor-widget elementor-widget-text-editor\" data-id=\"a53ba66\" data-element_type=\"widget\" data-e-type=\"widget\" data-widget_type=\"text-editor.default\">\n\t\t\t\t<div class=\"elementor-widget-container\">\n\t\t\t\t\t\t\t\t\t<h2>Projeto de Inova\u00e7\u00e3o Tecnol\u00f3gica<\/h2>\n<p>Desenvolvimento de um sistema de INDICADORES DE DESEMPENHO NO ESPORTE em blockchain. A solu\u00e7\u00e3o garantir\u00e1 a seguran\u00e7a, transpar\u00eancia e imutabilidade dos registros de desempenho, sa\u00fade e conquistas dos atletas. O sistema permitir\u00e1 o monitoramento dos dados, promovendo uma gest\u00e3o eficiente e confi\u00e1vel. Al\u00e9m disso, facilitar\u00e1 a an\u00e1lise de dados para melhorar o treinamento e o desempenho dos atletas. <a href=\"https:\/\/utfpr.curitiba.br\/blockchain\/sistema-gestao-de-dados-de-atletas\/\">Veja aqui uma amostra do sistema<\/a><\/p>\t\t\t\t\t\t\t\t<\/div>\n\t\t\t\t<\/div>\n\t\t\t\t\t<\/div>\n\t\t<\/div>\n\t\t\t\t\t<\/div>\n\t\t<\/section>\n\t\t\t\t<section class=\"elementor-section elementor-top-section elementor-element elementor-element-5041d5c elementor-section-boxed elementor-section-height-default elementor-section-height-default\" data-id=\"5041d5c\" data-element_type=\"section\" data-e-type=\"section\">\n\t\t\t\t\t\t<div class=\"elementor-container elementor-column-gap-default\">\n\t\t\t\t\t<div class=\"elementor-column elementor-col-100 elementor-top-column elementor-element elementor-element-54b5388\" data-id=\"54b5388\" data-element_type=\"column\" data-e-type=\"column\">\n\t\t\t<div class=\"elementor-widget-wrap elementor-element-populated\">\n\t\t\t\t\t\t<div class=\"elementor-element elementor-element-4651228 elementor-widget elementor-widget-spacer\" data-id=\"4651228\" data-element_type=\"widget\" data-e-type=\"widget\" data-widget_type=\"spacer.default\">\n\t\t\t\t<div class=\"elementor-widget-container\">\n\t\t\t\t\t\t\t<div class=\"elementor-spacer\">\n\t\t\t<div class=\"elementor-spacer-inner\"><\/div>\n\t\t<\/div>\n\t\t\t\t\t\t<\/div>\n\t\t\t\t<\/div>\n\t\t\t\t\t<\/div>\n\t\t<\/div>\n\t\t\t\t\t<\/div>\n\t\t<\/section>\n\t\t\t\t<section class=\"elementor-section elementor-top-section elementor-element elementor-element-5c36269 elementor-section-boxed elementor-section-height-default elementor-section-height-default\" data-id=\"5c36269\" data-element_type=\"section\" data-e-type=\"section\">\n\t\t\t\t\t\t<div class=\"elementor-container elementor-column-gap-default\">\n\t\t\t\t\t<div class=\"elementor-column elementor-col-50 elementor-top-column elementor-element elementor-element-5a5da2a\" data-id=\"5a5da2a\" data-element_type=\"column\" data-e-type=\"column\">\n\t\t\t<div class=\"elementor-widget-wrap elementor-element-populated\">\n\t\t\t\t\t\t<div class=\"elementor-element elementor-element-42a1b88 elementor-widget elementor-widget-text-editor\" data-id=\"42a1b88\" data-element_type=\"widget\" data-e-type=\"widget\" data-widget_type=\"text-editor.default\">\n\t\t\t\t<div class=\"elementor-widget-container\">\n\t\t\t\t\t\t\t\t\t<h2>Simulador Did\u00e1tico<\/h2>\n<p style=\"color: #000000;font-family: Roboto, sans-serif;font-size: 14px;font-weight: 400\">Utilize ele e entenda os conceitos b\u00e1sicos de uma <a href=\"https:\/\/utfpr.curitiba.br\/blockchain\/simulador-didatico\/\">blockchain POW<\/a>, como:<\/p><p style=\"color: #000000;font-family: Roboto, sans-serif;font-size: 14px;font-weight: 400\">&nbsp; <button class=\"tab-btn active\" data-tab=\"hash\"><img decoding=\"async\" class=\"emoji\" role=\"img\" src=\"https:\/\/s.w.org\/images\/core\/emoji\/17.0.2\/svg\/1f537.svg\" alt=\"\ud83d\udd37\"> Hash<\/button><button class=\"tab-btn\" data-tab=\"block\"><img decoding=\"async\" class=\"emoji\" role=\"img\" src=\"https:\/\/s.w.org\/images\/core\/emoji\/17.0.2\/svg\/1f4e6.svg\" alt=\"\ud83d\udce6\"> Bloco<\/button><button class=\"tab-btn\" data-tab=\"blockchain\"><img decoding=\"async\" class=\"emoji\" role=\"img\" src=\"https:\/\/s.w.org\/images\/core\/emoji\/17.0.2\/svg\/26d3.svg\" alt=\"\u26d3\ufe0f\"> Blockchain<\/button><button class=\"tab-btn\" data-tab=\"distributed\"><img decoding=\"async\" class=\"emoji\" role=\"img\" src=\"https:\/\/s.w.org\/images\/core\/emoji\/17.0.2\/svg\/1f310.svg\" alt=\"\ud83c\udf10\"> Distribu\u00eddo<\/button><button class=\"tab-btn\" data-tab=\"tokens\"><img decoding=\"async\" class=\"emoji\" role=\"img\" src=\"https:\/\/s.w.org\/images\/core\/emoji\/17.0.2\/svg\/1fa99.svg\" alt=\"\ud83e\ude99\"> Tokens<\/button><button class=\"tab-btn\" data-tab=\"coinbase\"><img decoding=\"async\" class=\"emoji\" role=\"img\" src=\"https:\/\/s.w.org\/images\/core\/emoji\/17.0.2\/svg\/1f4b0.svg\" alt=\"\ud83d\udcb0\"> Coinbase<\/button><\/p>\t\t\t\t\t\t\t\t<\/div>\n\t\t\t\t<\/div>\n\t\t\t\t\t<\/div>\n\t\t<\/div>\n\t\t\t\t<div class=\"elementor-column elementor-col-50 elementor-top-column elementor-element elementor-element-5d933a8\" data-id=\"5d933a8\" data-element_type=\"column\" data-e-type=\"column\">\n\t\t\t<div class=\"elementor-widget-wrap elementor-element-populated\">\n\t\t\t\t\t\t<div class=\"elementor-element elementor-element-87e4c9c elementor-widget elementor-widget-image\" data-id=\"87e4c9c\" data-element_type=\"widget\" data-e-type=\"widget\" data-widget_type=\"image.default\">\n\t\t\t\t<div class=\"elementor-widget-container\">\n\t\t\t\t\t\t\t\t\t\t\t\t\t\t\t\t<a href=\"https:\/\/utfpr.curitiba.br\/blockchain\/simulador-didatico\/\">\n\t\t\t\t\t\t\t<img decoding=\"async\" width=\"640\" height=\"326\" src=\"https:\/\/utfpr-ct-static-content.s3.amazonaws.com\/utfpr.curitiba.br\/wp-content\/uploads\/sites\/54\/2026\/03\/Captura-de-tela-2026-03-10-191416-1024x521.png\" class=\"attachment-large size-large wp-image-530\" alt=\"\" srcset=\"https:\/\/utfpr-ct-static-content.s3.amazonaws.com\/utfpr.curitiba.br\/wp-content\/uploads\/sites\/54\/2026\/03\/Captura-de-tela-2026-03-10-191416-1024x521.png 1024w, https:\/\/utfpr-ct-static-content.s3.amazonaws.com\/utfpr.curitiba.br\/wp-content\/uploads\/sites\/54\/2026\/03\/Captura-de-tela-2026-03-10-191416-300x153.png 300w, https:\/\/utfpr-ct-static-content.s3.amazonaws.com\/utfpr.curitiba.br\/wp-content\/uploads\/sites\/54\/2026\/03\/Captura-de-tela-2026-03-10-191416-768x391.png 768w, https:\/\/utfpr-ct-static-content.s3.amazonaws.com\/utfpr.curitiba.br\/wp-content\/uploads\/sites\/54\/2026\/03\/Captura-de-tela-2026-03-10-191416-1536x782.png 1536w, https:\/\/utfpr-ct-static-content.s3.amazonaws.com\/utfpr.curitiba.br\/wp-content\/uploads\/sites\/54\/2026\/03\/Captura-de-tela-2026-03-10-191416.png 1899w\" sizes=\"(max-width: 640px) 100vw, 640px\" \/>\t\t\t\t\t\t\t\t<\/a>\n\t\t\t\t\t\t\t\t\t\t\t\t\t\t\t<\/div>\n\t\t\t\t<\/div>\n\t\t\t\t\t<\/div>\n\t\t<\/div>\n\t\t\t\t\t<\/div>\n\t\t<\/section>\n\t\t\t\t<\/div>\n\t\t","protected":false},"excerpt":{"rendered":"<p>Projeto de Pesquisa Modelo em blockchain para a gest\u00e3o de dados e controles p\u00fablicos em funda\u00e7\u00f5es de apoio \u00e0 Educa\u00e7\u00e3o, Pesquisa e Desenvolvimento Cient\u00edfico e Tecnol\u00f3gico. Projeto de Inova\u00e7\u00e3o Tecnol\u00f3gica Desenvolvimento de um sistema de INDICADORES DE DESEMPENHO NO ESPORTE em blockchain. A solu\u00e7\u00e3o garantir\u00e1 a seguran\u00e7a, transpar\u00eancia e imutabilidade dos registros de desempenho, sa\u00fade [&hellip;]<\/p>\n","protected":false},"author":30,"featured_media":0,"parent":0,"menu_order":0,"comment_status":"closed","ping_status":"closed","template":"","meta":{"footnotes":""},"class_list":["post-199","page","type-page","status-publish","hentry"],"_links":{"self":[{"href":"https:\/\/utfpr.curitiba.br\/blockchain\/wp-json\/wp\/v2\/pages\/199","targetHints":{"allow":["GET"]}}],"collection":[{"href":"https:\/\/utfpr.curitiba.br\/blockchain\/wp-json\/wp\/v2\/pages"}],"about":[{"href":"https:\/\/utfpr.curitiba.br\/blockchain\/wp-json\/wp\/v2\/types\/page"}],"author":[{"embeddable":true,"href":"https:\/\/utfpr.curitiba.br\/blockchain\/wp-json\/wp\/v2\/users\/30"}],"replies":[{"embeddable":true,"href":"https:\/\/utfpr.curitiba.br\/blockchain\/wp-json\/wp\/v2\/comments?post=199"}],"version-history":[{"count":100,"href":"https:\/\/utfpr.curitiba.br\/blockchain\/wp-json\/wp\/v2\/pages\/199\/revisions"}],"predecessor-version":[{"id":545,"href":"https:\/\/utfpr.curitiba.br\/blockchain\/wp-json\/wp\/v2\/pages\/199\/revisions\/545"}],"wp:attachment":[{"href":"https:\/\/utfpr.curitiba.br\/blockchain\/wp-json\/wp\/v2\/media?parent=199"}],"curies":[{"name":"wp","href":"https:\/\/api.w.org\/{rel}","templated":true}]}}