{"id":52,"date":"2021-05-12T01:05:07","date_gmt":"2021-05-12T04:05:07","guid":{"rendered":"https:\/\/bibliotecadesigncenico.ct.utfpr.edu.br\/?page_id=52"},"modified":"2022-12-01T16:23:08","modified_gmt":"2022-12-01T19:23:08","slug":"biblioteca","status":"publish","type":"page","link":"https:\/\/utfpr.curitiba.br\/bibliotecadesigncenico\/?page_id=52","title":{"rendered":"Tags"},"content":{"rendered":"\t\t<div data-elementor-type=\"wp-page\" data-elementor-id=\"52\" class=\"elementor elementor-52\">\n\t\t\t\t\t\t<section class=\"elementor-section elementor-top-section elementor-element elementor-element-e0daf3b elementor-section-boxed elementor-section-height-default elementor-section-height-default\" data-id=\"e0daf3b\" data-element_type=\"section\" data-e-type=\"section\">\n\t\t\t\t\t\t<div class=\"elementor-container elementor-column-gap-default\">\n\t\t\t\t\t<div class=\"elementor-column elementor-col-100 elementor-top-column elementor-element elementor-element-f9e3cbb\" data-id=\"f9e3cbb\" data-element_type=\"column\" data-e-type=\"column\">\n\t\t\t<div class=\"elementor-widget-wrap elementor-element-populated\">\n\t\t\t\t\t\t<div class=\"elementor-element elementor-element-1d0e200 elementor-widget elementor-widget-wp-widget-tag_cloud\" data-id=\"1d0e200\" data-element_type=\"widget\" data-e-type=\"widget\" data-widget_type=\"wp-widget-tag_cloud.default\">\n\t\t\t\t<div class=\"elementor-widget-container\">\n\t\t\t\t\t<h5>Tags<\/h5><div class=\"tagcloud\"><a href=\"https:\/\/utfpr.curitiba.br\/bibliotecadesigncenico\/?tag=arte-participativa\" class=\"tag-cloud-link tag-link-15 tag-link-position-1\" style=\"font-size: 8pt;\" aria-label=\"arte participativa (2 itens)\">arte participativa<\/a>\n<a href=\"https:\/\/utfpr.curitiba.br\/bibliotecadesigncenico\/?tag=artes\" class=\"tag-cloud-link tag-link-215 tag-link-position-2\" style=\"font-size: 9.68pt;\" aria-label=\"Artes (3 itens)\">Artes<\/a>\n<a href=\"https:\/\/utfpr.curitiba.br\/bibliotecadesigncenico\/?tag=arte-sacra\" class=\"tag-cloud-link tag-link-22 tag-link-position-3\" style=\"font-size: 8pt;\" aria-label=\"Arte sacra (2 itens)\">Arte sacra<\/a>\n<a href=\"https:\/\/utfpr.curitiba.br\/bibliotecadesigncenico\/?tag=artes-cenicas\" class=\"tag-cloud-link tag-link-151 tag-link-position-4\" style=\"font-size: 15.28pt;\" aria-label=\"Artes c\u00eanicas (9 itens)\">Artes c\u00eanicas<\/a>\n<a href=\"https:\/\/utfpr.curitiba.br\/bibliotecadesigncenico\/?tag=ator\" class=\"tag-cloud-link tag-link-349 tag-link-position-5\" style=\"font-size: 9.68pt;\" aria-label=\"Ator (3 itens)\">Ator<\/a>\n<a href=\"https:\/\/utfpr.curitiba.br\/bibliotecadesigncenico\/?tag=atores\" class=\"tag-cloud-link tag-link-103 tag-link-position-6\" style=\"font-size: 9.68pt;\" aria-label=\"Atores (3 itens)\">Atores<\/a>\n<a href=\"https:\/\/utfpr.curitiba.br\/bibliotecadesigncenico\/?tag=acoes-2\" class=\"tag-cloud-link tag-link-14 tag-link-position-7\" style=\"font-size: 8pt;\" aria-label=\"a\u00e7\u00f5es (2 itens)\">a\u00e7\u00f5es<\/a>\n<a href=\"https:\/\/utfpr.curitiba.br\/bibliotecadesigncenico\/?tag=carnaval\" class=\"tag-cloud-link tag-link-357 tag-link-position-8\" style=\"font-size: 11.08pt;\" aria-label=\"Carnaval (4 itens)\">Carnaval<\/a>\n<a href=\"https:\/\/utfpr.curitiba.br\/bibliotecadesigncenico\/?tag=cavalo-marinho\" class=\"tag-cloud-link tag-link-414 tag-link-position-9\" style=\"font-size: 9.68pt;\" aria-label=\"Cavalo marinho (3 itens)\">Cavalo marinho<\/a>\n<a href=\"https:\/\/utfpr.curitiba.br\/bibliotecadesigncenico\/?tag=cenografia\" class=\"tag-cloud-link tag-link-20 tag-link-position-10\" style=\"font-size: 21.58pt;\" aria-label=\"Cenografia (27 itens)\">Cenografia<\/a>\n<a href=\"https:\/\/utfpr.curitiba.br\/bibliotecadesigncenico\/?tag=cinema\" class=\"tag-cloud-link tag-link-162 tag-link-position-11\" style=\"font-size: 9.68pt;\" aria-label=\"Cinema (3 itens)\">Cinema<\/a>\n<a href=\"https:\/\/utfpr.curitiba.br\/bibliotecadesigncenico\/?tag=corpo\" class=\"tag-cloud-link tag-link-31 tag-link-position-12\" style=\"font-size: 11.08pt;\" aria-label=\"Corpo (4 itens)\">Corpo<\/a>\n<a href=\"https:\/\/utfpr.curitiba.br\/bibliotecadesigncenico\/?tag=criacao\" class=\"tag-cloud-link tag-link-261 tag-link-position-13\" style=\"font-size: 9.68pt;\" aria-label=\"Cria\u00e7\u00e3o (3 itens)\">Cria\u00e7\u00e3o<\/a>\n<a href=\"https:\/\/utfpr.curitiba.br\/bibliotecadesigncenico\/?tag=design\" class=\"tag-cloud-link tag-link-244 tag-link-position-14\" style=\"font-size: 9.68pt;\" aria-label=\"Design (3 itens)\">Design<\/a>\n<a href=\"https:\/\/utfpr.curitiba.br\/bibliotecadesigncenico\/?tag=dramaturgia\" class=\"tag-cloud-link tag-link-33 tag-link-position-15\" style=\"font-size: 8pt;\" aria-label=\"Dramaturgia (2 itens)\">Dramaturgia<\/a>\n<a href=\"https:\/\/utfpr.curitiba.br\/bibliotecadesigncenico\/?tag=encenacao\" class=\"tag-cloud-link tag-link-268 tag-link-position-16\" style=\"font-size: 11.08pt;\" aria-label=\"Encena\u00e7\u00e3o (4 itens)\">Encena\u00e7\u00e3o<\/a>\n<a href=\"https:\/\/utfpr.curitiba.br\/bibliotecadesigncenico\/?tag=espaco-urbano\" class=\"tag-cloud-link tag-link-16 tag-link-position-17\" style=\"font-size: 9.68pt;\" aria-label=\"espa\u00e7o urbano (3 itens)\">espa\u00e7o urbano<\/a>\n<a href=\"https:\/\/utfpr.curitiba.br\/bibliotecadesigncenico\/?tag=figurino\" class=\"tag-cloud-link tag-link-26 tag-link-position-18\" style=\"font-size: 20.32pt;\" aria-label=\"Figurino (22 itens)\">Figurino<\/a>\n<a href=\"https:\/\/utfpr.curitiba.br\/bibliotecadesigncenico\/?tag=historia\" class=\"tag-cloud-link tag-link-207 tag-link-position-19\" style=\"font-size: 9.68pt;\" aria-label=\"Hist\u00f3ria (3 itens)\">Hist\u00f3ria<\/a>\n<a href=\"https:\/\/utfpr.curitiba.br\/bibliotecadesigncenico\/?tag=iluminacao-cenica\" class=\"tag-cloud-link tag-link-235 tag-link-position-20\" style=\"font-size: 16.82pt;\" aria-label=\"Ilumina\u00e7\u00e3o c\u00eanica (12 itens)\">Ilumina\u00e7\u00e3o c\u00eanica<\/a>\n<a href=\"https:\/\/utfpr.curitiba.br\/bibliotecadesigncenico\/?tag=iluminacao-de-cena\" class=\"tag-cloud-link tag-link-72 tag-link-position-21\" style=\"font-size: 11.08pt;\" aria-label=\"Ilumina\u00e7\u00e3o de cena (4 itens)\">Ilumina\u00e7\u00e3o de cena<\/a>\n<a href=\"https:\/\/utfpr.curitiba.br\/bibliotecadesigncenico\/?tag=imagem\" class=\"tag-cloud-link tag-link-75 tag-link-position-22\" style=\"font-size: 9.68pt;\" aria-label=\"Imagem (3 itens)\">Imagem<\/a>\n<a href=\"https:\/\/utfpr.curitiba.br\/bibliotecadesigncenico\/?tag=linguagem-corporal\" class=\"tag-cloud-link tag-link-105 tag-link-position-23\" style=\"font-size: 9.68pt;\" aria-label=\"Linguagem corporal (3 itens)\">Linguagem corporal<\/a>\n<a href=\"https:\/\/utfpr.curitiba.br\/bibliotecadesigncenico\/?tag=literatura\" class=\"tag-cloud-link tag-link-35 tag-link-position-24\" style=\"font-size: 8pt;\" aria-label=\"Literatura (2 itens)\">Literatura<\/a>\n<a href=\"https:\/\/utfpr.curitiba.br\/bibliotecadesigncenico\/?tag=maquiagem\" class=\"tag-cloud-link tag-link-293 tag-link-position-25\" style=\"font-size: 12.2pt;\" aria-label=\"Maquiagem (5 itens)\">Maquiagem<\/a>\n<a href=\"https:\/\/utfpr.curitiba.br\/bibliotecadesigncenico\/?tag=memoria\" class=\"tag-cloud-link tag-link-243 tag-link-position-26\" style=\"font-size: 11.08pt;\" aria-label=\"Mem\u00f3ria (4 itens)\">Mem\u00f3ria<\/a>\n<a href=\"https:\/\/utfpr.curitiba.br\/bibliotecadesigncenico\/?tag=moda\" class=\"tag-cloud-link tag-link-24 tag-link-position-27\" style=\"font-size: 13.88pt;\" aria-label=\"Moda (7 itens)\">Moda<\/a>\n<a href=\"https:\/\/utfpr.curitiba.br\/bibliotecadesigncenico\/?tag=modernidade\" class=\"tag-cloud-link tag-link-25 tag-link-position-28\" style=\"font-size: 9.68pt;\" aria-label=\"Modernidade (3 itens)\">Modernidade<\/a>\n<a href=\"https:\/\/utfpr.curitiba.br\/bibliotecadesigncenico\/?tag=museu-de-arte-sacra-de-sao-paulo\" class=\"tag-cloud-link tag-link-21 tag-link-position-29\" style=\"font-size: 8pt;\" aria-label=\"Museu de Arte Sacra de S\u00e3o Paulo (2 itens)\">Museu de Arte Sacra de S\u00e3o Paulo<\/a>\n<a href=\"https:\/\/utfpr.curitiba.br\/bibliotecadesigncenico\/?tag=mascara\" class=\"tag-cloud-link tag-link-258 tag-link-position-30\" style=\"font-size: 13.88pt;\" aria-label=\"M\u00e1scara (7 itens)\">M\u00e1scara<\/a>\n<a href=\"https:\/\/utfpr.curitiba.br\/bibliotecadesigncenico\/?tag=mascaras\" class=\"tag-cloud-link tag-link-57 tag-link-position-31\" style=\"font-size: 9.68pt;\" aria-label=\"M\u00e1scaras (3 itens)\">M\u00e1scaras<\/a>\n<a href=\"https:\/\/utfpr.curitiba.br\/bibliotecadesigncenico\/?tag=palhacos\" class=\"tag-cloud-link tag-link-323 tag-link-position-32\" style=\"font-size: 9.68pt;\" aria-label=\"Palha\u00e7os (3 itens)\">Palha\u00e7os<\/a>\n<a href=\"https:\/\/utfpr.curitiba.br\/bibliotecadesigncenico\/?tag=pedagogia-do-teatro\" class=\"tag-cloud-link tag-link-354 tag-link-position-33\" style=\"font-size: 9.68pt;\" aria-label=\"Pedagogia do teatro (3 itens)\">Pedagogia do teatro<\/a>\n<a href=\"https:\/\/utfpr.curitiba.br\/bibliotecadesigncenico\/?tag=performance\" class=\"tag-cloud-link tag-link-19 tag-link-position-34\" style=\"font-size: 13.18pt;\" aria-label=\"performance (6 itens)\">performance<\/a>\n<a href=\"https:\/\/utfpr.curitiba.br\/bibliotecadesigncenico\/?tag=performatividade\" class=\"tag-cloud-link tag-link-34 tag-link-position-35\" style=\"font-size: 8pt;\" aria-label=\"Performatividade (2 itens)\">Performatividade<\/a>\n<a href=\"https:\/\/utfpr.curitiba.br\/bibliotecadesigncenico\/?tag=processo-de-criacao\" class=\"tag-cloud-link tag-link-283 tag-link-position-36\" style=\"font-size: 9.68pt;\" aria-label=\"Processo de cria\u00e7\u00e3o (3 itens)\">Processo de cria\u00e7\u00e3o<\/a>\n<a href=\"https:\/\/utfpr.curitiba.br\/bibliotecadesigncenico\/?tag=representacao-teatral\" class=\"tag-cloud-link tag-link-81 tag-link-position-37\" style=\"font-size: 13.88pt;\" aria-label=\"Representa\u00e7\u00e3o teatral (7 itens)\">Representa\u00e7\u00e3o teatral<\/a>\n<a href=\"https:\/\/utfpr.curitiba.br\/bibliotecadesigncenico\/?tag=teatro\" class=\"tag-cloud-link tag-link-59 tag-link-position-38\" style=\"font-size: 22pt;\" aria-label=\"Teatro (29 itens)\">Teatro<\/a>\n<a href=\"https:\/\/utfpr.curitiba.br\/bibliotecadesigncenico\/?tag=teatro-brasileiro\" class=\"tag-cloud-link tag-link-138 tag-link-position-39\" style=\"font-size: 14.58pt;\" aria-label=\"Teatro brasileiro (8 itens)\">Teatro brasileiro<\/a>\n<a href=\"https:\/\/utfpr.curitiba.br\/bibliotecadesigncenico\/?tag=teatro-de-animacao\" class=\"tag-cloud-link tag-link-203 tag-link-position-40\" style=\"font-size: 11.08pt;\" aria-label=\"Teatro de Anima\u00e7\u00e3o (4 itens)\">Teatro de Anima\u00e7\u00e3o<\/a>\n<a href=\"https:\/\/utfpr.curitiba.br\/bibliotecadesigncenico\/?tag=teatro-de-bonecos\" class=\"tag-cloud-link tag-link-102 tag-link-position-41\" style=\"font-size: 12.2pt;\" aria-label=\"Teatro de bonecos (5 itens)\">Teatro de bonecos<\/a>\n<a href=\"https:\/\/utfpr.curitiba.br\/bibliotecadesigncenico\/?tag=teatro-de-sombras\" class=\"tag-cloud-link tag-link-226 tag-link-position-42\" style=\"font-size: 9.68pt;\" aria-label=\"Teatro de sombras (3 itens)\">Teatro de sombras<\/a>\n<a href=\"https:\/\/utfpr.curitiba.br\/bibliotecadesigncenico\/?tag=teatro-musical\" class=\"tag-cloud-link tag-link-53 tag-link-position-43\" style=\"font-size: 11.08pt;\" aria-label=\"Teatro musical (4 itens)\">Teatro musical<\/a>\n<a href=\"https:\/\/utfpr.curitiba.br\/bibliotecadesigncenico\/?tag=telenovelas\" class=\"tag-cloud-link tag-link-27 tag-link-position-44\" style=\"font-size: 8pt;\" aria-label=\"Telenovelas (2 itens)\">Telenovelas<\/a>\n<a href=\"https:\/\/utfpr.curitiba.br\/bibliotecadesigncenico\/?tag=traje-de-cena\" class=\"tag-cloud-link tag-link-42 tag-link-position-45\" style=\"font-size: 14.58pt;\" aria-label=\"traje de cena (8 itens)\">traje de cena<\/a><\/div>\n\t\t\t\t<\/div>\n\t\t\t\t<\/div>\n\t\t\t\t\t<\/div>\n\t\t<\/div>\n\t\t\t\t\t<\/div>\n\t\t<\/section>\n\t\t\t\t<\/div>\n\t\t","protected":false},"excerpt":{"rendered":"","protected":false},"author":3,"featured_media":0,"parent":0,"menu_order":0,"comment_status":"closed","ping_status":"closed","template":"elementor_theme","meta":{"footnotes":""},"class_list":["post-52","page","type-page","status-publish","hentry"],"_links":{"self":[{"href":"https:\/\/utfpr.curitiba.br\/bibliotecadesigncenico\/index.php?rest_route=\/wp\/v2\/pages\/52","targetHints":{"allow":["GET"]}}],"collection":[{"href":"https:\/\/utfpr.curitiba.br\/bibliotecadesigncenico\/index.php?rest_route=\/wp\/v2\/pages"}],"about":[{"href":"https:\/\/utfpr.curitiba.br\/bibliotecadesigncenico\/index.php?rest_route=\/wp\/v2\/types\/page"}],"author":[{"embeddable":true,"href":"https:\/\/utfpr.curitiba.br\/bibliotecadesigncenico\/index.php?rest_route=\/wp\/v2\/users\/3"}],"replies":[{"embeddable":true,"href":"https:\/\/utfpr.curitiba.br\/bibliotecadesigncenico\/index.php?rest_route=%2Fwp%2Fv2%2Fcomments&post=52"}],"version-history":[{"count":5,"href":"https:\/\/utfpr.curitiba.br\/bibliotecadesigncenico\/index.php?rest_route=\/wp\/v2\/pages\/52\/revisions"}],"predecessor-version":[{"id":2343,"href":"https:\/\/utfpr.curitiba.br\/bibliotecadesigncenico\/index.php?rest_route=\/wp\/v2\/pages\/52\/revisions\/2343"}],"wp:attachment":[{"href":"https:\/\/utfpr.curitiba.br\/bibliotecadesigncenico\/index.php?rest_route=%2Fwp%2Fv2%2Fmedia&parent=52"}],"curies":[{"name":"wp","href":"https:\/\/api.w.org\/{rel}","templated":true}]}}