{"id":2,"date":"2021-05-06T11:24:45","date_gmt":"2021-05-06T14:24:45","guid":{"rendered":"http:\/\/bibliotecadesigncenico.ct.utfpr.edu.br\/?page_id=2"},"modified":"2023-09-29T16:05:34","modified_gmt":"2023-09-29T19:05:34","slug":"pagina-exemplo","status":"publish","type":"page","link":"https:\/\/utfpr.curitiba.br\/bibliotecadesigncenico\/?page_id=2","title":{"rendered":"Sobre o Projeto"},"content":{"rendered":"\t\t<div data-elementor-type=\"wp-page\" data-elementor-id=\"2\" class=\"elementor elementor-2\">\n\t\t\t\t\t\t<section class=\"elementor-section elementor-top-section elementor-element elementor-element-0093b69 elementor-section-boxed elementor-section-height-default elementor-section-height-default\" data-id=\"0093b69\" data-element_type=\"section\" data-e-type=\"section\">\n\t\t\t\t\t\t<div class=\"elementor-container elementor-column-gap-default\">\n\t\t\t\t\t<div class=\"elementor-column elementor-col-100 elementor-top-column elementor-element elementor-element-0ce7ca1\" data-id=\"0ce7ca1\" data-element_type=\"column\" data-e-type=\"column\">\n\t\t\t<div class=\"elementor-widget-wrap elementor-element-populated\">\n\t\t\t\t\t\t<div class=\"elementor-element elementor-element-bd51585 elementor-widget elementor-widget-text-editor\" data-id=\"bd51585\" data-element_type=\"widget\" data-e-type=\"widget\" data-widget_type=\"text-editor.default\">\n\t\t\t\t<div class=\"elementor-widget-container\">\n\t\t\t\t\t\t\t\t\t<p dir=\"ltr\" style=\"line-height: 1.38;background-color: #ffffff;margin-top: 0pt;margin-bottom: 0pt;padding: 0pt 0pt 16pt 0pt\"><span style=\"font-size: 10pt;font-family: Verdana,sans-serif;color: #111111;background-color: transparent;font-weight: 400;font-style: normal;font-variant: normal;text-decoration: none;vertical-align: baseline\">A Biblioteca Virtual de Design C\u00eanico tem por objetivo agrupar e disponibilizar informa\u00e7\u00f5es sobre publica\u00e7\u00f5es com acesso aberto na internet com acesso aberto na internet em tem\u00e1ticas do design c\u00eanico visando dar mais visibilidade e facilidade de acesso a interessados pelo tema bem como apoiar o ensino, o aprendizado e a pesquisa. Foi desenvolvida sob os princ\u00edpios dos Recursos Educacionais Abertos (REA) sendo licenciada como Creative Commons \u2013 Atribui\u00e7\u00e3o-N\u00e3oComercial-CompartilhaIgual (CC BY-NC-SA).<\/span><\/p>\n<p dir=\"ltr\" style=\"line-height: 1.38;background-color: #ffffff;margin-top: 0pt;margin-bottom: 0pt;padding: 0pt 0pt 16pt 0pt\"><span style=\"font-size: 10pt;font-family: Verdana,sans-serif;color: #111111;background-color: transparent;font-weight: 400;font-style: normal;font-variant: normal;text-decoration: none;vertical-align: baseline\">H\u00e1, no Brasil, uma produ\u00e7\u00e3o relevante de pesquisa, a que damos \u00eanfase a teses e disserta\u00e7\u00f5es realizadas em cursos de p\u00f3s-gradua\u00e7\u00e3o em diferentes institui\u00e7\u00f5es, disponibilizada em diversos bancos de dados compondo um conjunto de materiais de alta qualidade. A biblioteca Virtual de Design C\u00eanico, valorizando a produ\u00e7\u00e3o de pesquisa brasileira, disponibiliza links de acesso de conte\u00fados assegurados e atestados por diferentes institui\u00e7\u00f5es, especialmente universit\u00e1rias.<\/span><\/p>\n<p dir=\"ltr\" style=\"line-height: 1.38;background-color: #ffffff;margin-top: 0pt;margin-bottom: 0pt;padding: 0pt 0pt 16pt 0pt\"><span style=\"font-size: 10pt;font-family: Verdana,sans-serif;color: #111111;background-color: transparent;font-weight: 400;font-style: normal;font-variant: normal;text-decoration: none;vertical-align: baseline\">O termo design c\u00eanico abrange, no \u00e2mbito das artes c\u00eanicas, campos das visualidades, espacialidades, arquiteturas, materialidades, sonoridades e tecnologias diversas, podendo ser entendido como correspondente ao sentido mais ampliado de cenografia, performance, design ou elementos visuais e sonoros da cena. Podemos tamb\u00e9m nos referir a categorias como: cenografia, figurino\/traje de cena, ilumina\u00e7\u00e3o e maquiagem c\u00eanicas; teatro de formas animadas; sonoplastia; arquitetura teatral; novas tecnologias aplicadas ao espet\u00e1culo, entre outras.<\/span><\/p>\n<p dir=\"ltr\" style=\"line-height: 1.38;background-color: #ffffff;margin-top: 0pt;margin-bottom: 0pt\"><span style=\"font-size: 10pt;font-family: Verdana,sans-serif;color: #111111;background-color: transparent;font-weight: 400;font-style: normal;font-variant: normal;text-decoration: none;vertical-align: baseline\">H\u00e1 diferentes maneiras de pesquisa na biblioteca Virtual de Design C\u00eanico:<\/span><\/p>\n<p dir=\"ltr\" style=\"line-height: 1.38;background-color: #ffffff;margin-top: 0pt;margin-bottom: 0pt\"><span style=\"font-size: 10pt;font-family: Verdana,sans-serif;color: #111111;background-color: transparent;font-weight: 400;font-style: normal;font-variant: normal;text-decoration: none;vertical-align: baseline\">\u2022 A Partir de categorias gerais \u00e0s quais est\u00e3o vinculadas todas as obras inclu\u00eddas;<\/span><\/p>\n<p dir=\"ltr\" style=\"line-height: 1.38;background-color: #ffffff;margin-top: 0pt;margin-bottom: 0pt\"><span style=\"font-size: 10pt;font-family: Verdana,sans-serif;color: #111111;background-color: transparent;font-weight: 400;font-style: normal;font-variant: normal;text-decoration: none;vertical-align: baseline\">\u2022 A partir das palavras-chave (tags);<\/span><\/p>\n<p dir=\"ltr\" style=\"line-height: 1.38;background-color: #ffffff;margin-top: 0pt;margin-bottom: 0pt;padding: 0pt 0pt 16pt 0pt\"><span style=\"font-size: 10pt;font-family: Verdana,sans-serif;color: #111111;background-color: transparent;font-weight: 400;font-style: normal;font-variant: normal;text-decoration: none;vertical-align: baseline\">\u2022 A partir da caixa de pesquisa, utilizando-se de qualquer termo do t\u00edtulo, nome de outro, palavra-chave ou termo que conste no resumo da obra, conforme elaborados pelo(a) autor(a) da obra.<\/span><\/p>\n<p dir=\"ltr\" style=\"line-height: 1.38;background-color: #ffffff;margin-top: 0pt;margin-bottom: 16pt\"><span style=\"font-size: 10pt;font-family: Verdana,sans-serif;color: #111111;background-color: transparent;font-weight: 400;font-style: normal;font-variant: normal;text-decoration: none;vertical-align: baseline\">Boa pesquisa!<\/span><\/p>\t\t\t\t\t\t\t\t<\/div>\n\t\t\t\t<\/div>\n\t\t\t\t\t<\/div>\n\t\t<\/div>\n\t\t\t\t\t<\/div>\n\t\t<\/section>\n\t\t\t\t<section class=\"elementor-section elementor-top-section elementor-element elementor-element-769285a elementor-section-boxed elementor-section-height-default elementor-section-height-default\" data-id=\"769285a\" data-element_type=\"section\" data-e-type=\"section\">\n\t\t\t\t\t\t<div class=\"elementor-container elementor-column-gap-default\">\n\t\t\t\t\t<div class=\"elementor-column elementor-col-100 elementor-top-column elementor-element elementor-element-e99c615\" data-id=\"e99c615\" data-element_type=\"column\" data-e-type=\"column\">\n\t\t\t<div class=\"elementor-widget-wrap elementor-element-populated\">\n\t\t\t\t\t\t<div class=\"elementor-element elementor-element-00cd253 elementor-widget elementor-widget-text-editor\" data-id=\"00cd253\" data-element_type=\"widget\" data-e-type=\"widget\" data-widget_type=\"text-editor.default\">\n\t\t\t\t<div class=\"elementor-widget-container\">\n\t\t\t\t\t\t\t\t\t<p dir=\"ltr\" style=\"line-height: 1.38;background-color: #ffffff;margin-top: 0pt;margin-bottom: 0pt;padding: 0pt 0pt 16pt 0pt\"><span style=\"font-size: 10pt;font-family: Verdana,sans-serif;color: #111111;background-color: transparent;font-weight: 400;font-style: normal;font-variant: normal;text-decoration: none;vertical-align: baseline\">A <\/span><span style=\"font-size: 10pt;font-family: Verdana,sans-serif;color: #111111;background-color: transparent;font-weight: bold;font-style: normal;font-variant: normal;text-decoration: underline;vertical-align: baseline\">Biblioteca Virtual de Design C\u00eanico<\/span><span style=\"font-size: 10pt;font-family: Verdana,sans-serif;color: #111111;background-color: transparent;font-weight: 400;font-style: normal;font-variant: normal;text-decoration: none;vertical-align: baseline\"> tem como idealizador o professor Dr. Ismael Scheffler e foi desenvolvida com a aluna-bolsista Rafaela Angelon (Bacharelado em Design) e o aluno-bolsista Eric Alan Aguiar Lima (Bacharelado em Arquitetura e Urbanismo), com o apoio da aluna-bolsista Fabiana Kaori de Sousa (Bacharelado em Design). Contou ainda com interlocu\u00e7\u00f5es com diferentes pesquisadores na \u00e1rea, em especial com a professora Simone Landal.\u00a0<\/span><\/p>\n<p dir=\"ltr\" style=\"line-height: 1.38;background-color: #ffffff;margin-top: 0pt;margin-bottom: 0pt;padding: 0pt 0pt 16pt 0pt\"><span style=\"background-color: transparent;font-family: Verdana, sans-serif;font-size: 10pt;font-style: normal;font-weight: 400\">O projeto foi selecionado na \u00e1rea tem\u00e1tica de Metodologia de Design pela C\u00e2mara T\u00e9cnica de Ci\u00eancias Sociais Aplicadas, Sa\u00fade, Linguagens e Artes vinculada ao Conselho de Gradua\u00e7\u00e3o e Educa\u00e7\u00e3o Profissional (COGEP) da Pr\u00f3-Reitoria de Gradua\u00e7\u00e3o e Educa\u00e7\u00e3o Profissional (PROGRAD) da Universidade Tecnol\u00f3gica Federal do Paran\u00e1 (UTFPR). Este trabalho contou com recursos de bolsas do Edital 37\/2020 de Apoio ao Desenvolvimento de Recursos Educacionais Abertos na Gradua\u00e7\u00e3o da UTFPR e com o apoio de bolsa de extens\u00e3o obtida pelo Edital 02\/2020, da Pr\u00f3-Reitoria de Rela\u00e7\u00f5es Empresariais e Comunit\u00e1rias (PROREC).<\/span><\/p>\t\t\t\t\t\t\t\t<\/div>\n\t\t\t\t<\/div>\n\t\t\t\t\t<\/div>\n\t\t<\/div>\n\t\t\t\t\t<\/div>\n\t\t<\/section>\n\t\t\t\t<section class=\"elementor-section elementor-top-section elementor-element elementor-element-76f2bf7 elementor-section-boxed elementor-section-height-default elementor-section-height-default\" data-id=\"76f2bf7\" data-element_type=\"section\" data-e-type=\"section\">\n\t\t\t\t\t\t<div class=\"elementor-container elementor-column-gap-default\">\n\t\t\t\t\t<div class=\"elementor-column elementor-col-100 elementor-top-column elementor-element elementor-element-4b8c36b\" data-id=\"4b8c36b\" data-element_type=\"column\" data-e-type=\"column\">\n\t\t\t<div class=\"elementor-widget-wrap elementor-element-populated\">\n\t\t\t\t\t\t<div class=\"elementor-element elementor-element-025d1a7 elementor-widget elementor-widget-text-editor\" data-id=\"025d1a7\" data-element_type=\"widget\" data-e-type=\"widget\" data-widget_type=\"text-editor.default\">\n\t\t\t\t<div class=\"elementor-widget-container\">\n\t\t\t\t\t\t\t\t\t<p>Este trabalho contou com recursos do Edital de Apoio ao Desenvolvimento de Recursos Educacionais Abertos na Gradua\u00e7\u00e3o da UTFPR.<\/p>\t\t\t\t\t\t\t\t<\/div>\n\t\t\t\t<\/div>\n\t\t\t\t\t<\/div>\n\t\t<\/div>\n\t\t\t\t\t<\/div>\n\t\t<\/section>\n\t\t\t\t<section class=\"elementor-section elementor-top-section elementor-element elementor-element-01b6655 elementor-section-boxed elementor-section-height-default elementor-section-height-default\" data-id=\"01b6655\" data-element_type=\"section\" data-e-type=\"section\">\n\t\t\t\t\t\t<div class=\"elementor-container elementor-column-gap-default\">\n\t\t\t\t\t<div class=\"elementor-column elementor-col-100 elementor-top-column elementor-element elementor-element-8be3e19\" data-id=\"8be3e19\" data-element_type=\"column\" data-e-type=\"column\">\n\t\t\t<div class=\"elementor-widget-wrap elementor-element-populated\">\n\t\t\t\t\t\t<div class=\"elementor-element elementor-element-a3a3c85 elementor-widget elementor-widget-text-editor\" data-id=\"a3a3c85\" data-element_type=\"widget\" data-e-type=\"widget\" data-widget_type=\"text-editor.default\">\n\t\t\t\t<div class=\"elementor-widget-container\">\n\t\t\t\t\t\t\t\t\t<p><strong>Gostaria de colaborar indicando materiais para serem inclu\u00eddos na BVDC?<\/strong> Mande sua sugest\u00e3o por este formul\u00e1rio:<span style=\"color: #993300\">\u00a0<strong><a style=\"font-family: var(--dynamico--text-font);font-style: normal;font-weight: var(--dynamico--title-font-weight);font-size: 1.0625rem;letter-spacing: 0.45px;text-transform: var(--dynamico--title-text-transform);color: #993300\" href=\"https:\/\/forms.gle\/fEpLrFeypGpz4wqb9\" target=\"_blank\" rel=\"noopener\"><span style=\"font-size: 10.625px\">INDICA\u00c7\u00c3O DE BIBLIOGRAFIA &#8211; BIBLIOTECA VIRTUAL DE DESIGN C\u00caNICO<\/span><\/a><\/strong><\/span><\/p>\t\t\t\t\t\t\t\t<\/div>\n\t\t\t\t<\/div>\n\t\t\t\t\t<\/div>\n\t\t<\/div>\n\t\t\t\t\t<\/div>\n\t\t<\/section>\n\t\t\t\t<section class=\"elementor-section elementor-top-section elementor-element elementor-element-5e140d9 elementor-section-boxed elementor-section-height-default elementor-section-height-default\" data-id=\"5e140d9\" data-element_type=\"section\" data-e-type=\"section\">\n\t\t\t\t\t\t<div class=\"elementor-container elementor-column-gap-default\">\n\t\t\t\t\t<div class=\"elementor-column elementor-col-100 elementor-top-column elementor-element elementor-element-e2f03ab\" data-id=\"e2f03ab\" data-element_type=\"column\" data-e-type=\"column\">\n\t\t\t<div class=\"elementor-widget-wrap elementor-element-populated\">\n\t\t\t\t\t\t<div class=\"elementor-element elementor-element-1fc4221 elementor-widget elementor-widget-text-editor\" data-id=\"1fc4221\" data-element_type=\"widget\" data-e-type=\"widget\" data-widget_type=\"text-editor.default\">\n\t\t\t\t<div class=\"elementor-widget-container\">\n\t\t\t\t\t\t\t\t\t<div><strong>Q<\/strong><b>uer <\/b><span style=\"font-weight: bold\">conhecer mais sobre as a\u00e7\u00f5es de cenografia na UTFPR?<\/span><\/div>\n<div>\u00a0<span style=\"font-size: 13px\">Visite a p\u00e1gina:<\/span> <span style=\"font-size: 13px;color: #993300\"><span style=\"font-weight: bold\">https:\/\/utfpr.curitiba.br\/tut\/<\/span><span style=\"font-weight: bold\">\u00a0<\/span><\/span><\/div>\n<div><span style=\"text-decoration: underline\"><span style=\"color: #000000;text-decoration: underline\">Contato:<\/span><\/span><\/div>\n<div><span style=\"font-weight: bold;color: #993300\"><a style=\"color: #993300\" href=\"mailto:cenografia-ct@utfpr.edu.br\" target=\"_blank\" rel=\"noopener\">cenografia-ct@utfpr.edu.br<\/a><\/span><\/div>\t\t\t\t\t\t\t\t<\/div>\n\t\t\t\t<\/div>\n\t\t\t\t\t<\/div>\n\t\t<\/div>\n\t\t\t\t\t<\/div>\n\t\t<\/section>\n\t\t\t\t<\/div>\n\t\t","protected":false},"excerpt":{"rendered":"<p>A Biblioteca Virtual de Design C\u00eanico tem por objetivo agrupar e disponibilizar informa\u00e7\u00f5es sobre publica\u00e7\u00f5es com acesso aberto na internet com acesso aberto na internet em tem\u00e1ticas do design c\u00eanico visando dar mais visibilidade e facilidade de acesso a interessados &hellip; <a href=\"https:\/\/utfpr.curitiba.br\/bibliotecadesigncenico\/?page_id=2\">Continue lendo <span class=\"meta-nav\">&rarr;<\/span><\/a><\/p>\n","protected":false},"author":1,"featured_media":0,"parent":0,"menu_order":0,"comment_status":"closed","ping_status":"open","template":"","meta":{"footnotes":""},"class_list":["post-2","page","type-page","status-publish","hentry"],"_links":{"self":[{"href":"https:\/\/utfpr.curitiba.br\/bibliotecadesigncenico\/index.php?rest_route=\/wp\/v2\/pages\/2","targetHints":{"allow":["GET"]}}],"collection":[{"href":"https:\/\/utfpr.curitiba.br\/bibliotecadesigncenico\/index.php?rest_route=\/wp\/v2\/pages"}],"about":[{"href":"https:\/\/utfpr.curitiba.br\/bibliotecadesigncenico\/index.php?rest_route=\/wp\/v2\/types\/page"}],"author":[{"embeddable":true,"href":"https:\/\/utfpr.curitiba.br\/bibliotecadesigncenico\/index.php?rest_route=\/wp\/v2\/users\/1"}],"replies":[{"embeddable":true,"href":"https:\/\/utfpr.curitiba.br\/bibliotecadesigncenico\/index.php?rest_route=%2Fwp%2Fv2%2Fcomments&post=2"}],"version-history":[{"count":49,"href":"https:\/\/utfpr.curitiba.br\/bibliotecadesigncenico\/index.php?rest_route=\/wp\/v2\/pages\/2\/revisions"}],"predecessor-version":[{"id":2381,"href":"https:\/\/utfpr.curitiba.br\/bibliotecadesigncenico\/index.php?rest_route=\/wp\/v2\/pages\/2\/revisions\/2381"}],"wp:attachment":[{"href":"https:\/\/utfpr.curitiba.br\/bibliotecadesigncenico\/index.php?rest_route=%2Fwp%2Fv2%2Fmedia&parent=2"}],"curies":[{"name":"wp","href":"https:\/\/api.w.org\/{rel}","templated":true}]}}