{"id":759,"date":"2024-02-07T14:16:04","date_gmt":"2024-02-07T17:16:04","guid":{"rendered":"https:\/\/utfpr.curitiba.br\/ajudagestao\/?page_id=759"},"modified":"2025-01-30T14:55:23","modified_gmt":"2025-01-30T17:55:23","slug":"departamento","status":"publish","type":"page","link":"https:\/\/utfpr.curitiba.br\/ajudagestao\/?page_id=759","title":{"rendered":"Setores \/ Sites"},"content":{"rendered":"\n<p>A busca por setores categoriza as informa\u00e7\u00f5es com base nas \u00e1reas organizacionais ou tem\u00e1ticas do site.<\/p>\n\n\n\n<div class=\"wp-block-buttons alignwide has-custom-font-size has-medium-font-size is-horizontal is-content-justification-center is-layout-flex wp-container-core-buttons-is-layout-5f1ce0a9 wp-block-buttons-is-layout-flex\" style=\"font-style:normal;font-weight:500;text-decoration:none;text-transform:none\">\n<div class=\"wp-block-button has-custom-width wp-block-button__width-50 has-custom-font-size has-small-font-size\"><a class=\"wp-block-button__link has-white-color has-neve-link-color-background-color has-text-color has-background has-text-align-center wp-element-button\" href=\"https:\/\/www.utfpr.edu.br\/campus\/curitiba\/eventos\" style=\"border-radius:17px;padding-top:var(--wp--preset--spacing--50);padding-bottom:var(--wp--preset--spacing--50)\">ASCEV \/ Assessoria de Cerimoniais e Eventos<\/a><\/div>\n\n\n\n<div class=\"wp-block-button has-custom-width wp-block-button__width-50 has-custom-font-size has-small-font-size\"><a class=\"wp-block-button__link has-white-color has-neve-link-color-background-color has-text-color has-background has-text-align-center wp-element-button\" href=\"https:\/\/www.utfpr.edu.br\/comunicacao\" style=\"border-radius:17px;padding-top:var(--wp--preset--spacing--50);padding-right:0;padding-bottom:var(--wp--preset--spacing--50);padding-left:0\">ASCOM \/ Assessoria de Comunica\u00e7\u00e3o<\/a><\/div>\n\n\n\n<div class=\"wp-block-button has-custom-width wp-block-button__width-50 has-custom-font-size has-small-font-size\"><a class=\"wp-block-button__link has-white-color has-neve-link-color-background-color has-text-color has-background has-text-align-center wp-element-button\" href=\"https:\/\/www.utfpr.edu.br\/servidores\/site\" style=\"border-radius:17px;padding-top:var(--wp--preset--spacing--50);padding-bottom:var(--wp--preset--spacing--50)\">COGERH \/ Coordenadoria de Gest\u00e3o de Recursos Humanos<\/a><\/div>\n\n\n\n<div class=\"wp-block-button has-custom-width wp-block-button__width-50 has-custom-font-size has-small-font-size\"><a class=\"wp-block-button__link has-white-color has-neve-link-color-background-color has-text-color has-background has-text-align-center wp-element-button\" href=\"https:\/\/ajuda.utfpr.edu.br\/pt-br\/campus\/publico\/campus-ct\" style=\"border-radius:17px;padding-top:var(--wp--preset--spacing--50);padding-bottom:var(--wp--preset--spacing--50)\">COGETI \/ Coordenadoria de Gest\u00e3o de Tecnologia da Informa\u00e7\u00e3o<\/a><\/div>\n\n\n\n<div class=\"wp-block-button has-custom-width wp-block-button__width-50 has-custom-font-size is-style-default has-small-font-size\"><a class=\"wp-block-button__link has-white-color has-neve-link-color-background-color has-text-color has-background wp-element-button\" href=\"https:\/\/utfpr.curitiba.br\/coted\/\" style=\"border-radius:17px;padding-top:var(--wp--preset--spacing--50);padding-bottom:var(--wp--preset--spacing--50)\">COTED \/ Coordenadoria de Tecnologia na Educa\u00e7\u00e3o<\/a><\/div>\n\n\n\n<div class=\"wp-block-button has-custom-width wp-block-button__width-50 has-custom-font-size is-style-default has-small-font-size\"><a class=\"wp-block-button__link has-white-color has-neve-link-color-background-color has-text-color has-background wp-element-button\" href=\"https:\/\/utfpr.curitiba.br\/direc\/\" style=\"border-radius:17px;padding-top:var(--wp--preset--spacing--50);padding-bottom:var(--wp--preset--spacing--50)\">DIREC \/ Diretoria de Rela\u00e7\u00f5es Empresariais e Comunit\u00e1rias<\/a><\/div>\n\n\n\n<div class=\"wp-block-button has-custom-width wp-block-button__width-50 has-custom-font-size is-style-default has-small-font-size\" style=\"font-style:normal;font-weight:400\"><a class=\"wp-block-button__link has-nv-site-bg-color has-neve-link-color-background-color has-text-color has-background wp-element-button\" href=\"https:\/\/utfpr.curitiba.br\/dirppg\/\" style=\"border-radius:17px;padding-top:var(--wp--preset--spacing--40);padding-bottom:var(--wp--preset--spacing--40)\"><br>DIRPPG \/ Diretoria de Pesquisa e P\u00f3s-Gradua\u00e7\u00e3o<br><\/a><\/div>\n\n\n\n<div class=\"wp-block-button has-custom-width wp-block-button__width-50 has-custom-font-size is-style-default has-small-font-size\"><a class=\"wp-block-button__link has-white-color has-neve-link-color-background-color has-text-color has-background wp-element-button\" href=\"https:\/\/utfpr.curitiba.br\/dirplad\/estrutura\/sobre-a-dirplad\/\" style=\"border-radius:17px;padding-top:var(--wp--preset--spacing--40);padding-bottom:var(--wp--preset--spacing--40)\"><br>DIRPLAD \/ Diretoria de Planejamento e Administra\u00e7\u00e3o<br><\/a><\/div>\n<\/div>\n\n\n\n<p><\/p>\n","protected":false},"excerpt":{"rendered":"<p>A busca por setores categoriza as informa\u00e7\u00f5es com base nas \u00e1reas organizacionais ou tem\u00e1ticas do site.<\/p>\n","protected":false},"author":270,"featured_media":0,"parent":0,"menu_order":0,"comment_status":"closed","ping_status":"closed","template":"","meta":{"neve_meta_sidebar":"","neve_meta_container":"","neve_meta_enable_content_width":"","neve_meta_content_width":0,"neve_meta_title_alignment":"","neve_meta_author_avatar":"","neve_post_elements_order":"","neve_meta_disable_header":"","neve_meta_disable_footer":"","neve_meta_disable_title":"","footnotes":""},"class_list":["post-759","page","type-page","status-publish","hentry"],"_links":{"self":[{"href":"https:\/\/utfpr.curitiba.br\/ajudagestao\/index.php?rest_route=\/wp\/v2\/pages\/759","targetHints":{"allow":["GET"]}}],"collection":[{"href":"https:\/\/utfpr.curitiba.br\/ajudagestao\/index.php?rest_route=\/wp\/v2\/pages"}],"about":[{"href":"https:\/\/utfpr.curitiba.br\/ajudagestao\/index.php?rest_route=\/wp\/v2\/types\/page"}],"author":[{"embeddable":true,"href":"https:\/\/utfpr.curitiba.br\/ajudagestao\/index.php?rest_route=\/wp\/v2\/users\/270"}],"replies":[{"embeddable":true,"href":"https:\/\/utfpr.curitiba.br\/ajudagestao\/index.php?rest_route=%2Fwp%2Fv2%2Fcomments&post=759"}],"version-history":[{"count":13,"href":"https:\/\/utfpr.curitiba.br\/ajudagestao\/index.php?rest_route=\/wp\/v2\/pages\/759\/revisions"}],"predecessor-version":[{"id":1717,"href":"https:\/\/utfpr.curitiba.br\/ajudagestao\/index.php?rest_route=\/wp\/v2\/pages\/759\/revisions\/1717"}],"wp:attachment":[{"href":"https:\/\/utfpr.curitiba.br\/ajudagestao\/index.php?rest_route=%2Fwp%2Fv2%2Fmedia&parent=759"}],"curies":[{"name":"wp","href":"https:\/\/api.w.org\/{rel}","templated":true}]}}