{"id":757,"date":"2024-02-07T13:59:36","date_gmt":"2024-02-07T16:59:36","guid":{"rendered":"https:\/\/utfpr.curitiba.br\/ajudagestao\/?page_id=757"},"modified":"2025-01-30T13:36:25","modified_gmt":"2025-01-30T16:36:25","slug":"ocupacao","status":"publish","type":"page","link":"https:\/\/utfpr.curitiba.br\/ajudagestao\/?page_id=757","title":{"rendered":"Grupos Institucionais"},"content":{"rendered":"\n<p>A busca por grupo direciona o usu\u00e1rio a encontrar informa\u00e7\u00f5es com base nas ocupa\u00e7\u00f5es ou cargos relacionados.<\/p>\n\n\n\n<hr class=\"wp-block-separator has-text-color has-nv-light-bg-color has-alpha-channel-opacity has-nv-light-bg-background-color has-background\" \/>\n\n\n\n<div class=\"wp-block-buttons alignwide has-custom-font-size has-small-font-size is-horizontal is-content-justification-center is-layout-flex wp-container-core-buttons-is-layout-937ffba9 wp-block-buttons-is-layout-flex\" style=\"font-style:normal;font-weight:300;text-decoration:none;text-transform:none\">\n<div class=\"wp-block-button has-custom-width wp-block-button__width-50 has-custom-font-size is-style-default has-small-font-size\" style=\"font-style:normal;font-weight:400\"><a class=\"wp-block-button__link has-nv-site-bg-color has-neve-link-color-background-color has-text-color has-background wp-element-button\" href=\"https:\/\/utfpr.curitiba.br\/ajudagestao\/?page_id=499\" style=\"border-radius:17px;padding-top:var(--wp--preset--spacing--50);padding-bottom:var(--wp--preset--spacing--50)\">Chefes de Departamentos Acad\u00eamicos e de Gest\u00e3o<\/a><\/div>\n\n\n\n<div class=\"wp-block-button has-custom-width wp-block-button__width-50 has-custom-font-size is-style-default has-small-font-size\"><a class=\"wp-block-button__link has-white-color has-neve-link-color-background-color has-text-color has-background wp-element-button\" href=\"https:\/\/utfpr.curitiba.br\/ajudagestao\/?page_id=25\" style=\"border-radius:17px;padding-top:var(--wp--preset--spacing--50);padding-bottom:var(--wp--preset--spacing--50)\">Coordenadores dos Cursos de Gradua\u00e7\u00e3o<\/a><\/div>\n\n\n\n<div class=\"wp-block-button has-custom-width wp-block-button__width-50 has-custom-font-size has-small-font-size\"><a class=\"wp-block-button__link has-white-color has-neve-link-color-background-color has-text-color has-background wp-element-button\" href=\"https:\/\/utfpr.curitiba.br\/ajudagestao\/?page_id=497\" style=\"border-radius:17px;padding-top:var(--wp--preset--spacing--50);padding-bottom:var(--wp--preset--spacing--50)\">Coordenadores de Programas de P\u00f3s-Gradua\u00e7\u00e3o<\/a><\/div>\n\n\n\n<div class=\"wp-block-button has-custom-width wp-block-button__width-50 has-custom-font-size is-style-default has-small-font-size\"><a class=\"wp-block-button__link has-white-color has-neve-link-color-background-color has-text-color has-background wp-element-button\" href=\"https:\/\/utfpr.curitiba.br\/ajudagestao\/?page_id=753\" style=\"border-radius:17px;padding-top:var(--wp--preset--spacing--50);padding-bottom:var(--wp--preset--spacing--50)\">Discentes<\/a><\/div>\n\n\n\n<div class=\"wp-block-button has-custom-width wp-block-button__width-50 has-custom-font-size has-small-font-size\"><a class=\"wp-block-button__link has-white-color has-neve-link-color-background-color has-text-color has-background wp-element-button\" href=\"https:\/\/utfpr.curitiba.br\/ajudagestao\/?page_id=505\" style=\"border-radius:17px;padding-top:var(--wp--preset--spacing--50);padding-right:0;padding-bottom:var(--wp--preset--spacing--50);padding-left:0\">Docentes<\/a><\/div>\n\n\n\n<div class=\"wp-block-button has-custom-width wp-block-button__width-50 has-custom-font-size has-small-font-size\"><a class=\"wp-block-button__link has-white-color has-neve-link-color-background-color has-text-color has-background wp-element-button\" href=\"https:\/\/utfpr.curitiba.br\/ajudagestao\/?page_id=751\" style=\"border-radius:17px;padding-top:var(--wp--preset--spacing--50);padding-bottom:var(--wp--preset--spacing--50)\">T\u00e9cnicos-Administrativos<\/a><\/div>\n<\/div>\n\n\n\n<hr class=\"wp-block-separator has-text-color has-nv-text-dark-bg-color has-alpha-channel-opacity has-nv-text-dark-bg-background-color has-background\" \/>\n\n\n\n<p><\/p>\n\n\n\n<p><\/p>\n\n\n\n<p><\/p>\n","protected":false},"excerpt":{"rendered":"<p>A busca por grupo direciona o usu\u00e1rio a encontrar informa\u00e7\u00f5es com base nas ocupa\u00e7\u00f5es ou cargos relacionados.<\/p>\n","protected":false},"author":270,"featured_media":0,"parent":0,"menu_order":0,"comment_status":"closed","ping_status":"closed","template":"","meta":{"neve_meta_sidebar":"","neve_meta_container":"","neve_meta_enable_content_width":"","neve_meta_content_width":0,"neve_meta_title_alignment":"","neve_meta_author_avatar":"","neve_post_elements_order":"","neve_meta_disable_header":"","neve_meta_disable_footer":"","neve_meta_disable_title":"","footnotes":""},"class_list":["post-757","page","type-page","status-publish","hentry"],"_links":{"self":[{"href":"https:\/\/utfpr.curitiba.br\/ajudagestao\/index.php?rest_route=\/wp\/v2\/pages\/757","targetHints":{"allow":["GET"]}}],"collection":[{"href":"https:\/\/utfpr.curitiba.br\/ajudagestao\/index.php?rest_route=\/wp\/v2\/pages"}],"about":[{"href":"https:\/\/utfpr.curitiba.br\/ajudagestao\/index.php?rest_route=\/wp\/v2\/types\/page"}],"author":[{"embeddable":true,"href":"https:\/\/utfpr.curitiba.br\/ajudagestao\/index.php?rest_route=\/wp\/v2\/users\/270"}],"replies":[{"embeddable":true,"href":"https:\/\/utfpr.curitiba.br\/ajudagestao\/index.php?rest_route=%2Fwp%2Fv2%2Fcomments&post=757"}],"version-history":[{"count":43,"href":"https:\/\/utfpr.curitiba.br\/ajudagestao\/index.php?rest_route=\/wp\/v2\/pages\/757\/revisions"}],"predecessor-version":[{"id":1701,"href":"https:\/\/utfpr.curitiba.br\/ajudagestao\/index.php?rest_route=\/wp\/v2\/pages\/757\/revisions\/1701"}],"wp:attachment":[{"href":"https:\/\/utfpr.curitiba.br\/ajudagestao\/index.php?rest_route=%2Fwp%2Fv2%2Fmedia&parent=757"}],"curies":[{"name":"wp","href":"https:\/\/api.w.org\/{rel}","templated":true}]}}