{"id":751,"date":"2024-02-07T13:45:57","date_gmt":"2024-02-07T16:45:57","guid":{"rendered":"https:\/\/utfpr.curitiba.br\/ajudagestao\/?page_id=751"},"modified":"2025-02-03T12:34:08","modified_gmt":"2025-02-03T15:34:08","slug":"servidores","status":"publish","type":"page","link":"https:\/\/utfpr.curitiba.br\/ajudagestao\/?page_id=751","title":{"rendered":"T\u00e9cnicos-Administrativos"},"content":{"rendered":"\n<p>Os servidores, de acordo com o seu departamento, podem ser respons\u00e1veis pela administra\u00e7\u00e3o geral da institui\u00e7\u00e3o, gest\u00e3o de recursos humanos e financeiros, atendimento ao p\u00fablico, organiza\u00e7\u00e3o de processos acad\u00eamicos como matr\u00edculas e documentos estudantis, suporte t\u00e9cnico para pesquisa e laborat\u00f3rios, al\u00e9m da gest\u00e3o de compras, suprimentos e infraestrutura f\u00edsica.<\/p>\n\n\n\n<hr class=\"wp-block-separator has-text-color has-nv-light-bg-color has-alpha-channel-opacity has-nv-light-bg-background-color has-background\" \/>\n\n\n\n<p class=\"has-nv-c-2-color has-text-color has-link-color has-medium-font-size wp-elements-6df42dd2ded0ca19d87b3d9481ae5779\"><strong>Processos<\/strong><\/p>\n\n\n\n<div class=\"wp-block-buttons has-custom-font-size is-horizontal is-content-justification-center is-layout-flex wp-container-core-buttons-is-layout-769315fb wp-block-buttons-is-layout-flex\" style=\"font-size:16px\">\n<div class=\"wp-block-button has-custom-width wp-block-button__width-75 has-custom-font-size has-small-font-size\"><a class=\"wp-block-button__link has-neve-link-color-background-color has-background wp-element-button\" href=\"https:\/\/utfpr.curitiba.br\/ajudagestao\/?page_id=732\" style=\"border-radius:11px;padding-top:var(--wp--preset--spacing--40);padding-bottom:var(--wp--preset--spacing--40)\">Abertura de Chamados &#8211; Manuten\u00e7\u00e3o e Servi\u00e7os Gerais<\/a><\/div>\n\n\n\n<div class=\"wp-block-button has-custom-width wp-block-button__width-75 has-custom-font-size has-small-font-size\"><a class=\"wp-block-button__link has-neve-link-color-background-color has-background wp-element-button\" href=\"https:\/\/utfpr.curitiba.br\/ajudagestao\/?page_id=295\" style=\"border-radius:11px;padding-top:var(--wp--preset--spacing--40);padding-bottom:var(--wp--preset--spacing--40)\">Abertura de Chamados \/ Tecnologia da Informa\u00e7\u00e3o (TI)<\/a><\/div>\n\n\n\n<div class=\"wp-block-button has-custom-width wp-block-button__width-75 has-custom-font-size has-small-font-size\"><a class=\"wp-block-button__link has-neve-link-color-background-color has-background wp-element-button\" href=\"https:\/\/utfpr.curitiba.br\/ajudagestao\/?page_id=1049\" style=\"border-radius:11px;padding-top:var(--wp--preset--spacing--40);padding-bottom:var(--wp--preset--spacing--40)\">Aux\u00edlio Estudantil<\/a><\/div>\n\n\n\n<div class=\"wp-block-button has-custom-width wp-block-button__width-75 has-custom-font-size has-small-font-size\"><a class=\"wp-block-button__link has-neve-link-color-background-color has-background wp-element-button\" href=\"https:\/\/utfpr.curitiba.br\/ajudagestao\/?page_id=1157\" style=\"border-radius:11px;padding-top:var(--wp--preset--spacing--40);padding-bottom:var(--wp--preset--spacing--40)\">Avalia\u00e7\u00e3o dos Servidores<\/a><\/div>\n\n\n\n<div class=\"wp-block-button has-custom-width wp-block-button__width-75 has-custom-font-size has-small-font-size\"><a class=\"wp-block-button__link has-neve-link-color-background-color has-background wp-element-button\" href=\"https:\/\/utfpr.curitiba.br\/ajudagestao\/?page_id=463\" style=\"border-radius:11px;padding-top:var(--wp--preset--spacing--40);padding-bottom:var(--wp--preset--spacing--40)\">Cadastro de Usu\u00e1rio Externo no SEI<\/a><\/div>\n\n\n\n<div class=\"wp-block-button has-custom-width wp-block-button__width-75 has-custom-font-size has-small-font-size\"><a class=\"wp-block-button__link has-neve-link-color-background-color has-background wp-element-button\" href=\"https:\/\/utfpr.curitiba.br\/ajudagestao\/?page_id=469\" style=\"border-radius:11px;padding-top:var(--wp--preset--spacing--40);padding-bottom:var(--wp--preset--spacing--40)\">Colegiado \/ N\u00facleo Docente Estruturante (NDE)<\/a><\/div>\n\n\n\n<div class=\"wp-block-button has-custom-width wp-block-button__width-75 has-custom-font-size has-small-font-size\"><a class=\"wp-block-button__link has-neve-link-color-background-color has-background wp-element-button\" href=\"https:\/\/utfpr.curitiba.br\/ajudagestao\/?page_id=335\" style=\"border-radius:11px;padding-top:var(--wp--preset--spacing--40);padding-bottom:var(--wp--preset--spacing--40)\">Contatos e Comunica\u00e7\u00e3o<\/a><\/div>\n\n\n\n<div class=\"wp-block-button has-custom-width wp-block-button__width-75 has-custom-font-size has-small-font-size\"><a class=\"wp-block-button__link has-neve-link-color-background-color has-background wp-element-button\" href=\"https:\/\/utfpr.curitiba.br\/ajudagestao\/?page_id=199\" style=\"border-radius:11px;padding-top:var(--wp--preset--spacing--40);padding-bottom:var(--wp--preset--spacing--40)\">Cursos de Gradua\u00e7\u00e3o \/ Regulamentos<\/a><\/div>\n\n\n\n<div class=\"wp-block-button has-custom-width wp-block-button__width-75 has-custom-font-size has-small-font-size\"><a class=\"wp-block-button__link has-neve-link-color-background-color has-background wp-element-button\" href=\"https:\/\/utfpr.curitiba.br\/ajudagestao\/?page_id=206\" style=\"border-radius:11px;padding-top:var(--wp--preset--spacing--40);padding-bottom:var(--wp--preset--spacing--40)\">Declara\u00e7\u00f5es<\/a><\/div>\n\n\n\n<div class=\"wp-block-button has-custom-width wp-block-button__width-75 has-custom-font-size has-small-font-size\"><a class=\"wp-block-button__link has-neve-link-color-background-color has-background wp-element-button\" href=\"https:\/\/www.utfpr.edu.br\/servidores\/site\/capacitacao\" style=\"border-radius:11px;padding-top:var(--wp--preset--spacing--40);padding-bottom:var(--wp--preset--spacing--40)\">Desenvolvimento de Pessoas<\/a><\/div>\n\n\n\n<div class=\"wp-block-button has-custom-width wp-block-button__width-75 has-custom-font-size has-small-font-size\"><a class=\"wp-block-button__link has-neve-link-color-background-color has-background wp-element-button\" href=\"https:\/\/utfpr.curitiba.br\/ajudagestao\/?page_id=431\" style=\"border-radius:11px;padding-top:var(--wp--preset--spacing--40);padding-bottom:var(--wp--preset--spacing--40)\">Estrutura da Coordena\u00e7\u00e3o de Cursos de Gradua\u00e7\u00e3o<\/a><\/div>\n\n\n\n<div class=\"wp-block-button has-custom-width wp-block-button__width-75 has-custom-font-size has-small-font-size\"><a class=\"wp-block-button__link has-neve-link-color-background-color has-background wp-element-button\" href=\"https:\/\/utfpr.curitiba.br\/ajudagestao\/?page_id=1072\" style=\"border-radius:11px;padding-top:var(--wp--preset--spacing--40);padding-bottom:var(--wp--preset--spacing--40)\">Estrutura Organizacional UTFPR<\/a><\/div>\n\n\n\n<div class=\"wp-block-button has-custom-width wp-block-button__width-75 has-custom-font-size has-small-font-size\"><a class=\"wp-block-button__link has-neve-link-color-background-color has-background wp-element-button\" href=\"https:\/\/utfpr.curitiba.br\/ajudagestao\/?page_id=420\" style=\"border-radius:11px;padding-top:var(--wp--preset--spacing--40);padding-bottom:var(--wp--preset--spacing--40)\">Eventos \/ Produ\u00e7\u00e3o<\/a><\/div>\n\n\n\n<div class=\"wp-block-button has-custom-width wp-block-button__width-75 has-custom-font-size has-small-font-size\"><a class=\"wp-block-button__link has-neve-link-color-background-color has-background wp-element-button\" href=\"https:\/\/utfpr.curitiba.br\/ajudagestao\/?page_id=449\" style=\"border-radius:11px;padding-top:var(--wp--preset--spacing--40);padding-bottom:var(--wp--preset--spacing--40)\">Eventos \/ Registro como Atividade de Extens\u00e3o<\/a><\/div>\n\n\n\n<div class=\"wp-block-button has-custom-width wp-block-button__width-75 has-custom-font-size has-small-font-size\"><a class=\"wp-block-button__link has-neve-link-color-background-color has-background wp-element-button\" href=\"https:\/\/utfpr.curitiba.br\/ajudagestao\/?page_id=1735\" style=\"border-radius:11px;padding-top:var(--wp--preset--spacing--40);padding-bottom:var(--wp--preset--spacing--40)\">Facilitadores do SEI e do Sistema Coorporativo<\/a><\/div>\n\n\n\n<div class=\"wp-block-button has-custom-width wp-block-button__width-75 has-custom-font-size has-small-font-size\"><a class=\"wp-block-button__link has-neve-link-color-background-color has-background wp-element-button\" href=\"https:\/\/utfpr.curitiba.br\/ajudagestao\/?page_id=425\" style=\"border-radius:11px;padding-top:var(--wp--preset--spacing--40);padding-bottom:var(--wp--preset--spacing--40)\">Gest\u00e3o de Processos no SEI<\/a><\/div>\n\n\n\n<div class=\"wp-block-button has-custom-width wp-block-button__width-75 has-custom-font-size has-small-font-size\"><a class=\"wp-block-button__link has-neve-link-color-background-color has-background wp-element-button\" href=\"https:\/\/utfpr.curitiba.br\/ajudagestao\/?page_id=466\" style=\"border-radius:11px;padding-top:var(--wp--preset--spacing--40);padding-bottom:var(--wp--preset--spacing--40)\">Gest\u00e3o de Reuni\u00f5es do Colegiado e do NDE<\/a><\/div>\n\n\n\n<div class=\"wp-block-button has-custom-width wp-block-button__width-75 has-custom-font-size has-small-font-size\"><a class=\"wp-block-button__link has-neve-link-color-background-color has-background wp-element-button\" href=\"https:\/\/utfpr.curitiba.br\/ajudagestao\/?page_id=746\" style=\"border-radius:11px;padding-top:var(--wp--preset--spacing--40);padding-bottom:var(--wp--preset--spacing--40)\">Or\u00e7amento<\/a><\/div>\n\n\n\n<div class=\"wp-block-button has-custom-width wp-block-button__width-75 has-custom-font-size has-small-font-size\"><a class=\"wp-block-button__link has-neve-link-color-background-color has-background wp-element-button\" href=\"https:\/\/utfpr.curitiba.br\/ajudagestao\/?page_id=544\" style=\"border-radius:11px;padding-top:var(--wp--preset--spacing--40);padding-bottom:var(--wp--preset--spacing--40)\">Ouvidoria<\/a><\/div>\n\n\n\n<div class=\"wp-block-button has-custom-width wp-block-button__width-75 has-custom-font-size has-small-font-size\"><a class=\"wp-block-button__link has-neve-link-color-background-color has-background wp-element-button\" href=\"https:\/\/utfpr.curitiba.br\/ajudagestao\/?page_id=744\" style=\"border-radius:11px;padding-top:var(--wp--preset--spacing--40);padding-bottom:var(--wp--preset--spacing--40)\">Patrim\u00f4nio<\/a><\/div>\n\n\n\n<div class=\"wp-block-button has-custom-width wp-block-button__width-75 has-custom-font-size is-style-default has-small-font-size\"><a class=\"wp-block-button__link has-neve-link-color-background-color has-background wp-element-button\" href=\"https:\/\/utfpr.curitiba.br\/ajudagestao\/?page_id=203\" style=\"border-radius:11px;padding-top:var(--wp--preset--spacing--40);padding-bottom:var(--wp--preset--spacing--40)\">Portarias \/ Solicita\u00e7\u00f5es e Buscas<\/a><\/div>\n\n\n\n<div class=\"wp-block-button has-custom-width wp-block-button__width-75 has-custom-font-size has-small-font-size\"><a class=\"wp-block-button__link has-neve-link-color-background-color has-background wp-element-button\" href=\"https:\/\/utfpr.curitiba.br\/ajudagestao\/?page_id=210\" style=\"border-radius:11px;padding-top:var(--wp--preset--spacing--40);padding-bottom:var(--wp--preset--spacing--40)\">Professores Respons\u00e1veis<\/a><\/div>\n\n\n\n<div class=\"wp-block-button has-custom-width wp-block-button__width-75 has-custom-font-size has-small-font-size\"><a class=\"wp-block-button__link has-neve-link-color-background-color has-background wp-element-button\" href=\"https:\/\/utfpr.curitiba.br\/ajudagestao\/?page_id=1744\" style=\"border-radius:11px;padding-top:var(--wp--preset--spacing--40);padding-bottom:var(--wp--preset--spacing--40)\">Sistema de Reservas de Ambientes<\/a><\/div>\n\n\n\n<div class=\"wp-block-button has-custom-width wp-block-button__width-75 has-custom-font-size has-small-font-size\"><a class=\"wp-block-button__link has-neve-link-color-background-color has-background wp-element-button\" href=\"https:\/\/utfpr.curitiba.br\/ajudagestao\/?page_id=741\" style=\"border-radius:11px;padding-top:var(--wp--preset--spacing--40);padding-bottom:var(--wp--preset--spacing--40)\">Viagens \/ Afastamentos<\/a><\/div>\n<\/div>\n\n\n\n<hr class=\"wp-block-separator has-text-color has-nv-text-dark-bg-color has-alpha-channel-opacity has-nv-text-dark-bg-background-color has-background\" \/>\n\n\n\n<hr class=\"wp-block-separator has-text-color has-nv-light-bg-color has-alpha-channel-opacity has-nv-light-bg-background-color has-background\" \/>\n\n\n\n<p class=\"has-nv-c-2-color has-text-color has-medium-font-size\"><strong>Paginas \u00fateis<\/strong><\/p>\n\n\n\n<p class=\"has-text-align-center has-nv-light-bg-background-color has-background\"><a href=\"https:\/\/sei.utfpr.edu.br\/sip\/login.php?sigla_orgao_sistema=UTFPR&amp;sigla_sistema=SEI&amp;infra_url=L3NlaS8=\" data-type=\"link\" data-id=\"https:\/\/sei.utfpr.edu.br\/sip\/login.php?sigla_orgao_sistema=UTFPR&amp;sigla_sistema=SEI&amp;infra_url=L3NlaS8=\">SEI!<\/a>  |  <a href=\"https:\/\/atendimento.sms.ct.utfpr.edu.br\/\" data-type=\"link\" data-id=\"https:\/\/atendimento.sms.ct.utfpr.edu.br\/\">SMS<\/a>  |  <a href=\"https:\/\/atendimento.cogeti.ct.utfpr.edu.br\/index.php?noAUTO=1\" data-type=\"link\" data-id=\"https:\/\/atendimento.cogeti.ct.utfpr.edu.br\/index.php?noAUTO=1\">COGETI<\/a> <\/p>\n","protected":false},"excerpt":{"rendered":"<p>Os servidores, de acordo com o seu departamento, podem ser respons\u00e1veis pela administra\u00e7\u00e3o geral da institui\u00e7\u00e3o, gest\u00e3o de recursos humanos e financeiros, atendimento ao p\u00fablico, organiza\u00e7\u00e3o de processos acad\u00eamicos como matr\u00edculas e documentos estudantis, suporte t\u00e9cnico para pesquisa e laborat\u00f3rios, al\u00e9m da gest\u00e3o de compras, suprimentos e infraestrutura f\u00edsica. Processos Paginas \u00fateis SEI! | SMS&hellip;&nbsp;<a href=\"https:\/\/utfpr.curitiba.br\/ajudagestao\/?page_id=751\" rel=\"bookmark\">Continue a ler &raquo;<span class=\"screen-reader-text\">T\u00e9cnicos-Administrativos<\/span><\/a><\/p>\n","protected":false},"author":270,"featured_media":0,"parent":0,"menu_order":0,"comment_status":"closed","ping_status":"closed","template":"","meta":{"neve_meta_sidebar":"","neve_meta_container":"","neve_meta_enable_content_width":"","neve_meta_content_width":0,"neve_meta_title_alignment":"","neve_meta_author_avatar":"","neve_post_elements_order":"","neve_meta_disable_header":"","neve_meta_disable_footer":"","neve_meta_disable_title":"","footnotes":""},"class_list":["post-751","page","type-page","status-publish","hentry"],"_links":{"self":[{"href":"https:\/\/utfpr.curitiba.br\/ajudagestao\/index.php?rest_route=\/wp\/v2\/pages\/751","targetHints":{"allow":["GET"]}}],"collection":[{"href":"https:\/\/utfpr.curitiba.br\/ajudagestao\/index.php?rest_route=\/wp\/v2\/pages"}],"about":[{"href":"https:\/\/utfpr.curitiba.br\/ajudagestao\/index.php?rest_route=\/wp\/v2\/types\/page"}],"author":[{"embeddable":true,"href":"https:\/\/utfpr.curitiba.br\/ajudagestao\/index.php?rest_route=\/wp\/v2\/users\/270"}],"replies":[{"embeddable":true,"href":"https:\/\/utfpr.curitiba.br\/ajudagestao\/index.php?rest_route=%2Fwp%2Fv2%2Fcomments&post=751"}],"version-history":[{"count":21,"href":"https:\/\/utfpr.curitiba.br\/ajudagestao\/index.php?rest_route=\/wp\/v2\/pages\/751\/revisions"}],"predecessor-version":[{"id":1769,"href":"https:\/\/utfpr.curitiba.br\/ajudagestao\/index.php?rest_route=\/wp\/v2\/pages\/751\/revisions\/1769"}],"wp:attachment":[{"href":"https:\/\/utfpr.curitiba.br\/ajudagestao\/index.php?rest_route=%2Fwp%2Fv2%2Fmedia&parent=751"}],"curies":[{"name":"wp","href":"https:\/\/api.w.org\/{rel}","templated":true}]}}