{"id":744,"date":"2024-02-07T08:36:19","date_gmt":"2024-02-07T11:36:19","guid":{"rendered":"https:\/\/utfpr.curitiba.br\/ajudagestao\/?page_id=744"},"modified":"2025-01-30T10:06:43","modified_gmt":"2025-01-30T13:06:43","slug":"patrimonio","status":"publish","type":"page","link":"https:\/\/utfpr.curitiba.br\/ajudagestao\/?page_id=744","title":{"rendered":"Patrim\u00f4nio"},"content":{"rendered":"\n<p>Os bens patrimoniais, devido \u00e0 sua natureza, durabilidade e valor, devem ser fisicamente controlados e incorporados ao patrim\u00f4nio da UTFPR, conforme a Lei n\u00ba 4.320\/1964. Esse controle inclui o registro de todos os bens m\u00f3veis adquiridos por recursos or\u00e7ament\u00e1rios e n\u00e3o or\u00e7ament\u00e1rios, utilizados pela UTFPR em suas atividades. <\/p>\n\n\n\n<p>A efic\u00e1cia do controle depende da constante atualiza\u00e7\u00e3o das opera\u00e7\u00f5es patrimoniais, como entradas, movimenta\u00e7\u00f5es e sa\u00eddas de bens. Cada bem permanente e intang\u00edvel deve ser individualmente identificado e vinculado a um local e servidor respons\u00e1vel, atrav\u00e9s de um Termo de Responsabilidade assinado. O controle abrange todo o acervo da institui\u00e7\u00e3o, incluindo bens m\u00f3veis, im\u00f3veis, intang\u00edveis e bens cedidos para uso institucional.<\/p>\n\n\n\n<hr class=\"wp-block-separator has-text-color has-nv-light-bg-color has-alpha-channel-opacity has-nv-light-bg-background-color has-background\" \/>\n\n\n\n<p class=\"has-nv-c-2-color has-text-color has-link-color has-medium-font-size wp-elements-6df42dd2ded0ca19d87b3d9481ae5779\"><strong>Processos<\/strong><\/p>\n\n\n\n<div class=\"wp-block-buttons has-custom-font-size is-horizontal is-content-justification-center is-layout-flex wp-container-core-buttons-is-layout-769315fb wp-block-buttons-is-layout-flex\" style=\"font-size:16px\">\n<div class=\"wp-block-button has-custom-width wp-block-button__width-75 has-custom-font-size is-style-default has-small-font-size\"><a class=\"wp-block-button__link has-neve-link-color-background-color has-background has-text-align-center wp-element-button\" href=\"https:\/\/utfpr.curitiba.br\/dirplad\/procedimentos\/demap\/dipat\/procedimentos\/\" style=\"border-radius:11px;padding-top:var(--wp--preset--spacing--40);padding-bottom:var(--wp--preset--spacing--40)\">Procedimentos<\/a><\/div>\n\n\n\n<div class=\"wp-block-button has-custom-width wp-block-button__width-75 has-custom-font-size is-style-default has-small-font-size\"><a class=\"wp-block-button__link has-neve-link-color-background-color has-background wp-element-button\" href=\"https:\/\/utfpr.curitiba.br\/dirplad\/procedimentos\/demap\/dipat\/legislacao-de-apoio\/\" style=\"border-radius:11px;padding-top:var(--wp--preset--spacing--40);padding-bottom:var(--wp--preset--spacing--40)\">Legisla\u00e7\u00e3o de Apoio<\/a><\/div>\n\n\n\n<div class=\"wp-block-button has-custom-width wp-block-button__width-75 has-custom-font-size is-style-default has-small-font-size\"><a class=\"wp-block-button__link has-neve-link-color-background-color has-background wp-element-button\" href=\"https:\/\/utfpr-ct-static-content.s3.amazonaws.com\/utfpr.curitiba.br\/wp-content\/uploads\/sites\/27\/2020\/11\/ON-01_20220-PROPLAD-Manual-do-Patrimonio.pdf\" style=\"border-radius:11px;padding-top:var(--wp--preset--spacing--40);padding-bottom:var(--wp--preset--spacing--40)\">Manual do Patrim\u00f4nio<\/a><\/div>\n\n\n\n<div class=\"wp-block-button has-custom-width wp-block-button__width-75 has-custom-font-size is-style-default has-small-font-size\"><a class=\"wp-block-button__link has-neve-link-color-background-color has-background wp-element-button\" href=\"https:\/\/www.utfpr.edu.br\/planejamento-e-administracao\/administracao\/materiais-e-patrimonio\" style=\"border-radius:11px;padding-top:var(--wp--preset--spacing--40);padding-bottom:var(--wp--preset--spacing--40)\">Materiais e Patrim\u00f4nio<\/a><\/div>\n<\/div>\n\n\n\n<hr class=\"wp-block-separator has-text-color has-nv-text-dark-bg-color has-alpha-channel-opacity has-nv-text-dark-bg-background-color has-background\" \/>\n\n\n\n<hr class=\"wp-block-separator has-text-color has-nv-light-bg-color has-alpha-channel-opacity has-nv-light-bg-background-color has-background\" \/>\n\n\n\n<p>Para mais informa\u00e7\u00f5es, consulte o reposit\u00f3rio das bases de conhecimento dos processos da UTFPR, no SEI, e siga as instru\u00e7\u00f5es espec\u00edficas para iniciar os processos de:<\/p>\n\n\n\n<ul class=\"wp-block-list\">\n<li>Patrim\u00f4nio: Registro, movimenta\u00e7\u00e3o e transfer\u00eancia da carga patrimonial do servidor<\/li>\n\n\n\n<li>Patrim\u00f4nio: Bens n\u00e3o localizados<\/li>\n\n\n\n<li>Pessoal: Certid\u00e3o negativa de Encargos Patrimoniais<\/li>\n<\/ul>\n\n\n\n<hr class=\"wp-block-separator has-text-color has-nv-light-bg-color has-alpha-channel-opacity has-nv-light-bg-background-color has-background\" \/>\n\n\n\n<p class=\"has-nv-c-2-color has-text-color has-medium-font-size\"><strong>P\u00e1ginas \u00fateis<\/strong><\/p>\n\n\n\n<p class=\"has-text-align-center has-nv-light-bg-background-color has-background\"><a href=\"https:\/\/sei.utfpr.edu.br\/sip\/login.php?sigla_orgao_sistema=UTFPR&amp;sigla_sistema=SEI&amp;infra_url=L3NlaS8=\" data-type=\"link\" data-id=\"https:\/\/sei.utfpr.edu.br\/sip\/login.php?sigla_orgao_sistema=UTFPR&amp;sigla_sistema=SEI&amp;infra_url=L3NlaS8=\">SEI<\/a> | <a href=\"https:\/\/utfpr.curitiba.br\/dirplad\/procedimentos\/demap\/dipat\/\" data-type=\"link\" data-id=\"https:\/\/utfpr.curitiba.br\/dirplad\/procedimentos\/demap\/dipat\/\">DIPAT<\/a><\/p>\n\n\n\n<p><\/p>\n\n\n\n<p><\/p>\n","protected":false},"excerpt":{"rendered":"<p>Os bens patrimoniais, devido \u00e0 sua natureza, durabilidade e valor, devem ser fisicamente controlados e incorporados ao patrim\u00f4nio da UTFPR, conforme a Lei n\u00ba 4.320\/1964. Esse controle inclui o registro de todos os bens m\u00f3veis adquiridos por recursos or\u00e7ament\u00e1rios e n\u00e3o or\u00e7ament\u00e1rios, utilizados pela UTFPR em suas atividades. A efic\u00e1cia do controle depende da constante&hellip;&nbsp;<a href=\"https:\/\/utfpr.curitiba.br\/ajudagestao\/?page_id=744\" rel=\"bookmark\">Continue a ler &raquo;<span class=\"screen-reader-text\">Patrim\u00f4nio<\/span><\/a><\/p>\n","protected":false},"author":270,"featured_media":0,"parent":0,"menu_order":0,"comment_status":"closed","ping_status":"closed","template":"","meta":{"neve_meta_sidebar":"","neve_meta_container":"","neve_meta_enable_content_width":"","neve_meta_content_width":0,"neve_meta_title_alignment":"","neve_meta_author_avatar":"","neve_post_elements_order":"","neve_meta_disable_header":"","neve_meta_disable_footer":"","neve_meta_disable_title":"","footnotes":""},"class_list":["post-744","page","type-page","status-publish","hentry"],"_links":{"self":[{"href":"https:\/\/utfpr.curitiba.br\/ajudagestao\/index.php?rest_route=\/wp\/v2\/pages\/744","targetHints":{"allow":["GET"]}}],"collection":[{"href":"https:\/\/utfpr.curitiba.br\/ajudagestao\/index.php?rest_route=\/wp\/v2\/pages"}],"about":[{"href":"https:\/\/utfpr.curitiba.br\/ajudagestao\/index.php?rest_route=\/wp\/v2\/types\/page"}],"author":[{"embeddable":true,"href":"https:\/\/utfpr.curitiba.br\/ajudagestao\/index.php?rest_route=\/wp\/v2\/users\/270"}],"replies":[{"embeddable":true,"href":"https:\/\/utfpr.curitiba.br\/ajudagestao\/index.php?rest_route=%2Fwp%2Fv2%2Fcomments&post=744"}],"version-history":[{"count":5,"href":"https:\/\/utfpr.curitiba.br\/ajudagestao\/index.php?rest_route=\/wp\/v2\/pages\/744\/revisions"}],"predecessor-version":[{"id":1624,"href":"https:\/\/utfpr.curitiba.br\/ajudagestao\/index.php?rest_route=\/wp\/v2\/pages\/744\/revisions\/1624"}],"wp:attachment":[{"href":"https:\/\/utfpr.curitiba.br\/ajudagestao\/index.php?rest_route=%2Fwp%2Fv2%2Fmedia&parent=744"}],"curies":[{"name":"wp","href":"https:\/\/api.w.org\/{rel}","templated":true}]}}