{"id":741,"date":"2024-02-07T08:35:55","date_gmt":"2024-02-07T11:35:55","guid":{"rendered":"https:\/\/utfpr.curitiba.br\/ajudagestao\/?page_id=741"},"modified":"2025-01-30T12:09:42","modified_gmt":"2025-01-30T15:09:42","slug":"viagens-de-servidores","status":"publish","type":"page","link":"https:\/\/utfpr.curitiba.br\/ajudagestao\/?page_id=741","title":{"rendered":"Viagens e Afastamentos"},"content":{"rendered":"\n<p>Art. 12.&nbsp;O envio da documenta\u00e7\u00e3o (projeto de afastamento SEI) pelo solicitante da viagem, para cadastro no SCDP, dever\u00e1 obedecer aos seguintes prazos:<\/p>\n\n\n\n<p>I \u2013&nbsp;30 (trinta) dias&nbsp;de anteced\u00eancia para&nbsp;viagem nacional.<br>II \u2013&nbsp;60 (sessenta) dias&nbsp;de anteced\u00eancia para&nbsp;viagem internacional.<br>III \u2013&nbsp;20 (vinte) dias&nbsp;de anteced\u00eancia em casos de&nbsp;convidados externos&nbsp;para participa\u00e7\u00e3o em bancas, em palestras, em semin\u00e1rios ou em eventos similares.<\/p>\n\n\n\n<p class=\"has-neve-text-color-color has-text-color has-link-color wp-elements-b1f9c9c87db8e9af72dfc996cc12f791\">Fonte:&nbsp;<a href=\"https:\/\/sei.utfpr.edu.br\/sei\/publicacoes\/controlador_publicacoes.php?acao=publicacao_visualizar&amp;id_documento=1470416&amp;id_orgao_publicacao=0\" target=\"_blank\" rel=\"noreferrer noopener\">Instru\u00e7\u00e3o Normativa GABIR n\u00ba 02, de 19 de fevereiro de 2020.<\/a>&nbsp;<\/p>\n\n\n\n<hr class=\"wp-block-separator has-text-color has-nv-light-bg-color has-alpha-channel-opacity has-nv-light-bg-background-color has-background\" \/>\n\n\n\n<p>Existem tr\u00eas tipos principais de afastamento para servidores:<\/p>\n\n\n\n<p><strong>Afastamento Nacional (Curta Dura\u00e7\u00e3o\/Participa\u00e7\u00e3o em Evento):<\/strong> este tipo de afastamento ocorre por at\u00e9 15 dias para participa\u00e7\u00e3o em eventos no pa\u00eds, com ou sem di\u00e1rias. O servidor deve justificar o motivo e solicitar autoriza\u00e7\u00e3o da chefia imediata. Todas as viagens de servidores, sejam com \u00f4nus, com \u00f4nus limitado ou sem \u00f4nus, devem ser registradas no SCDP (Sistema de Concess\u00e3o de Di\u00e1rias e Passagens).<\/p>\n\n\n\n<p><strong>Afastamento Internacional:<\/strong> este tipo de afastamento envolve a aus\u00eancia integral do pa\u00eds para servi\u00e7o de aperfei\u00e7oamento relacionado \u00e0 atividade-fim do \u00f3rg\u00e3o ou entidade, interc\u00e2mbio cultural, cient\u00edfico ou tecnol\u00f3gico, ou para bolsas de estudo em p\u00f3s-gradua\u00e7\u00e3o stricto sensu. Exemplos incluem apresenta\u00e7\u00e3o de trabalhos cient\u00edficos, visitas t\u00e9cnicas, miss\u00f5es institucionais, desenvolvimento de projetos institucionais, cursos, treinamentos e atividades relacionadas \u00e0 p\u00f3s-gradua\u00e7\u00e3o. A solicita\u00e7\u00e3o de afastamento internacional deve ser acompanhada de documentos comprobat\u00f3rios adequados, conforme o caso, e todos os envolvidos devem consultar as bases legais e orienta\u00e7\u00f5es para a correta instru\u00e7\u00e3o do processo.<\/p>\n\n\n\n<p><strong>Afastamento para P\u00f3s-Gradua\u00e7\u00e3o:<\/strong> o servidor pode se afastar do exerc\u00edcio do cargo efetivo, com remunera\u00e7\u00e3o, para participar em programa de p\u00f3s-gradua\u00e7\u00e3o stricto sensu em institui\u00e7\u00e3o de ensino superior no pa\u00eds. Para isso, o servidor precisa estar previamente contemplado em processo seletivo da institui\u00e7\u00e3o e a a\u00e7\u00e3o deve estar prevista no Plano de Desenvolvimento de Pessoas (PDP), conforme estabelecido pela Resolu\u00e7\u00e3o COPPG n\u00ba45\/2019.<\/p>\n\n\n\n<hr class=\"wp-block-separator has-text-color has-nv-light-bg-color has-alpha-channel-opacity has-nv-light-bg-background-color has-background\" \/>\n\n\n\n<p class=\"has-nv-c-2-color has-text-color has-link-color has-medium-font-size wp-elements-2a5a90f766f01f14edbcca6d75068151\"><strong>Processo<\/strong><\/p>\n\n\n\n<p>Os processos para solicita\u00e7\u00e3o de cada tipo de afastamento ocorrem via SEI (Sistema Eletr\u00f4nico de Informa\u00e7\u00f5es). Para seguir o passo a passo, consulte o reposit\u00f3rio das bases de conhecimento dos processos da UTFPR, siga as instru\u00e7\u00f5es espec\u00edficas para iniciar o processo:<\/p>\n\n\n\n<ol class=\"wp-block-list\">\n<li><strong>Afastamento Nacional (Curta Dura\u00e7\u00e3o\/Participa\u00e7\u00e3o em Evento):<\/strong> para solicitar afastamento nacional, acesse as bases de conhecimento no SEI em &#8220;Pessoal: afastamento curta dura\u00e7\u00e3o no pa\u00eds \/ participa\u00e7\u00e3o em evento&#8221;. <\/li>\n\n\n\n<li><strong>Afastamento Internacional:<\/strong> para solicitar afastamento internacional, consulte as bases de conhecimento no SEI em &#8220;Pessoal: afastamento do pa\u00eds&#8221;.<\/li>\n\n\n\n<li><strong>Afastamento para P\u00f3s-Gradua\u00e7\u00e3o:<\/strong> para solicitar afastamento para participa\u00e7\u00e3o em programa de p\u00f3s-gradua\u00e7\u00e3o stricto sensu, acesse as bases de conhecimento no SEI em &#8220;Pessoal: afastamento integral para p\u00f3s-gradua\u00e7\u00e3o (solicita\u00e7\u00e3o, prorroga\u00e7\u00e3o, cancelamento, avalia\u00e7\u00e3o)&#8221;. <\/li>\n<\/ol>\n\n\n\n<hr class=\"wp-block-separator has-text-color has-nv-light-bg-color has-alpha-channel-opacity has-nv-light-bg-background-color has-background\" \/>\n\n\n\n<p class=\"has-nv-c-2-color has-text-color has-medium-font-size\"><strong>P\u00e1ginas \u00fateis<\/strong><\/p>\n\n\n\n<p class=\"has-text-align-center has-nv-light-bg-background-color has-background\"><a href=\"https:\/\/sei.utfpr.edu.br\/sip\/login.php?sigla_orgao_sistema=UTFPR&amp;sigla_sistema=SEI&amp;infra_url=L3NlaS8=\" data-type=\"link\" data-id=\"https:\/\/sei.utfpr.edu.br\/sip\/login.php?sigla_orgao_sistema=UTFPR&amp;sigla_sistema=SEI&amp;infra_url=L3NlaS8=\">SEI<\/a> | <a href=\"https:\/\/utfpr.curitiba.br\/dirppg\/area-do-professor-secretaria\/scdp\/\" data-type=\"link\" data-id=\"https:\/\/utfpr.curitiba.br\/dirppg\/area-do-professor-secretaria\/scdp\/\">DIRPPG &#8211; SCPD<\/a><\/p>\n","protected":false},"excerpt":{"rendered":"<p>Art. 12.&nbsp;O envio da documenta\u00e7\u00e3o (projeto de afastamento SEI) pelo solicitante da viagem, para cadastro no SCDP, dever\u00e1 obedecer aos seguintes prazos: I \u2013&nbsp;30 (trinta) dias&nbsp;de anteced\u00eancia para&nbsp;viagem nacional.II \u2013&nbsp;60 (sessenta) dias&nbsp;de anteced\u00eancia para&nbsp;viagem internacional.III \u2013&nbsp;20 (vinte) dias&nbsp;de anteced\u00eancia em casos de&nbsp;convidados externos&nbsp;para participa\u00e7\u00e3o em bancas, em palestras, em semin\u00e1rios ou em eventos similares. Fonte:&nbsp;Instru\u00e7\u00e3o&hellip;&nbsp;<a href=\"https:\/\/utfpr.curitiba.br\/ajudagestao\/?page_id=741\" rel=\"bookmark\">Continue a ler &raquo;<span class=\"screen-reader-text\">Viagens e Afastamentos<\/span><\/a><\/p>\n","protected":false},"author":270,"featured_media":0,"parent":0,"menu_order":0,"comment_status":"closed","ping_status":"closed","template":"","meta":{"neve_meta_sidebar":"","neve_meta_container":"","neve_meta_enable_content_width":"","neve_meta_content_width":0,"neve_meta_title_alignment":"","neve_meta_author_avatar":"","neve_post_elements_order":"","neve_meta_disable_header":"","neve_meta_disable_footer":"","neve_meta_disable_title":"","footnotes":""},"class_list":["post-741","page","type-page","status-publish","hentry"],"_links":{"self":[{"href":"https:\/\/utfpr.curitiba.br\/ajudagestao\/index.php?rest_route=\/wp\/v2\/pages\/741","targetHints":{"allow":["GET"]}}],"collection":[{"href":"https:\/\/utfpr.curitiba.br\/ajudagestao\/index.php?rest_route=\/wp\/v2\/pages"}],"about":[{"href":"https:\/\/utfpr.curitiba.br\/ajudagestao\/index.php?rest_route=\/wp\/v2\/types\/page"}],"author":[{"embeddable":true,"href":"https:\/\/utfpr.curitiba.br\/ajudagestao\/index.php?rest_route=\/wp\/v2\/users\/270"}],"replies":[{"embeddable":true,"href":"https:\/\/utfpr.curitiba.br\/ajudagestao\/index.php?rest_route=%2Fwp%2Fv2%2Fcomments&post=741"}],"version-history":[{"count":8,"href":"https:\/\/utfpr.curitiba.br\/ajudagestao\/index.php?rest_route=\/wp\/v2\/pages\/741\/revisions"}],"predecessor-version":[{"id":1681,"href":"https:\/\/utfpr.curitiba.br\/ajudagestao\/index.php?rest_route=\/wp\/v2\/pages\/741\/revisions\/1681"}],"wp:attachment":[{"href":"https:\/\/utfpr.curitiba.br\/ajudagestao\/index.php?rest_route=%2Fwp%2Fv2%2Fmedia&parent=741"}],"curies":[{"name":"wp","href":"https:\/\/api.w.org\/{rel}","templated":true}]}}