{"id":732,"date":"2024-02-07T08:19:07","date_gmt":"2024-02-07T11:19:07","guid":{"rendered":"https:\/\/utfpr.curitiba.br\/ajudagestao\/?page_id=732"},"modified":"2025-02-18T08:43:04","modified_gmt":"2025-02-18T11:43:04","slug":"infraestrutura-manutencao-de-servicos-gerais","status":"publish","type":"page","link":"https:\/\/utfpr.curitiba.br\/ajudagestao\/?page_id=732","title":{"rendered":"Abertura de Chamados \/ Sistema de Manuten\u00e7\u00e3o e Servi\u00e7os Gerais"},"content":{"rendered":"\n<p>Para abertura de chamados que envolve servi\u00e7os gerais, abaixo listados, \u00e9 necess\u00e1rio entrar no <a href=\"https:\/\/atendimento.sms.ct.utfpr.edu.br\/\" data-type=\"link\" data-id=\"https:\/\/atendimento.sms.ct.utfpr.edu.br\/\" target=\"_blank\" rel=\"noreferrer noopener\"><mark style=\"background-color:var(--nv-site-bg)\" class=\"has-inline-color has-neve-link-hover-color-color\">Sistema de Manuten\u00e7\u00e3o e Servi\u00e7os Gerais<\/mark><\/a><mark style=\"background-color:var(--nv-site-bg)\" class=\"has-inline-color has-nv-c-2-color\">.<\/mark> Os servi\u00e7os que a DESEG (Departamento de Servi\u00e7os Gerais) atende por este sistema s\u00e3o: <\/p>\n\n\n\n<p><strong><strong>DESEG<\/strong><\/strong><\/p>\n\n\n\n<ul class=\"wp-block-list\">\n<li>Agua Mineral<\/li>\n\n\n\n<li>Autoriza\u00e7\u00e3o para retirada de bens patrimoniados<\/li>\n\n\n\n<li>C\u00e2meras &#8211; instala\u00e7\u00e3o de novas c\u00e2meras<\/li>\n\n\n\n<li>Coleta de res\u00edduos<\/li>\n\n\n\n<li>Colocar ou retirar banners, faixas ou outros<\/li>\n\n\n\n<li>Confec\u00e7\u00e3o de cortinas<\/li>\n\n\n\n<li>Dedetiza\u00e7\u00e3o<\/li>\n\n\n\n<li>Expedi\u00e7\u00e3o e protocolo<\/li>\n\n\n\n<li>Jardinagem<\/li>\n\n\n\n<li>Laudos<\/li>\n\n\n\n<li>Lavanderia<\/li>\n\n\n\n<li>Libera\u00e7\u00e3o de acesso \u00e0s depend\u00eancias do campus<\/li>\n\n\n\n<li>Limpeza de ambientes<\/li>\n\n\n\n<li>Limpeza de bebedouros<\/li>\n\n\n\n<li>Manuten\u00e7\u00e3o\/Reparo de bebedouros<\/li>\n\n\n\n<li>Mec\u00e2nica (DAMEC exclusivo)<\/li>\n\n\n\n<li>Movimenta\u00e7\u00e3o de materiais, moveis e mudan\u00e7as<\/li>\n\n\n\n<li>Transporte, agendamento de ve\u00edculos<\/li>\n<\/ul>\n\n\n\n<p><\/p>\n\n\n\n<p><strong>DEPRO \/DIOMAI<\/strong><\/p>\n\n\n\n<p class=\"has-neve-text-color-color has-text-color has-link-color wp-elements-9b7834b08e05b75f14908501e2180e0b\">J\u00e1 para abrir um chamado para manuten\u00e7\u00e3o predial, a partir de 13\/01\/2025, os chamados ser\u00e3o realizados exclusivamente por meio de solicita\u00e7\u00f5es no <a href=\"https:\/\/atendimento.depro.ct.utfpr.edu.br\/\">Novo Sistema de Atendimento<\/a>. Esses setores atendem os seguintes servi\u00e7os:<\/p>\n\n\n\n<p>Manuten\u00e7\u00e3o Predial<br>Elevadores<br>Chaveiro<br>Ar Condicionado<\/p>\n\n\n\n<p><\/p>\n","protected":false},"excerpt":{"rendered":"<p>Para abertura de chamados que envolve servi\u00e7os gerais, abaixo listados, \u00e9 necess\u00e1rio entrar no Sistema de Manuten\u00e7\u00e3o e Servi\u00e7os Gerais. Os servi\u00e7os que a DESEG (Departamento de Servi\u00e7os Gerais) atende por este sistema s\u00e3o: DESEG DEPRO \/DIOMAI J\u00e1 para abrir um chamado para manuten\u00e7\u00e3o predial, a partir de 13\/01\/2025, os chamados ser\u00e3o realizados exclusivamente por&hellip;&nbsp;<a href=\"https:\/\/utfpr.curitiba.br\/ajudagestao\/?page_id=732\" rel=\"bookmark\">Continue a ler &raquo;<span class=\"screen-reader-text\">Abertura de Chamados \/ Sistema de Manuten\u00e7\u00e3o e Servi\u00e7os Gerais<\/span><\/a><\/p>\n","protected":false},"author":270,"featured_media":0,"parent":0,"menu_order":0,"comment_status":"closed","ping_status":"closed","template":"","meta":{"neve_meta_sidebar":"","neve_meta_container":"","neve_meta_enable_content_width":"","neve_meta_content_width":0,"neve_meta_title_alignment":"","neve_meta_author_avatar":"","neve_post_elements_order":"","neve_meta_disable_header":"","neve_meta_disable_footer":"","neve_meta_disable_title":"","footnotes":""},"class_list":["post-732","page","type-page","status-publish","hentry"],"_links":{"self":[{"href":"https:\/\/utfpr.curitiba.br\/ajudagestao\/index.php?rest_route=\/wp\/v2\/pages\/732","targetHints":{"allow":["GET"]}}],"collection":[{"href":"https:\/\/utfpr.curitiba.br\/ajudagestao\/index.php?rest_route=\/wp\/v2\/pages"}],"about":[{"href":"https:\/\/utfpr.curitiba.br\/ajudagestao\/index.php?rest_route=\/wp\/v2\/types\/page"}],"author":[{"embeddable":true,"href":"https:\/\/utfpr.curitiba.br\/ajudagestao\/index.php?rest_route=\/wp\/v2\/users\/270"}],"replies":[{"embeddable":true,"href":"https:\/\/utfpr.curitiba.br\/ajudagestao\/index.php?rest_route=%2Fwp%2Fv2%2Fcomments&post=732"}],"version-history":[{"count":13,"href":"https:\/\/utfpr.curitiba.br\/ajudagestao\/index.php?rest_route=\/wp\/v2\/pages\/732\/revisions"}],"predecessor-version":[{"id":1780,"href":"https:\/\/utfpr.curitiba.br\/ajudagestao\/index.php?rest_route=\/wp\/v2\/pages\/732\/revisions\/1780"}],"wp:attachment":[{"href":"https:\/\/utfpr.curitiba.br\/ajudagestao\/index.php?rest_route=%2Fwp%2Fv2%2Fmedia&parent=732"}],"curies":[{"name":"wp","href":"https:\/\/api.w.org\/{rel}","templated":true}]}}