{"id":546,"date":"2023-12-19T10:08:48","date_gmt":"2023-12-19T13:08:48","guid":{"rendered":"https:\/\/utfpr.curitiba.br\/ajudagestao\/?page_id=546"},"modified":"2025-01-30T11:44:10","modified_gmt":"2025-01-30T14:44:10","slug":"reconhecimento-de-curso","status":"publish","type":"page","link":"https:\/\/utfpr.curitiba.br\/ajudagestao\/?page_id=546","title":{"rendered":"Reconhecimento de Curso"},"content":{"rendered":"\n<p>Na universidade, o Procurador Institucional (PI) \u00e9 respons\u00e1vel por preencher todos os formul\u00e1rios necess\u00e1rios, geralmente sendo algu\u00e9m que participa da Comiss\u00e3o Pr\u00f3pria de Avalia\u00e7\u00e3o (CPA). Esse indiv\u00edduo submete ao Minist\u00e9rio da Educa\u00e7\u00e3o (MEC) as informa\u00e7\u00f5es exigidas para os processos de avalia\u00e7\u00e3o, que incluem a avalia\u00e7\u00e3o da institui\u00e7\u00e3o, o Exame Nacional de Desempenho dos Estudantes (ENADE), o conceito de curso e o \u00cdndice Geral de Cursos (IGC), o qual sintetiza essas avalia\u00e7\u00f5es em uma m\u00e9dia. <\/p>\n\n\n\n<p>O coordenador do curso tem um papel crucial, levantando documenta\u00e7\u00e3o, preenchendo formul\u00e1rios de coordena\u00e7\u00e3o junto com o PI e recebendo os avaliadores. A plataforma e-MEC \u00e9 utilizada para inserir todos os dados institucionais, onde \u00e9 registrado as informa\u00e7\u00f5es sobre a mantenedora, a mantida, os professores e os projetos de curso. <\/p>\n\n\n\n<p>A an\u00e1lise do INEP abrange tr\u00eas dimens\u00f5es: organiza\u00e7\u00e3o did\u00e1tico-pedag\u00f3gica, infraestrutura e corpo docente\/tutorial. A institui\u00e7\u00e3o justifica suas condi\u00e7\u00f5es atrav\u00e9s de textos preenchidos pelo coordenador ou pelo PI, sendo \u00e0s vezes auxiliados pelo NDE (N\u00facleo Docente Estruturante). <\/p>\n\n\n\n<p>Ap\u00f3s a avalia\u00e7\u00e3o, o conceito \u00e9 calculado e um relat\u00f3rio \u00e9 enviado \u00e0 institui\u00e7\u00e3o para an\u00e1lise, combinando-se com os resultados do ENADE e da autoavalia\u00e7\u00e3o para formar o IGC. O coordenador participa de reuni\u00f5es e entrevistas, recebe os dados e, ap\u00f3s a reuni\u00e3o de encerramento, obt\u00e9m o relat\u00f3rio final.<\/p>\n\n\n\n<p><\/p>\n\n\n\n<p class=\"has-nv-c-2-color has-text-color has-medium-font-size\"><strong>Paginas \u00fateis<\/strong><\/p>\n\n\n\n<p class=\"has-text-align-center has-nv-light-bg-background-color has-background\"><a href=\"https:\/\/emec.mec.gov.br\/modulos\/visao_comum\/php\/login\/comum_login.php?691ba69561e311dd66adaae89947c631=YWJhX21lYw==\" data-type=\"link\" data-id=\"https:\/\/emec.mec.gov.br\/modulos\/visao_comum\/php\/login\/comum_login.php?691ba69561e311dd66adaae89947c631=YWJhX21lYw==\">e-MEC<\/a><\/p>\n","protected":false},"excerpt":{"rendered":"<p>Na universidade, o Procurador Institucional (PI) \u00e9 respons\u00e1vel por preencher todos os formul\u00e1rios necess\u00e1rios, geralmente sendo algu\u00e9m que participa da Comiss\u00e3o Pr\u00f3pria de Avalia\u00e7\u00e3o (CPA). Esse indiv\u00edduo submete ao Minist\u00e9rio da Educa\u00e7\u00e3o (MEC) as informa\u00e7\u00f5es exigidas para os processos de avalia\u00e7\u00e3o, que incluem a avalia\u00e7\u00e3o da institui\u00e7\u00e3o, o Exame Nacional de Desempenho dos Estudantes (ENADE),&hellip;&nbsp;<a href=\"https:\/\/utfpr.curitiba.br\/ajudagestao\/?page_id=546\" rel=\"bookmark\">Continue a ler &raquo;<span class=\"screen-reader-text\">Reconhecimento de Curso<\/span><\/a><\/p>\n","protected":false},"author":270,"featured_media":0,"parent":0,"menu_order":0,"comment_status":"closed","ping_status":"closed","template":"","meta":{"neve_meta_sidebar":"","neve_meta_container":"","neve_meta_enable_content_width":"","neve_meta_content_width":0,"neve_meta_title_alignment":"","neve_meta_author_avatar":"","neve_post_elements_order":"","neve_meta_disable_header":"","neve_meta_disable_footer":"","neve_meta_disable_title":"","footnotes":""},"class_list":["post-546","page","type-page","status-publish","hentry"],"_links":{"self":[{"href":"https:\/\/utfpr.curitiba.br\/ajudagestao\/index.php?rest_route=\/wp\/v2\/pages\/546","targetHints":{"allow":["GET"]}}],"collection":[{"href":"https:\/\/utfpr.curitiba.br\/ajudagestao\/index.php?rest_route=\/wp\/v2\/pages"}],"about":[{"href":"https:\/\/utfpr.curitiba.br\/ajudagestao\/index.php?rest_route=\/wp\/v2\/types\/page"}],"author":[{"embeddable":true,"href":"https:\/\/utfpr.curitiba.br\/ajudagestao\/index.php?rest_route=\/wp\/v2\/users\/270"}],"replies":[{"embeddable":true,"href":"https:\/\/utfpr.curitiba.br\/ajudagestao\/index.php?rest_route=%2Fwp%2Fv2%2Fcomments&post=546"}],"version-history":[{"count":6,"href":"https:\/\/utfpr.curitiba.br\/ajudagestao\/index.php?rest_route=\/wp\/v2\/pages\/546\/revisions"}],"predecessor-version":[{"id":1658,"href":"https:\/\/utfpr.curitiba.br\/ajudagestao\/index.php?rest_route=\/wp\/v2\/pages\/546\/revisions\/1658"}],"wp:attachment":[{"href":"https:\/\/utfpr.curitiba.br\/ajudagestao\/index.php?rest_route=%2Fwp%2Fv2%2Fmedia&parent=546"}],"curies":[{"name":"wp","href":"https:\/\/api.w.org\/{rel}","templated":true}]}}