{"id":544,"date":"2023-12-19T10:08:26","date_gmt":"2023-12-19T13:08:26","guid":{"rendered":"https:\/\/utfpr.curitiba.br\/ajudagestao\/?page_id=544"},"modified":"2025-01-30T10:02:15","modified_gmt":"2025-01-30T13:02:15","slug":"ouvidorias","status":"publish","type":"page","link":"https:\/\/utfpr.curitiba.br\/ajudagestao\/?page_id=544","title":{"rendered":"Ouvidoria"},"content":{"rendered":"\n<p>A Ouvidoria da Universidade Tecnol\u00f3gica Federal do Paran\u00e1 (UTFPR) desempenha um papel fundamental como um \u00f3rg\u00e3o interno vinculado \u00e0 Reitoria. Suas finalidades principais s\u00e3o vastas e essenciais para a comunica\u00e7\u00e3o eficiente e aprimoramento cont\u00ednuo dos servi\u00e7os oferecidos pela institui\u00e7\u00e3o. <\/p>\n\n\n\n<p>Em primeiro lugar, serve como um canal de comunica\u00e7\u00e3o vital entre a comunidade interna e externa da UTFPR, permitindo que alunos, docentes, funcion\u00e1rios e membros da comunidade expressem suas opini\u00f5es e reivindica\u00e7\u00f5es sobre os servi\u00e7os providos pela universidade. <\/p>\n\n\n\n<p>Isso promove a participa\u00e7\u00e3o ativa dos envolvidos na administra\u00e7\u00e3o dos servi\u00e7os oferecidos pela institui\u00e7\u00e3o, fortalecendo a pr\u00e1tica da cidadania. Al\u00e9m disso, a Ouvidoria busca incessantemente a melhoria da qualidade e efici\u00eancia dos servi\u00e7os prestados pela UTFPR, analisando as sugest\u00f5es e reclama\u00e7\u00f5es recebidas para implementar aprimoramentos necess\u00e1rios. <\/p>\n\n\n\n<p>Outro aspecto relevante \u00e9 assegurar o direito \u00e0 informa\u00e7\u00e3o, orientando os usu\u00e1rios sobre como acessar os recursos e obter as informa\u00e7\u00f5es necess\u00e1rias. <\/p>\n\n\n\n<p class=\"has-neve-text-color-color has-text-color has-link-color wp-elements-1f9cb538dc276ee15eb3ae53d3775bf6\">Link do regulamento: <a href=\"https:\/\/portal.utfpr.edu.br\/documentos\/reitoria\/documentos-institucionais\/ouvidoria\/regulamento-da-ouvidoria-da-utfpr\/view\" target=\"_blank\" rel=\"noreferrer noopener\">https:\/\/portal.utfpr.edu.br\/documentos\/reitoria\/documentos-institucionais\/ouvidoria\/regulamento-da-ouvidoria-da-utfpr\/view <\/a><\/p>\n\n\n\n<hr class=\"wp-block-separator has-text-color has-nv-light-bg-color has-alpha-channel-opacity has-nv-light-bg-background-color has-background\" \/>\n\n\n\n<p class=\"has-nv-c-2-color has-text-color has-medium-font-size\"><strong>Paginas \u00fateis<\/strong><\/p>\n\n\n\n<p class=\"has-text-align-center has-nv-light-bg-background-color has-background\"><a href=\"https:\/\/www.utfpr.edu.br\/contato\/ouvidoria\" data-type=\"link\" data-id=\"https:\/\/www.utfpr.edu.br\/contato\/ouvidoria\">Ouvidoria<\/a><\/p>\n","protected":false},"excerpt":{"rendered":"<p>A Ouvidoria da Universidade Tecnol\u00f3gica Federal do Paran\u00e1 (UTFPR) desempenha um papel fundamental como um \u00f3rg\u00e3o interno vinculado \u00e0 Reitoria. Suas finalidades principais s\u00e3o vastas e essenciais para a comunica\u00e7\u00e3o eficiente e aprimoramento cont\u00ednuo dos servi\u00e7os oferecidos pela institui\u00e7\u00e3o. Em primeiro lugar, serve como um canal de comunica\u00e7\u00e3o vital entre a comunidade interna e externa&hellip;&nbsp;<a href=\"https:\/\/utfpr.curitiba.br\/ajudagestao\/?page_id=544\" rel=\"bookmark\">Continue a ler &raquo;<span class=\"screen-reader-text\">Ouvidoria<\/span><\/a><\/p>\n","protected":false},"author":270,"featured_media":0,"parent":0,"menu_order":0,"comment_status":"closed","ping_status":"closed","template":"","meta":{"neve_meta_sidebar":"","neve_meta_container":"","neve_meta_enable_content_width":"","neve_meta_content_width":0,"neve_meta_title_alignment":"","neve_meta_author_avatar":"","neve_post_elements_order":"","neve_meta_disable_header":"","neve_meta_disable_footer":"","neve_meta_disable_title":"","footnotes":""},"class_list":["post-544","page","type-page","status-publish","hentry"],"_links":{"self":[{"href":"https:\/\/utfpr.curitiba.br\/ajudagestao\/index.php?rest_route=\/wp\/v2\/pages\/544","targetHints":{"allow":["GET"]}}],"collection":[{"href":"https:\/\/utfpr.curitiba.br\/ajudagestao\/index.php?rest_route=\/wp\/v2\/pages"}],"about":[{"href":"https:\/\/utfpr.curitiba.br\/ajudagestao\/index.php?rest_route=\/wp\/v2\/types\/page"}],"author":[{"embeddable":true,"href":"https:\/\/utfpr.curitiba.br\/ajudagestao\/index.php?rest_route=\/wp\/v2\/users\/270"}],"replies":[{"embeddable":true,"href":"https:\/\/utfpr.curitiba.br\/ajudagestao\/index.php?rest_route=%2Fwp%2Fv2%2Fcomments&post=544"}],"version-history":[{"count":7,"href":"https:\/\/utfpr.curitiba.br\/ajudagestao\/index.php?rest_route=\/wp\/v2\/pages\/544\/revisions"}],"predecessor-version":[{"id":1622,"href":"https:\/\/utfpr.curitiba.br\/ajudagestao\/index.php?rest_route=\/wp\/v2\/pages\/544\/revisions\/1622"}],"wp:attachment":[{"href":"https:\/\/utfpr.curitiba.br\/ajudagestao\/index.php?rest_route=%2Fwp%2Fv2%2Fmedia&parent=544"}],"curies":[{"name":"wp","href":"https:\/\/api.w.org\/{rel}","templated":true}]}}