{"id":542,"date":"2023-12-19T10:08:03","date_gmt":"2023-12-19T13:08:03","guid":{"rendered":"https:\/\/utfpr.curitiba.br\/ajudagestao\/?page_id=542"},"modified":"2025-01-30T09:57:43","modified_gmt":"2025-01-30T12:57:43","slug":"monitorias","status":"publish","type":"page","link":"https:\/\/utfpr.curitiba.br\/ajudagestao\/?page_id=542","title":{"rendered":"Monitorias"},"content":{"rendered":"\n<p>A gest\u00e3o da monitoria \u00e9 conduzida pelo Departamento Acad\u00eamico, abrangendo o processo seletivo, estabelecimento de regras, defini\u00e7\u00e3o do orientador e designa\u00e7\u00e3o do professor respons\u00e1vel pela disciplina ministrada.<\/p>\n\n\n\n<p><\/p>\n","protected":false},"excerpt":{"rendered":"<p>A gest\u00e3o da monitoria \u00e9 conduzida pelo Departamento Acad\u00eamico, abrangendo o processo seletivo, estabelecimento de regras, defini\u00e7\u00e3o do orientador e designa\u00e7\u00e3o do professor respons\u00e1vel pela disciplina ministrada.<\/p>\n","protected":false},"author":270,"featured_media":0,"parent":0,"menu_order":0,"comment_status":"closed","ping_status":"closed","template":"","meta":{"neve_meta_sidebar":"","neve_meta_container":"","neve_meta_enable_content_width":"","neve_meta_content_width":0,"neve_meta_title_alignment":"","neve_meta_author_avatar":"","neve_post_elements_order":"","neve_meta_disable_header":"","neve_meta_disable_footer":"","neve_meta_disable_title":"","footnotes":""},"class_list":["post-542","page","type-page","status-publish","hentry"],"_links":{"self":[{"href":"https:\/\/utfpr.curitiba.br\/ajudagestao\/index.php?rest_route=\/wp\/v2\/pages\/542","targetHints":{"allow":["GET"]}}],"collection":[{"href":"https:\/\/utfpr.curitiba.br\/ajudagestao\/index.php?rest_route=\/wp\/v2\/pages"}],"about":[{"href":"https:\/\/utfpr.curitiba.br\/ajudagestao\/index.php?rest_route=\/wp\/v2\/types\/page"}],"author":[{"embeddable":true,"href":"https:\/\/utfpr.curitiba.br\/ajudagestao\/index.php?rest_route=\/wp\/v2\/users\/270"}],"replies":[{"embeddable":true,"href":"https:\/\/utfpr.curitiba.br\/ajudagestao\/index.php?rest_route=%2Fwp%2Fv2%2Fcomments&post=542"}],"version-history":[{"count":4,"href":"https:\/\/utfpr.curitiba.br\/ajudagestao\/index.php?rest_route=\/wp\/v2\/pages\/542\/revisions"}],"predecessor-version":[{"id":1618,"href":"https:\/\/utfpr.curitiba.br\/ajudagestao\/index.php?rest_route=\/wp\/v2\/pages\/542\/revisions\/1618"}],"wp:attachment":[{"href":"https:\/\/utfpr.curitiba.br\/ajudagestao\/index.php?rest_route=%2Fwp%2Fv2%2Fmedia&parent=542"}],"curies":[{"name":"wp","href":"https:\/\/api.w.org\/{rel}","templated":true}]}}