{"id":538,"date":"2023-12-19T10:07:15","date_gmt":"2023-12-19T13:07:15","guid":{"rendered":"https:\/\/utfpr.curitiba.br\/ajudagestao\/?page_id=538"},"modified":"2025-01-30T09:53:26","modified_gmt":"2025-01-30T12:53:26","slug":"inclusao-de-disciplinas-optativas","status":"publish","type":"page","link":"https:\/\/utfpr.curitiba.br\/ajudagestao\/?page_id=538","title":{"rendered":"Inclus\u00e3o de Disciplinas Optativas"},"content":{"rendered":"\n<p>No contexto das disciplinas optativas, essas mat\u00e9rias s\u00e3o inicialmente disponibilizadas no Projeto Pedag\u00f3gico do Curso (PPC). Se houver necessidade de inclus\u00e3o de uma nova disciplina optativa, o processo inicia-se com discuss\u00f5es no NDE (N\u00facleo Docente Estruturante). <\/p>\n\n\n\n<p>O NDE \u00e9 respons\u00e1vel por elaborar o projeto da nova disciplina, o qual \u00e9 encaminhado para o Colegiado do Curso. Ap\u00f3s a aprova\u00e7\u00e3o no Colegiado, o projeto \u00e9 enviado pela Diretoria de Gradua\u00e7\u00e3o (DIRGRAD) atrav\u00e9s do Sistema Eletr\u00f4nico de Informa\u00e7\u00f5es (SEI) para a PROGRAD (Pr\u00f3-Reitoria de Gradua\u00e7\u00e3o e Educa\u00e7\u00e3o Profissional). \u00c9 na PROGRARD que ocorre a an\u00e1lise final e o encaminhamento para as devidas provid\u00eancias.<\/p>\n\n\n\n<hr class=\"wp-block-separator has-text-color has-nv-light-bg-color has-alpha-channel-opacity has-nv-light-bg-background-color has-background\" \/>\n\n\n\n<div class=\"wp-block-buttons is-content-justification-center is-layout-flex wp-container-core-buttons-is-layout-16018d1d wp-block-buttons-is-layout-flex\">\n<div class=\"wp-block-button has-custom-width wp-block-button__width-75 has-custom-font-size has-small-font-size\"><a class=\"wp-block-button__link has-nv-site-bg-color has-neve-link-color-background-color has-text-color has-background has-link-color has-text-align-center wp-element-button\" href=\"https:\/\/utfpr.curitiba.br\/ajudagestao\/?page_id=469\" style=\"border-radius:8px;padding-top:var(--wp--preset--spacing--40);padding-bottom:var(--wp--preset--spacing--40)\">Colegiado \/ NDE<\/a><\/div>\n<\/div>\n\n\n\n<p class=\"has-nv-c-2-color has-text-color has-medium-font-size\"><strong>Paginas \u00fateis<\/strong><\/p>\n\n\n\n<p class=\"has-text-align-center has-nv-light-bg-color has-nv-light-bg-background-color has-text-color has-background has-link-color has-medium-font-size wp-elements-cffef41af0f918cdca19bc90591e341f\"> <a href=\"https:\/\/sei.utfpr.edu.br\/sip\/login.php?sigla_orgao_sistema=UTFPR&amp;sigla_sistema=SEI&amp;infra_url=L3NlaS8=\" data-type=\"link\" data-id=\"https:\/\/sei.utfpr.edu.br\/sip\/login.php?sigla_orgao_sistema=UTFPR&amp;sigla_sistema=SEI&amp;infra_url=L3NlaS8=\">SEI<\/a><\/p>\n\n\n\n<p><\/p>\n","protected":false},"excerpt":{"rendered":"<p>No contexto das disciplinas optativas, essas mat\u00e9rias s\u00e3o inicialmente disponibilizadas no Projeto Pedag\u00f3gico do Curso (PPC). Se houver necessidade de inclus\u00e3o de uma nova disciplina optativa, o processo inicia-se com discuss\u00f5es no NDE (N\u00facleo Docente Estruturante). O NDE \u00e9 respons\u00e1vel por elaborar o projeto da nova disciplina, o qual \u00e9 encaminhado para o Colegiado do&hellip;&nbsp;<a href=\"https:\/\/utfpr.curitiba.br\/ajudagestao\/?page_id=538\" rel=\"bookmark\">Continue a ler &raquo;<span class=\"screen-reader-text\">Inclus\u00e3o de Disciplinas Optativas<\/span><\/a><\/p>\n","protected":false},"author":270,"featured_media":0,"parent":0,"menu_order":0,"comment_status":"closed","ping_status":"closed","template":"","meta":{"neve_meta_sidebar":"","neve_meta_container":"","neve_meta_enable_content_width":"","neve_meta_content_width":0,"neve_meta_title_alignment":"","neve_meta_author_avatar":"","neve_post_elements_order":"","neve_meta_disable_header":"","neve_meta_disable_footer":"","neve_meta_disable_title":"","footnotes":""},"class_list":["post-538","page","type-page","status-publish","hentry"],"_links":{"self":[{"href":"https:\/\/utfpr.curitiba.br\/ajudagestao\/index.php?rest_route=\/wp\/v2\/pages\/538","targetHints":{"allow":["GET"]}}],"collection":[{"href":"https:\/\/utfpr.curitiba.br\/ajudagestao\/index.php?rest_route=\/wp\/v2\/pages"}],"about":[{"href":"https:\/\/utfpr.curitiba.br\/ajudagestao\/index.php?rest_route=\/wp\/v2\/types\/page"}],"author":[{"embeddable":true,"href":"https:\/\/utfpr.curitiba.br\/ajudagestao\/index.php?rest_route=\/wp\/v2\/users\/270"}],"replies":[{"embeddable":true,"href":"https:\/\/utfpr.curitiba.br\/ajudagestao\/index.php?rest_route=%2Fwp%2Fv2%2Fcomments&post=538"}],"version-history":[{"count":7,"href":"https:\/\/utfpr.curitiba.br\/ajudagestao\/index.php?rest_route=\/wp\/v2\/pages\/538\/revisions"}],"predecessor-version":[{"id":1614,"href":"https:\/\/utfpr.curitiba.br\/ajudagestao\/index.php?rest_route=\/wp\/v2\/pages\/538\/revisions\/1614"}],"wp:attachment":[{"href":"https:\/\/utfpr.curitiba.br\/ajudagestao\/index.php?rest_route=%2Fwp%2Fv2%2Fmedia&parent=538"}],"curies":[{"name":"wp","href":"https:\/\/api.w.org\/{rel}","templated":true}]}}