{"id":536,"date":"2023-12-19T10:06:53","date_gmt":"2023-12-19T13:06:53","guid":{"rendered":"https:\/\/utfpr.curitiba.br\/ajudagestao\/?page_id=536"},"modified":"2025-01-30T09:44:44","modified_gmt":"2025-01-30T12:44:44","slug":"formandos","status":"publish","type":"page","link":"https:\/\/utfpr.curitiba.br\/ajudagestao\/?page_id=536","title":{"rendered":"Formandos \/ Confer\u00eancia"},"content":{"rendered":"\n<p><br>Antes do per\u00edodo de matr\u00edcula, \u00e9 essencial verificar no sistema acad\u00eamico os poss\u00edveis formandos, permitindo ajustes nos hor\u00e1rios das disciplinas, se necess\u00e1rio. \u00c9 interessante que para os estudantes prestes a se formar, ter um contato direto com o professor respons\u00e1vel pelas atividades complementares para checar o status das documenta\u00e7\u00f5es e garantir que tudo esteja em ordem.<\/p>\n","protected":false},"excerpt":{"rendered":"<p>Antes do per\u00edodo de matr\u00edcula, \u00e9 essencial verificar no sistema acad\u00eamico os poss\u00edveis formandos, permitindo ajustes nos hor\u00e1rios das disciplinas, se necess\u00e1rio. \u00c9 interessante que para os estudantes prestes a se formar, ter um contato direto com o professor respons\u00e1vel pelas atividades complementares para checar o status das documenta\u00e7\u00f5es e garantir que tudo esteja em&hellip;&nbsp;<a href=\"https:\/\/utfpr.curitiba.br\/ajudagestao\/?page_id=536\" rel=\"bookmark\">Continue a ler &raquo;<span class=\"screen-reader-text\">Formandos \/ Confer\u00eancia<\/span><\/a><\/p>\n","protected":false},"author":270,"featured_media":0,"parent":0,"menu_order":0,"comment_status":"closed","ping_status":"closed","template":"","meta":{"neve_meta_sidebar":"","neve_meta_container":"","neve_meta_enable_content_width":"","neve_meta_content_width":0,"neve_meta_title_alignment":"","neve_meta_author_avatar":"","neve_post_elements_order":"","neve_meta_disable_header":"","neve_meta_disable_footer":"","neve_meta_disable_title":"","footnotes":""},"class_list":["post-536","page","type-page","status-publish","hentry"],"_links":{"self":[{"href":"https:\/\/utfpr.curitiba.br\/ajudagestao\/index.php?rest_route=\/wp\/v2\/pages\/536","targetHints":{"allow":["GET"]}}],"collection":[{"href":"https:\/\/utfpr.curitiba.br\/ajudagestao\/index.php?rest_route=\/wp\/v2\/pages"}],"about":[{"href":"https:\/\/utfpr.curitiba.br\/ajudagestao\/index.php?rest_route=\/wp\/v2\/types\/page"}],"author":[{"embeddable":true,"href":"https:\/\/utfpr.curitiba.br\/ajudagestao\/index.php?rest_route=\/wp\/v2\/users\/270"}],"replies":[{"embeddable":true,"href":"https:\/\/utfpr.curitiba.br\/ajudagestao\/index.php?rest_route=%2Fwp%2Fv2%2Fcomments&post=536"}],"version-history":[{"count":4,"href":"https:\/\/utfpr.curitiba.br\/ajudagestao\/index.php?rest_route=\/wp\/v2\/pages\/536\/revisions"}],"predecessor-version":[{"id":1607,"href":"https:\/\/utfpr.curitiba.br\/ajudagestao\/index.php?rest_route=\/wp\/v2\/pages\/536\/revisions\/1607"}],"wp:attachment":[{"href":"https:\/\/utfpr.curitiba.br\/ajudagestao\/index.php?rest_route=%2Fwp%2Fv2%2Fmedia&parent=536"}],"curies":[{"name":"wp","href":"https:\/\/api.w.org\/{rel}","templated":true}]}}