{"id":531,"date":"2023-12-19T10:06:05","date_gmt":"2023-12-19T13:06:05","guid":{"rendered":"https:\/\/utfpr.curitiba.br\/ajudagestao\/?page_id=531"},"modified":"2025-01-30T09:39:49","modified_gmt":"2025-01-30T12:39:49","slug":"enade","status":"publish","type":"page","link":"https:\/\/utfpr.curitiba.br\/ajudagestao\/?page_id=531","title":{"rendered":"Enade"},"content":{"rendered":"\n<p>Os coordenadores devem estar atentos ao edital do INEP para o ENADE, registrando minuciosamente todos os t\u00f3picos relevantes, prazos estipulados e realizando todos os processos conforme o que est\u00e1 previsto no edital.<\/p>\n\n\n\n<p class=\"has-neve-text-color-color has-text-color has-link-color wp-elements-58ebee20b471d529e131729767c1ca87\">Link das not\u00edcias do ENADE: <a href=\"https:\/\/www.gov.br\/inep\/pt-br\/assuntos\/noticias\/enade \">https:\/\/www.gov.br\/inep\/pt-br\/assuntos\/noticias\/enade <\/a><\/p>\n\n\n\n<p><\/p>\n","protected":false},"excerpt":{"rendered":"<p>Os coordenadores devem estar atentos ao edital do INEP para o ENADE, registrando minuciosamente todos os t\u00f3picos relevantes, prazos estipulados e realizando todos os processos conforme o que est\u00e1 previsto no edital. Link das not\u00edcias do ENADE: https:\/\/www.gov.br\/inep\/pt-br\/assuntos\/noticias\/enade<\/p>\n","protected":false},"author":270,"featured_media":0,"parent":0,"menu_order":0,"comment_status":"closed","ping_status":"closed","template":"","meta":{"neve_meta_sidebar":"","neve_meta_container":"","neve_meta_enable_content_width":"","neve_meta_content_width":0,"neve_meta_title_alignment":"","neve_meta_author_avatar":"","neve_post_elements_order":"","neve_meta_disable_header":"","neve_meta_disable_footer":"","neve_meta_disable_title":"","footnotes":""},"class_list":["post-531","page","type-page","status-publish","hentry"],"_links":{"self":[{"href":"https:\/\/utfpr.curitiba.br\/ajudagestao\/index.php?rest_route=\/wp\/v2\/pages\/531","targetHints":{"allow":["GET"]}}],"collection":[{"href":"https:\/\/utfpr.curitiba.br\/ajudagestao\/index.php?rest_route=\/wp\/v2\/pages"}],"about":[{"href":"https:\/\/utfpr.curitiba.br\/ajudagestao\/index.php?rest_route=\/wp\/v2\/types\/page"}],"author":[{"embeddable":true,"href":"https:\/\/utfpr.curitiba.br\/ajudagestao\/index.php?rest_route=\/wp\/v2\/users\/270"}],"replies":[{"embeddable":true,"href":"https:\/\/utfpr.curitiba.br\/ajudagestao\/index.php?rest_route=%2Fwp%2Fv2%2Fcomments&post=531"}],"version-history":[{"count":6,"href":"https:\/\/utfpr.curitiba.br\/ajudagestao\/index.php?rest_route=\/wp\/v2\/pages\/531\/revisions"}],"predecessor-version":[{"id":1603,"href":"https:\/\/utfpr.curitiba.br\/ajudagestao\/index.php?rest_route=\/wp\/v2\/pages\/531\/revisions\/1603"}],"wp:attachment":[{"href":"https:\/\/utfpr.curitiba.br\/ajudagestao\/index.php?rest_route=%2Fwp%2Fv2%2Fmedia&parent=531"}],"curies":[{"name":"wp","href":"https:\/\/api.w.org\/{rel}","templated":true}]}}