{"id":529,"date":"2023-12-19T10:05:41","date_gmt":"2023-12-19T13:05:41","guid":{"rendered":"https:\/\/utfpr.curitiba.br\/ajudagestao\/?page_id=529"},"modified":"2025-01-29T10:12:05","modified_gmt":"2025-01-29T13:12:05","slug":"avaliacao-quero-estadao","status":"publish","type":"page","link":"https:\/\/utfpr.curitiba.br\/ajudagestao\/?page_id=529","title":{"rendered":"Avalia\u00e7\u00e3o Quero\/Estad\u00e3o"},"content":{"rendered":"\n<p><br>A equipe da Quero Educa\u00e7\u00e3o \u00e9 respons\u00e1vel por estruturar todo o processo de avalia\u00e7\u00e3o de cursos, desde a defini\u00e7\u00e3o da metodologia at\u00e9 a coleta de informa\u00e7\u00f5es das institui\u00e7\u00f5es de ensino, montagem do banco de avaliadores e tabula\u00e7\u00e3o dos dados obtidos.<\/p>\n\n\n\n<p>Anualmente, \u00e9 necess\u00e1rio preencher o question\u00e1rio de avalia\u00e7\u00e3o do Estad\u00e3o, enviado pela institui\u00e7\u00e3o no primeiro semestre, entre o final de mar\u00e7o e abril. O link para acessar o question\u00e1rio \u00e9 disponibilizado pelo Estad\u00e3o atrav\u00e9s de um e-mail espec\u00edfico.<\/p>\n\n\n\n<hr class=\"wp-block-separator has-text-color has-nv-light-bg-color has-alpha-channel-opacity has-nv-light-bg-background-color has-background\" \/>\n\n\n\n<p class=\"has-nv-c-2-color has-text-color has-medium-font-size\"><strong>Paginas \u00fateis<\/strong><\/p>\n\n\n\n<p class=\"has-text-align-center has-nv-light-bg-background-color has-background\"><a href=\"https:\/\/publicacoes.estadao.com.br\/guia-da-faculdade\/sobre\/\" data-type=\"link\" data-id=\"https:\/\/publicacoes.estadao.com.br\/guia-da-faculdade\/sobre\/\">Guia Estad\u00e3o<\/a><\/p>\n","protected":false},"excerpt":{"rendered":"<p>A equipe da Quero Educa\u00e7\u00e3o \u00e9 respons\u00e1vel por estruturar todo o processo de avalia\u00e7\u00e3o de cursos, desde a defini\u00e7\u00e3o da metodologia at\u00e9 a coleta de informa\u00e7\u00f5es das institui\u00e7\u00f5es de ensino, montagem do banco de avaliadores e tabula\u00e7\u00e3o dos dados obtidos. Anualmente, \u00e9 necess\u00e1rio preencher o question\u00e1rio de avalia\u00e7\u00e3o do Estad\u00e3o, enviado pela institui\u00e7\u00e3o no primeiro&hellip;&nbsp;<a href=\"https:\/\/utfpr.curitiba.br\/ajudagestao\/?page_id=529\" rel=\"bookmark\">Continue a ler &raquo;<span class=\"screen-reader-text\">Avalia\u00e7\u00e3o Quero\/Estad\u00e3o<\/span><\/a><\/p>\n","protected":false},"author":270,"featured_media":0,"parent":0,"menu_order":0,"comment_status":"closed","ping_status":"closed","template":"","meta":{"neve_meta_sidebar":"","neve_meta_container":"","neve_meta_enable_content_width":"","neve_meta_content_width":0,"neve_meta_title_alignment":"","neve_meta_author_avatar":"","neve_post_elements_order":"","neve_meta_disable_header":"","neve_meta_disable_footer":"","neve_meta_disable_title":"","footnotes":""},"class_list":["post-529","page","type-page","status-publish","hentry"],"_links":{"self":[{"href":"https:\/\/utfpr.curitiba.br\/ajudagestao\/index.php?rest_route=\/wp\/v2\/pages\/529","targetHints":{"allow":["GET"]}}],"collection":[{"href":"https:\/\/utfpr.curitiba.br\/ajudagestao\/index.php?rest_route=\/wp\/v2\/pages"}],"about":[{"href":"https:\/\/utfpr.curitiba.br\/ajudagestao\/index.php?rest_route=\/wp\/v2\/types\/page"}],"author":[{"embeddable":true,"href":"https:\/\/utfpr.curitiba.br\/ajudagestao\/index.php?rest_route=\/wp\/v2\/users\/270"}],"replies":[{"embeddable":true,"href":"https:\/\/utfpr.curitiba.br\/ajudagestao\/index.php?rest_route=%2Fwp%2Fv2%2Fcomments&post=529"}],"version-history":[{"count":5,"href":"https:\/\/utfpr.curitiba.br\/ajudagestao\/index.php?rest_route=\/wp\/v2\/pages\/529\/revisions"}],"predecessor-version":[{"id":1494,"href":"https:\/\/utfpr.curitiba.br\/ajudagestao\/index.php?rest_route=\/wp\/v2\/pages\/529\/revisions\/1494"}],"wp:attachment":[{"href":"https:\/\/utfpr.curitiba.br\/ajudagestao\/index.php?rest_route=%2Fwp%2Fv2%2Fmedia&parent=529"}],"curies":[{"name":"wp","href":"https:\/\/api.w.org\/{rel}","templated":true}]}}