{"id":499,"date":"2023-11-08T14:17:21","date_gmt":"2023-11-08T17:17:21","guid":{"rendered":"https:\/\/utfpr.curitiba.br\/ajudagestao\/?page_id=499"},"modified":"2025-02-18T13:43:18","modified_gmt":"2025-02-18T16:43:18","slug":"docentes-de-departamento-academico","status":"publish","type":"page","link":"https:\/\/utfpr.curitiba.br\/ajudagestao\/?page_id=499","title":{"rendered":"Chefes de Departamentos Acad\u00eamicos e de Gest\u00e3o"},"content":{"rendered":"\n<p>A Chefia do departamento acad\u00eamico \u00e9 respons\u00e1vel por garantir o cumprimento das normas institucionais em colabora\u00e7\u00e3o com os coordenadores de curso, gerenciar o patrim\u00f4nio do departamento e represent\u00e1-lo em eventos e reuni\u00f5es. Al\u00e9m disso, ela prop\u00f5e junto aos coordenadores a contrata\u00e7\u00e3o e altera\u00e7\u00e3o da jornada de trabalho dos docentes, bem como a sele\u00e7\u00e3o de pessoal docente e administrativo. Controla a frequ\u00eancia dos servidores, avalia o desempenho destes e elabora a escala de f\u00e9rias do pessoal do Departamento. A chefia tamb\u00e9m aprova, acompanha e avalia o plano de atividades dos docentes, assegura o cumprimento das diretrizes institucionais, otimiza o uso dos laborat\u00f3rios e recursos humanos, coordena o processo de matr\u00edcula discente, e elabora relat\u00f3rios anuais das atividades do departamento, incluindo suas a\u00e7\u00f5es e resultados. Para mais informa\u00e7\u00f5es quanto as atribui\u00e7\u00f5es dessa ocupa\u00e7\u00e3o,&nbsp;<a href=\"https:\/\/www.utfpr.edu.br\/estrutura\/grad\/competencia-dirgrad\" data-type=\"link\" data-id=\"https:\/\/www.utfpr.edu.br\/estrutura\/grad\/competencia-dirgrad\"><mark style=\"background-color:var(--nv-site-bg)\" class=\"has-inline-color has-neve-link-hover-color-color\">clique aqui<\/mark>.<\/a><\/p>\n\n\n\n<p>Para as chefias dos departamentos de gest\u00e3o as atribui\u00e7\u00f5es previstas est\u00e3o relacionadas a pedido de portarias, viagens de servidores, infraestrutura, patrim\u00f4nio, or\u00e7amento, docentes do departamento acad\u00eamico (tais como afastamentos para capacita\u00e7\u00e3o ou licen\u00e7as, f\u00e9rias, avalia\u00e7\u00e3o dos servidores, PGD), entre outros.<\/p>\n\n\n\n<hr class=\"wp-block-separator has-text-color has-nv-light-bg-color has-alpha-channel-opacity has-nv-light-bg-background-color has-background\" \/>\n\n\n\n<p class=\"has-text-align-left has-nv-c-2-color has-text-color has-link-color has-medium-font-size wp-elements-a488126464629700e0126e12943a0be8\"><strong>Processos<\/strong><\/p>\n\n\n\n<div class=\"wp-block-columns alignwide has-small-font-size is-layout-flex wp-container-core-columns-is-layout-9d6595d7 wp-block-columns-is-layout-flex\">\n<div class=\"wp-block-column is-vertically-aligned-center is-layout-flow wp-block-column-is-layout-flow\" style=\"font-size:17px;flex-basis:100%\">\n<div class=\"wp-block-group has-medium-font-size\"><div class=\"wp-block-group__inner-container is-layout-constrained wp-block-group-is-layout-constrained\">\n<div class=\"wp-block-columns is-layout-flex wp-container-core-columns-is-layout-9d6595d7 wp-block-columns-is-layout-flex\">\n<div class=\"wp-block-column is-vertically-aligned-center has-small-font-size is-layout-flow wp-block-column-is-layout-flow\" style=\"flex-basis:75%\">\n<div class=\"wp-block-buttons has-custom-font-size has-small-font-size is-vertical is-content-justification-center is-layout-flex wp-container-core-buttons-is-layout-b36a4d12 wp-block-buttons-is-layout-flex\" style=\"padding-top:0;padding-right:0;padding-bottom:0;padding-left:0\">\n<div class=\"wp-block-button has-custom-width wp-block-button__width-75 has-custom-font-size has-small-font-size\"><a class=\"wp-block-button__link has-neve-link-color-background-color has-background wp-element-button\" href=\"https:\/\/utfpr.curitiba.br\/ajudagestao\/?page_id=732\" style=\"border-radius:11px;padding-top:var(--wp--preset--spacing--50);padding-bottom:var(--wp--preset--spacing--50)\">Abertura de Chamados \/ Manuten\u00e7\u00e3o e Servi\u00e7os Gerais<\/a><\/div>\n\n\n\n<div class=\"wp-block-button has-custom-width wp-block-button__width-75 has-custom-font-size has-small-font-size\"><a class=\"wp-block-button__link has-neve-link-color-background-color has-background has-text-align-center wp-element-button\" href=\"https:\/\/utfpr.curitiba.br\/ajudagestao\/?page_id=295\" style=\"border-radius:11px;padding-top:var(--wp--preset--spacing--50);padding-bottom:var(--wp--preset--spacing--50)\">Abertura de Chamados \/ Tecnologia da Informa\u00e7\u00e3o (T.I.)<\/a><\/div>\n\n\n\n<div class=\"wp-block-button has-custom-width wp-block-button__width-75 has-custom-font-size is-style-default has-small-font-size\"><a class=\"wp-block-button__link has-neve-link-color-background-color has-background has-text-align-center wp-element-button\" href=\"https:\/\/utfpr.curitiba.br\/ajudagestao\/wp-admin\/post.php?post=1157&amp;action=edit\" style=\"border-radius:11px;padding-top:var(--wp--preset--spacing--50);padding-right:0;padding-bottom:var(--wp--preset--spacing--50);padding-left:0\">Avalia\u00e7\u00e3o dos Servidores<\/a><\/div>\n\n\n\n<div class=\"wp-block-button has-custom-width wp-block-button__width-75 has-custom-font-size is-style-default has-small-font-size\"><a class=\"wp-block-button__link has-neve-link-color-background-color has-background wp-element-button\" href=\"https:\/\/utfpr.curitiba.br\/ajudagestao\/?page_id=463\" style=\"border-radius:11px;padding-top:var(--wp--preset--spacing--50);padding-right:0;padding-bottom:var(--wp--preset--spacing--50);padding-left:0\">Cadastro de Usu\u00e1rios Externos no SEI<\/a><\/div>\n\n\n\n<div class=\"wp-block-button has-custom-width wp-block-button__width-75 has-custom-font-size is-style-default has-small-font-size\"><a class=\"wp-block-button__link has-neve-link-color-background-color has-background wp-element-button\" href=\"https:\/\/utfpr.curitiba.br\/ajudagestao\/?page_id=335\" style=\"border-radius:11px;padding-top:var(--wp--preset--spacing--50);padding-bottom:var(--wp--preset--spacing--50)\">Contatos e Comunica\u00e7\u00e3o<\/a><\/div>\n\n\n\n<div class=\"wp-block-button has-custom-width wp-block-button__width-75 has-custom-font-size is-style-default has-small-font-size\"><a class=\"wp-block-button__link has-neve-link-color-background-color has-background wp-element-button\" href=\"https:\/\/utfpr.curitiba.br\/ajudagestao\/?page_id=206\" style=\"border-radius:11px;padding-top:var(--wp--preset--spacing--50);padding-bottom:var(--wp--preset--spacing--50)\">Declara\u00e7\u00f5es<\/a><\/div>\n\n\n\n<div class=\"wp-block-button has-custom-width wp-block-button__width-75 has-custom-font-size is-style-default has-small-font-size\"><a class=\"wp-block-button__link has-neve-link-color-background-color has-background has-text-align-center wp-element-button\" href=\"https:\/\/www.utfpr.edu.br\/servidores\/site\/capacitacao\" style=\"border-radius:11px;padding-top:var(--wp--preset--spacing--50);padding-bottom:var(--wp--preset--spacing--50)\" target=\"_blank\" rel=\"noreferrer noopener\">Desenvolvimento de pessoas<\/a><\/div>\n\n\n\n<div class=\"wp-block-button has-custom-width wp-block-button__width-75 has-custom-font-size has-small-font-size\"><a class=\"wp-block-button__link has-neve-link-color-background-color has-background wp-element-button\" href=\"https:\/\/utfpr.curitiba.br\/ajudagestao\/?page_id=538\" style=\"border-radius:11px;padding-top:var(--wp--preset--spacing--50);padding-bottom:var(--wp--preset--spacing--50)\">Disciplinas Optativas \/ Inclus\u00e3o<\/a><\/div>\n\n\n\n<div class=\"wp-block-button has-custom-width wp-block-button__width-75 has-custom-font-size has-small-font-size\"><a class=\"wp-block-button__link has-neve-link-color-background-color has-background wp-element-button\" href=\"https:\/\/utfpr.curitiba.br\/ajudagestao\/?page_id=431\" style=\"border-radius:11px;padding-top:var(--wp--preset--spacing--50);padding-bottom:var(--wp--preset--spacing--50)\">Estrutura da Coordena\u00e7\u00e3o dos Cursos de Gradua\u00e7\u00e3o<\/a><\/div>\n\n\n\n<div class=\"wp-block-button has-custom-width wp-block-button__width-75 has-custom-font-size has-small-font-size\"><a class=\"wp-block-button__link has-neve-link-color-background-color has-background wp-element-button\" href=\"https:\/\/utfpr.curitiba.br\/ajudagestao\/?page_id=420\" style=\"border-radius:11px;padding-top:var(--wp--preset--spacing--50);padding-bottom:var(--wp--preset--spacing--50)\">Eventos \/ Produ\u00e7\u00e3o<\/a><\/div>\n\n\n\n<div class=\"wp-block-button has-custom-width wp-block-button__width-75 has-custom-font-size has-small-font-size\"><a class=\"wp-block-button__link has-neve-link-color-background-color has-background wp-element-button\" href=\"https:\/\/utfpr.curitiba.br\/ajudagestao\/?page_id=449\" style=\"border-radius:11px;padding-top:var(--wp--preset--spacing--50);padding-bottom:var(--wp--preset--spacing--50)\">Eventos \/ Registro como Atividade de Extens\u00e3o<\/a><\/div>\n\n\n\n<div class=\"wp-block-button has-custom-width wp-block-button__width-75 has-custom-font-size has-small-font-size\"><a class=\"wp-block-button__link has-neve-link-color-background-color has-background wp-element-button\" href=\"https:\/\/utfpr.curitiba.br\/ajudagestao\/?page_id=1735\" style=\"border-radius:11px;padding-top:var(--wp--preset--spacing--50);padding-bottom:var(--wp--preset--spacing--50)\">Facilitadores do SEI e do Sistema Coorporativo<\/a><\/div>\n\n\n\n<div class=\"wp-block-button has-custom-width wp-block-button__width-75 has-custom-font-size has-small-font-size\"><a class=\"wp-block-button__link has-neve-link-color-background-color has-background has-text-align-center wp-element-button\" href=\"https:\/\/portal.utfpr.edu.br\/servidores\/site\/ferias\" style=\"border-radius:11px;padding-top:var(--wp--preset--spacing--50);padding-bottom:var(--wp--preset--spacing--50)\" target=\"_blank\" rel=\"noreferrer noopener\">F\u00e9rias<\/a><\/div>\n\n\n\n<div class=\"wp-block-button has-custom-width wp-block-button__width-75 has-custom-font-size has-small-font-size\"><a class=\"wp-block-button__link has-neve-link-color-background-color has-background wp-element-button\" href=\"https:\/\/utfpr.curitiba.br\/ajudagestao\/?page_id=425\" style=\"border-radius:11px;padding-top:var(--wp--preset--spacing--50);padding-bottom:var(--wp--preset--spacing--50)\">Gest\u00e3o de Processos no SEI<\/a><\/div>\n\n\n\n<div class=\"wp-block-button has-custom-width wp-block-button__width-75 has-custom-font-size has-small-font-size\"><a class=\"wp-block-button__link has-neve-link-color-background-color has-background has-text-align-center wp-element-button\" href=\"https:\/\/utfpr.curitiba.br\/ajudagestao\/?page_id=746\" style=\"border-radius:11px;padding-top:var(--wp--preset--spacing--50);padding-bottom:var(--wp--preset--spacing--50)\">Or\u00e7amento<\/a><\/div>\n\n\n\n<div class=\"wp-block-button has-custom-width wp-block-button__width-75 has-custom-font-size has-small-font-size\"><a class=\"wp-block-button__link has-neve-link-color-background-color has-background wp-element-button\" href=\"https:\/\/utfpr.curitiba.br\/ajudagestao\/?page_id=544\" style=\"border-radius:11px;padding-top:var(--wp--preset--spacing--50);padding-bottom:var(--wp--preset--spacing--50)\">Ouvidoria<\/a><\/div>\n\n\n\n<div class=\"wp-block-button has-custom-width wp-block-button__width-75 has-custom-font-size has-small-font-size\"><a class=\"wp-block-button__link has-neve-link-color-background-color has-background has-text-align-center wp-element-button\" href=\"https:\/\/utfpr.curitiba.br\/ajudagestao\/?page_id=744\" style=\"border-radius:11px;padding-top:var(--wp--preset--spacing--50);padding-bottom:var(--wp--preset--spacing--50)\">Patrim\u00f4nio<\/a><\/div>\n\n\n\n<div class=\"wp-block-button has-custom-width wp-block-button__width-75 has-custom-font-size has-small-font-size\"><a class=\"wp-block-button__link has-neve-link-color-background-color has-background wp-element-button\" href=\"https:\/\/utfpr.curitiba.br\/ajudagestao\/?page_id=203\" style=\"border-radius:11px;padding-top:var(--wp--preset--spacing--50);padding-bottom:var(--wp--preset--spacing--50)\">Portarias \/ Solicita\u00e7\u00f5es e Busca<\/a><\/div>\n\n\n\n<div class=\"wp-block-button has-custom-width wp-block-button__width-75 has-custom-font-size has-small-font-size\"><a class=\"wp-block-button__link has-neve-link-color-background-color has-background wp-element-button\" href=\"https:\/\/www.utfpr.edu.br\/servidores\/site\/programa-de-gestao-e-desempenho\" style=\"border-radius:11px;padding-top:var(--wp--preset--spacing--50);padding-bottom:var(--wp--preset--spacing--50)\" target=\"_blank\" rel=\"noreferrer noopener\">Programa de Gest\u00e3o e Desempenho &#8211; PGD<\/a><\/div>\n\n\n\n<div class=\"wp-block-button has-custom-width wp-block-button__width-75 has-custom-font-size has-small-font-size\"><a class=\"wp-block-button__link has-neve-link-color-background-color has-background wp-element-button\" href=\"https:\/\/utfpr.curitiba.br\/ajudagestao\/?page_id=546\" style=\"border-radius:11px;padding-top:var(--wp--preset--spacing--50);padding-bottom:var(--wp--preset--spacing--50)\">Reconhecimento de Curso de Gradua\u00e7\u00e3o<\/a><\/div>\n\n\n\n<div class=\"wp-block-button has-custom-width wp-block-button__width-75 has-custom-font-size has-small-font-size\"><a class=\"wp-block-button__link has-neve-link-color-background-color has-background wp-element-button\" href=\"https:\/\/utfpr.curitiba.br\/ajudagestao\/?page_id=1744\" style=\"border-radius:11px;padding-top:var(--wp--preset--spacing--50);padding-bottom:var(--wp--preset--spacing--50)\">Sistema de Reservas de Ambientes<\/a><\/div>\n\n\n\n<div class=\"wp-block-button has-custom-width wp-block-button__width-75 has-custom-font-size has-small-font-size\"><a class=\"wp-block-button__link has-neve-link-color-background-color has-background has-text-align-center wp-element-button\" href=\"https:\/\/utfpr.curitiba.br\/ajudagestao\/?page_id=741\" style=\"border-radius:11px;padding-top:var(--wp--preset--spacing--50);padding-bottom:var(--wp--preset--spacing--50)\">Viagens \/ Afastamentos<\/a><\/div>\n<\/div>\n<\/div>\n<\/div>\n<\/div><\/div>\n<\/div>\n<\/div>\n\n\n\n<hr class=\"wp-block-separator has-text-color has-nv-site-bg-color has-alpha-channel-opacity has-nv-site-bg-background-color has-background\" \/>\n\n\n\n<hr class=\"wp-block-separator has-text-color has-nv-light-bg-color has-alpha-channel-opacity has-nv-light-bg-background-color has-background\" \/>\n\n\n\n<p class=\"has-neve-text-color-color has-text-color has-link-color wp-elements-852ed07f9c156288985ae45590a04c4b\">Para mais informa\u00e7\u00f5es sobre aposentadoria, avalia\u00e7\u00e3o, benef\u00edcios, cadastro, capacita\u00e7\u00e3o, carreira, licen\u00e7as, movimenta\u00e7\u00e3o, SIASS, IN 29 &#8211; FAQ, e programa de gest\u00e3o e desempenho, acesse a p\u00e1gina com as <a href=\"https:\/\/www.utfpr.edu.br\/servidores\/site\" data-type=\"link\" data-id=\"https:\/\/www.utfpr.edu.br\/servidores\/site\"><mark class=\"has-inline-color has-neve-link-hover-color-color\">informa\u00e7\u00f5es do COGERH<\/mark><\/a>.<\/p>\n\n\n\n<hr class=\"wp-block-separator has-text-color has-nv-light-bg-color has-alpha-channel-opacity has-nv-light-bg-background-color has-background\" \/>\n\n\n\n<p class=\"has-nv-c-2-color has-text-color has-medium-font-size\"><strong>P\u00e1ginas \u00fateis<\/strong><\/p>\n\n\n\n<p class=\"has-text-align-center has-nv-light-bg-background-color has-background\"><a href=\"https:\/\/www.utfpr.edu.br\/servidores\/site\" data-type=\"link\" data-id=\"https:\/\/www.utfpr.edu.br\/servidores\/site\">Infos COGERH<\/a> | <a href=\"https:\/\/www.utfpr.edu.br\/estrutura\/gestao-de-pessoas\/coordenadorias-de-gestao-de-rh-dos-campus\/curitiba\" data-type=\"link\" data-id=\"https:\/\/www.utfpr.edu.br\/estrutura\/gestao-de-pessoas\/coordenadorias-de-gestao-de-rh-dos-campus\/curitiba\">Contato COGERH<\/a> | <a href=\"https:\/\/www.utfpr.edu.br\/servidores\/site\" data-type=\"link\" data-id=\"https:\/\/www.utfpr.edu.br\/servidores\/site\">Portal Servidores<\/a><\/p>\n\n\n\n<p><\/p>\n","protected":false},"excerpt":{"rendered":"<p>A Chefia do departamento acad\u00eamico \u00e9 respons\u00e1vel por garantir o cumprimento das normas institucionais em colabora\u00e7\u00e3o com os coordenadores de curso, gerenciar o patrim\u00f4nio do departamento e represent\u00e1-lo em eventos e reuni\u00f5es. Al\u00e9m disso, ela prop\u00f5e junto aos coordenadores a contrata\u00e7\u00e3o e altera\u00e7\u00e3o da jornada de trabalho dos docentes, bem como a sele\u00e7\u00e3o de pessoal&hellip;&nbsp;<a href=\"https:\/\/utfpr.curitiba.br\/ajudagestao\/?page_id=499\" rel=\"bookmark\">Continue a ler &raquo;<span class=\"screen-reader-text\">Chefes de Departamentos Acad\u00eamicos e de Gest\u00e3o<\/span><\/a><\/p>\n","protected":false},"author":270,"featured_media":0,"parent":0,"menu_order":0,"comment_status":"closed","ping_status":"closed","template":"","meta":{"neve_meta_sidebar":"","neve_meta_container":"","neve_meta_enable_content_width":"","neve_meta_content_width":0,"neve_meta_title_alignment":"","neve_meta_author_avatar":"","neve_post_elements_order":"","neve_meta_disable_header":"","neve_meta_disable_footer":"","neve_meta_disable_title":"","footnotes":""},"class_list":["post-499","page","type-page","status-publish","hentry"],"_links":{"self":[{"href":"https:\/\/utfpr.curitiba.br\/ajudagestao\/index.php?rest_route=\/wp\/v2\/pages\/499","targetHints":{"allow":["GET"]}}],"collection":[{"href":"https:\/\/utfpr.curitiba.br\/ajudagestao\/index.php?rest_route=\/wp\/v2\/pages"}],"about":[{"href":"https:\/\/utfpr.curitiba.br\/ajudagestao\/index.php?rest_route=\/wp\/v2\/types\/page"}],"author":[{"embeddable":true,"href":"https:\/\/utfpr.curitiba.br\/ajudagestao\/index.php?rest_route=\/wp\/v2\/users\/270"}],"replies":[{"embeddable":true,"href":"https:\/\/utfpr.curitiba.br\/ajudagestao\/index.php?rest_route=%2Fwp%2Fv2%2Fcomments&post=499"}],"version-history":[{"count":58,"href":"https:\/\/utfpr.curitiba.br\/ajudagestao\/index.php?rest_route=\/wp\/v2\/pages\/499\/revisions"}],"predecessor-version":[{"id":1784,"href":"https:\/\/utfpr.curitiba.br\/ajudagestao\/index.php?rest_route=\/wp\/v2\/pages\/499\/revisions\/1784"}],"wp:attachment":[{"href":"https:\/\/utfpr.curitiba.br\/ajudagestao\/index.php?rest_route=%2Fwp%2Fv2%2Fmedia&parent=499"}],"curies":[{"name":"wp","href":"https:\/\/api.w.org\/{rel}","templated":true}]}}