{"id":497,"date":"2023-11-08T14:16:55","date_gmt":"2023-11-08T17:16:55","guid":{"rendered":"https:\/\/utfpr.curitiba.br\/ajudagestao\/?page_id=497"},"modified":"2025-02-03T10:38:33","modified_gmt":"2025-02-03T13:38:33","slug":"coordenadores-de-cursos-de-pos-graduacao-especializacao","status":"publish","type":"page","link":"https:\/\/utfpr.curitiba.br\/ajudagestao\/?page_id=497","title":{"rendered":"Coordenadores de Cursos de P\u00f3s-Gradua\u00e7\u00e3o"},"content":{"rendered":"\n<p>No caso dos Programas\/Cursos de p\u00f3s-gradua\u00e7\u00e3o, a UTFPR oferta as modalidades de Latu Sensu e Stricto Senso.<\/p>\n\n\n\n<p>Quanto as compet\u00eancias da coordena\u00e7\u00e3o para os programas\/cursos Stricto Sensu, incluem coordenar as atividades did\u00e1ticas, propor editais de sele\u00e7\u00e3o, organizar hor\u00e1rios, sugerir a substitui\u00e7\u00e3o de docentes, elaborar relat\u00f3rios e encaminhar informa\u00e7\u00f5es ao Conselho de Pesquisa e P\u00f3s-Gradua\u00e7\u00e3o.<\/p>\n\n\n\n<p>Para os Cursos de P\u00f3s-Gradua\u00e7\u00e3o Lato Sensu, as responsabilidades s\u00e3o similares, incluindo a coordena\u00e7\u00e3o das atividades did\u00e1ticas, a proposi\u00e7\u00e3o de editais de abertura de curso, a organiza\u00e7\u00e3o de hor\u00e1rios e a sugest\u00e3o de substitui\u00e7\u00e3o de docentes, al\u00e9m da elabora\u00e7\u00e3o de relat\u00f3rios.<\/p>\n\n\n\n<p>Al\u00e9m disso, o processo de nomea\u00e7\u00e3o do Coordenador de Curso de P\u00f3s-Gradua\u00e7\u00e3o Lato Sensu \u00e9 detalhado, come\u00e7ando com uma indica\u00e7\u00e3o pelo Departamento Acad\u00eamico e\/ou Coordena\u00e7\u00e3o de Curso, seguida pela referenda da Diretoria de Pesquisa e P\u00f3s-Gradua\u00e7\u00e3o e, por fim, a designa\u00e7\u00e3o por portaria do Diretor-Geral.<\/p>\n\n\n\n<p class=\"has-link-color wp-elements-ebcdeadaed12656dddc1f5e3f8b0e282\">Para mais informa\u00e7\u00f5es quanto as atribui\u00e7\u00f5es de cada posi\u00e7\u00e3o, <a href=\"https:\/\/portal.utfpr.edu.br\/estrutura\/pesquisa-e-pos-graduacao\/dirppg\/competencia-dirppg\" data-type=\"link\" data-id=\"https:\/\/portal.utfpr.edu.br\/estrutura\/pesquisa-e-pos-graduacao\/dirppg\/competencia-dirppg\" target=\"_blank\" rel=\"noreferrer noopener\">clique aqui.<\/a><\/p>\n\n\n\n<hr class=\"wp-block-separator has-text-color has-nv-light-bg-color has-alpha-channel-opacity has-nv-light-bg-background-color has-background\" \/>\n\n\n\n<p class=\"has-nv-c-2-color has-text-color has-link-color has-medium-font-size wp-elements-6df42dd2ded0ca19d87b3d9481ae5779\"><strong>Processos<\/strong><\/p>\n\n\n\n<div class=\"wp-block-group has-medium-font-size\"><div class=\"wp-block-group__inner-container is-layout-constrained wp-block-group-is-layout-constrained\">\n<div class=\"wp-block-buttons has-custom-font-size is-horizontal is-content-justification-center is-layout-flex wp-container-core-buttons-is-layout-769315fb wp-block-buttons-is-layout-flex\" style=\"font-size:16px\">\n<div class=\"wp-block-button has-custom-width wp-block-button__width-75 has-custom-font-size has-small-font-size\"><a class=\"wp-block-button__link has-neve-link-color-background-color has-background wp-element-button\" href=\"https:\/\/utfpr.curitiba.br\/ajudagestao\/?page_id=732\" style=\"border-radius:11px;padding-top:var(--wp--preset--spacing--40);padding-bottom:var(--wp--preset--spacing--40)\">Abertura de Chamados \/ Manuten\u00e7\u00e3o e Servi\u00e7os Gerais<\/a><\/div>\n\n\n\n<div class=\"wp-block-button has-custom-width wp-block-button__width-75 has-custom-font-size has-small-font-size\"><a class=\"wp-block-button__link has-neve-link-color-background-color has-background wp-element-button\" href=\"https:\/\/utfpr.curitiba.br\/ajudagestao\/?page_id=295\" style=\"border-radius:11px;padding-top:var(--wp--preset--spacing--40);padding-bottom:var(--wp--preset--spacing--40)\">Abertura de Chamados \/ Tecnologia da Informa\u00e7\u00e3o (T.I.)<\/a><\/div>\n\n\n\n<div class=\"wp-block-button has-custom-width wp-block-button__width-75 has-custom-font-size has-small-font-size\"><a class=\"wp-block-button__link has-neve-link-color-background-color has-background wp-element-button\" href=\"https:\/\/utfpr.curitiba.br\/ajudagestao\/?page_id=437\" style=\"border-radius:11px;padding-top:var(--wp--preset--spacing--40);padding-bottom:var(--wp--preset--spacing--40)\">Atualiza\u00e7\u00e3o de Sites dos Cursos<\/a><\/div>\n\n\n\n<div class=\"wp-block-button has-custom-width wp-block-button__width-75 has-custom-font-size has-small-font-size\"><a class=\"wp-block-button__link has-neve-link-color-background-color has-background wp-element-button\" href=\"https:\/\/utfpr.curitiba.br\/dirppg\/area-do-professor-secretaria\/agendamento-salas-auditorios-3\/\" style=\"border-radius:11px;padding-top:var(--wp--preset--spacing--40);padding-bottom:var(--wp--preset--spacing--40)\" target=\"_blank\" rel=\"noreferrer noopener\">Agendamento de salas e audit\u00f3rios \/ DIRPPG<\/a><\/div>\n\n\n\n<div class=\"wp-block-button has-custom-width wp-block-button__width-75 has-custom-font-size has-small-font-size\"><a class=\"wp-block-button__link has-neve-link-color-background-color has-background wp-element-button\" href=\"https:\/\/utfpr.curitiba.br\/ajudagestao\/?page_id=335\" style=\"border-radius:11px;padding-top:var(--wp--preset--spacing--40);padding-bottom:var(--wp--preset--spacing--40)\">Contatos e Comunica\u00e7\u00e3o<\/a><\/div>\n\n\n\n<div class=\"wp-block-button has-custom-width wp-block-button__width-75 has-custom-font-size has-small-font-size\"><a class=\"wp-block-button__link has-neve-link-color-background-color has-background wp-element-button\" style=\"border-radius:11px;padding-top:var(--wp--preset--spacing--40);padding-bottom:var(--wp--preset--spacing--40)\">Declara\u00e7\u00f5es<\/a><\/div>\n\n\n\n<div class=\"wp-block-button has-custom-width wp-block-button__width-75 has-custom-font-size has-small-font-size\"><a class=\"wp-block-button__link has-neve-link-color-background-color has-background wp-element-button\" href=\"https:\/\/utfpr.curitiba.br\/ajudagestao\/?page_id=1072\" style=\"border-radius:11px;padding-top:var(--wp--preset--spacing--40);padding-bottom:var(--wp--preset--spacing--40)\">Estrutura Organizacional da UTFPR<\/a><\/div>\n\n\n\n<div class=\"wp-block-button has-custom-width wp-block-button__width-75 has-custom-font-size has-small-font-size\"><a class=\"wp-block-button__link has-neve-link-color-background-color has-background wp-element-button\" href=\"https:\/\/utfpr.curitiba.br\/ajudagestao\/?page_id=420\" style=\"border-radius:11px;padding-top:var(--wp--preset--spacing--40);padding-bottom:var(--wp--preset--spacing--40)\">Eventos \/ Produ\u00e7\u00e3o<\/a><\/div>\n\n\n\n<div class=\"wp-block-button has-custom-width wp-block-button__width-75 has-custom-font-size has-small-font-size\"><a class=\"wp-block-button__link has-neve-link-color-background-color has-background wp-element-button\" href=\"https:\/\/utfpr.curitiba.br\/ajudagestao\/?page_id=449\" style=\"border-radius:11px;padding-top:var(--wp--preset--spacing--40);padding-bottom:var(--wp--preset--spacing--40)\">Eventos \/ Registro como Atividade de Extens\u00e3o<\/a><\/div>\n\n\n\n<div class=\"wp-block-button has-custom-width wp-block-button__width-75 has-custom-font-size has-small-font-size\"><a class=\"wp-block-button__link has-neve-link-color-background-color has-background wp-element-button\" href=\"https:\/\/utfpr.curitiba.br\/ajudagestao\/?page_id=1735\" style=\"border-radius:11px;padding-top:var(--wp--preset--spacing--40);padding-bottom:var(--wp--preset--spacing--40)\">Facilitadores do SEI e do Sistema Coorporativo<\/a><\/div>\n\n\n\n<div class=\"wp-block-button has-custom-width wp-block-button__width-75 has-custom-font-size has-small-font-size\"><a class=\"wp-block-button__link has-neve-link-color-background-color has-background wp-element-button\" href=\"https:\/\/utfpr.curitiba.br\/dirppg\/area-do-professor-secretaria\/financeiro\/\" style=\"border-radius:11px;padding-top:var(--wp--preset--spacing--40);padding-bottom:var(--wp--preset--spacing--40)\" target=\"_blank\" rel=\"noreferrer noopener\">Financeiro \/ DIRPPG<\/a><\/div>\n\n\n\n<div class=\"wp-block-button has-custom-width wp-block-button__width-75 has-custom-font-size has-small-font-size\"><a class=\"wp-block-button__link has-neve-link-color-background-color has-background wp-element-button\" href=\"https:\/\/utfpr.curitiba.br\/ajudagestao\/?page_id=425\" style=\"border-radius:11px;padding-top:var(--wp--preset--spacing--40);padding-bottom:var(--wp--preset--spacing--40)\">Gest\u00e3o de Processos no SEI<\/a><\/div>\n\n\n\n<div class=\"wp-block-button has-custom-width wp-block-button__width-75 has-custom-font-size has-small-font-size\"><a class=\"wp-block-button__link has-neve-link-color-background-color has-background wp-element-button\" href=\"https:\/\/utfpr.curitiba.br\/ajudagestao\/?page_id=746\" style=\"border-radius:11px;padding-top:var(--wp--preset--spacing--40);padding-bottom:var(--wp--preset--spacing--40)\">Or\u00e7amento<\/a><\/div>\n\n\n\n<div class=\"wp-block-button has-custom-width wp-block-button__width-75 has-custom-font-size has-small-font-size\"><a class=\"wp-block-button__link has-neve-link-color-background-color has-background wp-element-button\" href=\"https:\/\/utfpr.curitiba.br\/ajudagestao\/?page_id=744\" style=\"border-radius:11px;padding-top:var(--wp--preset--spacing--40);padding-bottom:var(--wp--preset--spacing--40)\">Patrim\u00f4nio<\/a><\/div>\n\n\n\n<div class=\"wp-block-button has-custom-width wp-block-button__width-75 has-custom-font-size has-small-font-size\"><a class=\"wp-block-button__link has-neve-link-color-background-color has-background wp-element-button\" href=\"https:\/\/utfpr.curitiba.br\/ajudagestao\/?page_id=203\" style=\"border-radius:11px;padding-top:var(--wp--preset--spacing--40);padding-bottom:var(--wp--preset--spacing--40)\">Portarias \/ Solicita\u00e7\u00f5es e Buscas<\/a><\/div>\n\n\n\n<div class=\"wp-block-button has-custom-width wp-block-button__width-75 has-custom-font-size has-small-font-size\"><a class=\"wp-block-button__link has-neve-link-color-background-color has-background wp-element-button\" href=\"https:\/\/utfpr.curitiba.br\/dirppg\/area-do-professor-secretaria\/scdp\/\" style=\"border-radius:11px;padding-top:var(--wp--preset--spacing--40);padding-bottom:var(--wp--preset--spacing--40)\" target=\"_blank\" rel=\"noreferrer noopener\">SCDP \/ DIRPPG<\/a><\/div>\n\n\n\n<div class=\"wp-block-button has-custom-width wp-block-button__width-75 has-custom-font-size is-style-default has-small-font-size\"><a class=\"wp-block-button__link has-neve-link-color-background-color has-background wp-element-button\" href=\"https:\/\/utfpr.curitiba.br\/ajudagestao\/?page_id=295\" style=\"border-radius:11px;padding-top:var(--wp--preset--spacing--40);padding-bottom:var(--wp--preset--spacing--40)\">Servi\u00e7os de T.I. \/ DIRPPG<\/a><\/div>\n\n\n\n<div class=\"wp-block-button has-custom-width wp-block-button__width-75 has-custom-font-size has-small-font-size\"><a class=\"wp-block-button__link has-neve-link-color-background-color has-background wp-element-button\" href=\"https:\/\/utfpr.curitiba.br\/dirppg\/area-do-professor-secretaria\/sei\/\" style=\"border-radius:11px;padding-top:var(--wp--preset--spacing--40);padding-bottom:var(--wp--preset--spacing--40)\" target=\"_blank\" rel=\"noreferrer noopener\">SEI! \/ DIRPPG<\/a><\/div>\n\n\n\n<div class=\"wp-block-button has-custom-width wp-block-button__width-75 has-custom-font-size has-small-font-size\"><a class=\"wp-block-button__link has-neve-link-color-background-color has-background wp-element-button\" href=\"https:\/\/utfpr.curitiba.br\/ajudagestao\/?page_id=1744\" style=\"border-radius:11px;padding-top:var(--wp--preset--spacing--40);padding-bottom:var(--wp--preset--spacing--40)\">Sistema de Reservas de Ambientes<\/a><\/div>\n\n\n\n<div class=\"wp-block-button has-custom-width wp-block-button__width-75 has-custom-font-size has-small-font-size\"><a class=\"wp-block-button__link has-neve-link-color-background-color has-background wp-element-button\" href=\"https:\/\/utfpr.curitiba.br\/ajudagestao\/?page_id=741\" style=\"border-radius:11px;padding-top:var(--wp--preset--spacing--40);padding-bottom:var(--wp--preset--spacing--40)\">Viagens e Afastamentos<\/a><\/div>\n<\/div>\n<\/div><\/div>\n\n\n\n<hr class=\"wp-block-separator has-text-color has-nv-light-bg-color has-alpha-channel-opacity has-nv-light-bg-background-color has-background\" \/>\n\n\n\n<p class=\"has-neve-text-color-color has-text-color has-link-color wp-elements-9f7cfaa4c0df9d0429988122bed49bc4\"><strong>Para mais informa\u00e7\u00f5es sobre procedimentos, tutoriais, compras, abertura de novos programas, documentos espec\u00edficos, entre outros, acesse o site da <a href=\"https:\/\/utfpr.curitiba.br\/dirppg\/area-do-professor-secretaria\/\" data-type=\"link\" data-id=\"https:\/\/utfpr.curitiba.br\/dirppg\/area-do-professor-secretaria\/\">DIRPPG<\/a>.<\/strong><\/p>\n\n\n\n<hr class=\"wp-block-separator has-text-color has-nv-light-bg-color has-alpha-channel-opacity has-nv-light-bg-background-color has-background\" \/>\n\n\n\n<p class=\"has-nv-c-2-color has-text-color has-medium-font-size\"><strong>Paginas \u00fateis<\/strong><\/p>\n\n\n\n<p class=\"has-text-align-center has-nv-light-bg-background-color has-background\"><a href=\"https:\/\/utfpr.curitiba.br\/ajudagestao\/?page_id=741\" data-type=\"page\" data-id=\"741\">Viagens e Afastamentos<\/a> | <a href=\"https:\/\/utfpr.curitiba.br\/ajudagestao\/?page_id=746\" data-type=\"page\" data-id=\"746\">Or\u00e7amento<\/a><\/p>\n","protected":false},"excerpt":{"rendered":"<p>No caso dos Programas\/Cursos de p\u00f3s-gradua\u00e7\u00e3o, a UTFPR oferta as modalidades de Latu Sensu e Stricto Senso. Quanto as compet\u00eancias da coordena\u00e7\u00e3o para os programas\/cursos Stricto Sensu, incluem coordenar as atividades did\u00e1ticas, propor editais de sele\u00e7\u00e3o, organizar hor\u00e1rios, sugerir a substitui\u00e7\u00e3o de docentes, elaborar relat\u00f3rios e encaminhar informa\u00e7\u00f5es ao Conselho de Pesquisa e P\u00f3s-Gradua\u00e7\u00e3o. Para&hellip;&nbsp;<a href=\"https:\/\/utfpr.curitiba.br\/ajudagestao\/?page_id=497\" rel=\"bookmark\">Continue a ler &raquo;<span class=\"screen-reader-text\">Coordenadores de Cursos de P\u00f3s-Gradua\u00e7\u00e3o<\/span><\/a><\/p>\n","protected":false},"author":270,"featured_media":0,"parent":0,"menu_order":0,"comment_status":"closed","ping_status":"closed","template":"","meta":{"neve_meta_sidebar":"","neve_meta_container":"","neve_meta_enable_content_width":"","neve_meta_content_width":0,"neve_meta_title_alignment":"","neve_meta_author_avatar":"","neve_post_elements_order":"","neve_meta_disable_header":"","neve_meta_disable_footer":"","neve_meta_disable_title":"","footnotes":""},"class_list":["post-497","page","type-page","status-publish","hentry"],"_links":{"self":[{"href":"https:\/\/utfpr.curitiba.br\/ajudagestao\/index.php?rest_route=\/wp\/v2\/pages\/497","targetHints":{"allow":["GET"]}}],"collection":[{"href":"https:\/\/utfpr.curitiba.br\/ajudagestao\/index.php?rest_route=\/wp\/v2\/pages"}],"about":[{"href":"https:\/\/utfpr.curitiba.br\/ajudagestao\/index.php?rest_route=\/wp\/v2\/types\/page"}],"author":[{"embeddable":true,"href":"https:\/\/utfpr.curitiba.br\/ajudagestao\/index.php?rest_route=\/wp\/v2\/users\/270"}],"replies":[{"embeddable":true,"href":"https:\/\/utfpr.curitiba.br\/ajudagestao\/index.php?rest_route=%2Fwp%2Fv2%2Fcomments&post=497"}],"version-history":[{"count":19,"href":"https:\/\/utfpr.curitiba.br\/ajudagestao\/index.php?rest_route=\/wp\/v2\/pages\/497\/revisions"}],"predecessor-version":[{"id":1753,"href":"https:\/\/utfpr.curitiba.br\/ajudagestao\/index.php?rest_route=\/wp\/v2\/pages\/497\/revisions\/1753"}],"wp:attachment":[{"href":"https:\/\/utfpr.curitiba.br\/ajudagestao\/index.php?rest_route=%2Fwp%2Fv2%2Fmedia&parent=497"}],"curies":[{"name":"wp","href":"https:\/\/api.w.org\/{rel}","templated":true}]}}