{"id":469,"date":"2023-11-01T17:27:42","date_gmt":"2023-11-01T20:27:42","guid":{"rendered":"https:\/\/utfpr.curitiba.br\/ajudagestao\/?page_id=469"},"modified":"2025-01-29T10:14:15","modified_gmt":"2025-01-29T13:14:15","slug":"colegiado-nde","status":"publish","type":"page","link":"https:\/\/utfpr.curitiba.br\/ajudagestao\/?page_id=469","title":{"rendered":"Colegiado \/ N\u00facleo Docente Estruturante (NDE)"},"content":{"rendered":"\n<p class=\"has-nv-c-2-color has-text-color has-medium-font-size\"><strong>Colegiado<\/strong><\/p>\n\n\n\n<p>O Colegiado de Curso de Gradua\u00e7\u00e3o \u00e9 um \u00f3rg\u00e3o consultivo com responsabilidades relacionadas \u00e0s pol\u00edticas de ensino, pesquisa e extens\u00e3o da UTFPR. Suas atribui\u00e7\u00f5es incluem a elabora\u00e7\u00e3o da lista tr\u00edplice para a indica\u00e7\u00e3o da Coordena\u00e7\u00e3o de Curso, defini\u00e7\u00e3o de procedimentos para o N\u00facleo Docente Estruturante (NDE), estabelecimento de processos eleitorais, aprova\u00e7\u00e3o de projetos pedag\u00f3gicos e propostas de disciplinas, an\u00e1lise de normas para Trabalhos de Conclus\u00e3o de Curso (TCC) e eventos acad\u00eamicos, al\u00e9m de contribuir na defini\u00e7\u00e3o de \u00e1reas para contrata\u00e7\u00e3o de docentes e avalia\u00e7\u00e3o do desempenho do curso. <\/p>\n\n\n\n<p>O Colegiado desempenha um papel crucial na estrutura\u00e7\u00e3o e no aprimoramento cont\u00ednuo dos cursos de gradua\u00e7\u00e3o, em conson\u00e2ncia com os princ\u00edpios institucionais estabelecidos.<\/p>\n\n\n\n<p>Regulamento do colegiado: <a href=\"https:\/\/sei.utfpr.edu.br\/sei\/publicacoes\/controlador_publicacoes.php?acao=publicacao_visualizar&amp;id_documento=1341429&amp;id_orgao_publicacao=0\" target=\"_blank\" rel=\"noreferrer noopener\">https:\/\/sei.utfpr.edu.br\/sei\/publicacoes\/controlador_publicacoes.php?acao=publicacao_visualizar&amp;id_documento=1341429&amp;id_orgao_publicacao=0  <\/a><\/p>\n\n\n\n<hr class=\"wp-block-separator has-text-color has-nv-light-bg-color has-alpha-channel-opacity has-nv-light-bg-background-color has-background\" \/>\n\n\n\n<p class=\"has-nv-c-2-color has-text-color has-medium-font-size\"><strong>N\u00facleo Doscente Estruturante (NDE)<\/strong><\/p>\n\n\n\n<p>O N\u00facleo Docente Estruturante (NDE) desempenha um papel fundamental na assessoria \u00e0 coordena\u00e7\u00e3o do curso, sendo respons\u00e1vel pela elabora\u00e7\u00e3o, execu\u00e7\u00e3o e atualiza\u00e7\u00e3o cont\u00ednua do Projeto Pedag\u00f3gico do Curso (PPC). Suas atribui\u00e7\u00f5es incluem a constante avalia\u00e7\u00e3o do perfil profissional do egresso, a garantia da integra\u00e7\u00e3o curricular, a proposi\u00e7\u00e3o de iniciativas para pesquisa e extens\u00e3o, a observ\u00e2ncia das diretrizes curriculares nacionais, a defini\u00e7\u00e3o de crit\u00e9rios para autoavalia\u00e7\u00e3o do curso, al\u00e9m de propor ajustes a partir das avalia\u00e7\u00f5es internas e externas. <\/p>\n\n\n\n<p>O NDE tamb\u00e9m pode convidar consultores externos para contribuir nas discuss\u00f5es do PPC, identificar dificuldades no desempenho docente que afetem a forma\u00e7\u00e3o do profissional graduado e sugerir programas de capacita\u00e7\u00e3o para garantir a forma\u00e7\u00e3o continuada dos docentes.<\/p>\n\n\n\n<p>Regulamento NDE: <a href=\"https:\/\/portal.utfpr.edu.br\/documentos\/graduacao-e-educacao-profissional\/prograd\/diretrizes-e-regulamentos\/gestao\/regulamento-do-nucleo-docente-estruturante-dos-cursos-de-graduacao\/view\" target=\"_blank\" rel=\"noreferrer noopener\">https:\/\/portal.utfpr.edu.br\/documentos\/graduacao-e-educacao-profissional\/prograd\/diretrizes-e-regulamentos\/gestao\/regulamento-do-nucleo-docente-estruturante-dos-cursos-de-graduacao\/view <\/a><\/p>\n\n\n\n<hr class=\"wp-block-separator has-text-color has-nv-light-bg-color has-alpha-channel-opacity has-nv-light-bg-background-color has-background\" \/>\n\n\n\n<p class=\"has-nv-c-2-color has-text-color has-medium-font-size\"><strong>Paginas \u00fateis<\/strong><\/p>\n\n\n\n<p class=\"has-text-align-center has-nv-light-bg-background-color has-background\"><a href=\"https:\/\/utfpr.curitiba.br\/ajudagestao\/?page_id=203\" data-type=\"link\" data-id=\"https:\/\/utfpr.curitiba.br\/ajudagestao\/?page_id=203\">Portarias<\/a><\/p>\n","protected":false},"excerpt":{"rendered":"<p>Colegiado O Colegiado de Curso de Gradua\u00e7\u00e3o \u00e9 um \u00f3rg\u00e3o consultivo com responsabilidades relacionadas \u00e0s pol\u00edticas de ensino, pesquisa e extens\u00e3o da UTFPR. Suas atribui\u00e7\u00f5es incluem a elabora\u00e7\u00e3o da lista tr\u00edplice para a indica\u00e7\u00e3o da Coordena\u00e7\u00e3o de Curso, defini\u00e7\u00e3o de procedimentos para o N\u00facleo Docente Estruturante (NDE), estabelecimento de processos eleitorais, aprova\u00e7\u00e3o de projetos pedag\u00f3gicos&hellip;&nbsp;<a href=\"https:\/\/utfpr.curitiba.br\/ajudagestao\/?page_id=469\" rel=\"bookmark\">Continue a ler &raquo;<span class=\"screen-reader-text\">Colegiado \/ N\u00facleo Docente Estruturante (NDE)<\/span><\/a><\/p>\n","protected":false},"author":270,"featured_media":0,"parent":0,"menu_order":0,"comment_status":"closed","ping_status":"closed","template":"","meta":{"neve_meta_sidebar":"default","neve_meta_container":"","neve_meta_enable_content_width":"","neve_meta_content_width":70,"neve_meta_title_alignment":"","neve_meta_author_avatar":"","neve_post_elements_order":"","neve_meta_disable_header":"","neve_meta_disable_footer":"","neve_meta_disable_title":"","footnotes":""},"class_list":["post-469","page","type-page","status-publish","hentry"],"_links":{"self":[{"href":"https:\/\/utfpr.curitiba.br\/ajudagestao\/index.php?rest_route=\/wp\/v2\/pages\/469","targetHints":{"allow":["GET"]}}],"collection":[{"href":"https:\/\/utfpr.curitiba.br\/ajudagestao\/index.php?rest_route=\/wp\/v2\/pages"}],"about":[{"href":"https:\/\/utfpr.curitiba.br\/ajudagestao\/index.php?rest_route=\/wp\/v2\/types\/page"}],"author":[{"embeddable":true,"href":"https:\/\/utfpr.curitiba.br\/ajudagestao\/index.php?rest_route=\/wp\/v2\/users\/270"}],"replies":[{"embeddable":true,"href":"https:\/\/utfpr.curitiba.br\/ajudagestao\/index.php?rest_route=%2Fwp%2Fv2%2Fcomments&post=469"}],"version-history":[{"count":9,"href":"https:\/\/utfpr.curitiba.br\/ajudagestao\/index.php?rest_route=\/wp\/v2\/pages\/469\/revisions"}],"predecessor-version":[{"id":1496,"href":"https:\/\/utfpr.curitiba.br\/ajudagestao\/index.php?rest_route=\/wp\/v2\/pages\/469\/revisions\/1496"}],"wp:attachment":[{"href":"https:\/\/utfpr.curitiba.br\/ajudagestao\/index.php?rest_route=%2Fwp%2Fv2%2Fmedia&parent=469"}],"curies":[{"name":"wp","href":"https:\/\/api.w.org\/{rel}","templated":true}]}}